{"id":93,"date":"2019-07-25T17:42:31","date_gmt":"2019-07-25T15:42:31","guid":{"rendered":"https:\/\/vioolboeken.nl\/?post_type=product&#038;p=93"},"modified":"2024-10-02T08:20:10","modified_gmt":"2024-10-02T06:20:10","slug":"violin-positions-3-2-%c2%bd","status":"publish","type":"product","link":"https:\/\/vioolboeken.nl\/fr\/product\/violin-positions-3-2-%c2%bd\/","title":{"rendered":"Violin Positions 3, 2 & \u00bd"},"content":{"rendered":"<p>Cet ouvrage est consacr\u00e9 \u00e0 l\u00b4\u00e9tude des relations entre les tonalit\u00e9s dont l\u2019armature pr\u00e9sente jusqu\u2019 \u00e0 3 di\u00e8ses ou 3 b\u00e9mols et les diff\u00e9rents sch\u00e9mas de doigts en troisi\u00e8mes et deuxi\u00e8me positions. Un chapitre entier est r\u00e9serv\u00e9 \u00e0 l\u2019\u00e9tude de la demi-position.<\/p>\n<p><strong style=\"font-style: inherit;\">Positions 3-2-\u00bd&nbsp;<\/strong>contient 17 exercices et 32 pi\u00e8ces vari\u00e9es. Des pistes de d\u00e9monstration et d\u2019accompagnement disponibles en ligne (MP3) ainsi que des PDF t\u00e9l\u00e9chargeables des partitions de l\u2019accompagnement au piano compl\u00e8tent l\u2019apprentissage et garantissent un plaisir de jeu renouvel\u00e9.<\/p>\n<h3>Extraits de partition :<\/h3>\n<p>(cliquez pour agrandir l&rsquo;image)<\/p>\n<div id='gallery-1' class='gallery galleryid-93 gallery-columns-3 gallery-size-medium'><figure class='gallery-item'>\n\t\t\t<div class='gallery-icon portrait'>\n\t\t\t\t<a href='https:\/\/vioolboeken.nl\/fr\/?attachment_id=2507\/'><img loading=\"lazy\" decoding=\"async\" width=\"212\" height=\"300\" src=\"https:\/\/i0.wp.com\/vioolboeken.nl\/wp-content\/uploads\/2019\/07\/Position32H-10.jpg?fit=212%2C300&amp;ssl=1\" class=\"attachment-medium size-medium\" alt=\"\" \/><\/a>\n\t\t\t<\/div><\/figure><figure class='gallery-item'>\n\t\t\t<div class='gallery-icon portrait'>\n\t\t\t\t<a href='https:\/\/vioolboeken.nl\/fr\/?attachment_id=2506\/'><img loading=\"lazy\" decoding=\"async\" width=\"212\" height=\"300\" src=\"https:\/\/i0.wp.com\/vioolboeken.nl\/wp-content\/uploads\/2019\/07\/Position32H-11.jpg?fit=212%2C300&amp;ssl=1\" class=\"attachment-medium size-medium\" alt=\"\" \/><\/a>\n\t\t\t<\/div><\/figure><figure class='gallery-item'>\n\t\t\t<div class='gallery-icon portrait'>\n\t\t\t\t<a href='https:\/\/vioolboeken.nl\/fr\/?attachment_id=2505\/'><img loading=\"lazy\" decoding=\"async\" width=\"212\" height=\"300\" src=\"https:\/\/i0.wp.com\/vioolboeken.nl\/wp-content\/uploads\/2019\/07\/Position32H-46.jpg?fit=212%2C300&amp;ssl=1\" class=\"attachment-medium size-medium\" alt=\"\" \/><\/a>\n\t\t\t<\/div><\/figure><figure class='gallery-item'>\n\t\t\t<div class='gallery-icon portrait'>\n\t\t\t\t<a href='https:\/\/vioolboeken.nl\/fr\/?attachment_id=2508\/'><img loading=\"lazy\" decoding=\"async\" width=\"212\" height=\"300\" src=\"https:\/\/i0.wp.com\/vioolboeken.nl\/wp-content\/uploads\/2019\/07\/Position32H-59.jpg?fit=212%2C300&amp;ssl=1\" class=\"attachment-medium size-medium\" alt=\"\" \/><\/a>\n\t\t\t<\/div><\/figure><figure class='gallery-item'>\n\t\t\t<div class='gallery-icon portrait'>\n\t\t\t\t<a href='https:\/\/vioolboeken.nl\/fr\/?attachment_id=5666\/'><img loading=\"lazy\" decoding=\"async\" width=\"212\" height=\"300\" src=\"https:\/\/i0.wp.com\/vioolboeken.nl\/wp-content\/uploads\/2019\/07\/fc686829d17d46f0fc015954c9fe27e4vFcB0zU1I9oAFFoF-01.jpg?fit=212%2C300&amp;ssl=1\" class=\"attachment-medium size-medium\" alt=\"\" \/><\/a>\n\t\t\t<\/div><\/figure>\n\t\t<\/div>\n\n<h3>Extraits audio :<\/h3>\n<p>Dance of the Elves (position 3)<\/p>\n<!--[if lt IE 9]><script>document.createElement('audio');<\/script><![endif]-->\n<audio class=\"wp-audio-shortcode\" id=\"audio-93-1\" preload=\"none\" style=\"width: 100%;\" controls=\"controls\"><source type=\"audio\/mpeg\" src=\"https:\/\/vioolboeken.nl\/wp-content\/uploads\/2019\/07\/23-Nummer-23.mp3?_=1\" \/><a href=\"https:\/\/vioolboeken.nl\/wp-content\/uploads\/2019\/07\/23-Nummer-23.mp3\">https:\/\/vioolboeken.nl\/wp-content\/uploads\/2019\/07\/23-Nummer-23.mp3<\/a><\/audio>\n<p>Barcarolle (position 2)<\/p>\n<audio class=\"wp-audio-shortcode\" id=\"audio-93-2\" preload=\"none\" style=\"width: 100%;\" controls=\"controls\"><source type=\"audio\/mpeg\" src=\"https:\/\/vioolboeken.nl\/wp-content\/uploads\/2019\/07\/25-Nummer-25-1.mp3?_=2\" \/><a href=\"https:\/\/vioolboeken.nl\/wp-content\/uploads\/2019\/07\/25-Nummer-25-1.mp3\">https:\/\/vioolboeken.nl\/wp-content\/uploads\/2019\/07\/25-Nummer-25-1.mp3<\/a><\/audio>\n<p>Rollercoaster (demi-position et position 1)<\/p>\n<audio class=\"wp-audio-shortcode\" id=\"audio-93-3\" preload=\"none\" style=\"width: 100%;\" controls=\"controls\"><source type=\"audio\/mpeg\" src=\"https:\/\/vioolboeken.nl\/wp-content\/uploads\/2019\/07\/39-Nummer-39.mp3?_=3\" \/><a href=\"https:\/\/vioolboeken.nl\/wp-content\/uploads\/2019\/07\/39-Nummer-39.mp3\">https:\/\/vioolboeken.nl\/wp-content\/uploads\/2019\/07\/39-Nummer-39.mp3<\/a><\/audio>\n<h3>Youtube :<\/h3>\n<p><a href=\"http:\/\/www.youtube.com\/watch?v=lITYvqayVPU\" target=\"_blank\" rel=\"noopener noreferrer\">Rainy Rumba <\/a><\/p>\n<p><a href=\"http:\/\/www.youtube.com\/watch?v=ieUUFcDKMK8\" target=\"_blank\" rel=\"noopener noreferrer\">Sinbads Ship<\/a> &nbsp;<\/p>\n","protected":false},"excerpt":{"rendered":"<p>Cet ouvrage est consacr\u00e9 \u00e0 l\u00b4\u00e9tude des relations entre les tonalit\u00e9s dont l\u2019armature pr\u00e9sente jusqu\u2019 \u00e0 3 di\u00e8ses ou 3 b\u00e9mols et les diff\u00e9rents sch\u00e9mas de doigts en troisi\u00e8mes et deuxi\u00e8me positions. Un chapitre entier est r\u00e9serv\u00e9 \u00e0 l\u2019\u00e9tude de la demi-position. Positions 3-2-\u00bd&nbsp;contient 17 exercices et 32 pi\u00e8ces vari\u00e9es. Des pistes de d\u00e9monstration et [&hellip;]<\/p>\n","protected":false},"featured_media":5665,"template":"","meta":{"_monsterinsights_skip_tracking":false,"_monsterinsights_sitenote_active":false,"_monsterinsights_sitenote_note":"","_monsterinsights_sitenote_category":0,"ocean_post_layout":"","ocean_both_sidebars_style":"","ocean_both_sidebars_content_width":0,"ocean_both_sidebars_sidebars_width":0,"ocean_sidebar":"0","ocean_second_sidebar":"0","ocean_disable_margins":"enable","ocean_add_body_class":"","ocean_shortcode_before_top_bar":"","ocean_shortcode_after_top_bar":"","ocean_shortcode_before_header":"","ocean_shortcode_after_header":"","ocean_has_shortcode":"","ocean_shortcode_after_title":"","ocean_shortcode_before_footer_widgets":"","ocean_shortcode_after_footer_widgets":"","ocean_shortcode_before_footer_bottom":"","ocean_shortcode_after_footer_bottom":"","ocean_display_top_bar":"default","ocean_display_header":"default","ocean_header_style":"","ocean_center_header_left_menu":"0","ocean_custom_header_template":"0","ocean_custom_logo":0,"ocean_custom_retina_logo":0,"ocean_custom_logo_max_width":0,"ocean_custom_logo_tablet_max_width":0,"ocean_custom_logo_mobile_max_width":0,"ocean_custom_logo_max_height":0,"ocean_custom_logo_tablet_max_height":0,"ocean_custom_logo_mobile_max_height":0,"ocean_header_custom_menu":"0","ocean_menu_typo_font_family":"0","ocean_menu_typo_font_subset":"","ocean_menu_typo_font_size":0,"ocean_menu_typo_font_size_tablet":0,"ocean_menu_typo_font_size_mobile":0,"ocean_menu_typo_font_size_unit":"px","ocean_menu_typo_font_weight":"","ocean_menu_typo_font_weight_tablet":"","ocean_menu_typo_font_weight_mobile":"","ocean_menu_typo_transform":"","ocean_menu_typo_transform_tablet":"","ocean_menu_typo_transform_mobile":"","ocean_menu_typo_line_height":0,"ocean_menu_typo_line_height_tablet":0,"ocean_menu_typo_line_height_mobile":0,"ocean_menu_typo_line_height_unit":"","ocean_menu_typo_spacing":0,"ocean_menu_typo_spacing_tablet":0,"ocean_menu_typo_spacing_mobile":0,"ocean_menu_typo_spacing_unit":"","ocean_menu_link_color":"","ocean_menu_link_color_hover":"","ocean_menu_link_color_active":"","ocean_menu_link_background":"","ocean_menu_link_hover_background":"","ocean_menu_link_active_background":"","ocean_menu_social_links_bg":"","ocean_menu_social_hover_links_bg":"","ocean_menu_social_links_color":"","ocean_menu_social_hover_links_color":"","ocean_disable_title":"default","ocean_disable_heading":"default","ocean_post_title":"","ocean_post_subheading":"","ocean_post_title_style":"","ocean_post_title_background_color":"","ocean_post_title_background":0,"ocean_post_title_bg_image_position":"","ocean_post_title_bg_image_attachment":"","ocean_post_title_bg_image_repeat":"","ocean_post_title_bg_image_size":"","ocean_post_title_height":0,"ocean_post_title_bg_overlay":0.5,"ocean_post_title_bg_overlay_color":"","ocean_disable_breadcrumbs":"default","ocean_breadcrumbs_color":"","ocean_breadcrumbs_separator_color":"","ocean_breadcrumbs_links_color":"","ocean_breadcrumbs_links_hover_color":"","ocean_display_footer_widgets":"default","ocean_display_footer_bottom":"default","ocean_custom_footer_template":"0"},"product_brand":[],"product_cat":[34],"product_tag":[],"class_list":{"0":"post-93","1":"product","2":"type-product","3":"status-publish","4":"has-post-thumbnail","6":"product_cat-la-serie-position-violon-alto","8":"entry","9":"has-media","11":"first","12":"instock","13":"taxable","14":"shipping-taxable","15":"purchasable","16":"product-type-simple","17":"has-product-nav","18":"col","19":"span_1_of_3","20":"owp-content-center","21":"owp-thumbs-layout-horizontal","22":"owp-btn-normal","23":"owp-tabs-layout-horizontal","24":"has-no-thumbnails"},"aioseo_notices":[],"jetpack_sharing_enabled":true,"_links":{"self":[{"href":"https:\/\/vioolboeken.nl\/fr\/wp-json\/wp\/v2\/product\/93","targetHints":{"allow":["GET"]}}],"collection":[{"href":"https:\/\/vioolboeken.nl\/fr\/wp-json\/wp\/v2\/product"}],"about":[{"href":"https:\/\/vioolboeken.nl\/fr\/wp-json\/wp\/v2\/types\/product"}],"wp:featuredmedia":[{"embeddable":true,"href":"https:\/\/vioolboeken.nl\/fr\/wp-json\/wp\/v2\/media\/5665"}],"wp:attachment":[{"href":"https:\/\/vioolboeken.nl\/fr\/wp-json\/wp\/v2\/media?parent=93"}],"wp:term":[{"taxonomy":"product_brand","embeddable":true,"href":"https:\/\/vioolboeken.nl\/fr\/wp-json\/wp\/v2\/product_brand?post=93"},{"taxonomy":"product_cat","embeddable":true,"href":"https:\/\/vioolboeken.nl\/fr\/wp-json\/wp\/v2\/product_cat?post=93"},{"taxonomy":"product_tag","embeddable":true,"href":"https:\/\/vioolboeken.nl\/fr\/wp-json\/wp\/v2\/product_tag?post=93"}],"curies":[{"name":"wp","href":"https:\/\/api.w.org\/{rel}","templated":true}]}}