{"id":90,"date":"2019-07-25T17:12:28","date_gmt":"2019-07-25T15:12:28","guid":{"rendered":"https:\/\/vioolboeken.nl\/?post_type=product&#038;p=90"},"modified":"2025-10-08T09:23:39","modified_gmt":"2025-10-08T07:23:39","slug":"violin-position-2","status":"publish","type":"product","link":"https:\/\/vioolboeken.nl\/fr\/product\/violin-position-2\/","title":{"rendered":"Violin Position 2"},"content":{"rendered":"<p><strong>Position 2<\/strong> est un recueil plaisant et instructif qui permet aux violonistes ayant une certaine exp\u00e9rience du jeu de premi\u00e8re position, de se familiariser avec la deuxi\u00e8me position. Il n\u2019est toutefois pas n\u00e9cessaire de travailler la troisi\u00e8me position avant d\u2019aborder les pi\u00e8ces de ce recueil. 12 Exercices, 27 m\u00e9lodies dans des styles vari\u00e9s constituent cette excellente base de travail pour apprendre \u00e0 jouer de deuxi\u00e8me position ; autrement dit, savoir utiliser le sch\u00e9ma de doigt\u00e9 ton\/ton\/demi-ton sur chacune des quatre cordes. Sont \u00e9galement abord\u00e9s, les changements de position \u00e9l\u00e9mentaires par les cordes \u00e0 vide ou en glissant un doigt le long de la corde.<\/p>\n<p>Des pistes de d\u00e9monstration et d&rsquo;accompagnement disponibles en ligne (MP3) ainsi que des PDF t\u00e9l\u00e9chargeables des partitions de l&rsquo;accompagnement au piano compl\u00e8tent l&rsquo;apprentissage et garantissent un plaisir de jeu renouvel\u00e9.<\/p>\n<h3>Extraits de partition :<\/h3>\n<p>(cliquez pour agrandir l&rsquo;image)<\/p>\n<h3>Extraits audio :<\/h3>\n<div id='gallery-1' class='gallery galleryid-90 gallery-columns-4 gallery-size-medium'><figure class='gallery-item'>\n\t\t\t<div class='gallery-icon portrait'>\n\t\t\t\t<a href='https:\/\/vioolboeken.nl\/fr\/?attachment_id=6106\/'><img loading=\"lazy\" decoding=\"async\" width=\"225\" height=\"300\" src=\"https:\/\/i0.wp.com\/vioolboeken.nl\/wp-content\/uploads\/2019\/07\/Position-2-pagina-8_page-0001.jpg?fit=225%2C300&amp;ssl=1\" class=\"attachment-medium size-medium\" alt=\"\" \/><\/a>\n\t\t\t<\/div><\/figure><figure class='gallery-item'>\n\t\t\t<div class='gallery-icon portrait'>\n\t\t\t\t<a href='https:\/\/vioolboeken.nl\/fr\/?attachment_id=6104\/'><img loading=\"lazy\" decoding=\"async\" width=\"225\" height=\"300\" src=\"https:\/\/i0.wp.com\/vioolboeken.nl\/wp-content\/uploads\/2019\/07\/Position-2-pagina-22_page-0001.jpg?fit=225%2C300&amp;ssl=1\" class=\"attachment-medium size-medium\" alt=\"\" \/><\/a>\n\t\t\t<\/div><\/figure><figure class='gallery-item'>\n\t\t\t<div class='gallery-icon portrait'>\n\t\t\t\t<a href='https:\/\/vioolboeken.nl\/fr\/?attachment_id=6105\/'><img loading=\"lazy\" decoding=\"async\" width=\"225\" height=\"300\" src=\"https:\/\/i0.wp.com\/vioolboeken.nl\/wp-content\/uploads\/2019\/07\/Position-2-pagina-27_page-0001.jpg?fit=225%2C300&amp;ssl=1\" class=\"attachment-medium size-medium\" alt=\"\" \/><\/a>\n\t\t\t<\/div><\/figure><figure class='gallery-item'>\n\t\t\t<div class='gallery-icon portrait'>\n\t\t\t\t<a href='https:\/\/vioolboeken.nl\/fr\/?attachment_id=6103\/'><img loading=\"lazy\" decoding=\"async\" width=\"212\" height=\"300\" src=\"https:\/\/i0.wp.com\/vioolboeken.nl\/wp-content\/uploads\/2019\/07\/Position-2-Nicolas-Song-pianobegeleiding_page-0001.jpg?fit=212%2C300&amp;ssl=1\" class=\"attachment-medium size-medium\" alt=\"\" \/><\/a>\n\t\t\t<\/div><\/figure>\n\t\t<\/div>\n\n<p>Buenos Aires &#8211; demo<\/p>\n<!--[if lt IE 9]><script>document.createElement('audio');<\/script><![endif]-->\n<audio class=\"wp-audio-shortcode\" id=\"audio-90-1\" preload=\"none\" style=\"width: 100%;\" controls=\"controls\"><source type=\"audio\/mpeg\" src=\"https:\/\/vioolboeken.nl\/wp-content\/uploads\/2019\/07\/13-Nummer-13.mp3?_=1\" \/><a href=\"https:\/\/vioolboeken.nl\/wp-content\/uploads\/2019\/07\/13-Nummer-13.mp3\">https:\/\/vioolboeken.nl\/wp-content\/uploads\/2019\/07\/13-Nummer-13.mp3<\/a><\/audio>\n<p>At the party &#8211; demo<\/p>\n<audio class=\"wp-audio-shortcode\" id=\"audio-90-2\" preload=\"none\" style=\"width: 100%;\" controls=\"controls\"><source type=\"audio\/mpeg\" src=\"https:\/\/vioolboeken.nl\/wp-content\/uploads\/2019\/07\/27-Nummer-27.mp3?_=2\" \/><a href=\"https:\/\/vioolboeken.nl\/wp-content\/uploads\/2019\/07\/27-Nummer-27.mp3\">https:\/\/vioolboeken.nl\/wp-content\/uploads\/2019\/07\/27-Nummer-27.mp3<\/a><\/audio>\n<h3>Youtube :<\/h3>\n<p><a href=\"http:\/\/www.youtube.com\/watch?v=4iNT8yBvE28\" target=\"_blank\" rel=\"noopener noreferrer\">Dream Waltz (ND)<\/a><\/p>\n<p><a href=\"http:\/\/www.youtube.com\/watch?v=cnorV2KXmNw\" target=\"_blank\" rel=\"noopener noreferrer\">Mary and the Fiddler (ND)<\/a><\/p>\n<p><a href=\"http:\/\/www.youtube.com\/watch?v=hXyQAIwYr8s\" target=\"_blank\" rel=\"noopener noreferrer\">Buenos Aires (ND)<\/a><\/p>\n<p><a href=\"https:\/\/www.youtube.com\/watch?v=WWjsUS2Sp7A\" target=\"_blank\" rel=\"noopener noreferrer\">At the party&nbsp;<\/a><\/p>\n<p><a href=\"https:\/\/www.youtube.com\/watch?v=jeinORwwWn8\" target=\"_blank\" rel=\"noopener noreferrer\">Andante&nbsp;<\/a><\/p>\n<p><a href=\"https:\/\/www.youtube.com\/watch?v=QdiDlJGJJnE\" target=\"_blank\" rel=\"noopener noreferrer\">Elephant Blues<\/a><\/p>\n<p><a href=\"https:\/\/www.youtube.com\/watch?v=gVEMHZ38DMo\" target=\"_blank\" rel=\"noopener noreferrer\">Nicolas Song<\/a> &nbsp;<\/p>\n","protected":false},"excerpt":{"rendered":"<p>Position 2 est un recueil plaisant et instructif qui permet aux violonistes ayant une certaine exp\u00e9rience du jeu de premi\u00e8re position, de se familiariser avec la deuxi\u00e8me position. Il n\u2019est toutefois pas n\u00e9cessaire de travailler la troisi\u00e8me position avant d\u2019aborder les pi\u00e8ces de ce recueil. 12 Exercices, 27 m\u00e9lodies dans des styles vari\u00e9s constituent cette [&hellip;]<\/p>\n","protected":false},"featured_media":6102,"template":"","meta":{"_monsterinsights_skip_tracking":false,"_monsterinsights_sitenote_active":false,"_monsterinsights_sitenote_note":"","_monsterinsights_sitenote_category":0,"ocean_post_layout":"","ocean_both_sidebars_style":"","ocean_both_sidebars_content_width":0,"ocean_both_sidebars_sidebars_width":0,"ocean_sidebar":"0","ocean_second_sidebar":"0","ocean_disable_margins":"enable","ocean_add_body_class":"","ocean_shortcode_before_top_bar":"","ocean_shortcode_after_top_bar":"","ocean_shortcode_before_header":"","ocean_shortcode_after_header":"","ocean_has_shortcode":"","ocean_shortcode_after_title":"","ocean_shortcode_before_footer_widgets":"","ocean_shortcode_after_footer_widgets":"","ocean_shortcode_before_footer_bottom":"","ocean_shortcode_after_footer_bottom":"","ocean_display_top_bar":"default","ocean_display_header":"default","ocean_header_style":"","ocean_center_header_left_menu":"0","ocean_custom_header_template":"0","ocean_custom_logo":0,"ocean_custom_retina_logo":0,"ocean_custom_logo_max_width":0,"ocean_custom_logo_tablet_max_width":0,"ocean_custom_logo_mobile_max_width":0,"ocean_custom_logo_max_height":0,"ocean_custom_logo_tablet_max_height":0,"ocean_custom_logo_mobile_max_height":0,"ocean_header_custom_menu":"0","ocean_menu_typo_font_family":"0","ocean_menu_typo_font_subset":"","ocean_menu_typo_font_size":0,"ocean_menu_typo_font_size_tablet":0,"ocean_menu_typo_font_size_mobile":0,"ocean_menu_typo_font_size_unit":"px","ocean_menu_typo_font_weight":"","ocean_menu_typo_font_weight_tablet":"","ocean_menu_typo_font_weight_mobile":"","ocean_menu_typo_transform":"","ocean_menu_typo_transform_tablet":"","ocean_menu_typo_transform_mobile":"","ocean_menu_typo_line_height":0,"ocean_menu_typo_line_height_tablet":0,"ocean_menu_typo_line_height_mobile":0,"ocean_menu_typo_line_height_unit":"","ocean_menu_typo_spacing":0,"ocean_menu_typo_spacing_tablet":0,"ocean_menu_typo_spacing_mobile":0,"ocean_menu_typo_spacing_unit":"","ocean_menu_link_color":"","ocean_menu_link_color_hover":"","ocean_menu_link_color_active":"","ocean_menu_link_background":"","ocean_menu_link_hover_background":"","ocean_menu_link_active_background":"","ocean_menu_social_links_bg":"","ocean_menu_social_hover_links_bg":"","ocean_menu_social_links_color":"","ocean_menu_social_hover_links_color":"","ocean_disable_title":"default","ocean_disable_heading":"default","ocean_post_title":"","ocean_post_subheading":"","ocean_post_title_style":"","ocean_post_title_background_color":"","ocean_post_title_background":0,"ocean_post_title_bg_image_position":"","ocean_post_title_bg_image_attachment":"","ocean_post_title_bg_image_repeat":"","ocean_post_title_bg_image_size":"","ocean_post_title_height":0,"ocean_post_title_bg_overlay":0.5,"ocean_post_title_bg_overlay_color":"","ocean_disable_breadcrumbs":"default","ocean_breadcrumbs_color":"","ocean_breadcrumbs_separator_color":"","ocean_breadcrumbs_links_color":"","ocean_breadcrumbs_links_hover_color":"","ocean_display_footer_widgets":"default","ocean_display_footer_bottom":"default","ocean_custom_footer_template":"0"},"product_brand":[],"product_cat":[34],"product_tag":[],"class_list":{"0":"post-90","1":"product","2":"type-product","3":"status-publish","4":"has-post-thumbnail","6":"product_cat-la-serie-position-violon-alto","8":"entry","9":"has-media","11":"first","12":"instock","13":"taxable","14":"shipping-taxable","15":"purchasable","16":"product-type-simple","17":"has-product-nav","18":"col","19":"span_1_of_3","20":"owp-content-center","21":"owp-thumbs-layout-horizontal","22":"owp-btn-normal","23":"owp-tabs-layout-horizontal","24":"has-no-thumbnails"},"aioseo_notices":[],"jetpack_sharing_enabled":true,"_links":{"self":[{"href":"https:\/\/vioolboeken.nl\/fr\/wp-json\/wp\/v2\/product\/90","targetHints":{"allow":["GET"]}}],"collection":[{"href":"https:\/\/vioolboeken.nl\/fr\/wp-json\/wp\/v2\/product"}],"about":[{"href":"https:\/\/vioolboeken.nl\/fr\/wp-json\/wp\/v2\/types\/product"}],"wp:featuredmedia":[{"embeddable":true,"href":"https:\/\/vioolboeken.nl\/fr\/wp-json\/wp\/v2\/media\/6102"}],"wp:attachment":[{"href":"https:\/\/vioolboeken.nl\/fr\/wp-json\/wp\/v2\/media?parent=90"}],"wp:term":[{"taxonomy":"product_brand","embeddable":true,"href":"https:\/\/vioolboeken.nl\/fr\/wp-json\/wp\/v2\/product_brand?post=90"},{"taxonomy":"product_cat","embeddable":true,"href":"https:\/\/vioolboeken.nl\/fr\/wp-json\/wp\/v2\/product_cat?post=90"},{"taxonomy":"product_tag","embeddable":true,"href":"https:\/\/vioolboeken.nl\/fr\/wp-json\/wp\/v2\/product_tag?post=90"}],"curies":[{"name":"wp","href":"https:\/\/api.w.org\/{rel}","templated":true}]}}