{"id":6217,"date":"2026-01-28T13:56:49","date_gmt":"2026-01-28T12:56:49","guid":{"rendered":"https:\/\/vioolboeken.nl\/product\/\/"},"modified":"2026-01-29T08:48:10","modified_gmt":"2026-01-29T07:48:10","slug":"concerto-in-g-major-opus-12","status":"publish","type":"product","link":"https:\/\/vioolboeken.nl\/fr\/product\/concerto-in-g-major-opus-12\/","title":{"rendered":"Concerto in G major Opus 12"},"content":{"rendered":"<p>Le violoniste allemand, compositeur et professeur de violon <strong><em>Ferdinand K\u00fcchler<\/em><\/strong> (1867-1937) a \u00e9crit plusieurs morceaux \u00e9ducatifs pour violon avec accompagnement de piano, tels que les Concertinos Op. 11, 12 et 15.<\/p>\n<p>\u00c9crit en trois mouvements, le <em><strong>Concertino Op. 12<\/strong><\/em> est id\u00e9al pour travailler le jeu en premi\u00e8re et troisi\u00e8me positions. Le premier mouvement est \u00e0 la fois puissant et enjou\u00e9, ses th\u00e8mes se suivent rapidement pour produire une forme concise de sonate. Le deuxi\u00e8me mouvement s\u2019articule autour de la forme (A-B-A). La partie A est de style cantabile, tandis que la partie B est plus dramatique. Le troisi\u00e8me mouvement est un rondo, avec un refrain de caract\u00e8re joyeux et des \u00e9pisodes qui pr\u00e9sentent des variations.<br \/>\nCe concertino pour violon et piano a \u00e9t\u00e9 \u00e9crit \u00e0 l&rsquo;origine en r\u00e9 majeur. <em><strong>Nico Dezaire <\/strong><\/em>l&rsquo;a arrang\u00e9 pour alto et piano, en sol majeur.<\/p>\n<p>Cette \u00e9dition de livresdeviolon.com est propos\u00e9e exclusivement en forme num\u00e9rique.&nbsp; Apr\u00e8s commande, deux PDF seront g\u00e9n\u00e9r\u00e9s (partition, alto). La personnalisation des partitions pouvant entra\u00eener un d\u00e9lai suppl\u00e9mentaire, nous ferons tout notre possible pour vous envoyer votre commande par e-mail sous 24 heures.<\/p>\n<p><strong>&nbsp;<\/strong><strong>Extraits de partition :<\/strong><\/p>\n<p>(cliquez pour agrandir l\u2019image)<\/p>\n<div id='gallery-1' class='gallery galleryid-6217 gallery-columns-3 gallery-size-medium'><figure class='gallery-item'>\n\t\t\t<div class='gallery-icon portrait'>\n\t\t\t\t<a href='https:\/\/vioolboeken.nl\/fr\/?attachment_id=6219\/'><img loading=\"lazy\" decoding=\"async\" width=\"225\" height=\"300\" src=\"https:\/\/i0.wp.com\/vioolboeken.nl\/wp-content\/uploads\/2026\/01\/Score-pag.-1-deel-1.jpg?fit=225%2C300&amp;ssl=1\" class=\"attachment-medium size-medium\" alt=\"\" srcset=\"https:\/\/i0.wp.com\/vioolboeken.nl\/wp-content\/uploads\/2026\/01\/Score-pag.-1-deel-1.jpg?w=1296&amp;ssl=1 1296w, https:\/\/i0.wp.com\/vioolboeken.nl\/wp-content\/uploads\/2026\/01\/Score-pag.-1-deel-1.jpg?resize=225%2C300&amp;ssl=1 225w, https:\/\/i0.wp.com\/vioolboeken.nl\/wp-content\/uploads\/2026\/01\/Score-pag.-1-deel-1.jpg?resize=768%2C1024&amp;ssl=1 768w, https:\/\/i0.wp.com\/vioolboeken.nl\/wp-content\/uploads\/2026\/01\/Score-pag.-1-deel-1.jpg?resize=1152%2C1536&amp;ssl=1 1152w, https:\/\/i0.wp.com\/vioolboeken.nl\/wp-content\/uploads\/2026\/01\/Score-pag.-1-deel-1.jpg?resize=600%2C800&amp;ssl=1 600w\" sizes=\"auto, (max-width: 225px) 100vw, 225px\" \/><\/a>\n\t\t\t<\/div><\/figure><figure class='gallery-item'>\n\t\t\t<div class='gallery-icon portrait'>\n\t\t\t\t<a href='https:\/\/vioolboeken.nl\/fr\/?attachment_id=6220\/'><img loading=\"lazy\" decoding=\"async\" width=\"225\" height=\"300\" src=\"https:\/\/i0.wp.com\/vioolboeken.nl\/wp-content\/uploads\/2026\/01\/Score-pag.-7-deel-2.jpg?fit=225%2C300&amp;ssl=1\" class=\"attachment-medium size-medium\" alt=\"\" srcset=\"https:\/\/i0.wp.com\/vioolboeken.nl\/wp-content\/uploads\/2026\/01\/Score-pag.-7-deel-2.jpg?w=1296&amp;ssl=1 1296w, https:\/\/i0.wp.com\/vioolboeken.nl\/wp-content\/uploads\/2026\/01\/Score-pag.-7-deel-2.jpg?resize=225%2C300&amp;ssl=1 225w, https:\/\/i0.wp.com\/vioolboeken.nl\/wp-content\/uploads\/2026\/01\/Score-pag.-7-deel-2.jpg?resize=768%2C1024&amp;ssl=1 768w, https:\/\/i0.wp.com\/vioolboeken.nl\/wp-content\/uploads\/2026\/01\/Score-pag.-7-deel-2.jpg?resize=1152%2C1536&amp;ssl=1 1152w, https:\/\/i0.wp.com\/vioolboeken.nl\/wp-content\/uploads\/2026\/01\/Score-pag.-7-deel-2.jpg?resize=600%2C800&amp;ssl=1 600w\" sizes=\"auto, (max-width: 225px) 100vw, 225px\" \/><\/a>\n\t\t\t<\/div><\/figure><figure class='gallery-item'>\n\t\t\t<div class='gallery-icon portrait'>\n\t\t\t\t<a href='https:\/\/vioolboeken.nl\/fr\/?attachment_id=6222\/'><img loading=\"lazy\" decoding=\"async\" width=\"225\" height=\"300\" src=\"https:\/\/i0.wp.com\/vioolboeken.nl\/wp-content\/uploads\/2026\/01\/Score-pag.-10-deel-3.jpg?fit=225%2C300&amp;ssl=1\" class=\"attachment-medium size-medium\" alt=\"\" srcset=\"https:\/\/i0.wp.com\/vioolboeken.nl\/wp-content\/uploads\/2026\/01\/Score-pag.-10-deel-3.jpg?w=1296&amp;ssl=1 1296w, https:\/\/i0.wp.com\/vioolboeken.nl\/wp-content\/uploads\/2026\/01\/Score-pag.-10-deel-3.jpg?resize=225%2C300&amp;ssl=1 225w, https:\/\/i0.wp.com\/vioolboeken.nl\/wp-content\/uploads\/2026\/01\/Score-pag.-10-deel-3.jpg?resize=768%2C1024&amp;ssl=1 768w, https:\/\/i0.wp.com\/vioolboeken.nl\/wp-content\/uploads\/2026\/01\/Score-pag.-10-deel-3.jpg?resize=1152%2C1536&amp;ssl=1 1152w, https:\/\/i0.wp.com\/vioolboeken.nl\/wp-content\/uploads\/2026\/01\/Score-pag.-10-deel-3.jpg?resize=600%2C800&amp;ssl=1 600w\" sizes=\"auto, (max-width: 225px) 100vw, 225px\" \/><\/a>\n\t\t\t<\/div><\/figure><figure class='gallery-item'>\n\t\t\t<div class='gallery-icon portrait'>\n\t\t\t\t<a href='https:\/\/vioolboeken.nl\/fr\/?attachment_id=6223\/'><img loading=\"lazy\" decoding=\"async\" width=\"212\" height=\"300\" src=\"https:\/\/i0.wp.com\/vioolboeken.nl\/wp-content\/uploads\/2026\/01\/Viola-Part-pag.-1-deel-1.jpg?fit=212%2C300&amp;ssl=1\" class=\"attachment-medium size-medium\" alt=\"\" srcset=\"https:\/\/i0.wp.com\/vioolboeken.nl\/wp-content\/uploads\/2026\/01\/Viola-Part-pag.-1-deel-1.jpg?w=1190&amp;ssl=1 1190w, https:\/\/i0.wp.com\/vioolboeken.nl\/wp-content\/uploads\/2026\/01\/Viola-Part-pag.-1-deel-1.jpg?resize=212%2C300&amp;ssl=1 212w, https:\/\/i0.wp.com\/vioolboeken.nl\/wp-content\/uploads\/2026\/01\/Viola-Part-pag.-1-deel-1.jpg?resize=724%2C1024&amp;ssl=1 724w, https:\/\/i0.wp.com\/vioolboeken.nl\/wp-content\/uploads\/2026\/01\/Viola-Part-pag.-1-deel-1.jpg?resize=768%2C1086&amp;ssl=1 768w, https:\/\/i0.wp.com\/vioolboeken.nl\/wp-content\/uploads\/2026\/01\/Viola-Part-pag.-1-deel-1.jpg?resize=1086%2C1536&amp;ssl=1 1086w, https:\/\/i0.wp.com\/vioolboeken.nl\/wp-content\/uploads\/2026\/01\/Viola-Part-pag.-1-deel-1.jpg?resize=600%2C849&amp;ssl=1 600w\" sizes=\"auto, (max-width: 212px) 100vw, 212px\" \/><\/a>\n\t\t\t<\/div><\/figure><figure class='gallery-item'>\n\t\t\t<div class='gallery-icon portrait'>\n\t\t\t\t<a href='https:\/\/vioolboeken.nl\/fr\/?attachment_id=6224\/'><img loading=\"lazy\" decoding=\"async\" width=\"212\" height=\"300\" src=\"https:\/\/i0.wp.com\/vioolboeken.nl\/wp-content\/uploads\/2026\/01\/Viola-part-pag.-4-deel-3.jpg?fit=212%2C300&amp;ssl=1\" class=\"attachment-medium size-medium\" alt=\"\" srcset=\"https:\/\/i0.wp.com\/vioolboeken.nl\/wp-content\/uploads\/2026\/01\/Viola-part-pag.-4-deel-3.jpg?w=1190&amp;ssl=1 1190w, https:\/\/i0.wp.com\/vioolboeken.nl\/wp-content\/uploads\/2026\/01\/Viola-part-pag.-4-deel-3.jpg?resize=212%2C300&amp;ssl=1 212w, https:\/\/i0.wp.com\/vioolboeken.nl\/wp-content\/uploads\/2026\/01\/Viola-part-pag.-4-deel-3.jpg?resize=724%2C1024&amp;ssl=1 724w, https:\/\/i0.wp.com\/vioolboeken.nl\/wp-content\/uploads\/2026\/01\/Viola-part-pag.-4-deel-3.jpg?resize=768%2C1086&amp;ssl=1 768w, https:\/\/i0.wp.com\/vioolboeken.nl\/wp-content\/uploads\/2026\/01\/Viola-part-pag.-4-deel-3.jpg?resize=1086%2C1536&amp;ssl=1 1086w, https:\/\/i0.wp.com\/vioolboeken.nl\/wp-content\/uploads\/2026\/01\/Viola-part-pag.-4-deel-3.jpg?resize=600%2C849&amp;ssl=1 600w\" sizes=\"auto, (max-width: 212px) 100vw, 212px\" \/><\/a>\n\t\t\t<\/div><\/figure>\n\t\t<\/div>\n\n","protected":false},"excerpt":{"rendered":"<p>Le violoniste allemand, compositeur et professeur de violon Ferdinand K\u00fcchler (1867-1937) a \u00e9crit plusieurs morceaux \u00e9ducatifs pour violon avec accompagnement de piano, tels que les Concertinos Op. 11, 12 et 15. \u00c9crit en trois mouvements, le Concertino Op. 12 est id\u00e9al pour travailler le jeu en premi\u00e8re et troisi\u00e8me positions. Le premier mouvement est \u00e0 [&hellip;]<\/p>\n","protected":false},"featured_media":6218,"template":"","meta":{"_monsterinsights_skip_tracking":false,"_monsterinsights_sitenote_active":false,"_monsterinsights_sitenote_note":"","_monsterinsights_sitenote_category":0,"ocean_post_layout":"","ocean_both_sidebars_style":"","ocean_both_sidebars_content_width":0,"ocean_both_sidebars_sidebars_width":0,"ocean_sidebar":"0","ocean_second_sidebar":"0","ocean_disable_margins":"enable","ocean_add_body_class":"","ocean_shortcode_before_top_bar":"","ocean_shortcode_after_top_bar":"","ocean_shortcode_before_header":"","ocean_shortcode_after_header":"","ocean_has_shortcode":"","ocean_shortcode_after_title":"","ocean_shortcode_before_footer_widgets":"","ocean_shortcode_after_footer_widgets":"","ocean_shortcode_before_footer_bottom":"","ocean_shortcode_after_footer_bottom":"","ocean_display_top_bar":"default","ocean_display_header":"default","ocean_header_style":"","ocean_center_header_left_menu":"0","ocean_custom_header_template":"0","ocean_custom_logo":0,"ocean_custom_retina_logo":0,"ocean_custom_logo_max_width":0,"ocean_custom_logo_tablet_max_width":0,"ocean_custom_logo_mobile_max_width":0,"ocean_custom_logo_max_height":0,"ocean_custom_logo_tablet_max_height":0,"ocean_custom_logo_mobile_max_height":0,"ocean_header_custom_menu":"0","ocean_menu_typo_font_family":"0","ocean_menu_typo_font_subset":"","ocean_menu_typo_font_size":0,"ocean_menu_typo_font_size_tablet":0,"ocean_menu_typo_font_size_mobile":0,"ocean_menu_typo_font_size_unit":"px","ocean_menu_typo_font_weight":"","ocean_menu_typo_font_weight_tablet":"","ocean_menu_typo_font_weight_mobile":"","ocean_menu_typo_transform":"","ocean_menu_typo_transform_tablet":"","ocean_menu_typo_transform_mobile":"","ocean_menu_typo_line_height":0,"ocean_menu_typo_line_height_tablet":0,"ocean_menu_typo_line_height_mobile":0,"ocean_menu_typo_line_height_unit":"","ocean_menu_typo_spacing":0,"ocean_menu_typo_spacing_tablet":0,"ocean_menu_typo_spacing_mobile":0,"ocean_menu_typo_spacing_unit":"","ocean_menu_link_color":"","ocean_menu_link_color_hover":"","ocean_menu_link_color_active":"","ocean_menu_link_background":"","ocean_menu_link_hover_background":"","ocean_menu_link_active_background":"","ocean_menu_social_links_bg":"","ocean_menu_social_hover_links_bg":"","ocean_menu_social_links_color":"","ocean_menu_social_hover_links_color":"","ocean_disable_title":"default","ocean_disable_heading":"default","ocean_post_title":"","ocean_post_subheading":"","ocean_post_title_style":"","ocean_post_title_background_color":"","ocean_post_title_background":0,"ocean_post_title_bg_image_position":"","ocean_post_title_bg_image_attachment":"","ocean_post_title_bg_image_repeat":"","ocean_post_title_bg_image_size":"","ocean_post_title_height":0,"ocean_post_title_bg_overlay":0.5,"ocean_post_title_bg_overlay_color":"","ocean_disable_breadcrumbs":"default","ocean_breadcrumbs_color":"","ocean_breadcrumbs_separator_color":"","ocean_breadcrumbs_links_color":"","ocean_breadcrumbs_links_hover_color":"","ocean_display_footer_widgets":"default","ocean_display_footer_bottom":"default","ocean_custom_footer_template":"0"},"product_brand":[],"product_cat":[37],"product_tag":[],"class_list":{"0":"post-6217","1":"product","2":"type-product","3":"status-publish","4":"has-post-thumbnail","6":"product_cat-recueils-de-repertoire-violon-alto","8":"entry","9":"has-media","11":"first","12":"instock","13":"virtual","14":"taxable","15":"purchasable","16":"product-type-simple","17":"has-product-nav","18":"col","19":"span_1_of_3","20":"owp-content-center","21":"owp-thumbs-layout-horizontal","22":"owp-btn-normal","23":"owp-tabs-layout-horizontal","24":"has-no-thumbnails"},"aioseo_notices":[],"jetpack_sharing_enabled":true,"_links":{"self":[{"href":"https:\/\/vioolboeken.nl\/fr\/wp-json\/wp\/v2\/product\/6217","targetHints":{"allow":["GET"]}}],"collection":[{"href":"https:\/\/vioolboeken.nl\/fr\/wp-json\/wp\/v2\/product"}],"about":[{"href":"https:\/\/vioolboeken.nl\/fr\/wp-json\/wp\/v2\/types\/product"}],"wp:featuredmedia":[{"embeddable":true,"href":"https:\/\/vioolboeken.nl\/fr\/wp-json\/wp\/v2\/media\/6218"}],"wp:attachment":[{"href":"https:\/\/vioolboeken.nl\/fr\/wp-json\/wp\/v2\/media?parent=6217"}],"wp:term":[{"taxonomy":"product_brand","embeddable":true,"href":"https:\/\/vioolboeken.nl\/fr\/wp-json\/wp\/v2\/product_brand?post=6217"},{"taxonomy":"product_cat","embeddable":true,"href":"https:\/\/vioolboeken.nl\/fr\/wp-json\/wp\/v2\/product_cat?post=6217"},{"taxonomy":"product_tag","embeddable":true,"href":"https:\/\/vioolboeken.nl\/fr\/wp-json\/wp\/v2\/product_tag?post=6217"}],"curies":[{"name":"wp","href":"https:\/\/api.w.org\/{rel}","templated":true}]}}