{"id":5906,"date":"2025-01-28T12:30:08","date_gmt":"2025-01-28T11:30:08","guid":{"rendered":"https:\/\/vioolboeken.nl\/product\/\/"},"modified":"2025-12-22T10:13:20","modified_gmt":"2025-12-22T09:13:20","slug":"plouf-tizen-tizen","status":"publish","type":"product","link":"https:\/\/vioolboeken.nl\/fr\/product\/plouf-tizen-tizen\/","title":{"rendered":"Plouf tizen tizen (e-book)"},"content":{"rendered":"<p><strong><em>Plouf tizen tizen<\/em><\/strong> est une chanson folklorique du nord de l&rsquo;Alg\u00e9rie qui raconte l&rsquo;histoire d&rsquo;une fille qui est harcel\u00e9e par d&rsquo;autres, qui sont jaloux d&rsquo;elle \u00e0 cause de sa beaut\u00e9. La chanson se compose de 5 mesures et couvre une tessiture d&rsquo;une sixte majeure (r\u00e9-si). Nico Dezaire a r\u00e9alis\u00e9 un arrangement d&rsquo;une beaut\u00e9 enchanteresse de <strong><em>Plouf tizen tizen<\/em><\/strong> pour ch\u0153ur d&rsquo;enfants \u00e0 2 voix ou voix soliste (\u00e9ventuellement 2 voix solistes) et orchestre \u00e0 cordes. Gr\u00e2ce \u00e0 une orchestration ing\u00e9nieuse et des interm\u00e8des instrumentaux entre les couplets, vous obtenez un morceau d&rsquo;une longueur parfaite pour vos auditions et spectacles de fin d ann\u00e9e.<\/p>\n<p>Parmi les parties de cordes, les 1\u00e8res voix (\u00e9l\u00e9mentaires\/moyennes) ont un niveau l\u00e9g\u00e8rement sup\u00e9rieur aux 2\u00e8mes voix (tr\u00e8s faciles\/\u00e9l\u00e9mentaires). La 2\u00e8me partie d&rsquo;alto peut \u00eatre remplac\u00e9e par une 3\u00e8me partie de violon. Les parties de contrebasse, de percussions et de piano peuvent \u00eatre ajout\u00e9es ad libitum. Toutes les parties de cordes sont jouables en 1\u00e8re position.<\/p>\n<p>Cette publication est propos\u00e9e exclusivement sous forme de livre num\u00e9rique. Apr\u00e8s la commande, 4 PDF personnalis\u00e9s seront cr\u00e9\u00e9s et envoy\u00e9s par email (partition, parties pour ch\u0153ur d&rsquo;enfants et cordes, partie percussions, partie piano). En plus de la partition et les parties, 2 MP3 sont \u00e9galement fournis : un enregistrement audio num\u00e9rique de la pi\u00e8ce ainsi qu&rsquo;une version plus lente, pour faciliter la pratique \u00e0 la maison.<\/p>\n<p>Nous faisons de notre mieux pour envoyer la commande par e-mail dans les 24 heures.<\/p>\n<h3>Extraits de partition :<\/h3>\n<p>(cliquez pour agrandir l\u2019image)<\/p>\n<div id='gallery-1' class='gallery galleryid-5906 gallery-columns-3 gallery-size-medium'><figure class='gallery-item'>\n\t\t\t<div class='gallery-icon portrait'>\n\t\t\t\t<a href='https:\/\/vioolboeken.nl\/fr\/?attachment_id=5913\/'><img loading=\"lazy\" decoding=\"async\" width=\"212\" height=\"300\" src=\"https:\/\/i0.wp.com\/vioolboeken.nl\/wp-content\/uploads\/2025\/01\/Score-pag.-5.jpg?fit=212%2C300&amp;ssl=1\" class=\"attachment-medium size-medium\" alt=\"\" \/><\/a>\n\t\t\t<\/div><\/figure><figure class='gallery-item'>\n\t\t\t<div class='gallery-icon portrait'>\n\t\t\t\t<a href='https:\/\/vioolboeken.nl\/fr\/?attachment_id=5917\/'><img loading=\"lazy\" decoding=\"async\" width=\"212\" height=\"300\" src=\"https:\/\/i0.wp.com\/vioolboeken.nl\/wp-content\/uploads\/2025\/01\/Score-pag.-7-1.jpg?fit=212%2C300&amp;ssl=1\" class=\"attachment-medium size-medium\" alt=\"\" \/><\/a>\n\t\t\t<\/div><\/figure><figure class='gallery-item'>\n\t\t\t<div class='gallery-icon portrait'>\n\t\t\t\t<a href='https:\/\/vioolboeken.nl\/fr\/?attachment_id=5912\/'><img loading=\"lazy\" decoding=\"async\" width=\"212\" height=\"300\" src=\"https:\/\/i0.wp.com\/vioolboeken.nl\/wp-content\/uploads\/2025\/01\/Parts-vocals_1.jpg?fit=212%2C300&amp;ssl=1\" class=\"attachment-medium size-medium\" alt=\"\" \/><\/a>\n\t\t\t<\/div><\/figure><figure class='gallery-item'>\n\t\t\t<div class='gallery-icon portrait'>\n\t\t\t\t<a href='https:\/\/vioolboeken.nl\/fr\/?attachment_id=5910\/'><img loading=\"lazy\" decoding=\"async\" width=\"212\" height=\"300\" src=\"https:\/\/i0.wp.com\/vioolboeken.nl\/wp-content\/uploads\/2025\/01\/Parts-violin-1.jpg?fit=212%2C300&amp;ssl=1\" class=\"attachment-medium size-medium\" alt=\"\" \/><\/a>\n\t\t\t<\/div><\/figure><figure class='gallery-item'>\n\t\t\t<div class='gallery-icon portrait'>\n\t\t\t\t<a href='https:\/\/vioolboeken.nl\/fr\/?attachment_id=5911\/'><img loading=\"lazy\" decoding=\"async\" width=\"212\" height=\"300\" src=\"https:\/\/i0.wp.com\/vioolboeken.nl\/wp-content\/uploads\/2025\/01\/Parts-violin-3_1.jpg?fit=212%2C300&amp;ssl=1\" class=\"attachment-medium size-medium\" alt=\"\" \/><\/a>\n\t\t\t<\/div><\/figure><figure class='gallery-item'>\n\t\t\t<div class='gallery-icon portrait'>\n\t\t\t\t<a href='https:\/\/vioolboeken.nl\/fr\/?attachment_id=5909\/'><img loading=\"lazy\" decoding=\"async\" width=\"212\" height=\"300\" src=\"https:\/\/i0.wp.com\/vioolboeken.nl\/wp-content\/uploads\/2025\/01\/Parts-cello-1.jpg?fit=212%2C300&amp;ssl=1\" class=\"attachment-medium size-medium\" alt=\"\" \/><\/a>\n\t\t\t<\/div><\/figure>\n\t\t<\/div>\n\n<h3>Exemple audio :<\/h3>\n<p class=\"responsive-video-wrap clr\"><iframe loading=\"lazy\" title=\"Plouf Tizen Tizen, Algerian Children&#039;s Song, arr. Nico Dezaire (1965-)\" width=\"1200\" height=\"675\" src=\"https:\/\/www.youtube.com\/embed\/m7ah2Qgbw8Q?feature=oembed\" frameborder=\"0\" allow=\"accelerometer; autoplay; clipboard-write; encrypted-media; gyroscope; picture-in-picture; web-share\" referrerpolicy=\"strict-origin-when-cross-origin\" allowfullscreen><\/iframe><\/p>\n<p>&nbsp;<\/p>\n<p>&nbsp;<\/p>\n","protected":false},"excerpt":{"rendered":"<p>Plouf tizen tizen est une chanson folklorique du nord de l&rsquo;Alg\u00e9rie qui raconte l&rsquo;histoire d&rsquo;une fille qui est harcel\u00e9e par d&rsquo;autres, qui sont jaloux d&rsquo;elle \u00e0 cause de sa beaut\u00e9. La chanson se compose de 5 mesures et couvre une tessiture d&rsquo;une sixte majeure (r\u00e9-si). Nico Dezaire a r\u00e9alis\u00e9 un arrangement d&rsquo;une beaut\u00e9 enchanteresse de [&hellip;]<\/p>\n","protected":false},"featured_media":5907,"template":"","meta":{"_monsterinsights_skip_tracking":false,"_monsterinsights_sitenote_active":false,"_monsterinsights_sitenote_note":"","_monsterinsights_sitenote_category":0,"ocean_post_layout":"","ocean_both_sidebars_style":"","ocean_both_sidebars_content_width":0,"ocean_both_sidebars_sidebars_width":0,"ocean_sidebar":"0","ocean_second_sidebar":"0","ocean_disable_margins":"enable","ocean_add_body_class":"","ocean_shortcode_before_top_bar":"","ocean_shortcode_after_top_bar":"","ocean_shortcode_before_header":"","ocean_shortcode_after_header":"","ocean_has_shortcode":"","ocean_shortcode_after_title":"","ocean_shortcode_before_footer_widgets":"","ocean_shortcode_after_footer_widgets":"","ocean_shortcode_before_footer_bottom":"","ocean_shortcode_after_footer_bottom":"","ocean_display_top_bar":"default","ocean_display_header":"default","ocean_header_style":"","ocean_center_header_left_menu":"0","ocean_custom_header_template":"0","ocean_custom_logo":0,"ocean_custom_retina_logo":0,"ocean_custom_logo_max_width":0,"ocean_custom_logo_tablet_max_width":0,"ocean_custom_logo_mobile_max_width":0,"ocean_custom_logo_max_height":0,"ocean_custom_logo_tablet_max_height":0,"ocean_custom_logo_mobile_max_height":0,"ocean_header_custom_menu":"0","ocean_menu_typo_font_family":"0","ocean_menu_typo_font_subset":"","ocean_menu_typo_font_size":0,"ocean_menu_typo_font_size_tablet":0,"ocean_menu_typo_font_size_mobile":0,"ocean_menu_typo_font_size_unit":"px","ocean_menu_typo_font_weight":"","ocean_menu_typo_font_weight_tablet":"","ocean_menu_typo_font_weight_mobile":"","ocean_menu_typo_transform":"","ocean_menu_typo_transform_tablet":"","ocean_menu_typo_transform_mobile":"","ocean_menu_typo_line_height":0,"ocean_menu_typo_line_height_tablet":0,"ocean_menu_typo_line_height_mobile":0,"ocean_menu_typo_line_height_unit":"","ocean_menu_typo_spacing":0,"ocean_menu_typo_spacing_tablet":0,"ocean_menu_typo_spacing_mobile":0,"ocean_menu_typo_spacing_unit":"","ocean_menu_link_color":"","ocean_menu_link_color_hover":"","ocean_menu_link_color_active":"","ocean_menu_link_background":"","ocean_menu_link_hover_background":"","ocean_menu_link_active_background":"","ocean_menu_social_links_bg":"","ocean_menu_social_hover_links_bg":"","ocean_menu_social_links_color":"","ocean_menu_social_hover_links_color":"","ocean_disable_title":"default","ocean_disable_heading":"default","ocean_post_title":"","ocean_post_subheading":"","ocean_post_title_style":"","ocean_post_title_background_color":"","ocean_post_title_background":0,"ocean_post_title_bg_image_position":"","ocean_post_title_bg_image_attachment":"","ocean_post_title_bg_image_repeat":"","ocean_post_title_bg_image_size":"","ocean_post_title_height":0,"ocean_post_title_bg_overlay":0.5,"ocean_post_title_bg_overlay_color":"","ocean_disable_breadcrumbs":"default","ocean_breadcrumbs_color":"","ocean_breadcrumbs_separator_color":"","ocean_breadcrumbs_links_color":"","ocean_breadcrumbs_links_hover_color":"","ocean_display_footer_widgets":"default","ocean_display_footer_bottom":"default","ocean_custom_footer_template":"0"},"product_brand":[],"product_cat":[39],"product_tag":[],"class_list":{"0":"post-5906","1":"product","2":"type-product","3":"status-publish","4":"has-post-thumbnail","6":"product_cat-quatuor-a-cordes-ensemble-a-cordes","8":"entry","9":"has-media","11":"first","12":"instock","13":"virtual","14":"taxable","15":"purchasable","16":"product-type-simple","17":"has-product-nav","18":"col","19":"span_1_of_3","20":"owp-content-center","21":"owp-thumbs-layout-horizontal","22":"owp-btn-normal","23":"owp-tabs-layout-horizontal","24":"has-no-thumbnails"},"aioseo_notices":[],"jetpack_sharing_enabled":true,"_links":{"self":[{"href":"https:\/\/vioolboeken.nl\/fr\/wp-json\/wp\/v2\/product\/5906","targetHints":{"allow":["GET"]}}],"collection":[{"href":"https:\/\/vioolboeken.nl\/fr\/wp-json\/wp\/v2\/product"}],"about":[{"href":"https:\/\/vioolboeken.nl\/fr\/wp-json\/wp\/v2\/types\/product"}],"wp:featuredmedia":[{"embeddable":true,"href":"https:\/\/vioolboeken.nl\/fr\/wp-json\/wp\/v2\/media\/5907"}],"wp:attachment":[{"href":"https:\/\/vioolboeken.nl\/fr\/wp-json\/wp\/v2\/media?parent=5906"}],"wp:term":[{"taxonomy":"product_brand","embeddable":true,"href":"https:\/\/vioolboeken.nl\/fr\/wp-json\/wp\/v2\/product_brand?post=5906"},{"taxonomy":"product_cat","embeddable":true,"href":"https:\/\/vioolboeken.nl\/fr\/wp-json\/wp\/v2\/product_cat?post=5906"},{"taxonomy":"product_tag","embeddable":true,"href":"https:\/\/vioolboeken.nl\/fr\/wp-json\/wp\/v2\/product_tag?post=5906"}],"curies":[{"name":"wp","href":"https:\/\/api.w.org\/{rel}","templated":true}]}}