{"id":5439,"date":"2023-05-30T16:52:58","date_gmt":"2023-05-30T14:52:58","guid":{"rendered":"https:\/\/vioolboeken.nl\/product\/\/"},"modified":"2024-08-01T12:24:46","modified_gmt":"2024-08-01T10:24:46","slug":"fiddler-playalong-collection-for-viola","status":"publish","type":"product","link":"https:\/\/vioolboeken.nl\/fr\/product\/fiddler-playalong-collection-for-viola\/","title":{"rendered":"Fiddler Playalong Collection for Viola (complete)"},"content":{"rendered":"<p>Le r\u00e9pertoire complet de musique traditionnelle pour violon est maintenant \u00e0 votre port\u00e9e! Avec ce grand choix de recueils vous pourrez recr\u00e9er l\u2019ambiance de votre propre \u201cceilidh\u201d, des danses folkloriques, du club de jazz, ou des caf\u00e9s-concerts comme \u00e0 Saraj\u00e9vo. Certains de ces morceaux de musique sont connus, d\u2019autres sont plus exotiques, mais tous sont absolument authentiques et leurs arrangements sont faits sans compromis, mais ce qu\u2019il y a de plus important, c\u2019est qu\u2019ils vous donneront \u00e9norm\u00e9ment de plaisir.<\/p>\n<p>Cette publication est tr\u00e8s \u00e9tendue, elle se compose de :<\/p>\n<p>-une 1\u00e8re voix d&rsquo;alto (facile\/moyen)<br \/>\n-une 2\u00e8me voix d&rsquo;alto (facile)<br \/>\n-une 2\u00e8me voix d&rsquo;alto (moyen-difficile)<br \/>\n-une partie de piano, munie de symboles d&rsquo;accord<br \/>\n-audios en ligne (version MP3 d\u00e9mo et version MP3 accompagnement)<\/p>\n<p><strong>Sommaire :<\/strong><\/p>\n<ul>\n<li>Preface<\/li>\n<li>Carolan&rsquo;s Air<\/li>\n<li>Red-Haired Boy<\/li>\n<li>Makin&rsquo; Woopee<\/li>\n<li>The Flower of the Quern<\/li>\n<li>Staten Island<\/li>\n<li>Mrs McLeod&rsquo;s Reel<\/li>\n<li>A Hero&rsquo;s Farewell<\/li>\n<li>On the Balcony<\/li>\n<li>Little Sadie<\/li>\n<li>Blackberry Blossom<\/li>\n<li>Pastime with good company<\/li>\n<li>The silver leaves of the poplar tree<\/li>\n<li>The four corners of my handkerchief<\/li>\n<li>We three kings of Orient are<\/li>\n<li>Il est n\u00e9, le divin enfant<\/li>\n<li>Russian March<\/li>\n<li>Glwysen<\/li>\n<li>Nyth y Gwcw<\/li>\n<li>Dance! Dance!<\/li>\n<li>Quizas, quizas, quizas<\/li>\n<li>La Cumparsita<\/li>\n<\/ul>\n<p><strong><br \/>\nExtraits de partition :<\/strong><br \/>\n(cliquez pour agrandir l\u2019image)<\/p>\n<div id='gallery-1' class='gallery galleryid-5439 gallery-columns-3 gallery-size-medium'><figure class='gallery-item'>\n\t\t\t<div class='gallery-icon portrait'>\n\t\t\t\t<a href='https:\/\/vioolboeken.nl\/fr\/?attachment_id=5445\/'><img loading=\"lazy\" decoding=\"async\" width=\"222\" height=\"300\" src=\"https:\/\/i0.wp.com\/vioolboeken.nl\/wp-content\/uploads\/2023\/05\/20230531_153424.jpg?fit=222%2C300&amp;ssl=1\" class=\"attachment-medium size-medium\" alt=\"\" \/><\/a>\n\t\t\t<\/div><\/figure><figure class='gallery-item'>\n\t\t\t<div class='gallery-icon portrait'>\n\t\t\t\t<a href='https:\/\/vioolboeken.nl\/fr\/?attachment_id=5444\/'><img loading=\"lazy\" decoding=\"async\" width=\"214\" height=\"300\" src=\"https:\/\/i0.wp.com\/vioolboeken.nl\/wp-content\/uploads\/2023\/05\/20230531_153346.jpg?fit=214%2C300&amp;ssl=1\" class=\"attachment-medium size-medium\" alt=\"\" \/><\/a>\n\t\t\t<\/div><\/figure><figure class='gallery-item'>\n\t\t\t<div class='gallery-icon portrait'>\n\t\t\t\t<a href='https:\/\/vioolboeken.nl\/fr\/?attachment_id=5443\/'><img loading=\"lazy\" decoding=\"async\" width=\"210\" height=\"300\" src=\"https:\/\/i0.wp.com\/vioolboeken.nl\/wp-content\/uploads\/2023\/05\/20230531_153319.jpg?fit=210%2C300&amp;ssl=1\" class=\"attachment-medium size-medium\" alt=\"\" \/><\/a>\n\t\t\t<\/div><\/figure>\n\t\t<\/div>\n\n<pre id=\"tw-target-text\" class=\"tw-data-text tw-text-large tw-ta\" dir=\"ltr\" data-placeholder=\"Translation\">&nbsp;<\/pre>\n","protected":false},"excerpt":{"rendered":"<p>Le r\u00e9pertoire complet de musique traditionnelle pour violon est maintenant \u00e0 votre port\u00e9e! Avec ce grand choix de recueils vous pourrez recr\u00e9er l\u2019ambiance de votre propre \u201cceilidh\u201d, des danses folkloriques, du club de jazz, ou des caf\u00e9s-concerts comme \u00e0 Saraj\u00e9vo. Certains de ces morceaux de musique sont connus, d\u2019autres sont plus exotiques, mais tous sont [&hellip;]<\/p>\n","protected":false},"featured_media":5440,"template":"","meta":{"_monsterinsights_skip_tracking":false,"_monsterinsights_sitenote_active":false,"_monsterinsights_sitenote_note":"","_monsterinsights_sitenote_category":0,"ocean_post_layout":"","ocean_both_sidebars_style":"","ocean_both_sidebars_content_width":0,"ocean_both_sidebars_sidebars_width":0,"ocean_sidebar":"0","ocean_second_sidebar":"0","ocean_disable_margins":"enable","ocean_add_body_class":"","ocean_shortcode_before_top_bar":"","ocean_shortcode_after_top_bar":"","ocean_shortcode_before_header":"","ocean_shortcode_after_header":"","ocean_has_shortcode":"","ocean_shortcode_after_title":"","ocean_shortcode_before_footer_widgets":"","ocean_shortcode_after_footer_widgets":"","ocean_shortcode_before_footer_bottom":"","ocean_shortcode_after_footer_bottom":"","ocean_display_top_bar":"default","ocean_display_header":"default","ocean_header_style":"","ocean_center_header_left_menu":"0","ocean_custom_header_template":"0","ocean_custom_logo":0,"ocean_custom_retina_logo":0,"ocean_custom_logo_max_width":0,"ocean_custom_logo_tablet_max_width":0,"ocean_custom_logo_mobile_max_width":0,"ocean_custom_logo_max_height":0,"ocean_custom_logo_tablet_max_height":0,"ocean_custom_logo_mobile_max_height":0,"ocean_header_custom_menu":"0","ocean_menu_typo_font_family":"0","ocean_menu_typo_font_subset":"","ocean_menu_typo_font_size":0,"ocean_menu_typo_font_size_tablet":0,"ocean_menu_typo_font_size_mobile":0,"ocean_menu_typo_font_size_unit":"px","ocean_menu_typo_font_weight":"","ocean_menu_typo_font_weight_tablet":"","ocean_menu_typo_font_weight_mobile":"","ocean_menu_typo_transform":"","ocean_menu_typo_transform_tablet":"","ocean_menu_typo_transform_mobile":"","ocean_menu_typo_line_height":0,"ocean_menu_typo_line_height_tablet":0,"ocean_menu_typo_line_height_mobile":0,"ocean_menu_typo_line_height_unit":"","ocean_menu_typo_spacing":0,"ocean_menu_typo_spacing_tablet":0,"ocean_menu_typo_spacing_mobile":0,"ocean_menu_typo_spacing_unit":"","ocean_menu_link_color":"","ocean_menu_link_color_hover":"","ocean_menu_link_color_active":"","ocean_menu_link_background":"","ocean_menu_link_hover_background":"","ocean_menu_link_active_background":"","ocean_menu_social_links_bg":"","ocean_menu_social_hover_links_bg":"","ocean_menu_social_links_color":"","ocean_menu_social_hover_links_color":"","ocean_disable_title":"default","ocean_disable_heading":"default","ocean_post_title":"","ocean_post_subheading":"","ocean_post_title_style":"","ocean_post_title_background_color":"","ocean_post_title_background":0,"ocean_post_title_bg_image_position":"","ocean_post_title_bg_image_attachment":"","ocean_post_title_bg_image_repeat":"","ocean_post_title_bg_image_size":"","ocean_post_title_height":0,"ocean_post_title_bg_overlay":0.5,"ocean_post_title_bg_overlay_color":"","ocean_disable_breadcrumbs":"default","ocean_breadcrumbs_color":"","ocean_breadcrumbs_separator_color":"","ocean_breadcrumbs_links_color":"","ocean_breadcrumbs_links_hover_color":"","ocean_display_footer_widgets":"default","ocean_display_footer_bottom":"default","ocean_custom_footer_template":"0"},"product_brand":[],"product_cat":[37],"product_tag":[],"class_list":{"0":"post-5439","1":"product","2":"type-product","3":"status-publish","4":"has-post-thumbnail","6":"product_cat-recueils-de-repertoire-violon-alto","8":"entry","9":"has-media","11":"first","12":"instock","13":"taxable","14":"shipping-taxable","15":"purchasable","16":"product-type-simple","17":"has-product-nav","18":"col","19":"span_1_of_3","20":"owp-content-center","21":"owp-thumbs-layout-horizontal","22":"owp-btn-normal","23":"owp-tabs-layout-horizontal","24":"has-no-thumbnails"},"aioseo_notices":[],"jetpack_sharing_enabled":true,"_links":{"self":[{"href":"https:\/\/vioolboeken.nl\/fr\/wp-json\/wp\/v2\/product\/5439","targetHints":{"allow":["GET"]}}],"collection":[{"href":"https:\/\/vioolboeken.nl\/fr\/wp-json\/wp\/v2\/product"}],"about":[{"href":"https:\/\/vioolboeken.nl\/fr\/wp-json\/wp\/v2\/types\/product"}],"wp:featuredmedia":[{"embeddable":true,"href":"https:\/\/vioolboeken.nl\/fr\/wp-json\/wp\/v2\/media\/5440"}],"wp:attachment":[{"href":"https:\/\/vioolboeken.nl\/fr\/wp-json\/wp\/v2\/media?parent=5439"}],"wp:term":[{"taxonomy":"product_brand","embeddable":true,"href":"https:\/\/vioolboeken.nl\/fr\/wp-json\/wp\/v2\/product_brand?post=5439"},{"taxonomy":"product_cat","embeddable":true,"href":"https:\/\/vioolboeken.nl\/fr\/wp-json\/wp\/v2\/product_cat?post=5439"},{"taxonomy":"product_tag","embeddable":true,"href":"https:\/\/vioolboeken.nl\/fr\/wp-json\/wp\/v2\/product_tag?post=5439"}],"curies":[{"name":"wp","href":"https:\/\/api.w.org\/{rel}","templated":true}]}}