{"id":5207,"date":"2023-03-10T20:44:38","date_gmt":"2023-03-10T19:44:38","guid":{"rendered":"https:\/\/vioolboeken.nl\/product\/\/"},"modified":"2025-01-28T13:07:56","modified_gmt":"2025-01-28T12:07:56","slug":"four-disney-quartets","status":"publish","type":"product","link":"https:\/\/vioolboeken.nl\/fr\/product\/four-disney-quartets\/","title":{"rendered":"Four Disney Quartets"},"content":{"rendered":"<p>Les m\u00e9lodies des films et des com\u00e9dies musicales de la Walt Disney Company sont connues dans le monde entier. Nico Dezaire a pris quatre des plus belles musiques de Disney des derni\u00e8res ann\u00e9es et produit de splendides arrangements pour quatuor \u00e0 cordes.&nbsp;est une collection indispensable qui ne manquera pas de produire son effet&nbsp;!<\/p>\n<h4><strong>Sommaire :<\/strong><\/h4>\n<p>-The Place Where Lost Things Go (Mary Poppins Returns)<\/p>\n<p>-Speechless (Aladdin)<\/p>\n<p>-How Does A Moment Last Forever (Beauty And The Beast)<\/p>\n<p>-How Far I&rsquo;ll Go (Moana)<\/p>\n<p>La partie d\u2019alto peut \u00eatre remplac\u00e9e par une troisi\u00e8me partie de violon.<\/p>\n<h3>&nbsp;<\/h3>\n<h4>Extraits de partition :<\/h4>\n<p>(cliquez pour agrandir l\u2019image)<\/p>\n<p>&nbsp;<\/p>\n<div id='gallery-1' class='gallery galleryid-5207 gallery-columns-4 gallery-size-medium'><figure class='gallery-item'>\n\t\t\t<div class='gallery-icon portrait'>\n\t\t\t\t<a href='https:\/\/vioolboeken.nl\/fr\/?attachment_id=5208\/'><img loading=\"lazy\" decoding=\"async\" width=\"225\" height=\"300\" src=\"https:\/\/i0.wp.com\/vioolboeken.nl\/wp-content\/uploads\/2023\/03\/The-Place-Where-Lost-Things-Go.jpg?fit=225%2C300&amp;ssl=1\" class=\"attachment-medium size-medium\" alt=\"\" aria-describedby=\"gallery-1-5208\" \/><\/a>\n\t\t\t<\/div>\n\t\t\t\t<figcaption class='wp-caption-text gallery-caption' id='gallery-1-5208'>\n\t\t\t\tThe Place Where Lost Things Go p.1\n\t\t\t\t<\/figcaption><\/figure><figure class='gallery-item'>\n\t\t\t<div class='gallery-icon portrait'>\n\t\t\t\t<a href='https:\/\/vioolboeken.nl\/fr\/?attachment_id=5211\/'><img loading=\"lazy\" decoding=\"async\" width=\"225\" height=\"300\" src=\"https:\/\/i0.wp.com\/vioolboeken.nl\/wp-content\/uploads\/2023\/03\/Speechless.jpg?fit=225%2C300&amp;ssl=1\" class=\"attachment-medium size-medium\" alt=\"\" aria-describedby=\"gallery-1-5211\" \/><\/a>\n\t\t\t<\/div>\n\t\t\t\t<figcaption class='wp-caption-text gallery-caption' id='gallery-1-5211'>\n\t\t\t\tSpeechless p.1\n\t\t\t\t<\/figcaption><\/figure><figure class='gallery-item'>\n\t\t\t<div class='gallery-icon portrait'>\n\t\t\t\t<a href='https:\/\/vioolboeken.nl\/fr\/?attachment_id=5209\/'><img loading=\"lazy\" decoding=\"async\" width=\"225\" height=\"300\" src=\"https:\/\/i0.wp.com\/vioolboeken.nl\/wp-content\/uploads\/2023\/03\/How_does_a_moment_last_forever.jpg?fit=225%2C300&amp;ssl=1\" class=\"attachment-medium size-medium\" alt=\"\" aria-describedby=\"gallery-1-5209\" \/><\/a>\n\t\t\t<\/div>\n\t\t\t\t<figcaption class='wp-caption-text gallery-caption' id='gallery-1-5209'>\n\t\t\t\tHow Does A Moment Last Forever p.1\n\t\t\t\t<\/figcaption><\/figure><figure class='gallery-item'>\n\t\t\t<div class='gallery-icon portrait'>\n\t\t\t\t<a href='https:\/\/vioolboeken.nl\/fr\/?attachment_id=5210\/'><img loading=\"lazy\" decoding=\"async\" width=\"225\" height=\"300\" src=\"https:\/\/i0.wp.com\/vioolboeken.nl\/wp-content\/uploads\/2023\/03\/How_far_Ill_go.jpg?fit=225%2C300&amp;ssl=1\" class=\"attachment-medium size-medium\" alt=\"\" aria-describedby=\"gallery-1-5210\" \/><\/a>\n\t\t\t<\/div>\n\t\t\t\t<figcaption class='wp-caption-text gallery-caption' id='gallery-1-5210'>\n\t\t\t\tHow Far I&rsquo;ll Go p.1\n\t\t\t\t<\/figcaption><\/figure><figure class='gallery-item'>\n\t\t\t<div class='gallery-icon portrait'>\n\t\t\t\t<a href='https:\/\/vioolboeken.nl\/fr\/?attachment_id=5215\/'><img loading=\"lazy\" decoding=\"async\" width=\"225\" height=\"300\" src=\"https:\/\/i0.wp.com\/vioolboeken.nl\/wp-content\/uploads\/2023\/03\/Viool-1.jpg?fit=225%2C300&amp;ssl=1\" class=\"attachment-medium size-medium\" alt=\"\" aria-describedby=\"gallery-1-5215\" \/><\/a>\n\t\t\t<\/div>\n\t\t\t\t<figcaption class='wp-caption-text gallery-caption' id='gallery-1-5215'>\n\t\t\t\tHow Far I&rsquo;ll Go-violin 1\n\t\t\t\t<\/figcaption><\/figure><figure class='gallery-item'>\n\t\t\t<div class='gallery-icon portrait'>\n\t\t\t\t<a href='https:\/\/vioolboeken.nl\/fr\/?attachment_id=5214\/'><img loading=\"lazy\" decoding=\"async\" width=\"225\" height=\"300\" src=\"https:\/\/i0.wp.com\/vioolboeken.nl\/wp-content\/uploads\/2023\/03\/Viool-2.jpg?fit=225%2C300&amp;ssl=1\" class=\"attachment-medium size-medium\" alt=\"\" aria-describedby=\"gallery-1-5214\" \/><\/a>\n\t\t\t<\/div>\n\t\t\t\t<figcaption class='wp-caption-text gallery-caption' id='gallery-1-5214'>\n\t\t\t\tSpeechless-violin 2\n\t\t\t\t<\/figcaption><\/figure><figure class='gallery-item'>\n\t\t\t<div class='gallery-icon portrait'>\n\t\t\t\t<a href='https:\/\/vioolboeken.nl\/fr\/?attachment_id=5213\/'><img loading=\"lazy\" decoding=\"async\" width=\"225\" height=\"300\" src=\"https:\/\/i0.wp.com\/vioolboeken.nl\/wp-content\/uploads\/2023\/03\/Altviool.jpg?fit=225%2C300&amp;ssl=1\" class=\"attachment-medium size-medium\" alt=\"\" aria-describedby=\"gallery-1-5213\" \/><\/a>\n\t\t\t<\/div>\n\t\t\t\t<figcaption class='wp-caption-text gallery-caption' id='gallery-1-5213'>\n\t\t\t\tHow Does A Moment Last Forever-viola\n\t\t\t\t<\/figcaption><\/figure><figure class='gallery-item'>\n\t\t\t<div class='gallery-icon portrait'>\n\t\t\t\t<a href='https:\/\/vioolboeken.nl\/fr\/?attachment_id=5212\/'><img loading=\"lazy\" decoding=\"async\" width=\"225\" height=\"300\" src=\"https:\/\/i0.wp.com\/vioolboeken.nl\/wp-content\/uploads\/2023\/03\/Cello.jpg?fit=225%2C300&amp;ssl=1\" class=\"attachment-medium size-medium\" alt=\"\" aria-describedby=\"gallery-1-5212\" \/><\/a>\n\t\t\t<\/div>\n\t\t\t\t<figcaption class='wp-caption-text gallery-caption' id='gallery-1-5212'>\n\t\t\t\tHow Far I&rsquo;ll Go-cello\n\t\t\t\t<\/figcaption><\/figure>\n\t\t<\/div>\n\n<h4><strong>YouTube:&nbsp;<\/strong><\/h4>\n<p>\u00ab\u00a0How does a moment last forever\u00a0\u00bb<\/p>\n<p class=\"responsive-video-wrap clr\"><iframe loading=\"lazy\" title=\"How does a moment last forever, arr. Nico Dezaire, Strings Together, conducted by N. Dezaire (piano)\" width=\"1200\" height=\"675\" src=\"https:\/\/www.youtube.com\/embed\/u5qLeE_ccv8?feature=oembed\" frameborder=\"0\" allow=\"accelerometer; autoplay; clipboard-write; encrypted-media; gyroscope; picture-in-picture; web-share\" referrerpolicy=\"strict-origin-when-cross-origin\" allowfullscreen><\/iframe><\/p>\n<p>&nbsp;<\/p>\n<p>&nbsp;<\/p>\n","protected":false},"excerpt":{"rendered":"<p>Les m\u00e9lodies des films et des com\u00e9dies musicales de la Walt Disney Company sont connues dans le monde entier. Nico Dezaire a pris quatre des plus belles musiques de Disney des derni\u00e8res ann\u00e9es et produit de splendides arrangements pour quatuor \u00e0 cordes.&nbsp;est une collection indispensable qui ne manquera pas de produire son effet&nbsp;! Sommaire : [&hellip;]<\/p>\n","protected":false},"featured_media":5217,"template":"","meta":{"_monsterinsights_skip_tracking":false,"_monsterinsights_sitenote_active":false,"_monsterinsights_sitenote_note":"","_monsterinsights_sitenote_category":0,"ocean_post_layout":"","ocean_both_sidebars_style":"","ocean_both_sidebars_content_width":0,"ocean_both_sidebars_sidebars_width":0,"ocean_sidebar":"0","ocean_second_sidebar":"0","ocean_disable_margins":"enable","ocean_add_body_class":"","ocean_shortcode_before_top_bar":"","ocean_shortcode_after_top_bar":"","ocean_shortcode_before_header":"","ocean_shortcode_after_header":"","ocean_has_shortcode":"","ocean_shortcode_after_title":"","ocean_shortcode_before_footer_widgets":"","ocean_shortcode_after_footer_widgets":"","ocean_shortcode_before_footer_bottom":"","ocean_shortcode_after_footer_bottom":"","ocean_display_top_bar":"default","ocean_display_header":"default","ocean_header_style":"","ocean_center_header_left_menu":"0","ocean_custom_header_template":"0","ocean_custom_logo":0,"ocean_custom_retina_logo":0,"ocean_custom_logo_max_width":0,"ocean_custom_logo_tablet_max_width":0,"ocean_custom_logo_mobile_max_width":0,"ocean_custom_logo_max_height":0,"ocean_custom_logo_tablet_max_height":0,"ocean_custom_logo_mobile_max_height":0,"ocean_header_custom_menu":"0","ocean_menu_typo_font_family":"0","ocean_menu_typo_font_subset":"","ocean_menu_typo_font_size":0,"ocean_menu_typo_font_size_tablet":0,"ocean_menu_typo_font_size_mobile":0,"ocean_menu_typo_font_size_unit":"px","ocean_menu_typo_font_weight":"","ocean_menu_typo_font_weight_tablet":"","ocean_menu_typo_font_weight_mobile":"","ocean_menu_typo_transform":"","ocean_menu_typo_transform_tablet":"","ocean_menu_typo_transform_mobile":"","ocean_menu_typo_line_height":0,"ocean_menu_typo_line_height_tablet":0,"ocean_menu_typo_line_height_mobile":0,"ocean_menu_typo_line_height_unit":"","ocean_menu_typo_spacing":0,"ocean_menu_typo_spacing_tablet":0,"ocean_menu_typo_spacing_mobile":0,"ocean_menu_typo_spacing_unit":"","ocean_menu_link_color":"","ocean_menu_link_color_hover":"","ocean_menu_link_color_active":"","ocean_menu_link_background":"","ocean_menu_link_hover_background":"","ocean_menu_link_active_background":"","ocean_menu_social_links_bg":"","ocean_menu_social_hover_links_bg":"","ocean_menu_social_links_color":"","ocean_menu_social_hover_links_color":"","ocean_disable_title":"default","ocean_disable_heading":"default","ocean_post_title":"","ocean_post_subheading":"","ocean_post_title_style":"","ocean_post_title_background_color":"","ocean_post_title_background":0,"ocean_post_title_bg_image_position":"","ocean_post_title_bg_image_attachment":"","ocean_post_title_bg_image_repeat":"","ocean_post_title_bg_image_size":"","ocean_post_title_height":0,"ocean_post_title_bg_overlay":0.5,"ocean_post_title_bg_overlay_color":"","ocean_disable_breadcrumbs":"default","ocean_breadcrumbs_color":"","ocean_breadcrumbs_separator_color":"","ocean_breadcrumbs_links_color":"","ocean_breadcrumbs_links_hover_color":"","ocean_display_footer_widgets":"default","ocean_display_footer_bottom":"default","ocean_custom_footer_template":"0"},"product_brand":[],"product_cat":[39],"product_tag":[],"class_list":{"0":"post-5207","1":"product","2":"type-product","3":"status-publish","4":"has-post-thumbnail","6":"product_cat-quatuor-a-cordes-ensemble-a-cordes","8":"entry","9":"has-media","11":"first","12":"instock","13":"taxable","14":"shipping-taxable","15":"purchasable","16":"product-type-simple","17":"has-product-nav","18":"col","19":"span_1_of_3","20":"owp-content-center","21":"owp-thumbs-layout-horizontal","22":"owp-btn-normal","23":"owp-tabs-layout-horizontal","24":"has-no-thumbnails"},"aioseo_notices":[],"jetpack_sharing_enabled":true,"_links":{"self":[{"href":"https:\/\/vioolboeken.nl\/fr\/wp-json\/wp\/v2\/product\/5207","targetHints":{"allow":["GET"]}}],"collection":[{"href":"https:\/\/vioolboeken.nl\/fr\/wp-json\/wp\/v2\/product"}],"about":[{"href":"https:\/\/vioolboeken.nl\/fr\/wp-json\/wp\/v2\/types\/product"}],"wp:featuredmedia":[{"embeddable":true,"href":"https:\/\/vioolboeken.nl\/fr\/wp-json\/wp\/v2\/media\/5217"}],"wp:attachment":[{"href":"https:\/\/vioolboeken.nl\/fr\/wp-json\/wp\/v2\/media?parent=5207"}],"wp:term":[{"taxonomy":"product_brand","embeddable":true,"href":"https:\/\/vioolboeken.nl\/fr\/wp-json\/wp\/v2\/product_brand?post=5207"},{"taxonomy":"product_cat","embeddable":true,"href":"https:\/\/vioolboeken.nl\/fr\/wp-json\/wp\/v2\/product_cat?post=5207"},{"taxonomy":"product_tag","embeddable":true,"href":"https:\/\/vioolboeken.nl\/fr\/wp-json\/wp\/v2\/product_tag?post=5207"}],"curies":[{"name":"wp","href":"https:\/\/api.w.org\/{rel}","templated":true}]}}