{"id":4941,"date":"2022-12-24T18:31:34","date_gmt":"2022-12-24T17:31:34","guid":{"rendered":"https:\/\/vioolboeken.nl\/product\/\/"},"modified":"2025-09-13T19:05:13","modified_gmt":"2025-09-13T17:05:13","slug":"solos-for-young-violists-vol-4","status":"publish","type":"product","link":"https:\/\/vioolboeken.nl\/fr\/product\/solos-for-young-violists-vol-4\/","title":{"rendered":"Solos for Young Violists vol. 4"},"content":{"rendered":"<p><strong>SOLOS FOR YOUNG VIOLISTS&nbsp;<\/strong>est une s\u00e9rie gradu\u00e9e qui comprend des \u0153uvres allant du niveau \u00e9l\u00e9mentaire au niveau avanc\u00e9 et offre une vari\u00e9t\u00e9 passionnante de styles et de techniques pour les altistes \u2013 une ressource d\u2019\u00e9coute pr\u00e9cieuse pour les enseignants et les \u00e9tudiants de tous \u00e2ges. Cette s\u00e9rie peut \u00eatre utilis\u00e9e par chaque altiste et compl\u00e8te n\u2019importe quelle m\u00e9thode ou cours. De nombreuses pi\u00e8ces de cette collection ont longtemps \u00e9t\u00e9 reconnues comme un tremplin vers le r\u00e9pertoire principal d\u2019alto, tandis que d\u2019autres sont des \u0153uvres nouvellement publi\u00e9es.&nbsp;<\/p>\n<p><strong>Sommaire :<\/strong><\/p>\n<ul id=\"scroll-box-description\" tabindex=\"0\">\n<li>1. Album leaves, op. 39: Moderato, Andante sostenuto, Allegro, Allegro, Lento, Allegro-molto vivace, composed by Hans Sitt<\/li>\n<li>2. Pastorale and Gavotte, op. 32 no. 1, composed by Herman Ritter<\/li>\n<li>3. Six Studies in English Folksong: Lovely on the Water, Spurn Point, Young Henry the Poacher, She Borrowed Some of Her Mother&rsquo;s Gold, The Pride of Kildare, As I Walked Over London Bridge, composed by Ralph Vaughan Williams<\/li>\n<li>4. Air and Dance, composed by Gordon Jacob<\/li>\n<\/ul>\n<p><strong><br \/>\nExtraits de partition :<\/strong><\/p>\n<p>(Cliquez pour agrandir l\u2019image)<\/p>\n<div id='gallery-1' class='gallery galleryid-4941 gallery-columns-3 gallery-size-medium'><figure class='gallery-item'>\n\t\t\t<div class='gallery-icon portrait'>\n\t\t\t\t<a href='https:\/\/vioolboeken.nl\/fr\/?attachment_id=4948\/'><img loading=\"lazy\" decoding=\"async\" width=\"225\" height=\"300\" src=\"https:\/\/i0.wp.com\/vioolboeken.nl\/wp-content\/uploads\/2022\/12\/Solos-4-sample-1.jpg?fit=225%2C300&amp;ssl=1\" class=\"attachment-medium size-medium\" alt=\"\" \/><\/a>\n\t\t\t<\/div><\/figure><figure class='gallery-item'>\n\t\t\t<div class='gallery-icon portrait'>\n\t\t\t\t<a href='https:\/\/vioolboeken.nl\/fr\/?attachment_id=4949\/'><img loading=\"lazy\" decoding=\"async\" width=\"225\" height=\"300\" src=\"https:\/\/i0.wp.com\/vioolboeken.nl\/wp-content\/uploads\/2022\/12\/Solos-4-sample-2.jpg?fit=225%2C300&amp;ssl=1\" class=\"attachment-medium size-medium\" alt=\"\" \/><\/a>\n\t\t\t<\/div><\/figure><figure class='gallery-item'>\n\t\t\t<div class='gallery-icon portrait'>\n\t\t\t\t<a href='https:\/\/vioolboeken.nl\/fr\/?attachment_id=4950\/'><img loading=\"lazy\" decoding=\"async\" width=\"225\" height=\"300\" src=\"https:\/\/i0.wp.com\/vioolboeken.nl\/wp-content\/uploads\/2022\/12\/Solos-4-sample-3.jpg?fit=225%2C300&amp;ssl=1\" class=\"attachment-medium size-medium\" alt=\"\" \/><\/a>\n\t\t\t<\/div><\/figure>\n\t\t<\/div>\n\n<p>&nbsp;<\/p>\n<p><strong>Extrait audio : Autumn Leaves. op. 39 no. 1, Hans Sitt<\/strong><\/p>\n<!--[if lt IE 9]><script>document.createElement('audio');<\/script><![endif]-->\n<audio class=\"wp-audio-shortcode\" id=\"audio-4941-1\" preload=\"none\" style=\"width: 100%;\" controls=\"controls\"><source type=\"audio\/mpeg\" src=\"https:\/\/vioolboeken.nl\/wp-content\/uploads\/2022\/12\/00-8021__Album-Leaves.mp3?_=1\" \/><a href=\"https:\/\/vioolboeken.nl\/wp-content\/uploads\/2022\/12\/00-8021__Album-Leaves.mp3\">https:\/\/vioolboeken.nl\/wp-content\/uploads\/2022\/12\/00-8021__Album-Leaves.mp3<\/a><\/audio>\n<p><strong>Youtube: Autumn Leaves. op. 39 no. 1&amp;2 Hans Sitt<\/strong><\/p>\n<p class=\"responsive-video-wrap clr\"><iframe loading=\"lazy\" title=\"Hans Sitt, Album leaves, op. 39: 1.Moderato (0.00)  2.Andante sostenuto (2.55)\" width=\"1200\" height=\"675\" src=\"https:\/\/www.youtube.com\/embed\/V7EOV7xcAh8?feature=oembed\" frameborder=\"0\" allow=\"accelerometer; autoplay; clipboard-write; encrypted-media; gyroscope; picture-in-picture; web-share\" allowfullscreen><\/iframe><\/p>\n<p>&nbsp;<\/p>\n<p><strong>Youtube: Autumn Leaves. op. 39 no. 3&amp;4 Hans Sitt<\/strong><\/p>\n<p class=\"responsive-video-wrap clr\"><iframe loading=\"lazy\" title=\"Hans Sitt, Album leaves, op. 39: 3.Allegro (0.00) 4.Allegro (2.24)\" width=\"1200\" height=\"675\" src=\"https:\/\/www.youtube.com\/embed\/Zyqym6gKefE?feature=oembed\" frameborder=\"0\" allow=\"accelerometer; autoplay; clipboard-write; encrypted-media; gyroscope; picture-in-picture; web-share\" allowfullscreen><\/iframe><\/p>\n<p>&nbsp;<\/p>\n<p><strong>Youtube: Autumn Leaves. op. 39 no. 5&amp;6 Hans Sitt<\/strong><\/p>\n<p class=\"responsive-video-wrap clr\"><iframe loading=\"lazy\" title=\"Hans Sitt, Album leaves, op. 39:  5.Lento (0.00) 6.Allegro-molto vivace (5.14)\" width=\"1200\" height=\"675\" src=\"https:\/\/www.youtube.com\/embed\/6MvK0N2PP2Y?feature=oembed\" frameborder=\"0\" allow=\"accelerometer; autoplay; clipboard-write; encrypted-media; gyroscope; picture-in-picture; web-share\" allowfullscreen><\/iframe><\/p>\n<p>&nbsp;<\/p>\n<p>&nbsp;<\/p>\n","protected":false},"excerpt":{"rendered":"<p>SOLOS FOR YOUNG VIOLISTS&nbsp;est une s\u00e9rie gradu\u00e9e qui comprend des \u0153uvres allant du niveau \u00e9l\u00e9mentaire au niveau avanc\u00e9 et offre une vari\u00e9t\u00e9 passionnante de styles et de techniques pour les altistes \u2013 une ressource d\u2019\u00e9coute pr\u00e9cieuse pour les enseignants et les \u00e9tudiants de tous \u00e2ges. Cette s\u00e9rie peut \u00eatre utilis\u00e9e par chaque altiste et compl\u00e8te [&hellip;]<\/p>\n","protected":false},"featured_media":4951,"template":"","meta":{"_monsterinsights_skip_tracking":false,"_monsterinsights_sitenote_active":false,"_monsterinsights_sitenote_note":"","_monsterinsights_sitenote_category":0,"ocean_post_layout":"","ocean_both_sidebars_style":"","ocean_both_sidebars_content_width":0,"ocean_both_sidebars_sidebars_width":0,"ocean_sidebar":"0","ocean_second_sidebar":"0","ocean_disable_margins":"enable","ocean_add_body_class":"","ocean_shortcode_before_top_bar":"","ocean_shortcode_after_top_bar":"","ocean_shortcode_before_header":"","ocean_shortcode_after_header":"","ocean_has_shortcode":"","ocean_shortcode_after_title":"","ocean_shortcode_before_footer_widgets":"","ocean_shortcode_after_footer_widgets":"","ocean_shortcode_before_footer_bottom":"","ocean_shortcode_after_footer_bottom":"","ocean_display_top_bar":"default","ocean_display_header":"default","ocean_header_style":"","ocean_center_header_left_menu":"0","ocean_custom_header_template":"0","ocean_custom_logo":0,"ocean_custom_retina_logo":0,"ocean_custom_logo_max_width":0,"ocean_custom_logo_tablet_max_width":0,"ocean_custom_logo_mobile_max_width":0,"ocean_custom_logo_max_height":0,"ocean_custom_logo_tablet_max_height":0,"ocean_custom_logo_mobile_max_height":0,"ocean_header_custom_menu":"0","ocean_menu_typo_font_family":"0","ocean_menu_typo_font_subset":"","ocean_menu_typo_font_size":0,"ocean_menu_typo_font_size_tablet":0,"ocean_menu_typo_font_size_mobile":0,"ocean_menu_typo_font_size_unit":"px","ocean_menu_typo_font_weight":"","ocean_menu_typo_font_weight_tablet":"","ocean_menu_typo_font_weight_mobile":"","ocean_menu_typo_transform":"","ocean_menu_typo_transform_tablet":"","ocean_menu_typo_transform_mobile":"","ocean_menu_typo_line_height":0,"ocean_menu_typo_line_height_tablet":0,"ocean_menu_typo_line_height_mobile":0,"ocean_menu_typo_line_height_unit":"","ocean_menu_typo_spacing":0,"ocean_menu_typo_spacing_tablet":0,"ocean_menu_typo_spacing_mobile":0,"ocean_menu_typo_spacing_unit":"","ocean_menu_link_color":"","ocean_menu_link_color_hover":"","ocean_menu_link_color_active":"","ocean_menu_link_background":"","ocean_menu_link_hover_background":"","ocean_menu_link_active_background":"","ocean_menu_social_links_bg":"","ocean_menu_social_hover_links_bg":"","ocean_menu_social_links_color":"","ocean_menu_social_hover_links_color":"","ocean_disable_title":"default","ocean_disable_heading":"default","ocean_post_title":"","ocean_post_subheading":"","ocean_post_title_style":"","ocean_post_title_background_color":"","ocean_post_title_background":0,"ocean_post_title_bg_image_position":"","ocean_post_title_bg_image_attachment":"","ocean_post_title_bg_image_repeat":"","ocean_post_title_bg_image_size":"","ocean_post_title_height":0,"ocean_post_title_bg_overlay":0.5,"ocean_post_title_bg_overlay_color":"","ocean_disable_breadcrumbs":"default","ocean_breadcrumbs_color":"","ocean_breadcrumbs_separator_color":"","ocean_breadcrumbs_links_color":"","ocean_breadcrumbs_links_hover_color":"","ocean_display_footer_widgets":"default","ocean_display_footer_bottom":"default","ocean_custom_footer_template":"0"},"product_brand":[],"product_cat":[37],"product_tag":[],"class_list":{"0":"post-4941","1":"product","2":"type-product","3":"status-publish","4":"has-post-thumbnail","6":"product_cat-recueils-de-repertoire-violon-alto","8":"entry","9":"has-media","11":"first","12":"instock","13":"taxable","14":"shipping-taxable","15":"purchasable","16":"product-type-simple","17":"has-product-nav","18":"col","19":"span_1_of_3","20":"owp-content-center","21":"owp-thumbs-layout-horizontal","22":"owp-btn-normal","23":"owp-tabs-layout-horizontal","24":"has-no-thumbnails"},"aioseo_notices":[],"jetpack_sharing_enabled":true,"_links":{"self":[{"href":"https:\/\/vioolboeken.nl\/fr\/wp-json\/wp\/v2\/product\/4941","targetHints":{"allow":["GET"]}}],"collection":[{"href":"https:\/\/vioolboeken.nl\/fr\/wp-json\/wp\/v2\/product"}],"about":[{"href":"https:\/\/vioolboeken.nl\/fr\/wp-json\/wp\/v2\/types\/product"}],"wp:featuredmedia":[{"embeddable":true,"href":"https:\/\/vioolboeken.nl\/fr\/wp-json\/wp\/v2\/media\/4951"}],"wp:attachment":[{"href":"https:\/\/vioolboeken.nl\/fr\/wp-json\/wp\/v2\/media?parent=4941"}],"wp:term":[{"taxonomy":"product_brand","embeddable":true,"href":"https:\/\/vioolboeken.nl\/fr\/wp-json\/wp\/v2\/product_brand?post=4941"},{"taxonomy":"product_cat","embeddable":true,"href":"https:\/\/vioolboeken.nl\/fr\/wp-json\/wp\/v2\/product_cat?post=4941"},{"taxonomy":"product_tag","embeddable":true,"href":"https:\/\/vioolboeken.nl\/fr\/wp-json\/wp\/v2\/product_tag?post=4941"}],"curies":[{"name":"wp","href":"https:\/\/api.w.org\/{rel}","templated":true}]}}