{"id":4297,"date":"2022-06-20T17:17:04","date_gmt":"2022-06-20T15:17:04","guid":{"rendered":"https:\/\/vioolboeken.nl\/product\/\/"},"modified":"2022-07-19T09:47:29","modified_gmt":"2022-07-19T07:47:29","slug":"adele-three-beautiful-ballads","status":"publish","type":"product","link":"https:\/\/vioolboeken.nl\/fr\/product\/adele-three-beautiful-ballads\/","title":{"rendered":"Adele (Three beautiful ballads)"},"content":{"rendered":"<p>Adele envo\u00fbte le public du monde entier depuis des ann\u00e9es gr\u00e2ce \u00e0 son timbre vocal unique, sa remarquable cr\u00e9ativit\u00e9 artistique et une pr\u00e9sence sc\u00e9nique exceptionnelle. Nico Dezaire propose trois des plus grands tubes de la chanteuse, dans des arrangements pour quatuor \u00e0 cordes r\u00e9alis\u00e9s avec sensibilit\u00e9 et faciles \u00e0 jouer qui ne manqueront pas de produire leur effet ! De la reprise de&nbsp;<i>Make You Feel My Love<\/i>&nbsp;de Bob Dylan \u00e0 la ballade pop&nbsp;<i>Someone Like You<\/i>&nbsp;en passant par le groove de&nbsp;<i>Rolling In The Deep<\/i>, les chansons choisies par Dezaire t\u00e9moignent de la polyvalence musicale d\u2019Adele.<\/p>\n<p>Sommaire :<\/p>\n<p>-Make you feel my love<\/p>\n<p>-Someone like you<\/p>\n<p>-Rolling in the deep<\/p>\n<p>La partie d\u2019alto peut \u00eatre remplac\u00e9e par une troisi\u00e8me partie de violon.<\/p>\n<h3>Extraits YouTube<\/h3>\n<p class=\"responsive-video-wrap clr\"><iframe loading=\"lazy\" title=\"Adele Three Beautiful Ballads - Arranged by Nico Dezaire - Pops for String Quartet DHP 1226352-070\" width=\"1200\" height=\"675\" src=\"https:\/\/www.youtube.com\/embed\/rSfLFEiA-kY?feature=oembed\" frameborder=\"0\" allow=\"accelerometer; autoplay; clipboard-write; encrypted-media; gyroscope; picture-in-picture\" allowfullscreen><\/iframe><\/p>\n<h3>Extraits de partitions :&nbsp;<\/h3>\n<p>(cliquez pour agrandir l\u2019image)<\/p>\n<div id='gallery-1' class='gallery galleryid-4297 gallery-columns-4 gallery-size-medium'><figure class='gallery-item'>\n\t\t\t<div class='gallery-icon portrait'>\n\t\t\t\t<a href='https:\/\/vioolboeken.nl\/fr\/?attachment_id=4336\/'><img loading=\"lazy\" decoding=\"async\" width=\"225\" height=\"300\" src=\"https:\/\/i0.wp.com\/vioolboeken.nl\/wp-content\/uploads\/2022\/06\/Make-You-Feel-My-Love-partituur-1_page-0001-2.jpg?fit=225%2C300&amp;ssl=1\" class=\"attachment-medium size-medium\" alt=\"\" aria-describedby=\"gallery-1-4336\" \/><\/a>\n\t\t\t<\/div>\n\t\t\t\t<figcaption class='wp-caption-text gallery-caption' id='gallery-1-4336'>\n\t\t\t\tMake you feel my love\n\t\t\t\t<\/figcaption><\/figure><figure class='gallery-item'>\n\t\t\t<div class='gallery-icon portrait'>\n\t\t\t\t<a href='https:\/\/vioolboeken.nl\/fr\/?attachment_id=4343\/'><img loading=\"lazy\" decoding=\"async\" width=\"225\" height=\"300\" src=\"https:\/\/i0.wp.com\/vioolboeken.nl\/wp-content\/uploads\/2022\/06\/Someone-like-you-partituur-1_page-0001-2.jpg?fit=225%2C300&amp;ssl=1\" class=\"attachment-medium size-medium\" alt=\"\" aria-describedby=\"gallery-1-4343\" \/><\/a>\n\t\t\t<\/div>\n\t\t\t\t<figcaption class='wp-caption-text gallery-caption' id='gallery-1-4343'>\n\t\t\t\tSomeone like you \n\t\t\t\t<\/figcaption><\/figure><figure class='gallery-item'>\n\t\t\t<div class='gallery-icon portrait'>\n\t\t\t\t<a href='https:\/\/vioolboeken.nl\/fr\/?attachment_id=4342\/'><img loading=\"lazy\" decoding=\"async\" width=\"225\" height=\"300\" src=\"https:\/\/i0.wp.com\/vioolboeken.nl\/wp-content\/uploads\/2022\/06\/Rolling-in-the-deep-partituur-1_page-0001-2.jpg?fit=225%2C300&amp;ssl=1\" class=\"attachment-medium size-medium\" alt=\"\" aria-describedby=\"gallery-1-4342\" \/><\/a>\n\t\t\t<\/div>\n\t\t\t\t<figcaption class='wp-caption-text gallery-caption' id='gallery-1-4342'>\n\t\t\t\tRollling in the deep\n\t\t\t\t<\/figcaption><\/figure><figure class='gallery-item'>\n\t\t\t<div class='gallery-icon portrait'>\n\t\t\t\t<a href='https:\/\/vioolboeken.nl\/fr\/?attachment_id=4338\/'><img loading=\"lazy\" decoding=\"async\" width=\"225\" height=\"300\" src=\"https:\/\/i0.wp.com\/vioolboeken.nl\/wp-content\/uploads\/2022\/06\/Make-you-feel-my-love-viool-1_page-0001-1-1.jpg?fit=225%2C300&amp;ssl=1\" class=\"attachment-medium size-medium\" alt=\"\" aria-describedby=\"gallery-1-4338\" \/><\/a>\n\t\t\t<\/div>\n\t\t\t\t<figcaption class='wp-caption-text gallery-caption' id='gallery-1-4338'>\n\t\t\t\tviolin 1\n\t\t\t\t<\/figcaption><\/figure><figure class='gallery-item'>\n\t\t\t<div class='gallery-icon portrait'>\n\t\t\t\t<a href='https:\/\/vioolboeken.nl\/fr\/?attachment_id=4341\/'><img loading=\"lazy\" decoding=\"async\" width=\"225\" height=\"300\" src=\"https:\/\/i0.wp.com\/vioolboeken.nl\/wp-content\/uploads\/2022\/06\/Rolling-in-the-deep-viool-2_page-0001-1.jpg?fit=225%2C300&amp;ssl=1\" class=\"attachment-medium size-medium\" alt=\"\" aria-describedby=\"gallery-1-4341\" \/><\/a>\n\t\t\t<\/div>\n\t\t\t\t<figcaption class='wp-caption-text gallery-caption' id='gallery-1-4341'>\n\t\t\t\tviolin 2\n\t\t\t\t<\/figcaption><\/figure><figure class='gallery-item'>\n\t\t\t<div class='gallery-icon portrait'>\n\t\t\t\t<a href='https:\/\/vioolboeken.nl\/fr\/?attachment_id=4337\/'><img loading=\"lazy\" decoding=\"async\" width=\"225\" height=\"300\" src=\"https:\/\/i0.wp.com\/vioolboeken.nl\/wp-content\/uploads\/2022\/06\/Someone-like-you-altviool_page-0001-2.jpg?fit=225%2C300&amp;ssl=1\" class=\"attachment-medium size-medium\" alt=\"\" aria-describedby=\"gallery-1-4337\" \/><\/a>\n\t\t\t<\/div>\n\t\t\t\t<figcaption class='wp-caption-text gallery-caption' id='gallery-1-4337'>\n\t\t\t\tviola \n\t\t\t\t<\/figcaption><\/figure><figure class='gallery-item'>\n\t\t\t<div class='gallery-icon portrait'>\n\t\t\t\t<a href='https:\/\/vioolboeken.nl\/fr\/?attachment_id=4340\/'><img loading=\"lazy\" decoding=\"async\" width=\"225\" height=\"300\" src=\"https:\/\/i0.wp.com\/vioolboeken.nl\/wp-content\/uploads\/2022\/06\/Rolling-in-the-deep-viool-3_page-0001-2.jpg?fit=225%2C300&amp;ssl=1\" class=\"attachment-medium size-medium\" alt=\"\" aria-describedby=\"gallery-1-4340\" \/><\/a>\n\t\t\t<\/div>\n\t\t\t\t<figcaption class='wp-caption-text gallery-caption' id='gallery-1-4340'>\n\t\t\t\tviolin 3 (viola)\n\t\t\t\t<\/figcaption><\/figure><figure class='gallery-item'>\n\t\t\t<div class='gallery-icon portrait'>\n\t\t\t\t<a href='https:\/\/vioolboeken.nl\/fr\/?attachment_id=4339\/'><img loading=\"lazy\" decoding=\"async\" width=\"225\" height=\"300\" src=\"https:\/\/i0.wp.com\/vioolboeken.nl\/wp-content\/uploads\/2022\/06\/Make-you-feel-my-love-cello_page-0001-2.jpg?fit=225%2C300&amp;ssl=1\" class=\"attachment-medium size-medium\" alt=\"\" aria-describedby=\"gallery-1-4339\" \/><\/a>\n\t\t\t<\/div>\n\t\t\t\t<figcaption class='wp-caption-text gallery-caption' id='gallery-1-4339'>\n\t\t\t\tcello\n\t\t\t\t<\/figcaption><\/figure>\n\t\t<\/div>\n\n<p>&nbsp;<\/p>\n<p>&nbsp;<\/p>\n<p>&nbsp;<\/p>\n<p>&nbsp;<\/p>\n<p>&nbsp;<\/p>\n","protected":false},"excerpt":{"rendered":"<p>Adele envo\u00fbte le public du monde entier depuis des ann\u00e9es gr\u00e2ce \u00e0 son timbre vocal unique, sa remarquable cr\u00e9ativit\u00e9 artistique et une pr\u00e9sence sc\u00e9nique exceptionnelle. Nico Dezaire propose trois des plus grands tubes de la chanteuse, dans des arrangements pour quatuor \u00e0 cordes r\u00e9alis\u00e9s avec sensibilit\u00e9 et faciles \u00e0 jouer qui ne manqueront pas de [&hellip;]<\/p>\n","protected":false},"featured_media":4318,"template":"","meta":{"_monsterinsights_skip_tracking":false,"_monsterinsights_sitenote_active":false,"_monsterinsights_sitenote_note":"","_monsterinsights_sitenote_category":0,"ocean_post_layout":"","ocean_both_sidebars_style":"","ocean_both_sidebars_content_width":0,"ocean_both_sidebars_sidebars_width":0,"ocean_sidebar":"0","ocean_second_sidebar":"0","ocean_disable_margins":"enable","ocean_add_body_class":"","ocean_shortcode_before_top_bar":"","ocean_shortcode_after_top_bar":"","ocean_shortcode_before_header":"","ocean_shortcode_after_header":"","ocean_has_shortcode":"","ocean_shortcode_after_title":"","ocean_shortcode_before_footer_widgets":"","ocean_shortcode_after_footer_widgets":"","ocean_shortcode_before_footer_bottom":"","ocean_shortcode_after_footer_bottom":"","ocean_display_top_bar":"default","ocean_display_header":"default","ocean_header_style":"","ocean_center_header_left_menu":"0","ocean_custom_header_template":"0","ocean_custom_logo":0,"ocean_custom_retina_logo":0,"ocean_custom_logo_max_width":0,"ocean_custom_logo_tablet_max_width":0,"ocean_custom_logo_mobile_max_width":0,"ocean_custom_logo_max_height":0,"ocean_custom_logo_tablet_max_height":0,"ocean_custom_logo_mobile_max_height":0,"ocean_header_custom_menu":"0","ocean_menu_typo_font_family":"0","ocean_menu_typo_font_subset":"","ocean_menu_typo_font_size":0,"ocean_menu_typo_font_size_tablet":0,"ocean_menu_typo_font_size_mobile":0,"ocean_menu_typo_font_size_unit":"px","ocean_menu_typo_font_weight":"","ocean_menu_typo_font_weight_tablet":"","ocean_menu_typo_font_weight_mobile":"","ocean_menu_typo_transform":"","ocean_menu_typo_transform_tablet":"","ocean_menu_typo_transform_mobile":"","ocean_menu_typo_line_height":0,"ocean_menu_typo_line_height_tablet":0,"ocean_menu_typo_line_height_mobile":0,"ocean_menu_typo_line_height_unit":"","ocean_menu_typo_spacing":0,"ocean_menu_typo_spacing_tablet":0,"ocean_menu_typo_spacing_mobile":0,"ocean_menu_typo_spacing_unit":"","ocean_menu_link_color":"","ocean_menu_link_color_hover":"","ocean_menu_link_color_active":"","ocean_menu_link_background":"","ocean_menu_link_hover_background":"","ocean_menu_link_active_background":"","ocean_menu_social_links_bg":"","ocean_menu_social_hover_links_bg":"","ocean_menu_social_links_color":"","ocean_menu_social_hover_links_color":"","ocean_disable_title":"default","ocean_disable_heading":"default","ocean_post_title":"","ocean_post_subheading":"","ocean_post_title_style":"","ocean_post_title_background_color":"","ocean_post_title_background":0,"ocean_post_title_bg_image_position":"","ocean_post_title_bg_image_attachment":"","ocean_post_title_bg_image_repeat":"","ocean_post_title_bg_image_size":"","ocean_post_title_height":0,"ocean_post_title_bg_overlay":0.5,"ocean_post_title_bg_overlay_color":"","ocean_disable_breadcrumbs":"default","ocean_breadcrumbs_color":"","ocean_breadcrumbs_separator_color":"","ocean_breadcrumbs_links_color":"","ocean_breadcrumbs_links_hover_color":"","ocean_display_footer_widgets":"default","ocean_display_footer_bottom":"default","ocean_custom_footer_template":"0"},"product_brand":[],"product_cat":[39],"product_tag":[],"class_list":{"0":"post-4297","1":"product","2":"type-product","3":"status-publish","4":"has-post-thumbnail","6":"product_cat-quatuor-a-cordes-ensemble-a-cordes","8":"entry","9":"has-media","11":"first","12":"instock","13":"taxable","14":"shipping-taxable","15":"purchasable","16":"product-type-simple","17":"has-product-nav","18":"col","19":"span_1_of_3","20":"owp-content-center","21":"owp-thumbs-layout-horizontal","22":"owp-btn-normal","23":"owp-tabs-layout-horizontal","24":"has-no-thumbnails"},"aioseo_notices":[],"jetpack_sharing_enabled":true,"_links":{"self":[{"href":"https:\/\/vioolboeken.nl\/fr\/wp-json\/wp\/v2\/product\/4297","targetHints":{"allow":["GET"]}}],"collection":[{"href":"https:\/\/vioolboeken.nl\/fr\/wp-json\/wp\/v2\/product"}],"about":[{"href":"https:\/\/vioolboeken.nl\/fr\/wp-json\/wp\/v2\/types\/product"}],"wp:featuredmedia":[{"embeddable":true,"href":"https:\/\/vioolboeken.nl\/fr\/wp-json\/wp\/v2\/media\/4318"}],"wp:attachment":[{"href":"https:\/\/vioolboeken.nl\/fr\/wp-json\/wp\/v2\/media?parent=4297"}],"wp:term":[{"taxonomy":"product_brand","embeddable":true,"href":"https:\/\/vioolboeken.nl\/fr\/wp-json\/wp\/v2\/product_brand?post=4297"},{"taxonomy":"product_cat","embeddable":true,"href":"https:\/\/vioolboeken.nl\/fr\/wp-json\/wp\/v2\/product_cat?post=4297"},{"taxonomy":"product_tag","embeddable":true,"href":"https:\/\/vioolboeken.nl\/fr\/wp-json\/wp\/v2\/product_tag?post=4297"}],"curies":[{"name":"wp","href":"https:\/\/api.w.org\/{rel}","templated":true}]}}