{"id":4159,"date":"2022-05-06T11:06:20","date_gmt":"2022-05-06T09:06:20","guid":{"rendered":"https:\/\/vioolboeken.nl\/product\/\/"},"modified":"2025-06-05T08:38:22","modified_gmt":"2025-06-05T06:38:22","slug":"solos-for-young-violists-vol-3","status":"publish","type":"product","link":"https:\/\/vioolboeken.nl\/fr\/product\/solos-for-young-violists-vol-3\/","title":{"rendered":"Solos for Young Violists vol. 3"},"content":{"rendered":"<p><strong>SOLOS FOR YOUNG VIOLISTS&nbsp;<\/strong>est une s\u00e9rie gradu\u00e9e qui comprend des \u0153uvres allant du niveau \u00e9l\u00e9mentaire au niveau avanc\u00e9 et offre une vari\u00e9t\u00e9 passionnante de styles et de techniques pour les altistes \u2013 une ressource d\u2019\u00e9coute pr\u00e9cieuse pour les enseignants et les \u00e9tudiants de tous \u00e2ges. Si vous souhaitez recevoir des fichiers audio num\u00e9riques en plus du cahier livr\u00e9, vous pouvez l\u2019indiquer via une note dans la commande. Vous recevrez ensuite un lien de t\u00e9l\u00e9chargement (gratuit) par e-mail. Cette s\u00e9rie peut \u00eatre utilis\u00e9e par chaque altiste et compl\u00e8te n\u2019importe quelle m\u00e9thode ou cours. De nombreuses pi\u00e8ces de cette collection ont longtemps \u00e9t\u00e9 reconnues comme un tremplin vers le r\u00e9pertoire principal d\u2019alto, tandis que d\u2019autres sont des \u0153uvres nouvellement publi\u00e9es.&nbsp;<\/p>\n<p><strong>Sommaire :<\/strong><\/p>\n<ul id=\"scroll-box-description\" tabindex=\"0\">\n<li>1. Alleluja from Exsulate, jubilate, KV 165, composed by Percy Mozart\/Barber<\/li>\n<li>2. Fantasia on Greensleeves, composed by Vaughan Williams\/Forbes<\/li>\n<li>3. Romanian Peasant Dance-Dans Taranesc, composed by Dimitrescu\/Vidas\/Barber<\/li>\n<li>4. Gavotte and Mazurka, Op. 132, Nos. 1&amp;2<\/li>\n<li>5. Divertimento, 3rd Movt, composed by Haydn\/Piatigorsky<\/li>\n<li>6. Sonatina, composed by Rogers<\/li>\n<\/ul>\n<p>&nbsp;<\/p>\n<p><strong>Extraits de partition :<\/strong><\/p>\n<p>(Cliquez pour agrandir l\u2019image)<\/p>\n<div id='gallery-1' class='gallery galleryid-4159 gallery-columns-3 gallery-size-medium'><figure class='gallery-item'>\n\t\t\t<div class='gallery-icon portrait'>\n\t\t\t\t<a href='https:\/\/vioolboeken.nl\/fr\/?attachment_id=4162\/'><img loading=\"lazy\" decoding=\"async\" width=\"212\" height=\"300\" src=\"https:\/\/i0.wp.com\/vioolboeken.nl\/wp-content\/uploads\/2022\/05\/Solos-for-young-violinists-vol.-3-viola-2.jpeg.jpeg?fit=212%2C300&amp;ssl=1\" class=\"attachment-medium size-medium\" alt=\"\" \/><\/a>\n\t\t\t<\/div><\/figure><figure class='gallery-item'>\n\t\t\t<div class='gallery-icon portrait'>\n\t\t\t\t<a href='https:\/\/vioolboeken.nl\/fr\/?attachment_id=4163\/'><img loading=\"lazy\" decoding=\"async\" width=\"213\" height=\"300\" src=\"https:\/\/i0.wp.com\/vioolboeken.nl\/wp-content\/uploads\/2022\/05\/Solos-for-young-violinists-vol.-3-kaft-viola-1.jpeg?fit=213%2C300&amp;ssl=1\" class=\"attachment-medium size-medium\" alt=\"\" \/><\/a>\n\t\t\t<\/div><\/figure><figure class='gallery-item'>\n\t\t\t<div class='gallery-icon portrait'>\n\t\t\t\t<a href='https:\/\/vioolboeken.nl\/fr\/?attachment_id=4161\/'><img loading=\"lazy\" decoding=\"async\" width=\"213\" height=\"300\" src=\"https:\/\/i0.wp.com\/vioolboeken.nl\/wp-content\/uploads\/2022\/05\/Solos-for-young-violinists-vol.-3-piano-.jpeg.jpeg.jpeg?fit=213%2C300&amp;ssl=1\" class=\"attachment-medium size-medium\" alt=\"\" \/><\/a>\n\t\t\t<\/div><\/figure>\n\t\t<\/div>\n\n<p><strong>Extraits audio :<br \/>\n<\/strong><\/p>\n<!--[if lt IE 9]><script>document.createElement('audio');<\/script><![endif]-->\n\t<div class=\"wp-playlist wp-audio-playlist wp-playlist-light\">\n\t\t\t<div class=\"wp-playlist-current-item\"><\/div>\n\t\t<audio controls=\"controls\" preload=\"none\" width=\"1178\"\n\t\t\t><\/audio>\n\t<div class=\"wp-playlist-next\"><\/div>\n\t<div class=\"wp-playlist-prev\"><\/div>\n\t<noscript>\n\t<ol>\n\t\t<li><a href='https:\/\/vioolboeken.nl\/wp-content\/uploads\/2022\/05\/01-Alleluja-from-Exsultate-jubilate.mp3'>Alleluja from Exsultate, jubilate<\/a><\/li><li><a href='https:\/\/vioolboeken.nl\/wp-content\/uploads\/2022\/05\/03-Romanian-Peasant-Dance.mp3'>Romanian Peasant Dance<\/a><\/li><li><a href='https:\/\/vioolboeken.nl\/wp-content\/uploads\/2022\/05\/07-Sonatina-Andante-con-moto.mp3'>Sonatina, Andante con moto<\/a><\/li>\t<\/ol>\n\t<\/noscript>\n\t<script type=\"application\/json\" class=\"wp-playlist-script\">{\"type\":\"audio\",\"tracklist\":true,\"tracknumbers\":true,\"images\":true,\"artists\":true,\"tracks\":[{\"src\":\"https:\\\/\\\/vioolboeken.nl\\\/wp-content\\\/uploads\\\/2022\\\/05\\\/01-Alleluja-from-Exsultate-jubilate.mp3\",\"type\":\"audio\\\/mpeg\",\"title\":\"Alleluja from Exsultate, jubilate\",\"caption\":\"\",\"description\":\"\\\"Alleluja from Exsultate, jubilate\\\" van Solos for Young Violist, Vol. 3 door Barbara Barber. Track 1. Genre: Classical.\",\"meta\":{\"artist\":\"Barbara Barber\",\"album\":\"Solos for Young Violist, Vol. 3\",\"genre\":\"Classical\",\"length_formatted\":\"2:30\"},\"image\":{\"src\":\"https:\\\/\\\/vioolboeken.nl\\\/wp-includes\\\/images\\\/media\\\/audio.svg\",\"width\":48,\"height\":64},\"thumb\":{\"src\":\"https:\\\/\\\/vioolboeken.nl\\\/wp-includes\\\/images\\\/media\\\/audio.svg\",\"width\":48,\"height\":64}},{\"src\":\"https:\\\/\\\/vioolboeken.nl\\\/wp-content\\\/uploads\\\/2022\\\/05\\\/03-Romanian-Peasant-Dance.mp3\",\"type\":\"audio\\\/mpeg\",\"title\":\"Romanian Peasant Dance\",\"caption\":\"\",\"description\":\"\\\"Romanian Peasant Dance\\\" van Solos for Young Violist, Vol. 3 door Barbara Barber. Track 3. Genre: Classical.\",\"meta\":{\"artist\":\"Barbara Barber\",\"album\":\"Solos for Young Violist, Vol. 3\",\"genre\":\"Classical\",\"length_formatted\":\"4:04\"},\"image\":{\"src\":\"https:\\\/\\\/vioolboeken.nl\\\/wp-includes\\\/images\\\/media\\\/audio.svg\",\"width\":48,\"height\":64},\"thumb\":{\"src\":\"https:\\\/\\\/vioolboeken.nl\\\/wp-includes\\\/images\\\/media\\\/audio.svg\",\"width\":48,\"height\":64}},{\"src\":\"https:\\\/\\\/vioolboeken.nl\\\/wp-content\\\/uploads\\\/2022\\\/05\\\/07-Sonatina-Andante-con-moto.mp3\",\"type\":\"audio\\\/mpeg\",\"title\":\"Sonatina, Andante con moto\",\"caption\":\"\",\"description\":\"\\\"Sonatina, Andante con moto\\\" van Solos for Young Violist, Vol. 3 door Barbara Barber. Track 7. Genre: Classical.\",\"meta\":{\"artist\":\"Barbara Barber\",\"album\":\"Solos for Young Violist, Vol. 3\",\"genre\":\"Classical\",\"length_formatted\":\"1:46\"},\"image\":{\"src\":\"https:\\\/\\\/vioolboeken.nl\\\/wp-includes\\\/images\\\/media\\\/audio.svg\",\"width\":48,\"height\":64},\"thumb\":{\"src\":\"https:\\\/\\\/vioolboeken.nl\\\/wp-includes\\\/images\\\/media\\\/audio.svg\",\"width\":48,\"height\":64}}]}<\/script>\n<\/div>\n\t\n<p>&nbsp;<\/p>\n","protected":false},"excerpt":{"rendered":"<p>SOLOS FOR YOUNG VIOLISTS&nbsp;est une s\u00e9rie gradu\u00e9e qui comprend des \u0153uvres allant du niveau \u00e9l\u00e9mentaire au niveau avanc\u00e9 et offre une vari\u00e9t\u00e9 passionnante de styles et de techniques pour les altistes \u2013 une ressource d\u2019\u00e9coute pr\u00e9cieuse pour les enseignants et les \u00e9tudiants de tous \u00e2ges. Si vous souhaitez recevoir des fichiers audio num\u00e9riques en plus [&hellip;]<\/p>\n","protected":false},"featured_media":4160,"template":"","meta":{"_monsterinsights_skip_tracking":false,"_monsterinsights_sitenote_active":false,"_monsterinsights_sitenote_note":"","_monsterinsights_sitenote_category":0,"ocean_post_layout":"","ocean_both_sidebars_style":"","ocean_both_sidebars_content_width":0,"ocean_both_sidebars_sidebars_width":0,"ocean_sidebar":"0","ocean_second_sidebar":"0","ocean_disable_margins":"enable","ocean_add_body_class":"","ocean_shortcode_before_top_bar":"","ocean_shortcode_after_top_bar":"","ocean_shortcode_before_header":"","ocean_shortcode_after_header":"","ocean_has_shortcode":"","ocean_shortcode_after_title":"","ocean_shortcode_before_footer_widgets":"","ocean_shortcode_after_footer_widgets":"","ocean_shortcode_before_footer_bottom":"","ocean_shortcode_after_footer_bottom":"","ocean_display_top_bar":"default","ocean_display_header":"default","ocean_header_style":"","ocean_center_header_left_menu":"0","ocean_custom_header_template":"0","ocean_custom_logo":0,"ocean_custom_retina_logo":0,"ocean_custom_logo_max_width":0,"ocean_custom_logo_tablet_max_width":0,"ocean_custom_logo_mobile_max_width":0,"ocean_custom_logo_max_height":0,"ocean_custom_logo_tablet_max_height":0,"ocean_custom_logo_mobile_max_height":0,"ocean_header_custom_menu":"0","ocean_menu_typo_font_family":"0","ocean_menu_typo_font_subset":"","ocean_menu_typo_font_size":0,"ocean_menu_typo_font_size_tablet":0,"ocean_menu_typo_font_size_mobile":0,"ocean_menu_typo_font_size_unit":"px","ocean_menu_typo_font_weight":"","ocean_menu_typo_font_weight_tablet":"","ocean_menu_typo_font_weight_mobile":"","ocean_menu_typo_transform":"","ocean_menu_typo_transform_tablet":"","ocean_menu_typo_transform_mobile":"","ocean_menu_typo_line_height":0,"ocean_menu_typo_line_height_tablet":0,"ocean_menu_typo_line_height_mobile":0,"ocean_menu_typo_line_height_unit":"","ocean_menu_typo_spacing":0,"ocean_menu_typo_spacing_tablet":0,"ocean_menu_typo_spacing_mobile":0,"ocean_menu_typo_spacing_unit":"","ocean_menu_link_color":"","ocean_menu_link_color_hover":"","ocean_menu_link_color_active":"","ocean_menu_link_background":"","ocean_menu_link_hover_background":"","ocean_menu_link_active_background":"","ocean_menu_social_links_bg":"","ocean_menu_social_hover_links_bg":"","ocean_menu_social_links_color":"","ocean_menu_social_hover_links_color":"","ocean_disable_title":"default","ocean_disable_heading":"default","ocean_post_title":"","ocean_post_subheading":"","ocean_post_title_style":"","ocean_post_title_background_color":"","ocean_post_title_background":0,"ocean_post_title_bg_image_position":"","ocean_post_title_bg_image_attachment":"","ocean_post_title_bg_image_repeat":"","ocean_post_title_bg_image_size":"","ocean_post_title_height":0,"ocean_post_title_bg_overlay":0.5,"ocean_post_title_bg_overlay_color":"","ocean_disable_breadcrumbs":"default","ocean_breadcrumbs_color":"","ocean_breadcrumbs_separator_color":"","ocean_breadcrumbs_links_color":"","ocean_breadcrumbs_links_hover_color":"","ocean_display_footer_widgets":"default","ocean_display_footer_bottom":"default","ocean_custom_footer_template":"0"},"product_brand":[],"product_cat":[37],"product_tag":[],"class_list":{"0":"post-4159","1":"product","2":"type-product","3":"status-publish","4":"has-post-thumbnail","6":"product_cat-recueils-de-repertoire-violon-alto","8":"entry","9":"has-media","11":"first","12":"instock","13":"taxable","14":"shipping-taxable","15":"purchasable","16":"product-type-simple","17":"has-product-nav","18":"col","19":"span_1_of_3","20":"owp-content-center","21":"owp-thumbs-layout-horizontal","22":"owp-btn-normal","23":"owp-tabs-layout-horizontal","24":"has-no-thumbnails"},"aioseo_notices":[],"jetpack_sharing_enabled":true,"_links":{"self":[{"href":"https:\/\/vioolboeken.nl\/fr\/wp-json\/wp\/v2\/product\/4159","targetHints":{"allow":["GET"]}}],"collection":[{"href":"https:\/\/vioolboeken.nl\/fr\/wp-json\/wp\/v2\/product"}],"about":[{"href":"https:\/\/vioolboeken.nl\/fr\/wp-json\/wp\/v2\/types\/product"}],"wp:featuredmedia":[{"embeddable":true,"href":"https:\/\/vioolboeken.nl\/fr\/wp-json\/wp\/v2\/media\/4160"}],"wp:attachment":[{"href":"https:\/\/vioolboeken.nl\/fr\/wp-json\/wp\/v2\/media?parent=4159"}],"wp:term":[{"taxonomy":"product_brand","embeddable":true,"href":"https:\/\/vioolboeken.nl\/fr\/wp-json\/wp\/v2\/product_brand?post=4159"},{"taxonomy":"product_cat","embeddable":true,"href":"https:\/\/vioolboeken.nl\/fr\/wp-json\/wp\/v2\/product_cat?post=4159"},{"taxonomy":"product_tag","embeddable":true,"href":"https:\/\/vioolboeken.nl\/fr\/wp-json\/wp\/v2\/product_tag?post=4159"}],"curies":[{"name":"wp","href":"https:\/\/api.w.org\/{rel}","templated":true}]}}