{"id":3932,"date":"2022-02-08T08:10:11","date_gmt":"2022-02-08T07:10:11","guid":{"rendered":"https:\/\/vioolboeken.nl\/product\/\/"},"modified":"2025-09-23T11:30:01","modified_gmt":"2025-09-23T09:30:01","slug":"notre-premier-concert-expedition-gratuite-en-europe","status":"publish","type":"product","link":"https:\/\/vioolboeken.nl\/fr\/product\/notre-premier-concert-expedition-gratuite-en-europe\/","title":{"rendered":"Notre premier concert ! (Exp\u00e9dition gratuite en Europe)"},"content":{"rendered":"<p><strong><em>Le Monde des Ensembles<\/em><\/strong>\u00a0est une s\u00e9rie pour instruments \u00e0 cordes qui permet aux \u00e9l\u00e8ves de jouer ensemble d\u00e8s le d\u00e9but. Des morceaux sont d\u00e9j\u00e0 disponibles pour ceux qui connaissent les rudiments du solf\u00e8ge.<\/p>\n<p>La s\u00e9rie contient des pi\u00e8ces pour violon, alto, violoncelle et piano, et pour duos, trios, orchestres \u00e0 corde ou autres ensembles. Elle offre au professeur la possibilit\u00e9 de d\u00e9montrer ludiquement le r\u00e9sultat des le\u00e7ons avec un ou plusieurs \u00e9l\u00e8ves lors d\u2019une audition ou d\u2019un concert.<\/p>\n<p><strong><em>Le Monde des Ensembles<\/em><\/strong>\u00a0s\u2019apparente aux m\u00e9thodes en deux volumes Le Monde du Violon et Le Monde de l&rsquo;Alto, mais peut \u00e9galement \u00eatre utilis\u00e9 s\u00e9par\u00e9ment.<\/p>\n<p><strong><em>Notre premier concert !<\/em><\/strong>\u00a0est un recueil de sept courtes pi\u00e8ces tir\u00e9es des m\u00e9thodes Le Monde du Violon (vol. 1) et Le Monde de l&rsquo;Alto (vol. 1) et arrang\u00e9es pour orchestre \u00e0 cordes, afin que les d\u00e9butants puissent jouer avec des musiciens plus avanc\u00e9s. Les parties pour d\u00e9butants se limitent au jeu sur cordes \u00e0 vide et avec la premi\u00e8re doigt. Les autres parties sont jouable en premi\u00e8re position. L\u2019instrumentation se compose des parties suivantes : violon (d\u00e9butant), alto (d\u00e9butant), violoncelle (d\u00e9butant), violon 1, violon 2, alto (violon 3 ad lib.), violoncelle 1, contrebasse (violoncelle 2 ad lib. .) et piano ad lib. L\u2019ensemble se compose d\u2019une partition et de 11 parties.\u00a0Les pistes de d\u00e9monstration sont \u00e9galement disponibles en ligne. Ceux-ci servent d\u2019exemple pour les d\u00e9butants, particuli\u00e8rement pour le travail \u00e0 la maison.<\/p>\n<p><strong>Sommaire :<\/strong><\/p>\n<ul>\n<li>\n<div>1. Cancan [Jacques Offenbach]<\/div>\n<\/li>\n<li>\n<div>2. Hymne europ\u00e9en [Ludwig van Beethoven]<\/div>\n<\/li>\n<li>\n<div>3. Ah ! Vous dirais-je, maman (Chanson fran\u00e7aise)<\/div>\n<\/li>\n<li>\n<div>4. Promenade [Nico Dezaire]<\/div>\n<\/li>\n<li>\n<div>5. Old MacDonald (Chanson anglaise)<\/div>\n<\/li>\n<li>\n<div>6. Chanson chinoise [Nico Dezaire]<\/div>\n<\/li>\n<li>\n<div>7. D\u00e9tente [Nico Dezaire]<\/div>\n<\/li>\n<\/ul>\n<p>&nbsp;<\/p>\n<p><strong>Extraits de partition :<\/strong><\/p>\n<p>(cliquez pour agrandir l\u2019image)<\/p>\n<div id='gallery-1' class='gallery galleryid-3932 gallery-columns-3 gallery-size-medium'><figure class='gallery-item'>\n\t\t\t<div class='gallery-icon portrait'>\n\t\t\t\t<a href='https:\/\/vioolboeken.nl\/fr\/?attachment_id=3939\/'><img loading=\"lazy\" decoding=\"async\" width=\"212\" height=\"300\" src=\"https:\/\/i0.wp.com\/vioolboeken.nl\/wp-content\/uploads\/2022\/02\/EMM122-131-5.jpg?fit=212%2C300&amp;ssl=1\" class=\"attachment-medium size-medium\" alt=\"\" \/><\/a>\n\t\t\t<\/div><\/figure><figure class='gallery-item'>\n\t\t\t<div class='gallery-icon portrait'>\n\t\t\t\t<a href='https:\/\/vioolboeken.nl\/fr\/?attachment_id=3935\/'><img loading=\"lazy\" decoding=\"async\" width=\"212\" height=\"300\" src=\"https:\/\/i0.wp.com\/vioolboeken.nl\/wp-content\/uploads\/2022\/02\/EMM122-131-1.jpg?fit=212%2C300&amp;ssl=1\" class=\"attachment-medium size-medium\" alt=\"\" \/><\/a>\n\t\t\t<\/div><\/figure><figure class='gallery-item'>\n\t\t\t<div class='gallery-icon portrait'>\n\t\t\t\t<a href='https:\/\/vioolboeken.nl\/fr\/?attachment_id=3936\/'><img loading=\"lazy\" decoding=\"async\" width=\"212\" height=\"300\" src=\"https:\/\/i0.wp.com\/vioolboeken.nl\/wp-content\/uploads\/2022\/02\/EMM122-131-2.jpg?fit=212%2C300&amp;ssl=1\" class=\"attachment-medium size-medium\" alt=\"\" \/><\/a>\n\t\t\t<\/div><\/figure>\n\t\t<\/div>\n\n<p><strong>Extraits audio\/vid\u00e9o :<\/strong><\/p>\n<p>(vous entendrez et verrez un court fragment de chacune des 7 pi\u00e8ces)<\/p>\n<p class=\"responsive-video-wrap clr\"><iframe loading=\"lazy\" title=\"Demo Notre Premier Concert !\" width=\"1200\" height=\"675\" src=\"https:\/\/www.youtube.com\/embed\/6KjIwuCt68M?feature=oembed\" frameborder=\"0\" allow=\"accelerometer; autoplay; clipboard-write; encrypted-media; gyroscope; picture-in-picture; web-share\" referrerpolicy=\"strict-origin-when-cross-origin\" allowfullscreen><\/iframe><\/p>\n","protected":false},"excerpt":{"rendered":"<p>Le Monde des Ensembles\u00a0est une s\u00e9rie pour instruments \u00e0 cordes qui permet aux \u00e9l\u00e8ves de jouer ensemble d\u00e8s le d\u00e9but. Des morceaux sont d\u00e9j\u00e0 disponibles pour ceux qui connaissent les rudiments du solf\u00e8ge. La s\u00e9rie contient des pi\u00e8ces pour violon, alto, violoncelle et piano, et pour duos, trios, orchestres \u00e0 corde ou autres ensembles. Elle [&hellip;]<\/p>\n","protected":false},"featured_media":3940,"template":"","meta":{"_monsterinsights_skip_tracking":false,"_monsterinsights_sitenote_active":false,"_monsterinsights_sitenote_note":"","_monsterinsights_sitenote_category":0,"ocean_post_layout":"","ocean_both_sidebars_style":"","ocean_both_sidebars_content_width":0,"ocean_both_sidebars_sidebars_width":0,"ocean_sidebar":"0","ocean_second_sidebar":"0","ocean_disable_margins":"enable","ocean_add_body_class":"","ocean_shortcode_before_top_bar":"","ocean_shortcode_after_top_bar":"","ocean_shortcode_before_header":"","ocean_shortcode_after_header":"","ocean_has_shortcode":"","ocean_shortcode_after_title":"","ocean_shortcode_before_footer_widgets":"","ocean_shortcode_after_footer_widgets":"","ocean_shortcode_before_footer_bottom":"","ocean_shortcode_after_footer_bottom":"","ocean_display_top_bar":"default","ocean_display_header":"default","ocean_header_style":"","ocean_center_header_left_menu":"0","ocean_custom_header_template":"0","ocean_custom_logo":0,"ocean_custom_retina_logo":0,"ocean_custom_logo_max_width":0,"ocean_custom_logo_tablet_max_width":0,"ocean_custom_logo_mobile_max_width":0,"ocean_custom_logo_max_height":0,"ocean_custom_logo_tablet_max_height":0,"ocean_custom_logo_mobile_max_height":0,"ocean_header_custom_menu":"0","ocean_menu_typo_font_family":"0","ocean_menu_typo_font_subset":"","ocean_menu_typo_font_size":0,"ocean_menu_typo_font_size_tablet":0,"ocean_menu_typo_font_size_mobile":0,"ocean_menu_typo_font_size_unit":"px","ocean_menu_typo_font_weight":"","ocean_menu_typo_font_weight_tablet":"","ocean_menu_typo_font_weight_mobile":"","ocean_menu_typo_transform":"","ocean_menu_typo_transform_tablet":"","ocean_menu_typo_transform_mobile":"","ocean_menu_typo_line_height":0,"ocean_menu_typo_line_height_tablet":0,"ocean_menu_typo_line_height_mobile":0,"ocean_menu_typo_line_height_unit":"","ocean_menu_typo_spacing":0,"ocean_menu_typo_spacing_tablet":0,"ocean_menu_typo_spacing_mobile":0,"ocean_menu_typo_spacing_unit":"","ocean_menu_link_color":"","ocean_menu_link_color_hover":"","ocean_menu_link_color_active":"","ocean_menu_link_background":"","ocean_menu_link_hover_background":"","ocean_menu_link_active_background":"","ocean_menu_social_links_bg":"","ocean_menu_social_hover_links_bg":"","ocean_menu_social_links_color":"","ocean_menu_social_hover_links_color":"","ocean_disable_title":"default","ocean_disable_heading":"default","ocean_post_title":"","ocean_post_subheading":"","ocean_post_title_style":"","ocean_post_title_background_color":"","ocean_post_title_background":0,"ocean_post_title_bg_image_position":"","ocean_post_title_bg_image_attachment":"","ocean_post_title_bg_image_repeat":"","ocean_post_title_bg_image_size":"","ocean_post_title_height":0,"ocean_post_title_bg_overlay":0.5,"ocean_post_title_bg_overlay_color":"","ocean_disable_breadcrumbs":"default","ocean_breadcrumbs_color":"","ocean_breadcrumbs_separator_color":"","ocean_breadcrumbs_links_color":"","ocean_breadcrumbs_links_hover_color":"","ocean_display_footer_widgets":"default","ocean_display_footer_bottom":"default","ocean_custom_footer_template":"0"},"product_brand":[],"product_cat":[39,33],"product_tag":[],"class_list":{"0":"post-3932","1":"product","2":"type-product","3":"status-publish","4":"has-post-thumbnail","6":"product_cat-quatuor-a-cordes-ensemble-a-cordes","7":"product_cat-le-monde-du-violon-le-monde-de-l-alto-methode","9":"entry","10":"has-media","12":"first","13":"instock","14":"virtual","15":"taxable","16":"purchasable","17":"product-type-simple","18":"has-product-nav","19":"col","20":"span_1_of_3","21":"owp-content-center","22":"owp-thumbs-layout-horizontal","23":"owp-btn-normal","24":"owp-tabs-layout-horizontal","25":"has-no-thumbnails"},"aioseo_notices":[],"jetpack_sharing_enabled":true,"_links":{"self":[{"href":"https:\/\/vioolboeken.nl\/fr\/wp-json\/wp\/v2\/product\/3932","targetHints":{"allow":["GET"]}}],"collection":[{"href":"https:\/\/vioolboeken.nl\/fr\/wp-json\/wp\/v2\/product"}],"about":[{"href":"https:\/\/vioolboeken.nl\/fr\/wp-json\/wp\/v2\/types\/product"}],"wp:featuredmedia":[{"embeddable":true,"href":"https:\/\/vioolboeken.nl\/fr\/wp-json\/wp\/v2\/media\/3940"}],"wp:attachment":[{"href":"https:\/\/vioolboeken.nl\/fr\/wp-json\/wp\/v2\/media?parent=3932"}],"wp:term":[{"taxonomy":"product_brand","embeddable":true,"href":"https:\/\/vioolboeken.nl\/fr\/wp-json\/wp\/v2\/product_brand?post=3932"},{"taxonomy":"product_cat","embeddable":true,"href":"https:\/\/vioolboeken.nl\/fr\/wp-json\/wp\/v2\/product_cat?post=3932"},{"taxonomy":"product_tag","embeddable":true,"href":"https:\/\/vioolboeken.nl\/fr\/wp-json\/wp\/v2\/product_tag?post=3932"}],"curies":[{"name":"wp","href":"https:\/\/api.w.org\/{rel}","templated":true}]}}