{"id":3729,"date":"2021-11-13T14:21:03","date_gmt":"2021-11-13T13:21:03","guid":{"rendered":"https:\/\/vioolboeken.nl\/product\/\/"},"modified":"2025-06-05T08:28:29","modified_gmt":"2025-06-05T06:28:29","slug":"violin-position-shifts-audio-on-line","status":"publish","type":"product","link":"https:\/\/vioolboeken.nl\/fr\/product\/violin-position-shifts-audio-on-line\/","title":{"rendered":"Violin Position Shifts"},"content":{"rendered":"<p><strong>Position Shifts<\/strong> constitue une aide pr\u00e9cisieuse au perfectionnement de la technique du d\u00e9manch\u00e9 dans les trois premi\u00e8res positions. <em>Position Shifts&nbsp;<\/em>contient vingt-deux exercices instructifs et trente-six charmantes pi\u00e8ces r\u00e9partis sur trois chapitres clairement structur\u00e9s pour explorer les diff\u00e9rents chemins pour changer d&rsquo;une position \u00e0 une autre. L&rsquo;utilisation de notes de passage et le surlignage des nouveaux d\u00e9manch\u00e9s apportent encore plus de pr\u00e9cision au contenu. Pour r\u00e9sumer : <em>Position Shifts&nbsp;<\/em>est un recueil pratique et bien document\u00e9 con\u00e7u pour \u00eatre utilis\u00e9 ind\u00e9pendamment, ou comme compl\u00e9tement de toute m\u00e9thode.&nbsp;<\/p>\n<p>Des pistes de d\u00e9monstration et d&rsquo;accompagnement disponibles en ligne (MP3) ainsi que des PDF t\u00e9l\u00e9chargeables des partitions de l&rsquo;accompagnement au piano compl\u00e8tent l&rsquo;apprentissage et garantissent un plaisir de jeu renouvel\u00e9.<\/p>\n<h3>Extraits de partition :<\/h3>\n<p>(cliquez pour agrandir l\u2019image)<\/p>\n<div id='gallery-1' class='gallery galleryid-3729 gallery-columns-3 gallery-size-medium'><figure class='gallery-item'>\n\t\t\t<div class='gallery-icon portrait'>\n\t\t\t\t<a href='https:\/\/vioolboeken.nl\/fr\/?attachment_id=2511\/'><img loading=\"lazy\" decoding=\"async\" width=\"212\" height=\"300\" src=\"https:\/\/i0.wp.com\/vioolboeken.nl\/wp-content\/uploads\/2019\/07\/PositionS-11.jpg?fit=212%2C300&amp;ssl=1\" class=\"attachment-medium size-medium\" alt=\"\" \/><\/a>\n\t\t\t<\/div><\/figure><figure class='gallery-item'>\n\t\t\t<div class='gallery-icon portrait'>\n\t\t\t\t<a href='https:\/\/vioolboeken.nl\/fr\/?attachment_id=2510\/'><img loading=\"lazy\" decoding=\"async\" width=\"212\" height=\"300\" src=\"https:\/\/i0.wp.com\/vioolboeken.nl\/wp-content\/uploads\/2019\/07\/PositionS-28.jpg?fit=212%2C300&amp;ssl=1\" class=\"attachment-medium size-medium\" alt=\"\" \/><\/a>\n\t\t\t<\/div><\/figure><figure class='gallery-item'>\n\t\t\t<div class='gallery-icon portrait'>\n\t\t\t\t<a href='https:\/\/vioolboeken.nl\/fr\/?attachment_id=2509\/'><img loading=\"lazy\" decoding=\"async\" width=\"212\" height=\"300\" src=\"https:\/\/i0.wp.com\/vioolboeken.nl\/wp-content\/uploads\/2019\/07\/PositionS-53.jpg?fit=212%2C300&amp;ssl=1\" class=\"attachment-medium size-medium\" alt=\"\" \/><\/a>\n\t\t\t<\/div><\/figure>\n\t\t<\/div>\n\n<h3>Extraits audio :<\/h3>\n<p>Sally Skirts (positions 1 et 3)<\/p>\n<!--[if lt IE 9]><script>document.createElement('audio');<\/script><![endif]-->\n<audio class=\"wp-audio-shortcode\" id=\"audio-3729-1\" preload=\"none\" style=\"width: 100%;\" controls=\"controls\"><source type=\"audio\/mpeg\" src=\"https:\/\/vioolboeken.nl\/wp-content\/uploads\/2019\/07\/25-Nummer-25.mp3?_=1\" \/><a href=\"https:\/\/vioolboeken.nl\/wp-content\/uploads\/2019\/07\/25-Nummer-25.mp3\">https:\/\/vioolboeken.nl\/wp-content\/uploads\/2019\/07\/25-Nummer-25.mp3<\/a><\/audio>\n<p>One fine day (positions 1-2-3)<\/p>\n<audio class=\"wp-audio-shortcode\" id=\"audio-3729-2\" preload=\"none\" style=\"width: 100%;\" controls=\"controls\"><source type=\"audio\/mpeg\" src=\"https:\/\/vioolboeken.nl\/wp-content\/uploads\/2019\/07\/11-Piste-11.mp3?_=2\" \/><a href=\"https:\/\/vioolboeken.nl\/wp-content\/uploads\/2019\/07\/11-Piste-11.mp3\">https:\/\/vioolboeken.nl\/wp-content\/uploads\/2019\/07\/11-Piste-11.mp3<\/a><\/audio>\n<p>Greensleeves (positions 1 et 2)<\/p>\n<audio class=\"wp-audio-shortcode\" id=\"audio-3729-3\" preload=\"none\" style=\"width: 100%;\" controls=\"controls\"><source type=\"audio\/mpeg\" src=\"https:\/\/vioolboeken.nl\/wp-content\/uploads\/2019\/07\/39-Nummer-39-2.mp3?_=3\" \/><a href=\"https:\/\/vioolboeken.nl\/wp-content\/uploads\/2019\/07\/39-Nummer-39-2.mp3\">https:\/\/vioolboeken.nl\/wp-content\/uploads\/2019\/07\/39-Nummer-39-2.mp3<\/a><\/audio>\n<p>&nbsp;<\/p>\n<h3>Youtube :<\/h3>\n<p><a href=\"http:\/\/www.youtube.com\/watch?v=_fZN8ei50Nk\" target=\"_blank\" rel=\"noopener noreferrer\">Django Plays the Violin (ND) <\/a><\/p>\n<p><a href=\"http:\/\/www.youtube.com\/watch?v=A2Lx4Rddt_8\" target=\"_blank\" rel=\"noopener noreferrer\">Hungarian Dance (ND) <\/a><\/p>\n<p><a href=\"http:\/\/www.youtube.com\/watch?v=8lffrWkFcLQ\" target=\"_blank\" rel=\"noopener noreferrer\">Shift Rap (ND)<\/a> &nbsp; &nbsp;<\/p>\n<p>Hungarian Dance:<\/p>\n<p class=\"responsive-video-wrap clr\"><iframe loading=\"lazy\" title=\"Violin Position Shifts piano accompaniment:  Hungarian Dance, by Nico Dezaire\" width=\"1200\" height=\"675\" src=\"https:\/\/www.youtube.com\/embed\/sSpU5Zxvgw8?feature=oembed\" frameborder=\"0\" allow=\"accelerometer; autoplay; clipboard-write; encrypted-media; gyroscope; picture-in-picture; web-share\" referrerpolicy=\"strict-origin-when-cross-origin\" allowfullscreen><\/iframe><\/p>\n<p>&nbsp;<\/p>\n<p>&nbsp;<\/p>\n<p>&nbsp;<\/p>\n","protected":false},"excerpt":{"rendered":"<p>Position Shifts constitue une aide pr\u00e9cisieuse au perfectionnement de la technique du d\u00e9manch\u00e9 dans les trois premi\u00e8res positions. Position Shifts&nbsp;contient vingt-deux exercices instructifs et trente-six charmantes pi\u00e8ces r\u00e9partis sur trois chapitres clairement structur\u00e9s pour explorer les diff\u00e9rents chemins pour changer d&rsquo;une position \u00e0 une autre. L&rsquo;utilisation de notes de passage et le surlignage des nouveaux [&hellip;]<\/p>\n","protected":false},"featured_media":3731,"template":"","meta":{"_monsterinsights_skip_tracking":false,"_monsterinsights_sitenote_active":false,"_monsterinsights_sitenote_note":"","_monsterinsights_sitenote_category":0,"ocean_post_layout":"","ocean_both_sidebars_style":"","ocean_both_sidebars_content_width":0,"ocean_both_sidebars_sidebars_width":0,"ocean_sidebar":"0","ocean_second_sidebar":"0","ocean_disable_margins":"enable","ocean_add_body_class":"","ocean_shortcode_before_top_bar":"","ocean_shortcode_after_top_bar":"","ocean_shortcode_before_header":"","ocean_shortcode_after_header":"","ocean_has_shortcode":"","ocean_shortcode_after_title":"","ocean_shortcode_before_footer_widgets":"","ocean_shortcode_after_footer_widgets":"","ocean_shortcode_before_footer_bottom":"","ocean_shortcode_after_footer_bottom":"","ocean_display_top_bar":"default","ocean_display_header":"default","ocean_header_style":"","ocean_center_header_left_menu":"0","ocean_custom_header_template":"0","ocean_custom_logo":0,"ocean_custom_retina_logo":0,"ocean_custom_logo_max_width":0,"ocean_custom_logo_tablet_max_width":0,"ocean_custom_logo_mobile_max_width":0,"ocean_custom_logo_max_height":0,"ocean_custom_logo_tablet_max_height":0,"ocean_custom_logo_mobile_max_height":0,"ocean_header_custom_menu":"0","ocean_menu_typo_font_family":"0","ocean_menu_typo_font_subset":"","ocean_menu_typo_font_size":0,"ocean_menu_typo_font_size_tablet":0,"ocean_menu_typo_font_size_mobile":0,"ocean_menu_typo_font_size_unit":"px","ocean_menu_typo_font_weight":"","ocean_menu_typo_font_weight_tablet":"","ocean_menu_typo_font_weight_mobile":"","ocean_menu_typo_transform":"","ocean_menu_typo_transform_tablet":"","ocean_menu_typo_transform_mobile":"","ocean_menu_typo_line_height":0,"ocean_menu_typo_line_height_tablet":0,"ocean_menu_typo_line_height_mobile":0,"ocean_menu_typo_line_height_unit":"","ocean_menu_typo_spacing":0,"ocean_menu_typo_spacing_tablet":0,"ocean_menu_typo_spacing_mobile":0,"ocean_menu_typo_spacing_unit":"","ocean_menu_link_color":"","ocean_menu_link_color_hover":"","ocean_menu_link_color_active":"","ocean_menu_link_background":"","ocean_menu_link_hover_background":"","ocean_menu_link_active_background":"","ocean_menu_social_links_bg":"","ocean_menu_social_hover_links_bg":"","ocean_menu_social_links_color":"","ocean_menu_social_hover_links_color":"","ocean_disable_title":"default","ocean_disable_heading":"default","ocean_post_title":"","ocean_post_subheading":"","ocean_post_title_style":"","ocean_post_title_background_color":"","ocean_post_title_background":0,"ocean_post_title_bg_image_position":"","ocean_post_title_bg_image_attachment":"","ocean_post_title_bg_image_repeat":"","ocean_post_title_bg_image_size":"","ocean_post_title_height":0,"ocean_post_title_bg_overlay":0.5,"ocean_post_title_bg_overlay_color":"","ocean_disable_breadcrumbs":"default","ocean_breadcrumbs_color":"","ocean_breadcrumbs_separator_color":"","ocean_breadcrumbs_links_color":"","ocean_breadcrumbs_links_hover_color":"","ocean_display_footer_widgets":"default","ocean_display_footer_bottom":"default","ocean_custom_footer_template":"0"},"product_brand":[],"product_cat":[34],"product_tag":[],"class_list":{"0":"post-3729","1":"product","2":"type-product","3":"status-publish","4":"has-post-thumbnail","6":"product_cat-la-serie-position-violon-alto","8":"entry","9":"has-media","11":"first","12":"instock","13":"taxable","14":"shipping-taxable","15":"purchasable","16":"product-type-simple","17":"has-product-nav","18":"col","19":"span_1_of_3","20":"owp-content-center","21":"owp-thumbs-layout-horizontal","22":"owp-btn-normal","23":"owp-tabs-layout-horizontal","24":"has-no-thumbnails"},"aioseo_notices":[],"jetpack_sharing_enabled":true,"_links":{"self":[{"href":"https:\/\/vioolboeken.nl\/fr\/wp-json\/wp\/v2\/product\/3729","targetHints":{"allow":["GET"]}}],"collection":[{"href":"https:\/\/vioolboeken.nl\/fr\/wp-json\/wp\/v2\/product"}],"about":[{"href":"https:\/\/vioolboeken.nl\/fr\/wp-json\/wp\/v2\/types\/product"}],"wp:featuredmedia":[{"embeddable":true,"href":"https:\/\/vioolboeken.nl\/fr\/wp-json\/wp\/v2\/media\/3731"}],"wp:attachment":[{"href":"https:\/\/vioolboeken.nl\/fr\/wp-json\/wp\/v2\/media?parent=3729"}],"wp:term":[{"taxonomy":"product_brand","embeddable":true,"href":"https:\/\/vioolboeken.nl\/fr\/wp-json\/wp\/v2\/product_brand?post=3729"},{"taxonomy":"product_cat","embeddable":true,"href":"https:\/\/vioolboeken.nl\/fr\/wp-json\/wp\/v2\/product_cat?post=3729"},{"taxonomy":"product_tag","embeddable":true,"href":"https:\/\/vioolboeken.nl\/fr\/wp-json\/wp\/v2\/product_tag?post=3729"}],"curies":[{"name":"wp","href":"https:\/\/api.w.org\/{rel}","templated":true}]}}