{"id":2972,"date":"2021-05-20T09:28:26","date_gmt":"2021-05-20T07:28:26","guid":{"rendered":"https:\/\/vioolboeken.nl\/product\/\/"},"modified":"2025-09-23T11:21:56","modified_gmt":"2025-09-23T09:21:56","slug":"le-monde-de-lalto-1","status":"publish","type":"product","link":"https:\/\/vioolboeken.nl\/fr\/product\/le-monde-de-lalto-1\/","title":{"rendered":"Le Monde de l'Alto 1 (Exp\u00e9dition gratuite en Europe)"},"content":{"rendered":"<p>Destin\u00e9 aux \u00e9l\u00e8ves \u00e0 partir de sept ans environ, <strong><em>Le Monde de l&rsquo;Alto<\/em>\u00a0<\/strong>peut \u00eatre utilis\u00e9 pour les le\u00e7ons individuelles et en groupe. Le pr\u00e9sent ouvrage s\u2019accompagne d\u2019un site web o\u00f9 se trouvent de nombreux fichiers MP3 et PDF ainsi que des vid\u00e9os.<\/p>\n<p>Tous les exercices de cette m\u00e9thode sont expliqu\u00e9s en d\u00e9tail et sont augment\u00e9s de photos et de vid\u00e9os tr\u00e8s clairs, particuli\u00e8rement utiles pour assurer la bonne compr\u00e9hension des \u00e9l\u00e8ves (et des parents) pour le travail \u00e0 la maison. Avec <strong><em>Le Monde de l&rsquo;Alto<\/em><\/strong>, les le\u00e7ons peuvent \u00eatre personnalis\u00e9es, car presque toutes les m\u00e9thodes didactiques sont employ\u00e9es. Chaque \u00e9l\u00e8ve peut donc b\u00e9n\u00e9ficier d\u2019un enseignement \u00ab\u00a0sur mesure\u00a0\u00bb.<\/p>\n<p><strong>Cet ouvrage comprend\u00a0:<\/strong><\/p>\n<ul>\n<li>Des exercices d\u2019imitation (\u00ab\u00a0Jeu du perroquet\u00a0\u00bb en cours et \u00e0 la maison).<\/li>\n<li>Des exercices techniques d\u2019abord expliqu\u00e9s par un texte et des images (photos et vid\u00e9os) et, plus tard, en notation musicale.<\/li>\n<li>Des morceaux \u00e0 jouer \u00e0 l\u2019oreille.<\/li>\n<li>Des morceaux en notation musicale (\u00e0 partir du milieu du volume 1 environ).<\/li>\n<li>Des exercices d\u2019improvisation pour stimuler l\u2019imagination en mati\u00e8re de sons et de cr\u00e9ativit\u00e9.<\/li>\n<li>Des explications sur le solf\u00e8ge en g\u00e9n\u00e9ral et les techniques de jeu.<\/li>\n<li>Des morceaux not\u00e9s en tablature.<\/li>\n<li>Des jeux de questions-r\u00e9ponses portant sur les \u00e9l\u00e9ments d\u00e9j\u00e0 appris.<\/li>\n<li>Des \u00ab\u00a0bons points\u00a0\u00bb sous forme d\u2019autocollants \u00e0 apposer aux exercices correctement ex\u00e9cut\u00e9s.<\/li>\n<\/ul>\n<p>Cette m\u00e9thode offre de nombreuses possibilit\u00e9s pour jouer \u00e0 plusieurs. Pour toutes les pi\u00e8ces, des partitions pour deux altos et accompagnement au piano sont t\u00e9l\u00e9chargeables sur le site web.<\/p>\n<p><strong><em>Le Monde de l&rsquo;Alto<\/em><\/strong> est attrayant, contemporain et complet \u2013 un must pour l\u2019enseignement de l&rsquo;alto au XXI<sup>e<\/sup> si\u00e8cle\u00a0!<\/p>\n<h3>Pack d&rsquo;essai :<\/h3>\n<p>Pour avoir une bonne impression de la m\u00e9thode, nous avons rassembl\u00e9 des extraits de <strong><em>Le Monde de l&rsquo;Alto1<\/em><\/strong><strong>,<\/strong> \u00e0 savoir l&rsquo;introduction, le\u00e7on 6, le\u00e7on 12 et le\u00e7on 18 :<\/p>\n<p>Cliquez <strong><a href=\"http:\/\/jkemm.nl\/Le%20Monde%20de%20l'Alto%201%20demo\/\">ici<\/a> <\/strong>pour t\u00e9l\u00e9charger<\/p>\n<p>En outre, le pack d&rsquo;essai s&rsquo;accompagne d&rsquo;un site web offrant des pistes de d\u00e9monstration et d&rsquo;accompagnement t\u00e9l\u00e9chargeables, ainsi que des vid\u00e9os de d\u00e9monstration et des fichiers PDF contenant des parties d&rsquo;accompagnement pour violon ou piano.<\/p>\n<p><a href=\"https:\/\/www.lemondedelalto.eu\/\"><strong>www.lemondedelalto.eu<\/strong><\/a><\/p>\n<p>Nom d&rsquo;utilisateur : <strong>ALTO1DEMO<\/strong><\/p>\n<p>Mot de passe : <strong>12-FRD2-DE55 <\/strong>(attention : bien respecter les majuscules et les tirets)<\/p>\n<hr \/>\n<p>Outre le pack d&rsquo;essai, il est \u00e9galement possible de se familiariser avec la m\u00e9thode \u00e0 travers les pages d&rsquo;exemples suivantes, des extraits audio, des extraits de partition et des vid\u00e9os de d\u00e9monstration:<\/p>\n<h3>Extraits de partition :<\/h3>\n<p>(cliquez pour agrandir l&rsquo;image)<\/p>\n<div id='gallery-1' class='gallery galleryid-2972 gallery-columns-3 gallery-size-medium'><figure class='gallery-item'>\n\t\t\t<div class='gallery-icon portrait'>\n\t\t\t\t<a href='https:\/\/vioolboeken.nl\/fr\/?attachment_id=2983\/'><img loading=\"lazy\" decoding=\"async\" width=\"212\" height=\"300\" src=\"https:\/\/i0.wp.com\/vioolboeken.nl\/wp-content\/uploads\/2021\/05\/LMdlA1-pag.-9-1.jpg?fit=212%2C300&amp;ssl=1\" class=\"attachment-medium size-medium\" alt=\"\" \/><\/a>\n\t\t\t<\/div><\/figure><figure class='gallery-item'>\n\t\t\t<div class='gallery-icon portrait'>\n\t\t\t\t<a href='https:\/\/vioolboeken.nl\/fr\/?attachment_id=2981\/'><img loading=\"lazy\" decoding=\"async\" width=\"212\" height=\"300\" src=\"https:\/\/i0.wp.com\/vioolboeken.nl\/wp-content\/uploads\/2021\/05\/LMdlA-pag.-19-1.jpg?fit=212%2C300&amp;ssl=1\" class=\"attachment-medium size-medium\" alt=\"\" \/><\/a>\n\t\t\t<\/div><\/figure><figure class='gallery-item'>\n\t\t\t<div class='gallery-icon portrait'>\n\t\t\t\t<a href='https:\/\/vioolboeken.nl\/fr\/?attachment_id=2980\/'><img loading=\"lazy\" decoding=\"async\" width=\"212\" height=\"300\" src=\"https:\/\/i0.wp.com\/vioolboeken.nl\/wp-content\/uploads\/2021\/05\/LMdlA1-pag.-52-1.jpg?fit=212%2C300&amp;ssl=1\" class=\"attachment-medium size-medium\" alt=\"\" \/><\/a>\n\t\t\t<\/div><\/figure><figure class='gallery-item'>\n\t\t\t<div class='gallery-icon portrait'>\n\t\t\t\t<a href='https:\/\/vioolboeken.nl\/fr\/?attachment_id=3583\/'><img loading=\"lazy\" decoding=\"async\" width=\"212\" height=\"300\" src=\"https:\/\/i0.wp.com\/vioolboeken.nl\/wp-content\/uploads\/2021\/05\/LMdlA1-pag.-61_1.jpg?fit=212%2C300&amp;ssl=1\" class=\"attachment-medium size-medium\" alt=\"\" \/><\/a>\n\t\t\t<\/div><\/figure><figure class='gallery-item'>\n\t\t\t<div class='gallery-icon portrait'>\n\t\t\t\t<a href='https:\/\/vioolboeken.nl\/fr\/?attachment_id=2975\/'><img loading=\"lazy\" decoding=\"async\" width=\"212\" height=\"300\" src=\"https:\/\/i0.wp.com\/vioolboeken.nl\/wp-content\/uploads\/2021\/05\/LMdlA1-pag.-83-1.jpg?fit=212%2C300&amp;ssl=1\" class=\"attachment-medium size-medium\" alt=\"\" \/><\/a>\n\t\t\t<\/div><\/figure>\n\t\t<\/div>\n\n<h3>Extraits audio :<\/h3>\n<!--[if lt IE 9]><script>document.createElement('audio');<\/script><![endif]-->\n\t<div class=\"wp-playlist wp-audio-playlist wp-playlist-light\">\n\t\t\t<div class=\"wp-playlist-current-item\"><\/div>\n\t\t<audio controls=\"controls\" preload=\"none\" width=\"1178\"\n\t\t\t><\/audio>\n\t<div class=\"wp-playlist-next\"><\/div>\n\t<div class=\"wp-playlist-prev\"><\/div>\n\t<noscript>\n\t<ol>\n\t\t<li><a href='https:\/\/vioolboeken.nl\/wp-content\/uploads\/2021\/05\/3_8-Premier-blues-DEMO-Alto-1-FR.mp3'>3_8 Premier blues - D\u00c9MO Alto 1 FR<\/a><\/li><li><a href='https:\/\/vioolboeken.nl\/wp-content\/uploads\/2021\/05\/10_3b-Jeu-du-perroquet-sur-la-corde-de-Sol-Alto-1-FR.mp3'>10_3b Jeu du perroquet sur la corde de Sol - Alto 1 FR<\/a><\/li><li><a href='https:\/\/vioolboeken.nl\/wp-content\/uploads\/2021\/05\/14_4-Un-homme-est-tombe...-2-DEMO-Alto-1-FR.mp3'>14_4 Un homme est tomb\u00e9... (2) - D\u00c9MO Alto 1 FR<\/a><\/li><li><a href='https:\/\/vioolboeken.nl\/wp-content\/uploads\/2021\/05\/18_8-Detente-DEMO-Alto-1-FR.mp3'>18_8 D\u00e9tente - D\u00c9MO Alto 1 FR<\/a><\/li>\t<\/ol>\n\t<\/noscript>\n\t<script type=\"application\/json\" class=\"wp-playlist-script\">{\"type\":\"audio\",\"tracklist\":true,\"tracknumbers\":true,\"images\":true,\"artists\":true,\"tracks\":[{\"src\":\"https:\\\/\\\/vioolboeken.nl\\\/wp-content\\\/uploads\\\/2021\\\/05\\\/3_8-Premier-blues-DEMO-Alto-1-FR.mp3\",\"type\":\"audio\\\/mpeg\",\"title\":\"3_8 Premier blues - D\\u00c9MO Alto 1 FR\",\"caption\":\"\",\"description\":\"\\\"3_8 Premier blues - D\\u00c9MO Alto 1 FR\\\" van EMM 121-033 Le Monde de l'Alto door Copyright \\u00a9 2021 Educatieve Muziek &amp; Media. All rights reserved. Unauthorised copying, reproduction, hiring, lending, public performance and broadcasting strickly prohibited.; .\",\"meta\":{\"artist\":\"Copyright \\u00a9 2021 Educatieve Muziek &amp; Media. All rights reserved. Unauthorised copying, reproduction, hiring, lending, public performance and broadcasting strickly prohibited.;\",\"album\":\"EMM 121-033 Le Monde de l'Alto\",\"length_formatted\":\"1:27\"},\"image\":{\"src\":\"https:\\\/\\\/i0.wp.com\\\/vioolboeken.nl\\\/wp-content\\\/uploads\\\/2021\\\/05\\\/18_8-Detente-DEMO-Alto-1-FR-mp3-image.jpg?fit=1011%2C1406&ssl=1\",\"width\":1011,\"height\":1406},\"thumb\":{\"src\":\"https:\\\/\\\/i0.wp.com\\\/vioolboeken.nl\\\/wp-content\\\/uploads\\\/2021\\\/05\\\/18_8-Detente-DEMO-Alto-1-FR-mp3-image.jpg?resize=150%2C150&ssl=1\",\"width\":150,\"height\":150}},{\"src\":\"https:\\\/\\\/vioolboeken.nl\\\/wp-content\\\/uploads\\\/2021\\\/05\\\/10_3b-Jeu-du-perroquet-sur-la-corde-de-Sol-Alto-1-FR.mp3\",\"type\":\"audio\\\/mpeg\",\"title\":\"10_3b Jeu du perroquet sur la corde de Sol - Alto 1 FR\",\"caption\":\"\",\"description\":\"\\\"10_3b Jeu du perroquet sur la corde de Sol - Alto 1 FR\\\" van EMM 121-033 Le Monde de l'Alto door Copyright \\u00a9 2021 Educatieve Muziek &amp; Media. All rights reserved. Unauthorised copying, reproduction, hiring, lending, public performance and broadcasting strickly prohibited.; .\",\"meta\":{\"artist\":\"Copyright \\u00a9 2021 Educatieve Muziek &amp; Media. All rights reserved. Unauthorised copying, reproduction, hiring, lending, public performance and broadcasting strickly prohibited.;\",\"album\":\"EMM 121-033 Le Monde de l'Alto\",\"length_formatted\":\"1:26\"},\"image\":{\"src\":\"https:\\\/\\\/i0.wp.com\\\/vioolboeken.nl\\\/wp-content\\\/uploads\\\/2021\\\/05\\\/18_8-Detente-DEMO-Alto-1-FR-mp3-image.jpg?fit=1011%2C1406&ssl=1\",\"width\":1011,\"height\":1406},\"thumb\":{\"src\":\"https:\\\/\\\/i0.wp.com\\\/vioolboeken.nl\\\/wp-content\\\/uploads\\\/2021\\\/05\\\/18_8-Detente-DEMO-Alto-1-FR-mp3-image.jpg?resize=150%2C150&ssl=1\",\"width\":150,\"height\":150}},{\"src\":\"https:\\\/\\\/vioolboeken.nl\\\/wp-content\\\/uploads\\\/2021\\\/05\\\/14_4-Un-homme-est-tombe...-2-DEMO-Alto-1-FR.mp3\",\"type\":\"audio\\\/mpeg\",\"title\":\"14_4 Un homme est tomb\\u00e9... (2) - D\\u00c9MO Alto 1 FR\",\"caption\":\"\",\"description\":\"\\\"14_4 Un homme est tomb\\u00e9... (2) - D\\u00c9MO Alto 1 FR\\\" van EMM 121-033 Le Monde de l'Alto door Copyright \\u00a9 2021 Educatieve Muziek &amp; Media. All rights reserved. Unauthorised copying, reproduction, hiring, lending, public performance and broadcasting strickly prohibited.; .\",\"meta\":{\"artist\":\"Copyright \\u00a9 2021 Educatieve Muziek &amp; Media. All rights reserved. Unauthorised copying, reproduction, hiring, lending, public performance and broadcasting strickly prohibited.;\",\"album\":\"EMM 121-033 Le Monde de l'Alto\",\"length_formatted\":\"1:38\"},\"image\":{\"src\":\"https:\\\/\\\/i0.wp.com\\\/vioolboeken.nl\\\/wp-content\\\/uploads\\\/2021\\\/05\\\/18_8-Detente-DEMO-Alto-1-FR-mp3-image.jpg?fit=1011%2C1406&ssl=1\",\"width\":1011,\"height\":1406},\"thumb\":{\"src\":\"https:\\\/\\\/i0.wp.com\\\/vioolboeken.nl\\\/wp-content\\\/uploads\\\/2021\\\/05\\\/18_8-Detente-DEMO-Alto-1-FR-mp3-image.jpg?resize=150%2C150&ssl=1\",\"width\":150,\"height\":150}},{\"src\":\"https:\\\/\\\/vioolboeken.nl\\\/wp-content\\\/uploads\\\/2021\\\/05\\\/18_8-Detente-DEMO-Alto-1-FR.mp3\",\"type\":\"audio\\\/mpeg\",\"title\":\"18_8 D\\u00e9tente - D\\u00c9MO Alto 1 FR\",\"caption\":\"\",\"description\":\"\\\"18_8 D\\u00e9tente - D\\u00c9MO Alto 1 FR\\\" van EMM 121-033 Le Monde de l'Alto door Copyright \\u00a9 2021 Educatieve Muziek &amp; Media. All rights reserved. Unauthorised copying, reproduction, hiring, lending, public performance and broadcasting strickly prohibited.; .\",\"meta\":{\"artist\":\"Copyright \\u00a9 2021 Educatieve Muziek &amp; Media. All rights reserved. Unauthorised copying, reproduction, hiring, lending, public performance and broadcasting strickly prohibited.;\",\"album\":\"EMM 121-033 Le Monde de l'Alto\",\"length_formatted\":\"0:49\"},\"image\":{\"src\":\"https:\\\/\\\/i0.wp.com\\\/vioolboeken.nl\\\/wp-content\\\/uploads\\\/2021\\\/05\\\/18_8-Detente-DEMO-Alto-1-FR-mp3-image.jpg?fit=1011%2C1406&ssl=1\",\"width\":1011,\"height\":1406},\"thumb\":{\"src\":\"https:\\\/\\\/i0.wp.com\\\/vioolboeken.nl\\\/wp-content\\\/uploads\\\/2021\\\/05\\\/18_8-Detente-DEMO-Alto-1-FR-mp3-image.jpg?resize=150%2C150&ssl=1\",\"width\":150,\"height\":150}}]}<\/script>\n<\/div>\n\t\n<p>&nbsp;<\/p>\n<h3>Partitions pour deux altos et accompagnement au piano t\u00e9l\u00e9chargeables :<\/h3>\n<p>(cliquez pour agrandir l&rsquo;image)<\/p>\n<div id='gallery-2' class='gallery galleryid-2972 gallery-columns-2 gallery-size-medium'><figure class='gallery-item'>\n\t\t\t<div class='gallery-icon portrait'>\n\t\t\t\t<a href='https:\/\/vioolboeken.nl\/fr\/?attachment_id=2991\/'><img loading=\"lazy\" decoding=\"async\" width=\"212\" height=\"300\" src=\"https:\/\/i0.wp.com\/vioolboeken.nl\/wp-content\/uploads\/2021\/05\/2.8-A-P-1.jpg?fit=212%2C300&amp;ssl=1\" class=\"attachment-medium size-medium\" alt=\"\" \/><\/a>\n\t\t\t<\/div><\/figure><figure class='gallery-item'>\n\t\t\t<div class='gallery-icon portrait'>\n\t\t\t\t<a href='https:\/\/vioolboeken.nl\/fr\/?attachment_id=2990\/'><img loading=\"lazy\" decoding=\"async\" width=\"212\" height=\"300\" src=\"https:\/\/i0.wp.com\/vioolboeken.nl\/wp-content\/uploads\/2021\/05\/18.8-A-A-1.jpg?fit=212%2C300&amp;ssl=1\" class=\"attachment-medium size-medium\" alt=\"\" \/><\/a>\n\t\t\t<\/div><\/figure>\n\t\t<\/div>\n\n<p>(cliquez pour agrandir)<\/p>\n<h3>Vid\u00e9os :<\/h3>\n<p><a href=\"https:\/\/www.youtube.com\/watch?v=a_1isKziShY\">Vid\u00e9o de demonstration<\/a><\/p>\n<p>1.2 Tiens bien ton alto<\/p>\n<p><a href=\"https:\/\/www.youtube.com\/watch?v=ScuwkyuRuTM\">Vid\u00e9o de lecture des notes<\/a><\/p>\n<p>15.1 Cancan<\/p>\n","protected":false},"excerpt":{"rendered":"<p>Destin\u00e9 aux \u00e9l\u00e8ves \u00e0 partir de sept ans environ, Le Monde de l&rsquo;Alto\u00a0peut \u00eatre utilis\u00e9 pour les le\u00e7ons individuelles et en groupe. Le pr\u00e9sent ouvrage s\u2019accompagne d\u2019un site web o\u00f9 se trouvent de nombreux fichiers MP3 et PDF ainsi que des vid\u00e9os. Tous les exercices de cette m\u00e9thode sont expliqu\u00e9s en d\u00e9tail et sont augment\u00e9s [&hellip;]<\/p>\n","protected":false},"featured_media":2973,"template":"","meta":{"_monsterinsights_skip_tracking":false,"_monsterinsights_sitenote_active":false,"_monsterinsights_sitenote_note":"","_monsterinsights_sitenote_category":0,"ocean_post_layout":"","ocean_both_sidebars_style":"","ocean_both_sidebars_content_width":0,"ocean_both_sidebars_sidebars_width":0,"ocean_sidebar":"0","ocean_second_sidebar":"0","ocean_disable_margins":"enable","ocean_add_body_class":"","ocean_shortcode_before_top_bar":"","ocean_shortcode_after_top_bar":"","ocean_shortcode_before_header":"","ocean_shortcode_after_header":"","ocean_has_shortcode":"","ocean_shortcode_after_title":"","ocean_shortcode_before_footer_widgets":"","ocean_shortcode_after_footer_widgets":"","ocean_shortcode_before_footer_bottom":"","ocean_shortcode_after_footer_bottom":"","ocean_display_top_bar":"default","ocean_display_header":"default","ocean_header_style":"","ocean_center_header_left_menu":"0","ocean_custom_header_template":"0","ocean_custom_logo":0,"ocean_custom_retina_logo":0,"ocean_custom_logo_max_width":0,"ocean_custom_logo_tablet_max_width":0,"ocean_custom_logo_mobile_max_width":0,"ocean_custom_logo_max_height":0,"ocean_custom_logo_tablet_max_height":0,"ocean_custom_logo_mobile_max_height":0,"ocean_header_custom_menu":"0","ocean_menu_typo_font_family":"0","ocean_menu_typo_font_subset":"","ocean_menu_typo_font_size":0,"ocean_menu_typo_font_size_tablet":0,"ocean_menu_typo_font_size_mobile":0,"ocean_menu_typo_font_size_unit":"px","ocean_menu_typo_font_weight":"","ocean_menu_typo_font_weight_tablet":"","ocean_menu_typo_font_weight_mobile":"","ocean_menu_typo_transform":"","ocean_menu_typo_transform_tablet":"","ocean_menu_typo_transform_mobile":"","ocean_menu_typo_line_height":0,"ocean_menu_typo_line_height_tablet":0,"ocean_menu_typo_line_height_mobile":0,"ocean_menu_typo_line_height_unit":"","ocean_menu_typo_spacing":0,"ocean_menu_typo_spacing_tablet":0,"ocean_menu_typo_spacing_mobile":0,"ocean_menu_typo_spacing_unit":"","ocean_menu_link_color":"","ocean_menu_link_color_hover":"","ocean_menu_link_color_active":"","ocean_menu_link_background":"","ocean_menu_link_hover_background":"","ocean_menu_link_active_background":"","ocean_menu_social_links_bg":"","ocean_menu_social_hover_links_bg":"","ocean_menu_social_links_color":"","ocean_menu_social_hover_links_color":"","ocean_disable_title":"default","ocean_disable_heading":"default","ocean_post_title":"","ocean_post_subheading":"","ocean_post_title_style":"","ocean_post_title_background_color":"","ocean_post_title_background":0,"ocean_post_title_bg_image_position":"","ocean_post_title_bg_image_attachment":"","ocean_post_title_bg_image_repeat":"","ocean_post_title_bg_image_size":"","ocean_post_title_height":0,"ocean_post_title_bg_overlay":0.5,"ocean_post_title_bg_overlay_color":"","ocean_disable_breadcrumbs":"default","ocean_breadcrumbs_color":"","ocean_breadcrumbs_separator_color":"","ocean_breadcrumbs_links_color":"","ocean_breadcrumbs_links_hover_color":"","ocean_display_footer_widgets":"default","ocean_display_footer_bottom":"default","ocean_custom_footer_template":"0"},"product_brand":[],"product_cat":[33],"product_tag":[],"class_list":{"0":"post-2972","1":"product","2":"type-product","3":"status-publish","4":"has-post-thumbnail","6":"product_cat-le-monde-du-violon-le-monde-de-l-alto-methode","8":"entry","9":"has-media","11":"first","12":"instock","13":"virtual","14":"taxable","15":"purchasable","16":"product-type-simple","17":"has-product-nav","18":"col","19":"span_1_of_3","20":"owp-content-center","21":"owp-thumbs-layout-horizontal","22":"owp-btn-normal","23":"owp-tabs-layout-horizontal","24":"has-no-thumbnails"},"aioseo_notices":[],"jetpack_sharing_enabled":true,"_links":{"self":[{"href":"https:\/\/vioolboeken.nl\/fr\/wp-json\/wp\/v2\/product\/2972","targetHints":{"allow":["GET"]}}],"collection":[{"href":"https:\/\/vioolboeken.nl\/fr\/wp-json\/wp\/v2\/product"}],"about":[{"href":"https:\/\/vioolboeken.nl\/fr\/wp-json\/wp\/v2\/types\/product"}],"wp:featuredmedia":[{"embeddable":true,"href":"https:\/\/vioolboeken.nl\/fr\/wp-json\/wp\/v2\/media\/2973"}],"wp:attachment":[{"href":"https:\/\/vioolboeken.nl\/fr\/wp-json\/wp\/v2\/media?parent=2972"}],"wp:term":[{"taxonomy":"product_brand","embeddable":true,"href":"https:\/\/vioolboeken.nl\/fr\/wp-json\/wp\/v2\/product_brand?post=2972"},{"taxonomy":"product_cat","embeddable":true,"href":"https:\/\/vioolboeken.nl\/fr\/wp-json\/wp\/v2\/product_cat?post=2972"},{"taxonomy":"product_tag","embeddable":true,"href":"https:\/\/vioolboeken.nl\/fr\/wp-json\/wp\/v2\/product_tag?post=2972"}],"curies":[{"name":"wp","href":"https:\/\/api.w.org\/{rel}","templated":true}]}}