{"id":260,"date":"2019-07-31T21:57:38","date_gmt":"2019-07-31T19:57:38","guid":{"rendered":"https:\/\/vioolboeken.nl\/?post_type=product&#038;p=260"},"modified":"2024-08-01T11:51:52","modified_gmt":"2024-08-01T09:51:52","slug":"easy-classical-collection","status":"publish","type":"product","link":"https:\/\/vioolboeken.nl\/fr\/product\/easy-classical-collection\/","title":{"rendered":"Easy Classical Collection"},"content":{"rendered":"<p>La s\u00e9rie\u00a0<em>Mix &amp; Match for Strings<\/em>\u00a0fournit la possibilit\u00e9 d\u2019interaction de cordes dans toutes les instrumentations imaginables. L\u2019instrumentation la plus petite est celle de 4 cordes solistes jusqu\u2019\u00e0 un grand orchestre \u00e0 cordes avec ajout de piano et percussion. Dans la partition\u00a0<strong>4 parties obligatoires<\/strong>\u00a0figurent, chacune d\u2019elles pouvant \u00eatre interpr\u00e9t\u00e9es par un violon, un alto ou un\u00a0violoncelle. Ceci signifie que toutes les combinaisons instrumentales pourront \u00eatre envisag\u00e9es. Mis \u00e0 part les 4 parties obligatoires un \u00e9largissement est possible par\u00a0<strong>3 voix suppl\u00e9mentaires<\/strong>\u00a0\u201cad libitum\u201d : contrebasse, percussion et piano. De plus, chaque partie obligatoire peut \u00eatre multipli\u00e9e \u00e0 volont\u00e9, de fa\u00e7on \u00e0 \u00e9tendre le Quatuor \u00e0 un grand ensemble \u00e0 cordes. En outre, le set de partitions inclus 15 parties s\u00e9par\u00e9es, dans qui les 4 diff\u00e9rentes parties obligatoires sont \u00e9crites pour les 3 diff\u00e9rents instruments (violon-alto-violoncelle) compl\u00e9t\u00e9es par les 3 parties suppl\u00e9mentaires (contrebasse, piano, percussions).<\/p>\n<p><strong>Easy Classical Collection<\/strong> rassemble une collection d\u2019arrangements des c\u00e9l\u00e8bres th\u00e8mes classiques du 17\u00e8me au 19\u00e8me si\u00e8cle. Les arrangements sont \u00e9crits d\u2019une fa\u00e7on attrayante pour les instruments diff\u00e9rents et sont annot\u00e9s de doigt\u00e9s et coups d\u2019archets. The Classical Collection contient sept\u00a0arrangements vari\u00e9s, stimulants et parfaits pour \u00eatre interpr\u00e9t\u00e9s en concert !<\/p>\n<p><strong>Sommaire :<\/strong><\/p>\n<p>-Rondeau (Purcell)<\/p>\n<p>-Alle Menschen werden Br\u00fcder (Beethoven)<\/p>\n<p>-Turtles (Saint-Saens) &#8211; Caro mio ben (Giordani)<\/p>\n<p>-Wedding March (Mendelsohn)<\/p>\n<p>-The sorcerer\u2019s Apprentice (Dukas)<\/p>\n<p>-Romanze (Mozart)<\/p>\n<h3>Extraits de partition :<\/h3>\n<p>(cliquez pour agrandir l&rsquo;image)<\/p>\n<div id='gallery-1' class='gallery galleryid-260 gallery-columns-3 gallery-size-medium'><figure class='gallery-item'>\n\t\t\t<div class='gallery-icon portrait'>\n\t\t\t\t<a href='https:\/\/vioolboeken.nl\/fr\/?attachment_id=774\/'><img loading=\"lazy\" decoding=\"async\" width=\"225\" height=\"300\" src=\"https:\/\/i0.wp.com\/vioolboeken.nl\/wp-content\/uploads\/2019\/07\/Easy-Classical-Collection-partituur-nr.-1.jpg?fit=225%2C300&amp;ssl=1\" class=\"attachment-medium size-medium\" alt=\"\" \/><\/a>\n\t\t\t<\/div><\/figure><figure class='gallery-item'>\n\t\t\t<div class='gallery-icon portrait'>\n\t\t\t\t<a href='https:\/\/vioolboeken.nl\/fr\/?attachment_id=773\/'><img loading=\"lazy\" decoding=\"async\" width=\"225\" height=\"300\" src=\"https:\/\/i0.wp.com\/vioolboeken.nl\/wp-content\/uploads\/2019\/07\/Easy-Classical-Collection-partituur-rondeau-bldz.-2.jpg?fit=225%2C300&amp;ssl=1\" class=\"attachment-medium size-medium\" alt=\"\" \/><\/a>\n\t\t\t<\/div><\/figure>\n\t\t<\/div>\n\n","protected":false},"excerpt":{"rendered":"<p>La s\u00e9rie\u00a0Mix &amp; Match for Strings\u00a0fournit la possibilit\u00e9 d\u2019interaction de cordes dans toutes les instrumentations imaginables. L\u2019instrumentation la plus petite est celle de 4 cordes solistes jusqu\u2019\u00e0 un grand orchestre \u00e0 cordes avec ajout de piano et percussion. Dans la partition\u00a04 parties obligatoires\u00a0figurent, chacune d\u2019elles pouvant \u00eatre interpr\u00e9t\u00e9es par un violon, un alto ou un\u00a0violoncelle. [&hellip;]<\/p>\n","protected":false},"featured_media":213,"template":"","meta":{"_monsterinsights_skip_tracking":false,"_monsterinsights_sitenote_active":false,"_monsterinsights_sitenote_note":"","_monsterinsights_sitenote_category":0,"ocean_post_layout":"","ocean_both_sidebars_style":"","ocean_both_sidebars_content_width":0,"ocean_both_sidebars_sidebars_width":0,"ocean_sidebar":"0","ocean_second_sidebar":"0","ocean_disable_margins":"enable","ocean_add_body_class":"","ocean_shortcode_before_top_bar":"","ocean_shortcode_after_top_bar":"","ocean_shortcode_before_header":"","ocean_shortcode_after_header":"","ocean_has_shortcode":"","ocean_shortcode_after_title":"","ocean_shortcode_before_footer_widgets":"","ocean_shortcode_after_footer_widgets":"","ocean_shortcode_before_footer_bottom":"","ocean_shortcode_after_footer_bottom":"","ocean_display_top_bar":"default","ocean_display_header":"default","ocean_header_style":"","ocean_center_header_left_menu":"0","ocean_custom_header_template":"0","ocean_custom_logo":0,"ocean_custom_retina_logo":0,"ocean_custom_logo_max_width":0,"ocean_custom_logo_tablet_max_width":0,"ocean_custom_logo_mobile_max_width":0,"ocean_custom_logo_max_height":0,"ocean_custom_logo_tablet_max_height":0,"ocean_custom_logo_mobile_max_height":0,"ocean_header_custom_menu":"0","ocean_menu_typo_font_family":"0","ocean_menu_typo_font_subset":"","ocean_menu_typo_font_size":0,"ocean_menu_typo_font_size_tablet":0,"ocean_menu_typo_font_size_mobile":0,"ocean_menu_typo_font_size_unit":"px","ocean_menu_typo_font_weight":"","ocean_menu_typo_font_weight_tablet":"","ocean_menu_typo_font_weight_mobile":"","ocean_menu_typo_transform":"","ocean_menu_typo_transform_tablet":"","ocean_menu_typo_transform_mobile":"","ocean_menu_typo_line_height":0,"ocean_menu_typo_line_height_tablet":0,"ocean_menu_typo_line_height_mobile":0,"ocean_menu_typo_line_height_unit":"","ocean_menu_typo_spacing":0,"ocean_menu_typo_spacing_tablet":0,"ocean_menu_typo_spacing_mobile":0,"ocean_menu_typo_spacing_unit":"","ocean_menu_link_color":"","ocean_menu_link_color_hover":"","ocean_menu_link_color_active":"","ocean_menu_link_background":"","ocean_menu_link_hover_background":"","ocean_menu_link_active_background":"","ocean_menu_social_links_bg":"","ocean_menu_social_hover_links_bg":"","ocean_menu_social_links_color":"","ocean_menu_social_hover_links_color":"","ocean_disable_title":"default","ocean_disable_heading":"default","ocean_post_title":"","ocean_post_subheading":"","ocean_post_title_style":"","ocean_post_title_background_color":"","ocean_post_title_background":0,"ocean_post_title_bg_image_position":"","ocean_post_title_bg_image_attachment":"","ocean_post_title_bg_image_repeat":"","ocean_post_title_bg_image_size":"","ocean_post_title_height":0,"ocean_post_title_bg_overlay":0.5,"ocean_post_title_bg_overlay_color":"","ocean_disable_breadcrumbs":"default","ocean_breadcrumbs_color":"","ocean_breadcrumbs_separator_color":"","ocean_breadcrumbs_links_color":"","ocean_breadcrumbs_links_hover_color":"","ocean_display_footer_widgets":"default","ocean_display_footer_bottom":"default","ocean_custom_footer_template":"0"},"product_brand":[],"product_cat":[39],"product_tag":[],"class_list":{"0":"post-260","1":"product","2":"type-product","3":"status-publish","4":"has-post-thumbnail","6":"product_cat-quatuor-a-cordes-ensemble-a-cordes","8":"entry","9":"has-media","11":"first","12":"instock","13":"taxable","14":"shipping-taxable","15":"purchasable","16":"product-type-simple","17":"has-product-nav","18":"col","19":"span_1_of_3","20":"owp-content-center","21":"owp-thumbs-layout-horizontal","22":"owp-btn-normal","23":"owp-tabs-layout-horizontal","24":"has-no-thumbnails"},"aioseo_notices":[],"jetpack_sharing_enabled":true,"_links":{"self":[{"href":"https:\/\/vioolboeken.nl\/fr\/wp-json\/wp\/v2\/product\/260","targetHints":{"allow":["GET"]}}],"collection":[{"href":"https:\/\/vioolboeken.nl\/fr\/wp-json\/wp\/v2\/product"}],"about":[{"href":"https:\/\/vioolboeken.nl\/fr\/wp-json\/wp\/v2\/types\/product"}],"wp:featuredmedia":[{"embeddable":true,"href":"https:\/\/vioolboeken.nl\/fr\/wp-json\/wp\/v2\/media\/213"}],"wp:attachment":[{"href":"https:\/\/vioolboeken.nl\/fr\/wp-json\/wp\/v2\/media?parent=260"}],"wp:term":[{"taxonomy":"product_brand","embeddable":true,"href":"https:\/\/vioolboeken.nl\/fr\/wp-json\/wp\/v2\/product_brand?post=260"},{"taxonomy":"product_cat","embeddable":true,"href":"https:\/\/vioolboeken.nl\/fr\/wp-json\/wp\/v2\/product_cat?post=260"},{"taxonomy":"product_tag","embeddable":true,"href":"https:\/\/vioolboeken.nl\/fr\/wp-json\/wp\/v2\/product_tag?post=260"}],"curies":[{"name":"wp","href":"https:\/\/api.w.org\/{rel}","templated":true}]}}