{"id":2578,"date":"2020-12-19T16:24:38","date_gmt":"2020-12-19T15:24:38","guid":{"rendered":"https:\/\/vioolboeken.nl\/?post_type=product&#038;p=2578"},"modified":"2024-08-01T12:18:30","modified_gmt":"2024-08-01T10:18:30","slug":"solos-for-young-violists-vol-1","status":"publish","type":"product","link":"https:\/\/vioolboeken.nl\/fr\/product\/solos-for-young-violists-vol-1\/","title":{"rendered":"Solos for young violists vol. 1"},"content":{"rendered":"<p><strong>SOLOS FOR YOUNG VIOLISTS <\/strong>est une s\u00e9rie gradu\u00e9e qui comprend des \u0153uvres allant du niveau \u00e9l\u00e9mentaire au niveau avanc\u00e9 et offre une vari\u00e9t\u00e9 passionnante de styles et de techniques pour les altistes &#8211; une ressource d&rsquo;\u00e9coute pr\u00e9cieuse pour les enseignants et les \u00e9tudiants de tous \u00e2ges. Si vous souhaitez recevoir des fichiers audio num\u00e9riques en plus du cahier livr\u00e9, vous pouvez l&rsquo;indiquer via une note dans la commande. Vous recevrez ensuite un lien de t\u00e9l\u00e9chargement (gratuit) par e-mail. Cette s\u00e9rie peut \u00eatre utilis\u00e9e par chaque altiste et compl\u00e8te n&rsquo;importe quelle m\u00e9thode ou cours. De nombreuses pi\u00e8ces de cette collection ont longtemps \u00e9t\u00e9 reconnues comme un tremplin vers le r\u00e9pertoire principal d&rsquo;alto, tandis que d&rsquo;autres sont des \u0153uvres nouvellement publi\u00e9es.\u00a0<\/p>\n<p><strong>Sommaire :<\/strong><\/p>\n<ul id=\"scroll-box-description\" tabindex=\"0\">\n<li>1. Country Gardens-English Morris Dance (Percy Grainger\/McLean)<\/li>\n<li>2. Conte S\u00e9rieux (L.Mendelssohn\/Barber)<\/li>\n<li>3. Marguerite Waltz (Haesche)<\/li>\n<li>4. The Sleeping Princess, Op. 101, No. 5 (Papini)<\/li>\n<li>5. Children&rsquo;s Prayer from\u00a0<em>Hansel and Gretel\u00a0<\/em>(Humperdinck\/Barber)<\/li>\n<li>6. Six Miniatures for Viola and Piano (Violet Archer)<\/li>\n<li>7. Two Dances (Hasse\/Moffat\/Barber)<\/li>\n<li>8. La Cinquantaine-The Golden Years (Gabriel-Marie\/Barber)<\/li>\n<li>9.Sonatine (Hook\/Applebaum)<\/li>\n<li>10.Scherzo (Webster\/Gerald)<\/li>\n<\/ul>\n<p>&nbsp;<\/p>\n<p><strong>Extraits audio : <\/strong><\/p>\n<p>Marguerite Waltz (Haesche)<\/p>\n<!--[if lt IE 9]><script>document.createElement('audio');<\/script><![endif]-->\n<audio class=\"wp-audio-shortcode\" id=\"audio-2578-1\" preload=\"none\" style=\"width: 100%;\" controls=\"controls\"><source type=\"audio\/mpeg\" src=\"https:\/\/vioolboeken.nl\/wp-content\/uploads\/2020\/12\/03-Marguerite-Waltz.mp3?_=1\" \/><a href=\"https:\/\/vioolboeken.nl\/wp-content\/uploads\/2020\/12\/03-Marguerite-Waltz.mp3\">https:\/\/vioolboeken.nl\/wp-content\/uploads\/2020\/12\/03-Marguerite-Waltz.mp3<\/a><\/audio>\n<p>Six Miniatures for Viola and Piano (Violet Archer)<\/p>\n<audio class=\"wp-audio-shortcode\" id=\"audio-2578-2\" preload=\"none\" style=\"width: 100%;\" controls=\"controls\"><source type=\"audio\/mpeg\" src=\"https:\/\/vioolboeken.nl\/wp-content\/uploads\/2020\/12\/19-Miniatures-for-Viola-and-Piano.mp3?_=2\" \/><a href=\"https:\/\/vioolboeken.nl\/wp-content\/uploads\/2020\/12\/19-Miniatures-for-Viola-and-Piano.mp3\">https:\/\/vioolboeken.nl\/wp-content\/uploads\/2020\/12\/19-Miniatures-for-Viola-and-Piano.mp3<\/a><\/audio>\n<p>&nbsp;<\/p>\n<p><strong>Extraits de partition :<\/strong><\/p>\n<p>(Cliquez pour agrandir l&rsquo;image)<\/p>\n<div id='gallery-1' class='gallery galleryid-2578 gallery-columns-3 gallery-size-medium'><figure class='gallery-item'>\n\t\t\t<div class='gallery-icon portrait'>\n\t\t\t\t<a href='https:\/\/vioolboeken.nl\/fr\/?attachment_id=2583\/'><img loading=\"lazy\" decoding=\"async\" width=\"213\" height=\"300\" src=\"https:\/\/i0.wp.com\/vioolboeken.nl\/wp-content\/uploads\/2020\/12\/Solos-for-young-violists-vol.-1-Country-Gardens-viola.jpeg?fit=213%2C300&amp;ssl=1\" class=\"attachment-medium size-medium\" alt=\"\" \/><\/a>\n\t\t\t<\/div><\/figure><figure class='gallery-item'>\n\t\t\t<div class='gallery-icon portrait'>\n\t\t\t\t<a href='https:\/\/vioolboeken.nl\/fr\/?attachment_id=2584\/'><img loading=\"lazy\" decoding=\"async\" width=\"213\" height=\"300\" src=\"https:\/\/i0.wp.com\/vioolboeken.nl\/wp-content\/uploads\/2020\/12\/Solos-for-young-violists-vol.-1-Skipping-along-viola.jpeg?fit=213%2C300&amp;ssl=1\" class=\"attachment-medium size-medium\" alt=\"\" \/><\/a>\n\t\t\t<\/div><\/figure><figure class='gallery-item'>\n\t\t\t<div class='gallery-icon portrait'>\n\t\t\t\t<a href='https:\/\/vioolboeken.nl\/fr\/?attachment_id=2585\/'><img loading=\"lazy\" decoding=\"async\" width=\"215\" height=\"300\" src=\"https:\/\/i0.wp.com\/vioolboeken.nl\/wp-content\/uploads\/2020\/12\/Solos-for-young-violists-vol.-1-Sonatine-piano-part.jpeg?fit=215%2C300&amp;ssl=1\" class=\"attachment-medium size-medium\" alt=\"\" \/><\/a>\n\t\t\t<\/div><\/figure>\n\t\t<\/div>\n\n","protected":false},"excerpt":{"rendered":"<p>SOLOS FOR YOUNG VIOLISTS est une s\u00e9rie gradu\u00e9e qui comprend des \u0153uvres allant du niveau \u00e9l\u00e9mentaire au niveau avanc\u00e9 et offre une vari\u00e9t\u00e9 passionnante de styles et de techniques pour les altistes &#8211; une ressource d&rsquo;\u00e9coute pr\u00e9cieuse pour les enseignants et les \u00e9tudiants de tous \u00e2ges. Si vous souhaitez recevoir des fichiers audio num\u00e9riques en [&hellip;]<\/p>\n","protected":false},"featured_media":2579,"template":"","meta":{"_monsterinsights_skip_tracking":false,"_monsterinsights_sitenote_active":false,"_monsterinsights_sitenote_note":"","_monsterinsights_sitenote_category":0,"ocean_post_layout":"","ocean_both_sidebars_style":"","ocean_both_sidebars_content_width":0,"ocean_both_sidebars_sidebars_width":0,"ocean_sidebar":"0","ocean_second_sidebar":"0","ocean_disable_margins":"enable","ocean_add_body_class":"","ocean_shortcode_before_top_bar":"","ocean_shortcode_after_top_bar":"","ocean_shortcode_before_header":"","ocean_shortcode_after_header":"","ocean_has_shortcode":"","ocean_shortcode_after_title":"","ocean_shortcode_before_footer_widgets":"","ocean_shortcode_after_footer_widgets":"","ocean_shortcode_before_footer_bottom":"","ocean_shortcode_after_footer_bottom":"","ocean_display_top_bar":"default","ocean_display_header":"default","ocean_header_style":"","ocean_center_header_left_menu":"0","ocean_custom_header_template":"0","ocean_custom_logo":0,"ocean_custom_retina_logo":0,"ocean_custom_logo_max_width":0,"ocean_custom_logo_tablet_max_width":0,"ocean_custom_logo_mobile_max_width":0,"ocean_custom_logo_max_height":0,"ocean_custom_logo_tablet_max_height":0,"ocean_custom_logo_mobile_max_height":0,"ocean_header_custom_menu":"0","ocean_menu_typo_font_family":"0","ocean_menu_typo_font_subset":"","ocean_menu_typo_font_size":0,"ocean_menu_typo_font_size_tablet":0,"ocean_menu_typo_font_size_mobile":0,"ocean_menu_typo_font_size_unit":"px","ocean_menu_typo_font_weight":"","ocean_menu_typo_font_weight_tablet":"","ocean_menu_typo_font_weight_mobile":"","ocean_menu_typo_transform":"","ocean_menu_typo_transform_tablet":"","ocean_menu_typo_transform_mobile":"","ocean_menu_typo_line_height":0,"ocean_menu_typo_line_height_tablet":0,"ocean_menu_typo_line_height_mobile":0,"ocean_menu_typo_line_height_unit":"","ocean_menu_typo_spacing":0,"ocean_menu_typo_spacing_tablet":0,"ocean_menu_typo_spacing_mobile":0,"ocean_menu_typo_spacing_unit":"","ocean_menu_link_color":"","ocean_menu_link_color_hover":"","ocean_menu_link_color_active":"","ocean_menu_link_background":"","ocean_menu_link_hover_background":"","ocean_menu_link_active_background":"","ocean_menu_social_links_bg":"","ocean_menu_social_hover_links_bg":"","ocean_menu_social_links_color":"","ocean_menu_social_hover_links_color":"","ocean_disable_title":"default","ocean_disable_heading":"default","ocean_post_title":"","ocean_post_subheading":"","ocean_post_title_style":"","ocean_post_title_background_color":"","ocean_post_title_background":0,"ocean_post_title_bg_image_position":"","ocean_post_title_bg_image_attachment":"","ocean_post_title_bg_image_repeat":"","ocean_post_title_bg_image_size":"","ocean_post_title_height":0,"ocean_post_title_bg_overlay":0.5,"ocean_post_title_bg_overlay_color":"","ocean_disable_breadcrumbs":"default","ocean_breadcrumbs_color":"","ocean_breadcrumbs_separator_color":"","ocean_breadcrumbs_links_color":"","ocean_breadcrumbs_links_hover_color":"","ocean_display_footer_widgets":"default","ocean_display_footer_bottom":"default","ocean_custom_footer_template":"0"},"product_brand":[],"product_cat":[37],"product_tag":[],"class_list":{"0":"post-2578","1":"product","2":"type-product","3":"status-publish","4":"has-post-thumbnail","6":"product_cat-recueils-de-repertoire-violon-alto","8":"entry","9":"has-media","11":"first","12":"instock","13":"taxable","14":"shipping-taxable","15":"purchasable","16":"product-type-simple","17":"has-product-nav","18":"col","19":"span_1_of_3","20":"owp-content-center","21":"owp-thumbs-layout-horizontal","22":"owp-btn-normal","23":"owp-tabs-layout-horizontal","24":"has-no-thumbnails"},"aioseo_notices":[],"jetpack_sharing_enabled":true,"_links":{"self":[{"href":"https:\/\/vioolboeken.nl\/fr\/wp-json\/wp\/v2\/product\/2578","targetHints":{"allow":["GET"]}}],"collection":[{"href":"https:\/\/vioolboeken.nl\/fr\/wp-json\/wp\/v2\/product"}],"about":[{"href":"https:\/\/vioolboeken.nl\/fr\/wp-json\/wp\/v2\/types\/product"}],"wp:featuredmedia":[{"embeddable":true,"href":"https:\/\/vioolboeken.nl\/fr\/wp-json\/wp\/v2\/media\/2579"}],"wp:attachment":[{"href":"https:\/\/vioolboeken.nl\/fr\/wp-json\/wp\/v2\/media?parent=2578"}],"wp:term":[{"taxonomy":"product_brand","embeddable":true,"href":"https:\/\/vioolboeken.nl\/fr\/wp-json\/wp\/v2\/product_brand?post=2578"},{"taxonomy":"product_cat","embeddable":true,"href":"https:\/\/vioolboeken.nl\/fr\/wp-json\/wp\/v2\/product_cat?post=2578"},{"taxonomy":"product_tag","embeddable":true,"href":"https:\/\/vioolboeken.nl\/fr\/wp-json\/wp\/v2\/product_tag?post=2578"}],"curies":[{"name":"wp","href":"https:\/\/api.w.org\/{rel}","templated":true}]}}