{"id":223,"date":"2019-07-31T19:53:49","date_gmt":"2019-07-31T17:53:49","guid":{"rendered":"https:\/\/vioolboeken.nl\/?post_type=product&#038;p=223"},"modified":"2025-09-13T19:10:05","modified_gmt":"2025-09-13T17:10:05","slug":"disney-for-strings","status":"publish","type":"product","link":"https:\/\/vioolboeken.nl\/fr\/product\/disney-for-strings\/","title":{"rendered":"Disney for Strings"},"content":{"rendered":"<p>De Haske String Orchestra Series est une collection destin\u00e9e aux Orchestres \u00e0 Cordes. Les compositions et les arrangements r\u00e9unis sous ce label sont en parfait accord ave le niveau cibl\u00e9, et proposent des styles tr\u00e8s vari\u00e9s allant dus classique \u00e0 la musique folk en passant pas des couleurs plus modernes. Chaque pi\u00e8ce constitue un d\u00e9fi pour les musiciens. La partie d\u2019Alto peut \u00eatre remplac\u00e9e par le Violon 3; la partie de Contrebasse peut \u00eatre remplac\u00e9e par le Violoncelle 2. Le piano intervient essentiellement en soutien, mais expose \u00e9galement de nouveaux motifs. Chaque recueil rassemble des pi\u00e8ces qui se compl\u00e8tent sur le plan stylistique et dont le degr\u00e9 de difficult\u00e9 est identique. L\u2019ensemble se compose d\u2019une partition et de 8 parties. Ces c\u00e9l\u00e8bres chansons de <strong><em>Disney for Strings<\/em> <\/strong>n&rsquo;ont pas besoin d&rsquo;introduction .\u00a0<\/p>\n<p><strong>Sommaire :\u00a0<\/strong><\/p>\n<p><span class=\"hps\">&#8211;<\/span><span class=\"hps\">The Bare Necessities <\/span><span class=\"hps atn\">(<\/span>Terry Gilkyson, arr. Nico Dezaire)\u00a0<br \/><span class=\"hps\">&#8211;<\/span>\u00a0It&rsquo;s a small world\u00a0<span class=\"hps atn\">(<\/span>Richard et\u00a0<span class=\"hps\">Robert<\/span><span class=\"hps\">Sherman, arr. Nico Dezaire)<br \/>&#8211; C<\/span><span class=\"hps\">an You Feel<\/span>\u00a0the love Tonight (Sir Elton\u00a0<span class=\"hps\">John, arr. Nico Dezaire)<\/span><br \/><span class=\"hps\">&#8211; The Medallion\u00a0Calls\u00a0<\/span><span class=\"hps atn\">(<\/span>Klaus Badelt, arr. Nico Dezaire)<\/p>\n<h3>Extraits de partition :<\/h3>\n<p>(cliquez pour agrandir l&rsquo;image)<\/p>\n<div id='gallery-1' class='gallery galleryid-223 gallery-columns-2 gallery-size-medium'><figure class='gallery-item'>\n\t\t\t<div class='gallery-icon portrait'>\n\t\t\t\t<a href='https:\/\/vioolboeken.nl\/fr\/?attachment_id=791\/'><img loading=\"lazy\" decoding=\"async\" width=\"226\" height=\"300\" src=\"https:\/\/i0.wp.com\/vioolboeken.nl\/wp-content\/uploads\/2019\/07\/Disney-for-strings-viool-1-nr.-1.jpg?fit=226%2C300&amp;ssl=1\" class=\"attachment-medium size-medium\" alt=\"\" \/><\/a>\n\t\t\t<\/div><\/figure><figure class='gallery-item'>\n\t\t\t<div class='gallery-icon portrait'>\n\t\t\t\t<a href='https:\/\/vioolboeken.nl\/fr\/?attachment_id=792\/'><img loading=\"lazy\" decoding=\"async\" width=\"226\" height=\"300\" src=\"https:\/\/i0.wp.com\/vioolboeken.nl\/wp-content\/uploads\/2019\/07\/Disney-for-strings-partituur-nr.-3.jpg?fit=226%2C300&amp;ssl=1\" class=\"attachment-medium size-medium\" alt=\"\" \/><\/a>\n\t\t\t<\/div><\/figure><figure class='gallery-item'>\n\t\t\t<div class='gallery-icon portrait'>\n\t\t\t\t<a href='https:\/\/vioolboeken.nl\/fr\/?attachment_id=793\/'><img loading=\"lazy\" decoding=\"async\" width=\"226\" height=\"300\" src=\"https:\/\/i0.wp.com\/vioolboeken.nl\/wp-content\/uploads\/2019\/07\/Disney-for-strings-partituur-nr.-2.jpg?fit=226%2C300&amp;ssl=1\" class=\"attachment-medium size-medium\" alt=\"\" \/><\/a>\n\t\t\t<\/div><\/figure><figure class='gallery-item'>\n\t\t\t<div class='gallery-icon portrait'>\n\t\t\t\t<a href='https:\/\/vioolboeken.nl\/fr\/?attachment_id=794\/'><img loading=\"lazy\" decoding=\"async\" width=\"226\" height=\"300\" src=\"https:\/\/i0.wp.com\/vioolboeken.nl\/wp-content\/uploads\/2019\/07\/Disney-for-strings-partituur-nr.-1.jpg?fit=226%2C300&amp;ssl=1\" class=\"attachment-medium size-medium\" alt=\"\" \/><\/a>\n\t\t\t<\/div><\/figure>\n\t\t<\/div>\n\n<h3>Youtube\u00a0<\/h3>\n<p><a href=\"https:\/\/www.youtube.com\/watch?v=x3n1Ke5N3uk\" target=\"_blank\" rel=\"noopener noreferrer\">The Bare Necessities<\/a><\/p>\n<p><a href=\"https:\/\/www.youtube.com\/watch?v=84iM5NEse9Q\" target=\"_blank\" rel=\"noopener noreferrer\">It&rsquo;s Small World<\/a><\/p>\n<p><a href=\"https:\/\/www.youtube.com\/watch?v=6iaaMUX26_k\" target=\"_blank\" rel=\"noopener noreferrer\">Can you feel the love tonight<\/a><\/p>\n<p><a href=\"https:\/\/www.youtube.com\/watch?v=JGMyLX5GeSY\" target=\"_blank\" rel=\"noopener noreferrer\">The Medallion Calls\u00a0<\/a> \u00a0<\/p>\n","protected":false},"excerpt":{"rendered":"<p>De Haske String Orchestra Series est une collection destin\u00e9e aux Orchestres \u00e0 Cordes. Les compositions et les arrangements r\u00e9unis sous ce label sont en parfait accord ave le niveau cibl\u00e9, et proposent des styles tr\u00e8s vari\u00e9s allant dus classique \u00e0 la musique folk en passant pas des couleurs plus modernes. Chaque pi\u00e8ce constitue un d\u00e9fi [&hellip;]<\/p>\n","protected":false},"featured_media":207,"template":"","meta":{"_monsterinsights_skip_tracking":false,"_monsterinsights_sitenote_active":false,"_monsterinsights_sitenote_note":"","_monsterinsights_sitenote_category":0,"ocean_post_layout":"","ocean_both_sidebars_style":"","ocean_both_sidebars_content_width":0,"ocean_both_sidebars_sidebars_width":0,"ocean_sidebar":"0","ocean_second_sidebar":"0","ocean_disable_margins":"enable","ocean_add_body_class":"","ocean_shortcode_before_top_bar":"","ocean_shortcode_after_top_bar":"","ocean_shortcode_before_header":"","ocean_shortcode_after_header":"","ocean_has_shortcode":"","ocean_shortcode_after_title":"","ocean_shortcode_before_footer_widgets":"","ocean_shortcode_after_footer_widgets":"","ocean_shortcode_before_footer_bottom":"","ocean_shortcode_after_footer_bottom":"","ocean_display_top_bar":"default","ocean_display_header":"default","ocean_header_style":"","ocean_center_header_left_menu":"0","ocean_custom_header_template":"0","ocean_custom_logo":0,"ocean_custom_retina_logo":0,"ocean_custom_logo_max_width":0,"ocean_custom_logo_tablet_max_width":0,"ocean_custom_logo_mobile_max_width":0,"ocean_custom_logo_max_height":0,"ocean_custom_logo_tablet_max_height":0,"ocean_custom_logo_mobile_max_height":0,"ocean_header_custom_menu":"0","ocean_menu_typo_font_family":"0","ocean_menu_typo_font_subset":"","ocean_menu_typo_font_size":0,"ocean_menu_typo_font_size_tablet":0,"ocean_menu_typo_font_size_mobile":0,"ocean_menu_typo_font_size_unit":"px","ocean_menu_typo_font_weight":"","ocean_menu_typo_font_weight_tablet":"","ocean_menu_typo_font_weight_mobile":"","ocean_menu_typo_transform":"","ocean_menu_typo_transform_tablet":"","ocean_menu_typo_transform_mobile":"","ocean_menu_typo_line_height":0,"ocean_menu_typo_line_height_tablet":0,"ocean_menu_typo_line_height_mobile":0,"ocean_menu_typo_line_height_unit":"","ocean_menu_typo_spacing":0,"ocean_menu_typo_spacing_tablet":0,"ocean_menu_typo_spacing_mobile":0,"ocean_menu_typo_spacing_unit":"","ocean_menu_link_color":"","ocean_menu_link_color_hover":"","ocean_menu_link_color_active":"","ocean_menu_link_background":"","ocean_menu_link_hover_background":"","ocean_menu_link_active_background":"","ocean_menu_social_links_bg":"","ocean_menu_social_hover_links_bg":"","ocean_menu_social_links_color":"","ocean_menu_social_hover_links_color":"","ocean_disable_title":"default","ocean_disable_heading":"default","ocean_post_title":"","ocean_post_subheading":"","ocean_post_title_style":"","ocean_post_title_background_color":"","ocean_post_title_background":0,"ocean_post_title_bg_image_position":"","ocean_post_title_bg_image_attachment":"","ocean_post_title_bg_image_repeat":"","ocean_post_title_bg_image_size":"","ocean_post_title_height":0,"ocean_post_title_bg_overlay":0.5,"ocean_post_title_bg_overlay_color":"","ocean_disable_breadcrumbs":"default","ocean_breadcrumbs_color":"","ocean_breadcrumbs_separator_color":"","ocean_breadcrumbs_links_color":"","ocean_breadcrumbs_links_hover_color":"","ocean_display_footer_widgets":"default","ocean_display_footer_bottom":"default","ocean_custom_footer_template":"0"},"product_brand":[],"product_cat":[39],"product_tag":[],"class_list":{"0":"post-223","1":"product","2":"type-product","3":"status-publish","4":"has-post-thumbnail","6":"product_cat-quatuor-a-cordes-ensemble-a-cordes","8":"entry","9":"has-media","11":"first","12":"instock","13":"taxable","14":"shipping-taxable","15":"purchasable","16":"product-type-simple","17":"has-product-nav","18":"col","19":"span_1_of_3","20":"owp-content-center","21":"owp-thumbs-layout-horizontal","22":"owp-btn-normal","23":"owp-tabs-layout-horizontal","24":"has-no-thumbnails"},"aioseo_notices":[],"jetpack_sharing_enabled":true,"_links":{"self":[{"href":"https:\/\/vioolboeken.nl\/fr\/wp-json\/wp\/v2\/product\/223","targetHints":{"allow":["GET"]}}],"collection":[{"href":"https:\/\/vioolboeken.nl\/fr\/wp-json\/wp\/v2\/product"}],"about":[{"href":"https:\/\/vioolboeken.nl\/fr\/wp-json\/wp\/v2\/types\/product"}],"wp:featuredmedia":[{"embeddable":true,"href":"https:\/\/vioolboeken.nl\/fr\/wp-json\/wp\/v2\/media\/207"}],"wp:attachment":[{"href":"https:\/\/vioolboeken.nl\/fr\/wp-json\/wp\/v2\/media?parent=223"}],"wp:term":[{"taxonomy":"product_brand","embeddable":true,"href":"https:\/\/vioolboeken.nl\/fr\/wp-json\/wp\/v2\/product_brand?post=223"},{"taxonomy":"product_cat","embeddable":true,"href":"https:\/\/vioolboeken.nl\/fr\/wp-json\/wp\/v2\/product_cat?post=223"},{"taxonomy":"product_tag","embeddable":true,"href":"https:\/\/vioolboeken.nl\/fr\/wp-json\/wp\/v2\/product_tag?post=223"}],"curies":[{"name":"wp","href":"https:\/\/api.w.org\/{rel}","templated":true}]}}