{"id":222,"date":"2019-07-31T19:50:51","date_gmt":"2019-07-31T17:50:51","guid":{"rendered":"https:\/\/vioolboeken.nl\/?post_type=product&#038;p=222"},"modified":"2024-08-01T11:53:52","modified_gmt":"2024-08-01T09:53:52","slug":"sunny-strings","status":"publish","type":"product","link":"https:\/\/vioolboeken.nl\/fr\/product\/sunny-strings\/","title":{"rendered":"Sunny Strings "},"content":{"rendered":"<p>De Haske String Orchestra Series est une collection destin\u00e9e aux Orchestres \u00e0 Cordes. Les compositions et les arrangements r\u00e9unis sous ce label sont en parfait accord ave le niveau cibl\u00e9, et proposent des styles tr\u00e8s vari\u00e9s allant dus classique \u00e0 la musique folk en passant pas des couleurs plus modernes. Chaque pi\u00e8ce constitue un d\u00e9fi pour les musiciens. La partie d\u2019Alto peut \u00eatre remplac\u00e9e par le Violon 3; la partie de Contrebasse peut \u00eatre remplac\u00e9e par le Violoncelle 2. Le piano intervient essentiellement en soutien, mais expose \u00e9galement de nouveaux motifs. Chaque recueil rassemble des pi\u00e8ces qui se compl\u00e8tent sur le plan stylistique et dont le degr\u00e9 de difficult\u00e9 est identique. L\u2019ensemble se compose d\u2019une partition et de 8 parties.&nbsp;<\/p>\n<p><strong><em>Sunny Strings<\/em><\/strong> contient quatre petits imprim\u00e9s fleuris aux mille etune couleurs du soleil, 3 compositions nouvelles \u00ab\u00a0A Sunny Day\u00a0\u00bb, \u00ab\u00a0Sunday Party\u00a0\u00bb, \u00ab\u00a0Sunny Blues\u00a0\u00bb et un arrangement d&rsquo;un air traditionnel \u00ab\u00a0The Ghost of Tom\u00a0\u00bb, un canon qui est suivi d&rsquo;un passage improvis\u00e9 pour tout l&rsquo;orchestre.<\/p>\n<h3>Extraits audio :<\/h3>\n<!--[if lt IE 9]><script>document.createElement('audio');<\/script><![endif]-->\n\t<div class=\"wp-playlist wp-audio-playlist wp-playlist-light\">\n\t\t\t<div class=\"wp-playlist-current-item\"><\/div>\n\t\t<audio controls=\"controls\" preload=\"none\" width=\"1178\"\n\t\t\t><\/audio>\n\t<div class=\"wp-playlist-next\"><\/div>\n\t<div class=\"wp-playlist-prev\"><\/div>\n\t<noscript>\n\t<ol>\n\t\t<li><a href='https:\/\/vioolboeken.nl\/wp-content\/uploads\/2019\/07\/A-Sunny-Day.mp3'>A Sunny Day<\/a><\/li><li><a href='https:\/\/vioolboeken.nl\/wp-content\/uploads\/2019\/07\/Sunday-Party.mp3'>Sunday Party<\/a><\/li><li><a href='https:\/\/vioolboeken.nl\/wp-content\/uploads\/2019\/07\/Sunny-Blues.mp3'>Sunny Blues<\/a><\/li><li><a href='https:\/\/vioolboeken.nl\/wp-content\/uploads\/2019\/07\/The-Ghost-of-Tom.mp3'>The Ghost of Tom<\/a><\/li>\t<\/ol>\n\t<\/noscript>\n\t<script type=\"application\/json\" class=\"wp-playlist-script\">{\"type\":\"audio\",\"tracklist\":true,\"tracknumbers\":true,\"images\":true,\"artists\":true,\"tracks\":[{\"src\":\"https:\\\/\\\/vioolboeken.nl\\\/wp-content\\\/uploads\\\/2019\\\/07\\\/A-Sunny-Day.mp3\",\"type\":\"audio\\\/mpeg\",\"title\":\"A Sunny Day\",\"caption\":\"\",\"description\":\"\\\"Nummer 12\\\" van De Haske String Orchestra demo cd door ad hoc ensemble de haske. Track 12. Genre: Genre onbekend.\",\"meta\":{\"artist\":\"ad hoc ensemble de haske\",\"album\":\"De Haske String Orchestra demo cd\",\"genre\":\"Genre onbekend\",\"length_formatted\":\"1:16\"},\"image\":{\"src\":\"https:\\\/\\\/vioolboeken.nl\\\/wp-includes\\\/images\\\/media\\\/audio.svg\",\"width\":48,\"height\":64},\"thumb\":{\"src\":\"https:\\\/\\\/vioolboeken.nl\\\/wp-includes\\\/images\\\/media\\\/audio.svg\",\"width\":48,\"height\":64}},{\"src\":\"https:\\\/\\\/vioolboeken.nl\\\/wp-content\\\/uploads\\\/2019\\\/07\\\/Sunday-Party.mp3\",\"type\":\"audio\\\/mpeg\",\"title\":\"Sunday Party\",\"caption\":\"\",\"description\":\"\\\"Nummer 13\\\" van De Haske String Orchestra demo cd door ad hoc ensemble de haske. Track 13. Genre: Genre onbekend.\",\"meta\":{\"artist\":\"ad hoc ensemble de haske\",\"album\":\"De Haske String Orchestra demo cd\",\"genre\":\"Genre onbekend\",\"length_formatted\":\"1:33\"},\"image\":{\"src\":\"https:\\\/\\\/vioolboeken.nl\\\/wp-includes\\\/images\\\/media\\\/audio.svg\",\"width\":48,\"height\":64},\"thumb\":{\"src\":\"https:\\\/\\\/vioolboeken.nl\\\/wp-includes\\\/images\\\/media\\\/audio.svg\",\"width\":48,\"height\":64}},{\"src\":\"https:\\\/\\\/vioolboeken.nl\\\/wp-content\\\/uploads\\\/2019\\\/07\\\/Sunny-Blues.mp3\",\"type\":\"audio\\\/mpeg\",\"title\":\"Sunny Blues\",\"caption\":\"\",\"description\":\"\\\"Nummer 14\\\" van De Haske String Orchestra demo cd door ad hoc ensemble de haske. Track 14. Genre: Genre onbekend.\",\"meta\":{\"artist\":\"ad hoc ensemble de haske\",\"album\":\"De Haske String Orchestra demo cd\",\"genre\":\"Genre onbekend\",\"length_formatted\":\"1:33\"},\"image\":{\"src\":\"https:\\\/\\\/vioolboeken.nl\\\/wp-includes\\\/images\\\/media\\\/audio.svg\",\"width\":48,\"height\":64},\"thumb\":{\"src\":\"https:\\\/\\\/vioolboeken.nl\\\/wp-includes\\\/images\\\/media\\\/audio.svg\",\"width\":48,\"height\":64}},{\"src\":\"https:\\\/\\\/vioolboeken.nl\\\/wp-content\\\/uploads\\\/2019\\\/07\\\/The-Ghost-of-Tom.mp3\",\"type\":\"audio\\\/mpeg\",\"title\":\"The Ghost of Tom\",\"caption\":\"\",\"description\":\"\\\"Nummer 15\\\" van De Haske String Orchestra demo cd door ad hoc ensemble de haske. Track 15. Genre: Genre onbekend.\",\"meta\":{\"artist\":\"ad hoc ensemble de haske\",\"album\":\"De Haske String Orchestra demo cd\",\"genre\":\"Genre onbekend\",\"length_formatted\":\"2:21\"},\"image\":{\"src\":\"https:\\\/\\\/vioolboeken.nl\\\/wp-includes\\\/images\\\/media\\\/audio.svg\",\"width\":48,\"height\":64},\"thumb\":{\"src\":\"https:\\\/\\\/vioolboeken.nl\\\/wp-includes\\\/images\\\/media\\\/audio.svg\",\"width\":48,\"height\":64}}]}<\/script>\n<\/div>\n\t\n<h3>Extraits de partition :<\/h3>\n<p>(cliquez pour agrandir l&rsquo;image)<\/p>\n<div id='gallery-1' class='gallery galleryid-222 gallery-columns-2 gallery-size-medium'><figure class='gallery-item'>\n\t\t\t<div class='gallery-icon portrait'>\n\t\t\t\t<a href='https:\/\/vioolboeken.nl\/fr\/?attachment_id=799\/'><img loading=\"lazy\" decoding=\"async\" width=\"219\" height=\"300\" src=\"https:\/\/i0.wp.com\/vioolboeken.nl\/wp-content\/uploads\/2019\/07\/Sunny-strings-partituur-nr.-1.jpg?fit=219%2C300&amp;ssl=1\" class=\"attachment-medium size-medium\" alt=\"\" \/><\/a>\n\t\t\t<\/div><\/figure><figure class='gallery-item'>\n\t\t\t<div class='gallery-icon portrait'>\n\t\t\t\t<a href='https:\/\/vioolboeken.nl\/fr\/?attachment_id=798\/'><img loading=\"lazy\" decoding=\"async\" width=\"215\" height=\"300\" src=\"https:\/\/i0.wp.com\/vioolboeken.nl\/wp-content\/uploads\/2019\/07\/Sunny-strings-sunday-party.jpg?fit=215%2C300&amp;ssl=1\" class=\"attachment-medium size-medium\" alt=\"\" \/><\/a>\n\t\t\t<\/div><\/figure><figure class='gallery-item'>\n\t\t\t<div class='gallery-icon portrait'>\n\t\t\t\t<a href='https:\/\/vioolboeken.nl\/fr\/?attachment_id=797\/'><img loading=\"lazy\" decoding=\"async\" width=\"218\" height=\"300\" src=\"https:\/\/i0.wp.com\/vioolboeken.nl\/wp-content\/uploads\/2019\/07\/Sunny-strings-sunny-blues.jpg?fit=218%2C300&amp;ssl=1\" class=\"attachment-medium size-medium\" alt=\"\" \/><\/a>\n\t\t\t<\/div><\/figure><figure class='gallery-item'>\n\t\t\t<div class='gallery-icon portrait'>\n\t\t\t\t<a href='https:\/\/vioolboeken.nl\/fr\/?attachment_id=796\/'><img loading=\"lazy\" decoding=\"async\" width=\"226\" height=\"300\" src=\"https:\/\/i0.wp.com\/vioolboeken.nl\/wp-content\/uploads\/2019\/07\/sunny-strings-viool-1-a-sunny-day.jpg?fit=226%2C300&amp;ssl=1\" class=\"attachment-medium size-medium\" alt=\"\" \/><\/a>\n\t\t\t<\/div><\/figure>\n\t\t<\/div>\n\n<h3>Youtube :<\/h3>\n<p><a href=\"https:\/\/www.youtube.com\/watch?v=QG8_jWbzJzU\" target=\"_blank\" rel=\"noopener noreferrer\">Sunny Blues<\/a><\/p>\n<p><a href=\"https:\/\/www.youtube.com\/watch?v=KzA00jyYMGs\" target=\"_blank\" rel=\"noopener noreferrer\">The Ghost of Tom<\/a> &nbsp;<\/p>\n","protected":false},"excerpt":{"rendered":"<p>De Haske String Orchestra Series est une collection destin\u00e9e aux Orchestres \u00e0 Cordes. Les compositions et les arrangements r\u00e9unis sous ce label sont en parfait accord ave le niveau cibl\u00e9, et proposent des styles tr\u00e8s vari\u00e9s allant dus classique \u00e0 la musique folk en passant pas des couleurs plus modernes. Chaque pi\u00e8ce constitue un d\u00e9fi [&hellip;]<\/p>\n","protected":false},"featured_media":208,"template":"","meta":{"_monsterinsights_skip_tracking":false,"_monsterinsights_sitenote_active":false,"_monsterinsights_sitenote_note":"","_monsterinsights_sitenote_category":0,"ocean_post_layout":"","ocean_both_sidebars_style":"","ocean_both_sidebars_content_width":0,"ocean_both_sidebars_sidebars_width":0,"ocean_sidebar":"0","ocean_second_sidebar":"0","ocean_disable_margins":"enable","ocean_add_body_class":"","ocean_shortcode_before_top_bar":"","ocean_shortcode_after_top_bar":"","ocean_shortcode_before_header":"","ocean_shortcode_after_header":"","ocean_has_shortcode":"","ocean_shortcode_after_title":"","ocean_shortcode_before_footer_widgets":"","ocean_shortcode_after_footer_widgets":"","ocean_shortcode_before_footer_bottom":"","ocean_shortcode_after_footer_bottom":"","ocean_display_top_bar":"default","ocean_display_header":"default","ocean_header_style":"","ocean_center_header_left_menu":"0","ocean_custom_header_template":"0","ocean_custom_logo":0,"ocean_custom_retina_logo":0,"ocean_custom_logo_max_width":0,"ocean_custom_logo_tablet_max_width":0,"ocean_custom_logo_mobile_max_width":0,"ocean_custom_logo_max_height":0,"ocean_custom_logo_tablet_max_height":0,"ocean_custom_logo_mobile_max_height":0,"ocean_header_custom_menu":"0","ocean_menu_typo_font_family":"0","ocean_menu_typo_font_subset":"","ocean_menu_typo_font_size":0,"ocean_menu_typo_font_size_tablet":0,"ocean_menu_typo_font_size_mobile":0,"ocean_menu_typo_font_size_unit":"px","ocean_menu_typo_font_weight":"","ocean_menu_typo_font_weight_tablet":"","ocean_menu_typo_font_weight_mobile":"","ocean_menu_typo_transform":"","ocean_menu_typo_transform_tablet":"","ocean_menu_typo_transform_mobile":"","ocean_menu_typo_line_height":0,"ocean_menu_typo_line_height_tablet":0,"ocean_menu_typo_line_height_mobile":0,"ocean_menu_typo_line_height_unit":"","ocean_menu_typo_spacing":0,"ocean_menu_typo_spacing_tablet":0,"ocean_menu_typo_spacing_mobile":0,"ocean_menu_typo_spacing_unit":"","ocean_menu_link_color":"","ocean_menu_link_color_hover":"","ocean_menu_link_color_active":"","ocean_menu_link_background":"","ocean_menu_link_hover_background":"","ocean_menu_link_active_background":"","ocean_menu_social_links_bg":"","ocean_menu_social_hover_links_bg":"","ocean_menu_social_links_color":"","ocean_menu_social_hover_links_color":"","ocean_disable_title":"default","ocean_disable_heading":"default","ocean_post_title":"","ocean_post_subheading":"","ocean_post_title_style":"","ocean_post_title_background_color":"","ocean_post_title_background":0,"ocean_post_title_bg_image_position":"","ocean_post_title_bg_image_attachment":"","ocean_post_title_bg_image_repeat":"","ocean_post_title_bg_image_size":"","ocean_post_title_height":0,"ocean_post_title_bg_overlay":0.5,"ocean_post_title_bg_overlay_color":"","ocean_disable_breadcrumbs":"default","ocean_breadcrumbs_color":"","ocean_breadcrumbs_separator_color":"","ocean_breadcrumbs_links_color":"","ocean_breadcrumbs_links_hover_color":"","ocean_display_footer_widgets":"default","ocean_display_footer_bottom":"default","ocean_custom_footer_template":"0"},"product_brand":[],"product_cat":[39],"product_tag":[],"class_list":{"0":"post-222","1":"product","2":"type-product","3":"status-publish","4":"has-post-thumbnail","6":"product_cat-quatuor-a-cordes-ensemble-a-cordes","8":"entry","9":"has-media","11":"first","12":"instock","13":"taxable","14":"shipping-taxable","15":"purchasable","16":"product-type-simple","17":"has-product-nav","18":"col","19":"span_1_of_3","20":"owp-content-center","21":"owp-thumbs-layout-horizontal","22":"owp-btn-normal","23":"owp-tabs-layout-horizontal","24":"has-no-thumbnails"},"aioseo_notices":[],"jetpack_sharing_enabled":true,"_links":{"self":[{"href":"https:\/\/vioolboeken.nl\/fr\/wp-json\/wp\/v2\/product\/222","targetHints":{"allow":["GET"]}}],"collection":[{"href":"https:\/\/vioolboeken.nl\/fr\/wp-json\/wp\/v2\/product"}],"about":[{"href":"https:\/\/vioolboeken.nl\/fr\/wp-json\/wp\/v2\/types\/product"}],"wp:featuredmedia":[{"embeddable":true,"href":"https:\/\/vioolboeken.nl\/fr\/wp-json\/wp\/v2\/media\/208"}],"wp:attachment":[{"href":"https:\/\/vioolboeken.nl\/fr\/wp-json\/wp\/v2\/media?parent=222"}],"wp:term":[{"taxonomy":"product_brand","embeddable":true,"href":"https:\/\/vioolboeken.nl\/fr\/wp-json\/wp\/v2\/product_brand?post=222"},{"taxonomy":"product_cat","embeddable":true,"href":"https:\/\/vioolboeken.nl\/fr\/wp-json\/wp\/v2\/product_cat?post=222"},{"taxonomy":"product_tag","embeddable":true,"href":"https:\/\/vioolboeken.nl\/fr\/wp-json\/wp\/v2\/product_tag?post=222"}],"curies":[{"name":"wp","href":"https:\/\/api.w.org\/{rel}","templated":true}]}}