{"id":221,"date":"2019-07-31T19:46:36","date_gmt":"2019-07-31T17:46:36","guid":{"rendered":"https:\/\/vioolboeken.nl\/?post_type=product&#038;p=221"},"modified":"2024-08-01T11:52:48","modified_gmt":"2024-08-01T09:52:48","slug":"classical-highligths","status":"publish","type":"product","link":"https:\/\/vioolboeken.nl\/fr\/product\/classical-highligths\/","title":{"rendered":"Classical Highligths"},"content":{"rendered":"<p>De Haske String Orchestra Series&nbsp;est une collection destin\u00e9e aux Orchestres \u00e0 Cordes. Les compositions et les arrangements r\u00e9unis sous ce label sont en parfait accord avec le niveau cibl\u00e9, et proposent des styles tr\u00e8s vari\u00e9s allant du classique \u00e0 la musique folk en passant pas des couleurs plus modernes. Chaque pi\u00e8ce constitue un d\u00e9fi pour les musiciens. L\u2019instrumentation est toujours la m\u00eame : Violons 1 &amp; 2, Alto (ou Violon 3), Violoncelle, Contrebasse (ou Violoncelle 2) et Piano. Le piano intervient essentiellement en soutien, mais expose \u00e9galement de nouveaux motifs. Chaque recueil rassemble des pi\u00e8ces qui se compl\u00e8tent sur le plan stylistique et dont le degr\u00e9 de difficult\u00e9 est identique. L&rsquo;ensemble se compose d&rsquo;une partition et de 8 parties.&nbsp;<\/p>\n<h4><strong><em>Classical Highlights<\/em><\/strong> propose six arrangements motivants, plaisants \u00e0 \u00e9couter et passionnants \u00e0 jouer&nbsp;!<\/h4>\n<h4><strong>Sommaire :<\/strong><\/h4>\n<p>&#8211; Rigaudon (Henry Purcell)<\/p>\n<p>&#8211; Minuet from Music for the Royal Fireworks (George Frideric Handel)<\/p>\n<p>&#8211; Andante from Symphony No. 94 (The Surprise) (Franz Joseph Haydn)<\/p>\n<p>&#8211; Allegro from Violin Concerto in D (Ludwig van Beethoven)<\/p>\n<p>&#8211; The Great Gate of Kiev from the Pictures at an Exhibition (Modest Mussorgsky)<\/p>\n<p>&#8211; Espa\u00f1a (Emmanuel Chabrier\/\u00c9mile Waldteufel)<\/p>\n<h4>Extraits audio :<\/h4>\n<!--[if lt IE 9]><script>document.createElement('audio');<\/script><![endif]-->\n\t<div class=\"wp-playlist wp-audio-playlist wp-playlist-light\">\n\t\t\t<div class=\"wp-playlist-current-item\"><\/div>\n\t\t<audio controls=\"controls\" preload=\"none\" width=\"1178\"\n\t\t\t><\/audio>\n\t<div class=\"wp-playlist-next\"><\/div>\n\t<div class=\"wp-playlist-prev\"><\/div>\n\t<noscript>\n\t<ol>\n\t\t<li><a href='https:\/\/vioolboeken.nl\/wp-content\/uploads\/2019\/07\/Rigaudon.mp3'>Rigaudon<\/a><\/li><li><a href='https:\/\/vioolboeken.nl\/wp-content\/uploads\/2019\/07\/Minuet.mp3'>Minuet<\/a><\/li><li><a href='https:\/\/vioolboeken.nl\/wp-content\/uploads\/2019\/07\/Andante.mp3'>Andante<\/a><\/li><li><a href='https:\/\/vioolboeken.nl\/wp-content\/uploads\/2019\/07\/Allegro.mp3'>Allegro<\/a><\/li><li><a href='https:\/\/vioolboeken.nl\/wp-content\/uploads\/2019\/07\/The-Great-of-Kiev.mp3'>The great gate of Kiev<\/a><\/li><li><a href='https:\/\/vioolboeken.nl\/wp-content\/uploads\/2019\/07\/Espana.mp3'>Espana<\/a><\/li>\t<\/ol>\n\t<\/noscript>\n\t<script type=\"application\/json\" class=\"wp-playlist-script\">{\"type\":\"audio\",\"tracklist\":true,\"tracknumbers\":true,\"images\":true,\"artists\":true,\"tracks\":[{\"src\":\"https:\\\/\\\/vioolboeken.nl\\\/wp-content\\\/uploads\\\/2019\\\/07\\\/Rigaudon.mp3\",\"type\":\"audio\\\/mpeg\",\"title\":\"Rigaudon\",\"caption\":\"\",\"description\":\"\\\"Nummer 1\\\" van De Haske String Orchestra demo cd door ad hoc ensemble de haske. Track 1. Genre: Genre onbekend.\",\"meta\":{\"artist\":\"ad hoc ensemble de haske\",\"album\":\"De Haske String Orchestra demo cd\",\"genre\":\"Genre onbekend\",\"length_formatted\":\"1:10\"},\"image\":{\"src\":\"https:\\\/\\\/vioolboeken.nl\\\/wp-includes\\\/images\\\/media\\\/audio.svg\",\"width\":48,\"height\":64},\"thumb\":{\"src\":\"https:\\\/\\\/vioolboeken.nl\\\/wp-includes\\\/images\\\/media\\\/audio.svg\",\"width\":48,\"height\":64}},{\"src\":\"https:\\\/\\\/vioolboeken.nl\\\/wp-content\\\/uploads\\\/2019\\\/07\\\/Minuet.mp3\",\"type\":\"audio\\\/mpeg\",\"title\":\"Minuet\",\"caption\":\"\",\"description\":\"\\\"Nummer 2\\\" van De Haske String Orchestra demo cd door ad hoc ensemble de haske. Track 2. Genre: Genre onbekend.\",\"meta\":{\"artist\":\"ad hoc ensemble de haske\",\"album\":\"De Haske String Orchestra demo cd\",\"genre\":\"Genre onbekend\",\"length_formatted\":\"0:55\"},\"image\":{\"src\":\"https:\\\/\\\/vioolboeken.nl\\\/wp-includes\\\/images\\\/media\\\/audio.svg\",\"width\":48,\"height\":64},\"thumb\":{\"src\":\"https:\\\/\\\/vioolboeken.nl\\\/wp-includes\\\/images\\\/media\\\/audio.svg\",\"width\":48,\"height\":64}},{\"src\":\"https:\\\/\\\/vioolboeken.nl\\\/wp-content\\\/uploads\\\/2019\\\/07\\\/Andante.mp3\",\"type\":\"audio\\\/mpeg\",\"title\":\"Andante\",\"caption\":\"\",\"description\":\"\\\"Nummer 3\\\" van De Haske String Orchestra demo cd door ad hoc ensemble de haske. Track 3. Genre: Genre onbekend.\",\"meta\":{\"artist\":\"ad hoc ensemble de haske\",\"album\":\"De Haske String Orchestra demo cd\",\"genre\":\"Genre onbekend\",\"length_formatted\":\"1:14\"},\"image\":{\"src\":\"https:\\\/\\\/vioolboeken.nl\\\/wp-includes\\\/images\\\/media\\\/audio.svg\",\"width\":48,\"height\":64},\"thumb\":{\"src\":\"https:\\\/\\\/vioolboeken.nl\\\/wp-includes\\\/images\\\/media\\\/audio.svg\",\"width\":48,\"height\":64}},{\"src\":\"https:\\\/\\\/vioolboeken.nl\\\/wp-content\\\/uploads\\\/2019\\\/07\\\/Allegro.mp3\",\"type\":\"audio\\\/mpeg\",\"title\":\"Allegro\",\"caption\":\"\",\"description\":\"\\\"Nummer 4\\\" van De Haske String Orchestra demo cd door ad hoc ensemble de haske. Track 4. Genre: Genre onbekend.\",\"meta\":{\"artist\":\"ad hoc ensemble de haske\",\"album\":\"De Haske String Orchestra demo cd\",\"genre\":\"Genre onbekend\",\"length_formatted\":\"0:35\"},\"image\":{\"src\":\"https:\\\/\\\/vioolboeken.nl\\\/wp-includes\\\/images\\\/media\\\/audio.svg\",\"width\":48,\"height\":64},\"thumb\":{\"src\":\"https:\\\/\\\/vioolboeken.nl\\\/wp-includes\\\/images\\\/media\\\/audio.svg\",\"width\":48,\"height\":64}},{\"src\":\"https:\\\/\\\/vioolboeken.nl\\\/wp-content\\\/uploads\\\/2019\\\/07\\\/The-Great-of-Kiev.mp3\",\"type\":\"audio\\\/mpeg\",\"title\":\"The great gate of Kiev\",\"caption\":\"\",\"description\":\"\\\"Nummer 5\\\" van De Haske String Orchestra demo cd door ad hoc ensemble de haske. Track 5. Genre: Genre onbekend.\",\"meta\":{\"artist\":\"ad hoc ensemble de haske\",\"album\":\"De Haske String Orchestra demo cd\",\"genre\":\"Genre onbekend\",\"length_formatted\":\"0:57\"},\"image\":{\"src\":\"https:\\\/\\\/vioolboeken.nl\\\/wp-includes\\\/images\\\/media\\\/audio.svg\",\"width\":48,\"height\":64},\"thumb\":{\"src\":\"https:\\\/\\\/vioolboeken.nl\\\/wp-includes\\\/images\\\/media\\\/audio.svg\",\"width\":48,\"height\":64}},{\"src\":\"https:\\\/\\\/vioolboeken.nl\\\/wp-content\\\/uploads\\\/2019\\\/07\\\/Espana.mp3\",\"type\":\"audio\\\/mpeg\",\"title\":\"Espana\",\"caption\":\"\",\"description\":\"\\\"Nummer 6\\\" van De Haske String Orchestra demo cd door ad hoc ensemble de haske. Track 6. Genre: Genre onbekend.\",\"meta\":{\"artist\":\"ad hoc ensemble de haske\",\"album\":\"De Haske String Orchestra demo cd\",\"genre\":\"Genre onbekend\",\"length_formatted\":\"0:49\"},\"image\":{\"src\":\"https:\\\/\\\/vioolboeken.nl\\\/wp-includes\\\/images\\\/media\\\/audio.svg\",\"width\":48,\"height\":64},\"thumb\":{\"src\":\"https:\\\/\\\/vioolboeken.nl\\\/wp-includes\\\/images\\\/media\\\/audio.svg\",\"width\":48,\"height\":64}}]}<\/script>\n<\/div>\n\t\n<h4><a href=\"https:\/\/vioolboeken.nl\/wp-content\/uploads\/2019\/07\/Classical-highlights-partituur-overview.pdf\">Extraits de partition <\/a><br \/>\n(cliquez)<\/h4>\n<p>&nbsp;<\/p>\n<h4>Youtube (Rigaudon, Minuet, Andante, Allegro, The great gate of Kiev, Espana)<\/h4>\n<p class=\"responsive-video-wrap clr\"><iframe loading=\"lazy\" title=\"2021071902 StringsTogether ZesBeroemdeMelodieen\" width=\"1200\" height=\"675\" src=\"https:\/\/www.youtube.com\/embed\/GqtLqaMpT0E?feature=oembed\" frameborder=\"0\" allow=\"accelerometer; autoplay; clipboard-write; encrypted-media; gyroscope; picture-in-picture; web-share\" allowfullscreen><\/iframe><\/p>\n<h3>&nbsp;<\/h3>\n<p>&nbsp;<\/p>\n","protected":false},"excerpt":{"rendered":"<p>De Haske String Orchestra Series&nbsp;est une collection destin\u00e9e aux Orchestres \u00e0 Cordes. Les compositions et les arrangements r\u00e9unis sous ce label sont en parfait accord avec le niveau cibl\u00e9, et proposent des styles tr\u00e8s vari\u00e9s allant du classique \u00e0 la musique folk en passant pas des couleurs plus modernes. Chaque pi\u00e8ce constitue un d\u00e9fi pour [&hellip;]<\/p>\n","protected":false},"featured_media":210,"template":"","meta":{"_monsterinsights_skip_tracking":false,"_monsterinsights_sitenote_active":false,"_monsterinsights_sitenote_note":"","_monsterinsights_sitenote_category":0,"ocean_post_layout":"","ocean_both_sidebars_style":"","ocean_both_sidebars_content_width":0,"ocean_both_sidebars_sidebars_width":0,"ocean_sidebar":"0","ocean_second_sidebar":"0","ocean_disable_margins":"enable","ocean_add_body_class":"","ocean_shortcode_before_top_bar":"","ocean_shortcode_after_top_bar":"","ocean_shortcode_before_header":"","ocean_shortcode_after_header":"","ocean_has_shortcode":"","ocean_shortcode_after_title":"","ocean_shortcode_before_footer_widgets":"","ocean_shortcode_after_footer_widgets":"","ocean_shortcode_before_footer_bottom":"","ocean_shortcode_after_footer_bottom":"","ocean_display_top_bar":"default","ocean_display_header":"default","ocean_header_style":"","ocean_center_header_left_menu":"0","ocean_custom_header_template":"0","ocean_custom_logo":0,"ocean_custom_retina_logo":0,"ocean_custom_logo_max_width":0,"ocean_custom_logo_tablet_max_width":0,"ocean_custom_logo_mobile_max_width":0,"ocean_custom_logo_max_height":0,"ocean_custom_logo_tablet_max_height":0,"ocean_custom_logo_mobile_max_height":0,"ocean_header_custom_menu":"0","ocean_menu_typo_font_family":"0","ocean_menu_typo_font_subset":"","ocean_menu_typo_font_size":0,"ocean_menu_typo_font_size_tablet":0,"ocean_menu_typo_font_size_mobile":0,"ocean_menu_typo_font_size_unit":"px","ocean_menu_typo_font_weight":"","ocean_menu_typo_font_weight_tablet":"","ocean_menu_typo_font_weight_mobile":"","ocean_menu_typo_transform":"","ocean_menu_typo_transform_tablet":"","ocean_menu_typo_transform_mobile":"","ocean_menu_typo_line_height":0,"ocean_menu_typo_line_height_tablet":0,"ocean_menu_typo_line_height_mobile":0,"ocean_menu_typo_line_height_unit":"","ocean_menu_typo_spacing":0,"ocean_menu_typo_spacing_tablet":0,"ocean_menu_typo_spacing_mobile":0,"ocean_menu_typo_spacing_unit":"","ocean_menu_link_color":"","ocean_menu_link_color_hover":"","ocean_menu_link_color_active":"","ocean_menu_link_background":"","ocean_menu_link_hover_background":"","ocean_menu_link_active_background":"","ocean_menu_social_links_bg":"","ocean_menu_social_hover_links_bg":"","ocean_menu_social_links_color":"","ocean_menu_social_hover_links_color":"","ocean_disable_title":"default","ocean_disable_heading":"default","ocean_post_title":"","ocean_post_subheading":"","ocean_post_title_style":"","ocean_post_title_background_color":"","ocean_post_title_background":0,"ocean_post_title_bg_image_position":"","ocean_post_title_bg_image_attachment":"","ocean_post_title_bg_image_repeat":"","ocean_post_title_bg_image_size":"","ocean_post_title_height":0,"ocean_post_title_bg_overlay":0.5,"ocean_post_title_bg_overlay_color":"","ocean_disable_breadcrumbs":"default","ocean_breadcrumbs_color":"","ocean_breadcrumbs_separator_color":"","ocean_breadcrumbs_links_color":"","ocean_breadcrumbs_links_hover_color":"","ocean_display_footer_widgets":"default","ocean_display_footer_bottom":"default","ocean_custom_footer_template":"0"},"product_brand":[],"product_cat":[39],"product_tag":[],"class_list":{"0":"post-221","1":"product","2":"type-product","3":"status-publish","4":"has-post-thumbnail","6":"product_cat-quatuor-a-cordes-ensemble-a-cordes","8":"entry","9":"has-media","11":"first","12":"instock","13":"taxable","14":"shipping-taxable","15":"purchasable","16":"product-type-simple","17":"has-product-nav","18":"col","19":"span_1_of_3","20":"owp-content-center","21":"owp-thumbs-layout-horizontal","22":"owp-btn-normal","23":"owp-tabs-layout-horizontal","24":"has-no-thumbnails"},"aioseo_notices":[],"jetpack_sharing_enabled":true,"_links":{"self":[{"href":"https:\/\/vioolboeken.nl\/fr\/wp-json\/wp\/v2\/product\/221","targetHints":{"allow":["GET"]}}],"collection":[{"href":"https:\/\/vioolboeken.nl\/fr\/wp-json\/wp\/v2\/product"}],"about":[{"href":"https:\/\/vioolboeken.nl\/fr\/wp-json\/wp\/v2\/types\/product"}],"wp:featuredmedia":[{"embeddable":true,"href":"https:\/\/vioolboeken.nl\/fr\/wp-json\/wp\/v2\/media\/210"}],"wp:attachment":[{"href":"https:\/\/vioolboeken.nl\/fr\/wp-json\/wp\/v2\/media?parent=221"}],"wp:term":[{"taxonomy":"product_brand","embeddable":true,"href":"https:\/\/vioolboeken.nl\/fr\/wp-json\/wp\/v2\/product_brand?post=221"},{"taxonomy":"product_cat","embeddable":true,"href":"https:\/\/vioolboeken.nl\/fr\/wp-json\/wp\/v2\/product_cat?post=221"},{"taxonomy":"product_tag","embeddable":true,"href":"https:\/\/vioolboeken.nl\/fr\/wp-json\/wp\/v2\/product_tag?post=221"}],"curies":[{"name":"wp","href":"https:\/\/api.w.org\/{rel}","templated":true}]}}