{"id":2166,"date":"2020-09-01T14:54:03","date_gmt":"2020-09-01T12:54:03","guid":{"rendered":"https:\/\/vioolboeken.nl\/?post_type=product&#038;p=2166"},"modified":"2024-08-01T12:16:18","modified_gmt":"2024-08-01T10:16:18","slug":"solos-for-young-violinists-volume-6","status":"publish","type":"product","link":"https:\/\/vioolboeken.nl\/fr\/product\/solos-for-young-violinists-volume-6\/","title":{"rendered":"Solos for Young Violinists vol. 6"},"content":{"rendered":"<p><strong>SOLOS FOR YOUNG VIOLINISTS\u00a0<\/strong>est une s\u00e9rie gradu\u00e9e qui comprend des \u0153uvres allant du niveau \u00e9l\u00e9mentaire au niveau avanc\u00e9 et offre une vari\u00e9t\u00e9 passionnante de styles et de techniques pour les violonistes\u2013 une ressource d\u2019\u00e9coute pr\u00e9cieuse pour les enseignants et les \u00e9tudiants de tous \u00e2ges. Si vous souhaitez recevoir des fichiers audio num\u00e9riques en plus du cahier livr\u00e9, vous pouvez l\u2019indiquer via une note dans la commande. Vous recevrez ensuite un lien de t\u00e9l\u00e9chargement (gratuit) par e-mail. Cette s\u00e9rie peut \u00eatre utilis\u00e9e par chaque violoniste et compl\u00e8te n\u2019importe quelle m\u00e9thode ou cours. De nombreuses pi\u00e8ces de cette collection ont longtemps \u00e9t\u00e9 reconnues comme un tremplin vers le r\u00e9pertoire principal de violon, tandis que d\u2019autres sont des \u0153uvres nouvellement publi\u00e9es.\u00a0<\/p>\n<p><strong>Sommaire :<\/strong><\/p>\n<ul id=\"scroll-box-description\" tabindex=\"0\">\n<li>1. Sonata in D Major (Vivaldi\/Respighi)<\/li>\n<li>2. Siclienne (Paradis)<\/li>\n<li>3. Sc\u00e8ne de Ballet, Op. 100 (de B\u00e9riot)<\/li>\n<li>4. Vocalise, Op. 34, No. 14 (Rachmaninoff)<\/li>\n<li>5. Rumanian Folk Dances (Bartok\/Sz\u00e9kely)<\/li>\n<\/ul>\n<p>&nbsp;<\/p>\n<p><strong>Extraits audio :<\/strong><\/p>\n<!--[if lt IE 9]><script>document.createElement('audio');<\/script><![endif]-->\n\t<div class=\"wp-playlist wp-audio-playlist wp-playlist-light\">\n\t\t\t<div class=\"wp-playlist-current-item\"><\/div>\n\t\t<audio controls=\"controls\" preload=\"none\" width=\"1178\"\n\t\t\t><\/audio>\n\t<div class=\"wp-playlist-next\"><\/div>\n\t<div class=\"wp-playlist-prev\"><\/div>\n\t<noscript>\n\t<ol>\n\t\t<li><a href='https:\/\/vioolboeken.nl\/wp-content\/uploads\/2020\/09\/05-Paradis-Sicilienne.mp3'>Paradis, Sicilienne<\/a><\/li><li><a href='https:\/\/vioolboeken.nl\/wp-content\/uploads\/2020\/09\/06-de-Beriot-Scene-de-Ballet-Op.100.mp3'>de Beriot, Scene de Ballet, Op.100<\/a><\/li>\t<\/ol>\n\t<\/noscript>\n\t<script type=\"application\/json\" class=\"wp-playlist-script\">{\"type\":\"audio\",\"tracklist\":true,\"tracknumbers\":true,\"images\":true,\"artists\":true,\"tracks\":[{\"src\":\"https:\\\/\\\/vioolboeken.nl\\\/wp-content\\\/uploads\\\/2020\\\/09\\\/05-Paradis-Sicilienne.mp3\",\"type\":\"audio\\\/mpeg\",\"title\":\"Paradis, Sicilienne\",\"caption\":\"\",\"description\":\"\\\"Paradis, Sicilienne\\\" van Solos 6 viool door \\uc11c\\uc6a9\\ub0a8. Track 5. Genre: \\uad50\\uc7ac.\",\"meta\":{\"artist\":\"\\uc11c\\uc6a9\\ub0a8\",\"album\":\"Solos 6 viool\",\"genre\":\"\\uad50\\uc7ac\",\"length_formatted\":\"2:58\"},\"image\":{\"src\":\"https:\\\/\\\/vioolboeken.nl\\\/wp-includes\\\/images\\\/media\\\/audio.svg\",\"width\":48,\"height\":64},\"thumb\":{\"src\":\"https:\\\/\\\/vioolboeken.nl\\\/wp-includes\\\/images\\\/media\\\/audio.svg\",\"width\":48,\"height\":64}},{\"src\":\"https:\\\/\\\/vioolboeken.nl\\\/wp-content\\\/uploads\\\/2020\\\/09\\\/06-de-Beriot-Scene-de-Ballet-Op.100.mp3\",\"type\":\"audio\\\/mpeg\",\"title\":\"de Beriot, Scene de Ballet, Op.100\",\"caption\":\"\",\"description\":\"\\\"de Beriot, Scene de Ballet, Op.100\\\" van Solos 6 viool door \\uc11c\\uc6a9\\ub0a8. Track 6. Genre: \\uad50\\uc7ac.\",\"meta\":{\"artist\":\"\\uc11c\\uc6a9\\ub0a8\",\"album\":\"Solos 6 viool\",\"genre\":\"\\uad50\\uc7ac\",\"length_formatted\":\"11:02\"},\"image\":{\"src\":\"https:\\\/\\\/vioolboeken.nl\\\/wp-includes\\\/images\\\/media\\\/audio.svg\",\"width\":48,\"height\":64},\"thumb\":{\"src\":\"https:\\\/\\\/vioolboeken.nl\\\/wp-includes\\\/images\\\/media\\\/audio.svg\",\"width\":48,\"height\":64}}]}<\/script>\n<\/div>\n\t\n<p><strong>Extraits de partition :\u00a0<\/strong><\/p>\n<p>(Cliquer pour agrandir l&rsquo;image)<\/p>\n<div id='gallery-1' class='gallery galleryid-2166 gallery-columns-3 gallery-size-medium'><figure class='gallery-item'>\n\t\t\t<div class='gallery-icon portrait'>\n\t\t\t\t<a href='https:\/\/vioolboeken.nl\/fr\/?attachment_id=2171\/'><img loading=\"lazy\" decoding=\"async\" width=\"211\" height=\"300\" src=\"https:\/\/i0.wp.com\/vioolboeken.nl\/wp-content\/uploads\/2020\/09\/Solos-for-young-violinists-6-violin-part-bldz.-20.jpeg?fit=211%2C300&amp;ssl=1\" class=\"attachment-medium size-medium\" alt=\"\" \/><\/a>\n\t\t\t<\/div><\/figure><figure class='gallery-item'>\n\t\t\t<div class='gallery-icon portrait'>\n\t\t\t\t<a href='https:\/\/vioolboeken.nl\/fr\/?attachment_id=2170\/'><img loading=\"lazy\" decoding=\"async\" width=\"212\" height=\"300\" src=\"https:\/\/i0.wp.com\/vioolboeken.nl\/wp-content\/uploads\/2020\/09\/Solos-for-young-violinists-6-violin-part-bldz.-10.jpeg?fit=212%2C300&amp;ssl=1\" class=\"attachment-medium size-medium\" alt=\"\" \/><\/a>\n\t\t\t<\/div><\/figure><figure class='gallery-item'>\n\t\t\t<div class='gallery-icon portrait'>\n\t\t\t\t<a href='https:\/\/vioolboeken.nl\/fr\/?attachment_id=2169\/'><img loading=\"lazy\" decoding=\"async\" width=\"210\" height=\"300\" src=\"https:\/\/i0.wp.com\/vioolboeken.nl\/wp-content\/uploads\/2020\/09\/Solos-for-young-violinists-6-piano-part-bldz.-12.jpeg?fit=210%2C300&amp;ssl=1\" class=\"attachment-medium size-medium\" alt=\"\" \/><\/a>\n\t\t\t<\/div><\/figure>\n\t\t<\/div>\n\n<p>&nbsp;<\/p>\n","protected":false},"excerpt":{"rendered":"<p>SOLOS FOR YOUNG VIOLINISTS\u00a0est une s\u00e9rie gradu\u00e9e qui comprend des \u0153uvres allant du niveau \u00e9l\u00e9mentaire au niveau avanc\u00e9 et offre une vari\u00e9t\u00e9 passionnante de styles et de techniques pour les violonistes\u2013 une ressource d\u2019\u00e9coute pr\u00e9cieuse pour les enseignants et les \u00e9tudiants de tous \u00e2ges. Si vous souhaitez recevoir des fichiers audio num\u00e9riques en plus du [&hellip;]<\/p>\n","protected":false},"featured_media":2172,"template":"","meta":{"_monsterinsights_skip_tracking":false,"_monsterinsights_sitenote_active":false,"_monsterinsights_sitenote_note":"","_monsterinsights_sitenote_category":0,"ocean_post_layout":"","ocean_both_sidebars_style":"","ocean_both_sidebars_content_width":0,"ocean_both_sidebars_sidebars_width":0,"ocean_sidebar":"0","ocean_second_sidebar":"0","ocean_disable_margins":"enable","ocean_add_body_class":"","ocean_shortcode_before_top_bar":"","ocean_shortcode_after_top_bar":"","ocean_shortcode_before_header":"","ocean_shortcode_after_header":"","ocean_has_shortcode":"","ocean_shortcode_after_title":"","ocean_shortcode_before_footer_widgets":"","ocean_shortcode_after_footer_widgets":"","ocean_shortcode_before_footer_bottom":"","ocean_shortcode_after_footer_bottom":"","ocean_display_top_bar":"default","ocean_display_header":"default","ocean_header_style":"","ocean_center_header_left_menu":"0","ocean_custom_header_template":"0","ocean_custom_logo":0,"ocean_custom_retina_logo":0,"ocean_custom_logo_max_width":0,"ocean_custom_logo_tablet_max_width":0,"ocean_custom_logo_mobile_max_width":0,"ocean_custom_logo_max_height":0,"ocean_custom_logo_tablet_max_height":0,"ocean_custom_logo_mobile_max_height":0,"ocean_header_custom_menu":"0","ocean_menu_typo_font_family":"0","ocean_menu_typo_font_subset":"","ocean_menu_typo_font_size":0,"ocean_menu_typo_font_size_tablet":0,"ocean_menu_typo_font_size_mobile":0,"ocean_menu_typo_font_size_unit":"px","ocean_menu_typo_font_weight":"","ocean_menu_typo_font_weight_tablet":"","ocean_menu_typo_font_weight_mobile":"","ocean_menu_typo_transform":"","ocean_menu_typo_transform_tablet":"","ocean_menu_typo_transform_mobile":"","ocean_menu_typo_line_height":0,"ocean_menu_typo_line_height_tablet":0,"ocean_menu_typo_line_height_mobile":0,"ocean_menu_typo_line_height_unit":"","ocean_menu_typo_spacing":0,"ocean_menu_typo_spacing_tablet":0,"ocean_menu_typo_spacing_mobile":0,"ocean_menu_typo_spacing_unit":"","ocean_menu_link_color":"","ocean_menu_link_color_hover":"","ocean_menu_link_color_active":"","ocean_menu_link_background":"","ocean_menu_link_hover_background":"","ocean_menu_link_active_background":"","ocean_menu_social_links_bg":"","ocean_menu_social_hover_links_bg":"","ocean_menu_social_links_color":"","ocean_menu_social_hover_links_color":"","ocean_disable_title":"default","ocean_disable_heading":"default","ocean_post_title":"","ocean_post_subheading":"","ocean_post_title_style":"","ocean_post_title_background_color":"","ocean_post_title_background":0,"ocean_post_title_bg_image_position":"","ocean_post_title_bg_image_attachment":"","ocean_post_title_bg_image_repeat":"","ocean_post_title_bg_image_size":"","ocean_post_title_height":0,"ocean_post_title_bg_overlay":0.5,"ocean_post_title_bg_overlay_color":"","ocean_disable_breadcrumbs":"default","ocean_breadcrumbs_color":"","ocean_breadcrumbs_separator_color":"","ocean_breadcrumbs_links_color":"","ocean_breadcrumbs_links_hover_color":"","ocean_display_footer_widgets":"default","ocean_display_footer_bottom":"default","ocean_custom_footer_template":"0"},"product_brand":[],"product_cat":[37],"product_tag":[],"class_list":{"0":"post-2166","1":"product","2":"type-product","3":"status-publish","4":"has-post-thumbnail","6":"product_cat-recueils-de-repertoire-violon-alto","8":"entry","9":"has-media","11":"first","12":"instock","13":"taxable","14":"shipping-taxable","15":"purchasable","16":"product-type-simple","17":"has-product-nav","18":"col","19":"span_1_of_3","20":"owp-content-center","21":"owp-thumbs-layout-horizontal","22":"owp-btn-normal","23":"owp-tabs-layout-horizontal","24":"has-no-thumbnails"},"aioseo_notices":[],"jetpack_sharing_enabled":true,"_links":{"self":[{"href":"https:\/\/vioolboeken.nl\/fr\/wp-json\/wp\/v2\/product\/2166","targetHints":{"allow":["GET"]}}],"collection":[{"href":"https:\/\/vioolboeken.nl\/fr\/wp-json\/wp\/v2\/product"}],"about":[{"href":"https:\/\/vioolboeken.nl\/fr\/wp-json\/wp\/v2\/types\/product"}],"wp:featuredmedia":[{"embeddable":true,"href":"https:\/\/vioolboeken.nl\/fr\/wp-json\/wp\/v2\/media\/2172"}],"wp:attachment":[{"href":"https:\/\/vioolboeken.nl\/fr\/wp-json\/wp\/v2\/media?parent=2166"}],"wp:term":[{"taxonomy":"product_brand","embeddable":true,"href":"https:\/\/vioolboeken.nl\/fr\/wp-json\/wp\/v2\/product_brand?post=2166"},{"taxonomy":"product_cat","embeddable":true,"href":"https:\/\/vioolboeken.nl\/fr\/wp-json\/wp\/v2\/product_cat?post=2166"},{"taxonomy":"product_tag","embeddable":true,"href":"https:\/\/vioolboeken.nl\/fr\/wp-json\/wp\/v2\/product_tag?post=2166"}],"curies":[{"name":"wp","href":"https:\/\/api.w.org\/{rel}","templated":true}]}}