{"id":2061,"date":"2020-08-19T17:40:38","date_gmt":"2020-08-19T15:40:38","guid":{"rendered":"https:\/\/vioolboeken.nl\/?post_type=product&#038;p=2061"},"modified":"2024-08-01T12:18:48","modified_gmt":"2024-08-01T10:18:48","slug":"solos-for-young-violists-vol-2","status":"publish","type":"product","link":"https:\/\/vioolboeken.nl\/fr\/product\/solos-for-young-violists-vol-2\/","title":{"rendered":"Solos for Young Violists vol. 2"},"content":{"rendered":"<p><strong>SOLOS FOR YOUNG VIOLISTS\u00a0<\/strong>est une s\u00e9rie gradu\u00e9e qui comprend des \u0153uvres allant du niveau \u00e9l\u00e9mentaire au niveau avanc\u00e9 et offre une vari\u00e9t\u00e9 passionnante de styles et de techniques pour les altistes \u2013 une ressource d\u2019\u00e9coute pr\u00e9cieuse pour les enseignants et les \u00e9tudiants de tous \u00e2ges. Si vous souhaitez recevoir des fichiers audio num\u00e9riques en plus du cahier livr\u00e9, vous pouvez l\u2019indiquer via une note dans la commande. Vous recevrez ensuite un lien de t\u00e9l\u00e9chargement (gratuit) par e-mail. Cette s\u00e9rie peut \u00eatre utilis\u00e9e par chaque altiste et compl\u00e8te n\u2019importe quelle m\u00e9thode ou cours. De nombreuses pi\u00e8ces de cette collection ont longtemps \u00e9t\u00e9 reconnues comme un tremplin vers le r\u00e9pertoire principal d\u2019alto, tandis que d\u2019autres sont des \u0153uvres nouvellement publi\u00e9es.\u00a0<\/p>\n<p><strong>Sommaire :<\/strong><\/p>\n<ul id=\"scroll-box-description\" tabindex=\"0\">\n<li>1. March Militaire, Op. 51, No. 1, composed by Schubert<\/li>\n<li>2. Sarabande in G Minor composed by Bohm<\/li>\n<li>3. Jesu, Joy of Man&rsquo;s Desiring, composed by Bach<\/li>\n<li>4. Spanish Dance, Op. 12, No. 1, composed by Moszkowski<\/li>\n<li>5. Divertimento in C, 1st Movt., composed by Mozart<\/li>\n<li>6. Fantasia-<em>La Cenerentola<\/em>, Op. 86, No. 7, composed by Dancla<\/li>\n<li>7. Londonderry Air, arranged by Tertis<\/li>\n<li>8. Concertante, composed by Bucci<\/li>\n<\/ul>\n<p>&nbsp;<\/p>\n<p><strong>Extraits de partition :<\/strong><\/p>\n<p>(Cliquez pour agrandir l&rsquo;image)<\/p>\n<div id='gallery-1' class='gallery galleryid-2061 gallery-columns-3 gallery-size-medium'><figure class='gallery-item'>\n\t\t\t<div class='gallery-icon portrait'>\n\t\t\t\t<a href='https:\/\/vioolboeken.nl\/fr\/?attachment_id=2062\/'><img loading=\"lazy\" decoding=\"async\" width=\"212\" height=\"300\" src=\"https:\/\/i0.wp.com\/vioolboeken.nl\/wp-content\/uploads\/2020\/08\/Solos-for-young-violists-Divertimento-viola-part.jpeg?fit=212%2C300&amp;ssl=1\" class=\"attachment-medium size-medium\" alt=\"\" \/><\/a>\n\t\t\t<\/div><\/figure><figure class='gallery-item'>\n\t\t\t<div class='gallery-icon portrait'>\n\t\t\t\t<a href='https:\/\/vioolboeken.nl\/fr\/?attachment_id=2063\/'><img loading=\"lazy\" decoding=\"async\" width=\"214\" height=\"300\" src=\"https:\/\/i0.wp.com\/vioolboeken.nl\/wp-content\/uploads\/2020\/08\/Solos-for-young-violists-Sarabande-viola-part.jpeg.jpeg?fit=214%2C300&amp;ssl=1\" class=\"attachment-medium size-medium\" alt=\"\" \/><\/a>\n\t\t\t<\/div><\/figure><figure class='gallery-item'>\n\t\t\t<div class='gallery-icon portrait'>\n\t\t\t\t<a href='https:\/\/vioolboeken.nl\/fr\/?attachment_id=2064\/'><img loading=\"lazy\" decoding=\"async\" width=\"218\" height=\"300\" src=\"https:\/\/i0.wp.com\/vioolboeken.nl\/wp-content\/uploads\/2020\/08\/Solos-for-young-violists-Spanish-Dance-score.jpeg.jpeg?fit=218%2C300&amp;ssl=1\" class=\"attachment-medium size-medium\" alt=\"\" \/><\/a>\n\t\t\t<\/div><\/figure>\n\t\t<\/div>\n\n<p>&nbsp;<\/p>\n<p><strong>Extraits audio :<\/strong><\/p>\n<!--[if lt IE 9]><script>document.createElement('audio');<\/script><![endif]-->\n\t<div class=\"wp-playlist wp-audio-playlist wp-playlist-light\">\n\t\t\t<div class=\"wp-playlist-current-item\"><\/div>\n\t\t<audio controls=\"controls\" preload=\"none\" width=\"1178\"\n\t\t\t><\/audio>\n\t<div class=\"wp-playlist-next\"><\/div>\n\t<div class=\"wp-playlist-prev\"><\/div>\n\t<noscript>\n\t<ol>\n\t\t<li><a href='https:\/\/vioolboeken.nl\/wp-content\/uploads\/2020\/08\/01-March-Militaire.mp3'>March Militaire<\/a><\/li><li><a href='https:\/\/vioolboeken.nl\/wp-content\/uploads\/2020\/08\/02-Sarabande.mp3'>Sarabande<\/a><\/li><li><a href='https:\/\/vioolboeken.nl\/wp-content\/uploads\/2020\/08\/04-Spanish-Dance.mp3'>Spanish Dance<\/a><\/li>\t<\/ol>\n\t<\/noscript>\n\t<script type=\"application\/json\" class=\"wp-playlist-script\">{\"type\":\"audio\",\"tracklist\":true,\"tracknumbers\":true,\"images\":true,\"artists\":true,\"tracks\":[{\"src\":\"https:\\\/\\\/vioolboeken.nl\\\/wp-content\\\/uploads\\\/2020\\\/08\\\/01-March-Militaire.mp3\",\"type\":\"audio\\\/mpeg\",\"title\":\"March Militaire\",\"caption\":\"\",\"description\":\"\\\"March Militaire\\\" van Solos for Young Violist, Vol. 2 door Barbara Barber. Track 1. Genre: Classical.\",\"meta\":{\"artist\":\"Barbara Barber\",\"album\":\"Solos for Young Violist, Vol. 2\",\"genre\":\"Classical\",\"length_formatted\":\"5:38\"},\"image\":{\"src\":\"https:\\\/\\\/vioolboeken.nl\\\/wp-includes\\\/images\\\/media\\\/audio.svg\",\"width\":48,\"height\":64},\"thumb\":{\"src\":\"https:\\\/\\\/vioolboeken.nl\\\/wp-includes\\\/images\\\/media\\\/audio.svg\",\"width\":48,\"height\":64}},{\"src\":\"https:\\\/\\\/vioolboeken.nl\\\/wp-content\\\/uploads\\\/2020\\\/08\\\/02-Sarabande.mp3\",\"type\":\"audio\\\/mpeg\",\"title\":\"Sarabande\",\"caption\":\"\",\"description\":\"\\\"Sarabande\\\" van Solos for Young Violist, Vol. 2 door Barbara Barber. Track 2. Genre: Classical.\",\"meta\":{\"artist\":\"Barbara Barber\",\"album\":\"Solos for Young Violist, Vol. 2\",\"genre\":\"Classical\",\"length_formatted\":\"3:22\"},\"image\":{\"src\":\"https:\\\/\\\/vioolboeken.nl\\\/wp-includes\\\/images\\\/media\\\/audio.svg\",\"width\":48,\"height\":64},\"thumb\":{\"src\":\"https:\\\/\\\/vioolboeken.nl\\\/wp-includes\\\/images\\\/media\\\/audio.svg\",\"width\":48,\"height\":64}},{\"src\":\"https:\\\/\\\/vioolboeken.nl\\\/wp-content\\\/uploads\\\/2020\\\/08\\\/04-Spanish-Dance.mp3\",\"type\":\"audio\\\/mpeg\",\"title\":\"Spanish Dance\",\"caption\":\"\",\"description\":\"\\\"Spanish Dance\\\" van Solos for Young Violist, Vol. 2 door Barbara Barber. Track 4. Genre: Classical.\",\"meta\":{\"artist\":\"Barbara Barber\",\"album\":\"Solos for Young Violist, Vol. 2\",\"genre\":\"Classical\",\"length_formatted\":\"2:03\"},\"image\":{\"src\":\"https:\\\/\\\/vioolboeken.nl\\\/wp-includes\\\/images\\\/media\\\/audio.svg\",\"width\":48,\"height\":64},\"thumb\":{\"src\":\"https:\\\/\\\/vioolboeken.nl\\\/wp-includes\\\/images\\\/media\\\/audio.svg\",\"width\":48,\"height\":64}}]}<\/script>\n<\/div>\n\t\n<p>&nbsp;<\/p>\n","protected":false},"excerpt":{"rendered":"<p>SOLOS FOR YOUNG VIOLISTS\u00a0est une s\u00e9rie gradu\u00e9e qui comprend des \u0153uvres allant du niveau \u00e9l\u00e9mentaire au niveau avanc\u00e9 et offre une vari\u00e9t\u00e9 passionnante de styles et de techniques pour les altistes \u2013 une ressource d\u2019\u00e9coute pr\u00e9cieuse pour les enseignants et les \u00e9tudiants de tous \u00e2ges. Si vous souhaitez recevoir des fichiers audio num\u00e9riques en plus [&hellip;]<\/p>\n","protected":false},"featured_media":2065,"template":"","meta":{"_monsterinsights_skip_tracking":false,"_monsterinsights_sitenote_active":false,"_monsterinsights_sitenote_note":"","_monsterinsights_sitenote_category":0,"ocean_post_layout":"","ocean_both_sidebars_style":"","ocean_both_sidebars_content_width":0,"ocean_both_sidebars_sidebars_width":0,"ocean_sidebar":"0","ocean_second_sidebar":"0","ocean_disable_margins":"enable","ocean_add_body_class":"","ocean_shortcode_before_top_bar":"","ocean_shortcode_after_top_bar":"","ocean_shortcode_before_header":"","ocean_shortcode_after_header":"","ocean_has_shortcode":"","ocean_shortcode_after_title":"","ocean_shortcode_before_footer_widgets":"","ocean_shortcode_after_footer_widgets":"","ocean_shortcode_before_footer_bottom":"","ocean_shortcode_after_footer_bottom":"","ocean_display_top_bar":"default","ocean_display_header":"default","ocean_header_style":"","ocean_center_header_left_menu":"0","ocean_custom_header_template":"0","ocean_custom_logo":0,"ocean_custom_retina_logo":0,"ocean_custom_logo_max_width":0,"ocean_custom_logo_tablet_max_width":0,"ocean_custom_logo_mobile_max_width":0,"ocean_custom_logo_max_height":0,"ocean_custom_logo_tablet_max_height":0,"ocean_custom_logo_mobile_max_height":0,"ocean_header_custom_menu":"0","ocean_menu_typo_font_family":"0","ocean_menu_typo_font_subset":"","ocean_menu_typo_font_size":0,"ocean_menu_typo_font_size_tablet":0,"ocean_menu_typo_font_size_mobile":0,"ocean_menu_typo_font_size_unit":"px","ocean_menu_typo_font_weight":"","ocean_menu_typo_font_weight_tablet":"","ocean_menu_typo_font_weight_mobile":"","ocean_menu_typo_transform":"","ocean_menu_typo_transform_tablet":"","ocean_menu_typo_transform_mobile":"","ocean_menu_typo_line_height":0,"ocean_menu_typo_line_height_tablet":0,"ocean_menu_typo_line_height_mobile":0,"ocean_menu_typo_line_height_unit":"","ocean_menu_typo_spacing":0,"ocean_menu_typo_spacing_tablet":0,"ocean_menu_typo_spacing_mobile":0,"ocean_menu_typo_spacing_unit":"","ocean_menu_link_color":"","ocean_menu_link_color_hover":"","ocean_menu_link_color_active":"","ocean_menu_link_background":"","ocean_menu_link_hover_background":"","ocean_menu_link_active_background":"","ocean_menu_social_links_bg":"","ocean_menu_social_hover_links_bg":"","ocean_menu_social_links_color":"","ocean_menu_social_hover_links_color":"","ocean_disable_title":"default","ocean_disable_heading":"default","ocean_post_title":"","ocean_post_subheading":"","ocean_post_title_style":"","ocean_post_title_background_color":"","ocean_post_title_background":0,"ocean_post_title_bg_image_position":"","ocean_post_title_bg_image_attachment":"","ocean_post_title_bg_image_repeat":"","ocean_post_title_bg_image_size":"","ocean_post_title_height":0,"ocean_post_title_bg_overlay":0.5,"ocean_post_title_bg_overlay_color":"","ocean_disable_breadcrumbs":"default","ocean_breadcrumbs_color":"","ocean_breadcrumbs_separator_color":"","ocean_breadcrumbs_links_color":"","ocean_breadcrumbs_links_hover_color":"","ocean_display_footer_widgets":"default","ocean_display_footer_bottom":"default","ocean_custom_footer_template":"0"},"product_brand":[],"product_cat":[37],"product_tag":[],"class_list":{"0":"post-2061","1":"product","2":"type-product","3":"status-publish","4":"has-post-thumbnail","6":"product_cat-recueils-de-repertoire-violon-alto","8":"entry","9":"has-media","11":"first","12":"instock","13":"taxable","14":"shipping-taxable","15":"purchasable","16":"product-type-simple","17":"has-product-nav","18":"col","19":"span_1_of_3","20":"owp-content-center","21":"owp-thumbs-layout-horizontal","22":"owp-btn-normal","23":"owp-tabs-layout-horizontal","24":"has-no-thumbnails"},"aioseo_notices":[],"jetpack_sharing_enabled":true,"_links":{"self":[{"href":"https:\/\/vioolboeken.nl\/fr\/wp-json\/wp\/v2\/product\/2061","targetHints":{"allow":["GET"]}}],"collection":[{"href":"https:\/\/vioolboeken.nl\/fr\/wp-json\/wp\/v2\/product"}],"about":[{"href":"https:\/\/vioolboeken.nl\/fr\/wp-json\/wp\/v2\/types\/product"}],"wp:featuredmedia":[{"embeddable":true,"href":"https:\/\/vioolboeken.nl\/fr\/wp-json\/wp\/v2\/media\/2065"}],"wp:attachment":[{"href":"https:\/\/vioolboeken.nl\/fr\/wp-json\/wp\/v2\/media?parent=2061"}],"wp:term":[{"taxonomy":"product_brand","embeddable":true,"href":"https:\/\/vioolboeken.nl\/fr\/wp-json\/wp\/v2\/product_brand?post=2061"},{"taxonomy":"product_cat","embeddable":true,"href":"https:\/\/vioolboeken.nl\/fr\/wp-json\/wp\/v2\/product_cat?post=2061"},{"taxonomy":"product_tag","embeddable":true,"href":"https:\/\/vioolboeken.nl\/fr\/wp-json\/wp\/v2\/product_tag?post=2061"}],"curies":[{"name":"wp","href":"https:\/\/api.w.org\/{rel}","templated":true}]}}