{"id":2051,"date":"2020-08-19T14:10:53","date_gmt":"2020-08-19T12:10:53","guid":{"rendered":"https:\/\/vioolboeken.nl\/?post_type=product&#038;p=2051"},"modified":"2026-04-16T21:55:30","modified_gmt":"2026-04-16T19:55:30","slug":"the-oregano-suite","status":"publish","type":"product","link":"https:\/\/vioolboeken.nl\/fr\/product\/the-oregano-suite\/","title":{"rendered":"The Oregano Suite"},"content":{"rendered":"<p><i>De Haske String Orchestra Series\u00a0:<\/i> Les compositions et les arrangements r\u00e9unis sous ce label sont en parfait accord avec le niveau cibl\u00e9, et proposent des styles tr\u00e8s vari\u00e9s.\u00a0 L\u2019instrumentation est toujours la m\u00eame : Violons 1 &amp; 2, Alto (ou Violon 3), Violoncelle, Contrebasse (ou Violoncelle 2) et Piano.\u00a0<\/p>\n<p><i>The Oregano Suite<\/i>\u00a0est un d\u00e9lice de couleurs et de parfums d\u2019Italie\u00a0!<\/p>\n<p><strong>Sommaire :<\/strong><\/p>\n<p>-Spaghetti Blues<\/p>\n<p>-Italian Bossa<\/p>\n<p>-Tango Verona<\/p>\n<p>-Sicilienne &amp; Tarantella<\/p>\n<h3>Extraits audio :<\/h3>\n<!--[if lt IE 9]><script>document.createElement('audio');<\/script><![endif]-->\n\t<div class=\"wp-playlist wp-audio-playlist wp-playlist-light\">\n\t\t\t<div class=\"wp-playlist-current-item\"><\/div>\n\t\t<audio controls=\"controls\" preload=\"none\" width=\"1178\"\n\t\t\t><\/audio>\n\t<div class=\"wp-playlist-next\"><\/div>\n\t<div class=\"wp-playlist-prev\"><\/div>\n\t<noscript>\n\t<ol>\n\t\t<li><a href='https:\/\/vioolboeken.nl\/wp-content\/uploads\/2020\/08\/Italian-Bossa-1.mp3'>Italian Bossa<\/a><\/li><li><a href='https:\/\/vioolboeken.nl\/wp-content\/uploads\/2020\/08\/SicilienneTarantella.mp3'>Sicilienne Tarantella<\/a><\/li><li><a href='https:\/\/vioolboeken.nl\/wp-content\/uploads\/2020\/08\/Spaghetti-Blues-1.mp3'>Spaghetti Blues<\/a><\/li><li><a href='https:\/\/vioolboeken.nl\/wp-content\/uploads\/2020\/08\/Tango-Verona.mp3'>Tango Verona<\/a><\/li>\t<\/ol>\n\t<\/noscript>\n\t<script type=\"application\/json\" class=\"wp-playlist-script\">{\"type\":\"audio\",\"tracklist\":true,\"tracknumbers\":true,\"images\":true,\"artists\":true,\"tracks\":[{\"src\":\"https:\\\/\\\/vioolboeken.nl\\\/wp-content\\\/uploads\\\/2020\\\/08\\\/Italian-Bossa-1.mp3\",\"type\":\"audio\\\/mpeg\",\"title\":\"Italian Bossa\",\"caption\":\"\",\"description\":\"\\\"Nummer 17\\\" van De Haske String Orchestra demo cd door ad hoc ensemble de haske. Track 17. Genre: Genre onbekend.\",\"meta\":{\"artist\":\"ad hoc ensemble de haske\",\"album\":\"De Haske String Orchestra demo cd\",\"genre\":\"Genre onbekend\",\"length_formatted\":\"2:37\"},\"image\":{\"src\":\"https:\\\/\\\/vioolboeken.nl\\\/wp-includes\\\/images\\\/media\\\/audio.svg\",\"width\":48,\"height\":64},\"thumb\":{\"src\":\"https:\\\/\\\/vioolboeken.nl\\\/wp-includes\\\/images\\\/media\\\/audio.svg\",\"width\":48,\"height\":64}},{\"src\":\"https:\\\/\\\/vioolboeken.nl\\\/wp-content\\\/uploads\\\/2020\\\/08\\\/SicilienneTarantella.mp3\",\"type\":\"audio\\\/mpeg\",\"title\":\"Sicilienne Tarantella\",\"caption\":\"\",\"description\":\"\\\"Nummer 19\\\" van De Haske String Orchestra demo cd door ad hoc ensemble de haske. Track 19. Genre: Genre onbekend.\",\"meta\":{\"artist\":\"ad hoc ensemble de haske\",\"album\":\"De Haske String Orchestra demo cd\",\"genre\":\"Genre onbekend\",\"length_formatted\":\"2:37\"},\"image\":{\"src\":\"https:\\\/\\\/vioolboeken.nl\\\/wp-includes\\\/images\\\/media\\\/audio.svg\",\"width\":48,\"height\":64},\"thumb\":{\"src\":\"https:\\\/\\\/vioolboeken.nl\\\/wp-includes\\\/images\\\/media\\\/audio.svg\",\"width\":48,\"height\":64}},{\"src\":\"https:\\\/\\\/vioolboeken.nl\\\/wp-content\\\/uploads\\\/2020\\\/08\\\/Spaghetti-Blues-1.mp3\",\"type\":\"audio\\\/mpeg\",\"title\":\"Spaghetti Blues\",\"caption\":\"\",\"description\":\"\\\"Nummer 16\\\" van De Haske String Orchestra demo cd door ad hoc ensemble de haske. Track 16. Genre: Genre onbekend.\",\"meta\":{\"artist\":\"ad hoc ensemble de haske\",\"album\":\"De Haske String Orchestra demo cd\",\"genre\":\"Genre onbekend\",\"length_formatted\":\"2:01\"},\"image\":{\"src\":\"https:\\\/\\\/vioolboeken.nl\\\/wp-includes\\\/images\\\/media\\\/audio.svg\",\"width\":48,\"height\":64},\"thumb\":{\"src\":\"https:\\\/\\\/vioolboeken.nl\\\/wp-includes\\\/images\\\/media\\\/audio.svg\",\"width\":48,\"height\":64}},{\"src\":\"https:\\\/\\\/vioolboeken.nl\\\/wp-content\\\/uploads\\\/2020\\\/08\\\/Tango-Verona.mp3\",\"type\":\"audio\\\/mpeg\",\"title\":\"Tango Verona\",\"caption\":\"\",\"description\":\"\\\"Nummer 18\\\" van De Haske String Orchestra demo cd door ad hoc ensemble de haske. Track 18. Genre: Genre onbekend.\",\"meta\":{\"artist\":\"ad hoc ensemble de haske\",\"album\":\"De Haske String Orchestra demo cd\",\"genre\":\"Genre onbekend\",\"length_formatted\":\"2:28\"},\"image\":{\"src\":\"https:\\\/\\\/vioolboeken.nl\\\/wp-includes\\\/images\\\/media\\\/audio.svg\",\"width\":48,\"height\":64},\"thumb\":{\"src\":\"https:\\\/\\\/vioolboeken.nl\\\/wp-includes\\\/images\\\/media\\\/audio.svg\",\"width\":48,\"height\":64}}]}<\/script>\n<\/div>\n\t\n<p><strong>Extraits de partition :<\/strong><\/p>\n<p>(Cliquez pour agrandir)<\/p>\n<div id='gallery-1' class='gallery galleryid-2051 gallery-columns-2 gallery-size-medium'><figure class='gallery-item'>\n\t\t\t<div class='gallery-icon portrait'>\n\t\t\t\t<a href='https:\/\/vioolboeken.nl\/fr\/?attachment_id=2059\/'><img loading=\"lazy\" decoding=\"async\" width=\"210\" height=\"300\" src=\"https:\/\/i0.wp.com\/vioolboeken.nl\/wp-content\/uploads\/2020\/08\/The-Oregano-Suite-SicilienneTarantella-2.jpeg?fit=210%2C300&amp;ssl=1\" class=\"attachment-medium size-medium\" alt=\"\" \/><\/a>\n\t\t\t<\/div><\/figure><figure class='gallery-item'>\n\t\t\t<div class='gallery-icon portrait'>\n\t\t\t\t<a href='https:\/\/vioolboeken.nl\/fr\/?attachment_id=2060\/'><img loading=\"lazy\" decoding=\"async\" width=\"212\" height=\"300\" src=\"https:\/\/i0.wp.com\/vioolboeken.nl\/wp-content\/uploads\/2020\/08\/The-Oregano-Suite-Spaghetti-Blues-1.jpeg?fit=212%2C300&amp;ssl=1\" class=\"attachment-medium size-medium\" alt=\"\" \/><\/a>\n\t\t\t<\/div><\/figure>\n\t\t<\/div>\n\n","protected":false},"excerpt":{"rendered":"<p>De Haske String Orchestra Series\u00a0: Les compositions et les arrangements r\u00e9unis sous ce label sont en parfait accord avec le niveau cibl\u00e9, et proposent des styles tr\u00e8s vari\u00e9s.\u00a0 L\u2019instrumentation est toujours la m\u00eame : Violons 1 &amp; 2, Alto (ou Violon 3), Violoncelle, Contrebasse (ou Violoncelle 2) et Piano.\u00a0 The Oregano Suite\u00a0est un d\u00e9lice de [&hellip;]<\/p>\n","protected":false},"featured_media":2055,"template":"","meta":{"_monsterinsights_skip_tracking":false,"_monsterinsights_sitenote_active":false,"_monsterinsights_sitenote_note":"","_monsterinsights_sitenote_category":0,"ocean_post_layout":"","ocean_both_sidebars_style":"","ocean_both_sidebars_content_width":0,"ocean_both_sidebars_sidebars_width":0,"ocean_sidebar":"0","ocean_second_sidebar":"0","ocean_disable_margins":"enable","ocean_add_body_class":"","ocean_shortcode_before_top_bar":"","ocean_shortcode_after_top_bar":"","ocean_shortcode_before_header":"","ocean_shortcode_after_header":"","ocean_has_shortcode":"","ocean_shortcode_after_title":"","ocean_shortcode_before_footer_widgets":"","ocean_shortcode_after_footer_widgets":"","ocean_shortcode_before_footer_bottom":"","ocean_shortcode_after_footer_bottom":"","ocean_display_top_bar":"default","ocean_display_header":"default","ocean_header_style":"","ocean_center_header_left_menu":"0","ocean_custom_header_template":"0","ocean_custom_logo":0,"ocean_custom_retina_logo":0,"ocean_custom_logo_max_width":0,"ocean_custom_logo_tablet_max_width":0,"ocean_custom_logo_mobile_max_width":0,"ocean_custom_logo_max_height":0,"ocean_custom_logo_tablet_max_height":0,"ocean_custom_logo_mobile_max_height":0,"ocean_header_custom_menu":"0","ocean_menu_typo_font_family":"0","ocean_menu_typo_font_subset":"","ocean_menu_typo_font_size":0,"ocean_menu_typo_font_size_tablet":0,"ocean_menu_typo_font_size_mobile":0,"ocean_menu_typo_font_size_unit":"px","ocean_menu_typo_font_weight":"","ocean_menu_typo_font_weight_tablet":"","ocean_menu_typo_font_weight_mobile":"","ocean_menu_typo_transform":"","ocean_menu_typo_transform_tablet":"","ocean_menu_typo_transform_mobile":"","ocean_menu_typo_line_height":0,"ocean_menu_typo_line_height_tablet":0,"ocean_menu_typo_line_height_mobile":0,"ocean_menu_typo_line_height_unit":"","ocean_menu_typo_spacing":0,"ocean_menu_typo_spacing_tablet":0,"ocean_menu_typo_spacing_mobile":0,"ocean_menu_typo_spacing_unit":"","ocean_menu_link_color":"","ocean_menu_link_color_hover":"","ocean_menu_link_color_active":"","ocean_menu_link_background":"","ocean_menu_link_hover_background":"","ocean_menu_link_active_background":"","ocean_menu_social_links_bg":"","ocean_menu_social_hover_links_bg":"","ocean_menu_social_links_color":"","ocean_menu_social_hover_links_color":"","ocean_disable_title":"default","ocean_disable_heading":"default","ocean_post_title":"","ocean_post_subheading":"","ocean_post_title_style":"","ocean_post_title_background_color":"","ocean_post_title_background":0,"ocean_post_title_bg_image_position":"","ocean_post_title_bg_image_attachment":"","ocean_post_title_bg_image_repeat":"","ocean_post_title_bg_image_size":"","ocean_post_title_height":0,"ocean_post_title_bg_overlay":0.5,"ocean_post_title_bg_overlay_color":"","ocean_disable_breadcrumbs":"default","ocean_breadcrumbs_color":"","ocean_breadcrumbs_separator_color":"","ocean_breadcrumbs_links_color":"","ocean_breadcrumbs_links_hover_color":"","ocean_display_footer_widgets":"default","ocean_display_footer_bottom":"default","ocean_custom_footer_template":"0"},"product_brand":[],"product_cat":[39],"product_tag":[],"class_list":{"0":"post-2051","1":"product","2":"type-product","3":"status-publish","4":"has-post-thumbnail","6":"product_cat-quatuor-a-cordes-ensemble-a-cordes","8":"entry","9":"has-media","11":"first","12":"instock","13":"taxable","14":"shipping-taxable","15":"purchasable","16":"product-type-simple","17":"has-product-nav","18":"col","19":"span_1_of_3","20":"owp-content-center","21":"owp-thumbs-layout-horizontal","22":"owp-btn-normal","23":"owp-tabs-layout-horizontal","24":"has-no-thumbnails"},"aioseo_notices":[],"jetpack_sharing_enabled":true,"_links":{"self":[{"href":"https:\/\/vioolboeken.nl\/fr\/wp-json\/wp\/v2\/product\/2051","targetHints":{"allow":["GET"]}}],"collection":[{"href":"https:\/\/vioolboeken.nl\/fr\/wp-json\/wp\/v2\/product"}],"about":[{"href":"https:\/\/vioolboeken.nl\/fr\/wp-json\/wp\/v2\/types\/product"}],"wp:featuredmedia":[{"embeddable":true,"href":"https:\/\/vioolboeken.nl\/fr\/wp-json\/wp\/v2\/media\/2055"}],"wp:attachment":[{"href":"https:\/\/vioolboeken.nl\/fr\/wp-json\/wp\/v2\/media?parent=2051"}],"wp:term":[{"taxonomy":"product_brand","embeddable":true,"href":"https:\/\/vioolboeken.nl\/fr\/wp-json\/wp\/v2\/product_brand?post=2051"},{"taxonomy":"product_cat","embeddable":true,"href":"https:\/\/vioolboeken.nl\/fr\/wp-json\/wp\/v2\/product_cat?post=2051"},{"taxonomy":"product_tag","embeddable":true,"href":"https:\/\/vioolboeken.nl\/fr\/wp-json\/wp\/v2\/product_tag?post=2051"}],"curies":[{"name":"wp","href":"https:\/\/api.w.org\/{rel}","templated":true}]}}