{"id":2005,"date":"2020-08-12T12:07:57","date_gmt":"2020-08-12T10:07:57","guid":{"rendered":"https:\/\/vioolboeken.nl\/?post_type=product&#038;p=2005"},"modified":"2024-10-24T18:21:50","modified_gmt":"2024-10-24T16:21:50","slug":"60-studies-opus-45","status":"publish","type":"product","link":"https:\/\/vioolboeken.nl\/fr\/product\/60-studies-opus-45\/","title":{"rendered":"60 Studies Opus 45"},"content":{"rendered":"<p>Les\u00a0<strong><i>60 \u00c9tudes Op. 45<\/i>\u00a0<\/strong>de Franz Wohfahrt sont aussi c\u00e9l\u00e8bres qu\u2019indispensables \u00e0 l\u2019apprentissage du violon et ce depuis des d\u00e9cennies. Pour de nombreux violonistes, elles demeurent la source d\u2019informations techniques de choix. Cette \u00e9dition r\u00e9vis\u00e9e et modernis\u00e9e est accompagn\u00e9e d\u2019un compact disc sur lequel vous trouverez une version int\u00e9grale de chaque \u00e9tude.<\/p>\n<p><strong>Extraits de partition :<\/strong><\/p>\n<p>(Cliquez pour agrandir l&rsquo;image)<\/p>\n<div id='gallery-1' class='gallery galleryid-2005 gallery-columns-3 gallery-size-medium'><figure class='gallery-item'>\n\t\t\t<div class='gallery-icon portrait'>\n\t\t\t\t<a href='https:\/\/vioolboeken.nl\/fr\/?attachment_id=2006\/'><img loading=\"lazy\" decoding=\"async\" width=\"213\" height=\"300\" src=\"https:\/\/i0.wp.com\/vioolboeken.nl\/wp-content\/uploads\/2020\/08\/Wohlfahrt-opus-45-pagina-8.jpeg?fit=213%2C300&amp;ssl=1\" class=\"attachment-medium size-medium\" alt=\"\" \/><\/a>\n\t\t\t<\/div><\/figure><figure class='gallery-item'>\n\t\t\t<div class='gallery-icon portrait'>\n\t\t\t\t<a href='https:\/\/vioolboeken.nl\/fr\/?attachment_id=2007\/'><img loading=\"lazy\" decoding=\"async\" width=\"212\" height=\"300\" src=\"https:\/\/i0.wp.com\/vioolboeken.nl\/wp-content\/uploads\/2020\/08\/Wohlfahrt-opus-45-pagina-32.jpeg?fit=212%2C300&amp;ssl=1\" class=\"attachment-medium size-medium\" alt=\"\" \/><\/a>\n\t\t\t<\/div><\/figure><figure class='gallery-item'>\n\t\t\t<div class='gallery-icon portrait'>\n\t\t\t\t<a href='https:\/\/vioolboeken.nl\/fr\/?attachment_id=2008\/'><img loading=\"lazy\" decoding=\"async\" width=\"227\" height=\"300\" src=\"https:\/\/i0.wp.com\/vioolboeken.nl\/wp-content\/uploads\/2020\/08\/Wohlfahrt-opus-45-pagina-60.jpeg?fit=227%2C300&amp;ssl=1\" class=\"attachment-medium size-medium\" alt=\"\" \/><\/a>\n\t\t\t<\/div><\/figure>\n\t\t<\/div>\n\n<p>&nbsp;<\/p>\n","protected":false},"excerpt":{"rendered":"<p>Les\u00a060 \u00c9tudes Op. 45\u00a0de Franz Wohfahrt sont aussi c\u00e9l\u00e8bres qu\u2019indispensables \u00e0 l\u2019apprentissage du violon et ce depuis des d\u00e9cennies. Pour de nombreux violonistes, elles demeurent la source d\u2019informations techniques de choix. Cette \u00e9dition r\u00e9vis\u00e9e et modernis\u00e9e est accompagn\u00e9e d\u2019un compact disc sur lequel vous trouverez une version int\u00e9grale de chaque \u00e9tude. Extraits de partition : [&hellip;]<\/p>\n","protected":false},"featured_media":2009,"template":"","meta":{"_monsterinsights_skip_tracking":false,"_monsterinsights_sitenote_active":false,"_monsterinsights_sitenote_note":"","_monsterinsights_sitenote_category":0,"ocean_post_layout":"","ocean_both_sidebars_style":"","ocean_both_sidebars_content_width":0,"ocean_both_sidebars_sidebars_width":0,"ocean_sidebar":"0","ocean_second_sidebar":"0","ocean_disable_margins":"enable","ocean_add_body_class":"","ocean_shortcode_before_top_bar":"","ocean_shortcode_after_top_bar":"","ocean_shortcode_before_header":"","ocean_shortcode_after_header":"","ocean_has_shortcode":"","ocean_shortcode_after_title":"","ocean_shortcode_before_footer_widgets":"","ocean_shortcode_after_footer_widgets":"","ocean_shortcode_before_footer_bottom":"","ocean_shortcode_after_footer_bottom":"","ocean_display_top_bar":"default","ocean_display_header":"default","ocean_header_style":"","ocean_center_header_left_menu":"0","ocean_custom_header_template":"0","ocean_custom_logo":0,"ocean_custom_retina_logo":0,"ocean_custom_logo_max_width":0,"ocean_custom_logo_tablet_max_width":0,"ocean_custom_logo_mobile_max_width":0,"ocean_custom_logo_max_height":0,"ocean_custom_logo_tablet_max_height":0,"ocean_custom_logo_mobile_max_height":0,"ocean_header_custom_menu":"0","ocean_menu_typo_font_family":"0","ocean_menu_typo_font_subset":"","ocean_menu_typo_font_size":0,"ocean_menu_typo_font_size_tablet":0,"ocean_menu_typo_font_size_mobile":0,"ocean_menu_typo_font_size_unit":"px","ocean_menu_typo_font_weight":"","ocean_menu_typo_font_weight_tablet":"","ocean_menu_typo_font_weight_mobile":"","ocean_menu_typo_transform":"","ocean_menu_typo_transform_tablet":"","ocean_menu_typo_transform_mobile":"","ocean_menu_typo_line_height":0,"ocean_menu_typo_line_height_tablet":0,"ocean_menu_typo_line_height_mobile":0,"ocean_menu_typo_line_height_unit":"","ocean_menu_typo_spacing":0,"ocean_menu_typo_spacing_tablet":0,"ocean_menu_typo_spacing_mobile":0,"ocean_menu_typo_spacing_unit":"","ocean_menu_link_color":"","ocean_menu_link_color_hover":"","ocean_menu_link_color_active":"","ocean_menu_link_background":"","ocean_menu_link_hover_background":"","ocean_menu_link_active_background":"","ocean_menu_social_links_bg":"","ocean_menu_social_hover_links_bg":"","ocean_menu_social_links_color":"","ocean_menu_social_hover_links_color":"","ocean_disable_title":"default","ocean_disable_heading":"default","ocean_post_title":"","ocean_post_subheading":"","ocean_post_title_style":"","ocean_post_title_background_color":"","ocean_post_title_background":0,"ocean_post_title_bg_image_position":"","ocean_post_title_bg_image_attachment":"","ocean_post_title_bg_image_repeat":"","ocean_post_title_bg_image_size":"","ocean_post_title_height":0,"ocean_post_title_bg_overlay":0.5,"ocean_post_title_bg_overlay_color":"","ocean_disable_breadcrumbs":"default","ocean_breadcrumbs_color":"","ocean_breadcrumbs_separator_color":"","ocean_breadcrumbs_links_color":"","ocean_breadcrumbs_links_hover_color":"","ocean_display_footer_widgets":"default","ocean_display_footer_bottom":"default","ocean_custom_footer_template":"0"},"product_brand":[],"product_cat":[217],"product_tag":[],"class_list":{"0":"post-2005","1":"product","2":"type-product","3":"status-publish","4":"has-post-thumbnail","6":"product_cat-etudes","8":"entry","9":"has-media","11":"first","12":"instock","13":"taxable","14":"shipping-taxable","15":"purchasable","16":"product-type-simple","17":"has-product-nav","18":"col","19":"span_1_of_3","20":"owp-content-center","21":"owp-thumbs-layout-horizontal","22":"owp-btn-normal","23":"owp-tabs-layout-horizontal","24":"has-no-thumbnails"},"aioseo_notices":[],"jetpack_sharing_enabled":true,"_links":{"self":[{"href":"https:\/\/vioolboeken.nl\/fr\/wp-json\/wp\/v2\/product\/2005","targetHints":{"allow":["GET"]}}],"collection":[{"href":"https:\/\/vioolboeken.nl\/fr\/wp-json\/wp\/v2\/product"}],"about":[{"href":"https:\/\/vioolboeken.nl\/fr\/wp-json\/wp\/v2\/types\/product"}],"wp:featuredmedia":[{"embeddable":true,"href":"https:\/\/vioolboeken.nl\/fr\/wp-json\/wp\/v2\/media\/2009"}],"wp:attachment":[{"href":"https:\/\/vioolboeken.nl\/fr\/wp-json\/wp\/v2\/media?parent=2005"}],"wp:term":[{"taxonomy":"product_brand","embeddable":true,"href":"https:\/\/vioolboeken.nl\/fr\/wp-json\/wp\/v2\/product_brand?post=2005"},{"taxonomy":"product_cat","embeddable":true,"href":"https:\/\/vioolboeken.nl\/fr\/wp-json\/wp\/v2\/product_cat?post=2005"},{"taxonomy":"product_tag","embeddable":true,"href":"https:\/\/vioolboeken.nl\/fr\/wp-json\/wp\/v2\/product_tag?post=2005"}],"curies":[{"name":"wp","href":"https:\/\/api.w.org\/{rel}","templated":true}]}}