{"id":1985,"date":"2020-08-11T12:11:01","date_gmt":"2020-08-11T10:11:01","guid":{"rendered":"https:\/\/vioolboeken.nl\/?post_type=product&#038;p=1985"},"modified":"2024-01-29T21:43:22","modified_gmt":"2024-01-29T20:43:22","slug":"jigs-reels-hornpipes","status":"publish","type":"product","link":"https:\/\/vioolboeken.nl\/fr\/product\/jigs-reels-hornpipes\/","title":{"rendered":"Jigs Reels & Hornpipes"},"content":{"rendered":"<p>La c\u00e9l\u00e8bre s\u00e9rie d&rsquo;<em>Edward Huws Jones<\/em> consacr\u00e9e au r\u00e9pertoire traditionnel du violon est maintenant disponible avec audios (MP3s en ligne). Les pistes d&rsquo;accompagnement instrumentales et les versions d\u00e9mo compl\u00e8tes ne sont pas seulement destin\u00e9es \u00e0 vous exercer mais aussi \u00e0 aider et inspirer vos performances. Ces recueils d&rsquo;une musique authentique \u2013 en partie famili\u00e8re, parfois moins mais toujours fid\u00e8le \u00e0 l&rsquo;original \u2013 qui vont vous permettre de cr\u00e9er vos propres ceilidh, bluegrass club ou encore charanga band. L&rsquo;\u00e9dition pour violon contient, aussi, une partie de violon et accords de guitare faciles, tandis que l&rsquo;\u00e9dition compl\u00e8te contient aussi les parties d&rsquo;accompagnement de clavier et de violon. Les deux versions sont tr\u00e8s flexibles, la musique peut \u00eatre donc interpr\u00e9t\u00e9e en solo, en duo ou trio tout autant qu&rsquo;avec un ensemble plus important. <em>Edward Huws Jones<\/em> a, lors de ses voyages, fait d&rsquo;importantes recherches sur les traditions du jeu du fiddler. Il explique les arri\u00e8re-plans de chaque style et donne des id\u00e9es pour une interpr\u00e9tation r\u00e9ussie.<\/p>\n<p><strong>Jigs, Reels &amp; Hornpipes <\/strong>contient de la musique de violon traditionnelle d&rsquo;Angleterre, d&rsquo;Irlande et d&rsquo;\u00c9cosse.<\/p>\n<p><b>Extraits de partition :<\/b><\/p>\n<p>(Cliquez pour agrandir l&rsquo;image)<\/p>\n<div id='gallery-1' class='gallery galleryid-1985 gallery-columns-3 gallery-size-medium'><figure class='gallery-item'>\n\t\t\t<div class='gallery-icon portrait'>\n\t\t\t\t<a href='https:\/\/vioolboeken.nl\/fr\/?attachment_id=1986\/'><img loading=\"lazy\" decoding=\"async\" width=\"213\" height=\"300\" src=\"https:\/\/i0.wp.com\/vioolboeken.nl\/wp-content\/uploads\/2020\/08\/Jigs-Reels-and-Hornpipes-pagina-2.jpeg.jpeg?fit=213%2C300&amp;ssl=1\" class=\"attachment-medium size-medium\" alt=\"\" \/><\/a>\n\t\t\t<\/div><\/figure><figure class='gallery-item'>\n\t\t\t<div class='gallery-icon portrait'>\n\t\t\t\t<a href='https:\/\/vioolboeken.nl\/fr\/?attachment_id=1987\/'><img loading=\"lazy\" decoding=\"async\" width=\"214\" height=\"300\" src=\"https:\/\/i0.wp.com\/vioolboeken.nl\/wp-content\/uploads\/2020\/08\/Jigs-Reels-and-Hornpipes-pagina-12-.jpeg.jpeg?fit=214%2C300&amp;ssl=1\" class=\"attachment-medium size-medium\" alt=\"\" \/><\/a>\n\t\t\t<\/div><\/figure><figure class='gallery-item'>\n\t\t\t<div class='gallery-icon portrait'>\n\t\t\t\t<a href='https:\/\/vioolboeken.nl\/fr\/?attachment_id=1988\/'><img loading=\"lazy\" decoding=\"async\" width=\"204\" height=\"300\" src=\"https:\/\/i0.wp.com\/vioolboeken.nl\/wp-content\/uploads\/2020\/08\/Jigs-Reels-and-Hornpipes-pagina-30-.jpeg.jpeg.jpeg?fit=204%2C300&amp;ssl=1\" class=\"attachment-medium size-medium\" alt=\"\" \/><\/a>\n\t\t\t<\/div><\/figure>\n\t\t<\/div>\n\n","protected":false},"excerpt":{"rendered":"<p>La c\u00e9l\u00e8bre s\u00e9rie d&rsquo;Edward Huws Jones consacr\u00e9e au r\u00e9pertoire traditionnel du violon est maintenant disponible avec audios (MP3s en ligne). Les pistes d&rsquo;accompagnement instrumentales et les versions d\u00e9mo compl\u00e8tes ne sont pas seulement destin\u00e9es \u00e0 vous exercer mais aussi \u00e0 aider et inspirer vos performances. Ces recueils d&rsquo;une musique authentique \u2013 en partie famili\u00e8re, parfois [&hellip;]<\/p>\n","protected":false},"featured_media":4940,"template":"","meta":{"_monsterinsights_skip_tracking":false,"_monsterinsights_sitenote_active":false,"_monsterinsights_sitenote_note":"","_monsterinsights_sitenote_category":0,"ocean_post_layout":"","ocean_both_sidebars_style":"","ocean_both_sidebars_content_width":0,"ocean_both_sidebars_sidebars_width":0,"ocean_sidebar":"0","ocean_second_sidebar":"0","ocean_disable_margins":"enable","ocean_add_body_class":"","ocean_shortcode_before_top_bar":"","ocean_shortcode_after_top_bar":"","ocean_shortcode_before_header":"","ocean_shortcode_after_header":"","ocean_has_shortcode":"","ocean_shortcode_after_title":"","ocean_shortcode_before_footer_widgets":"","ocean_shortcode_after_footer_widgets":"","ocean_shortcode_before_footer_bottom":"","ocean_shortcode_after_footer_bottom":"","ocean_display_top_bar":"default","ocean_display_header":"default","ocean_header_style":"","ocean_center_header_left_menu":"0","ocean_custom_header_template":"0","ocean_custom_logo":0,"ocean_custom_retina_logo":0,"ocean_custom_logo_max_width":0,"ocean_custom_logo_tablet_max_width":0,"ocean_custom_logo_mobile_max_width":0,"ocean_custom_logo_max_height":0,"ocean_custom_logo_tablet_max_height":0,"ocean_custom_logo_mobile_max_height":0,"ocean_header_custom_menu":"0","ocean_menu_typo_font_family":"0","ocean_menu_typo_font_subset":"","ocean_menu_typo_font_size":0,"ocean_menu_typo_font_size_tablet":0,"ocean_menu_typo_font_size_mobile":0,"ocean_menu_typo_font_size_unit":"px","ocean_menu_typo_font_weight":"","ocean_menu_typo_font_weight_tablet":"","ocean_menu_typo_font_weight_mobile":"","ocean_menu_typo_transform":"","ocean_menu_typo_transform_tablet":"","ocean_menu_typo_transform_mobile":"","ocean_menu_typo_line_height":0,"ocean_menu_typo_line_height_tablet":0,"ocean_menu_typo_line_height_mobile":0,"ocean_menu_typo_line_height_unit":"","ocean_menu_typo_spacing":0,"ocean_menu_typo_spacing_tablet":0,"ocean_menu_typo_spacing_mobile":0,"ocean_menu_typo_spacing_unit":"","ocean_menu_link_color":"","ocean_menu_link_color_hover":"","ocean_menu_link_color_active":"","ocean_menu_link_background":"","ocean_menu_link_hover_background":"","ocean_menu_link_active_background":"","ocean_menu_social_links_bg":"","ocean_menu_social_hover_links_bg":"","ocean_menu_social_links_color":"","ocean_menu_social_hover_links_color":"","ocean_disable_title":"default","ocean_disable_heading":"default","ocean_post_title":"","ocean_post_subheading":"","ocean_post_title_style":"","ocean_post_title_background_color":"","ocean_post_title_background":0,"ocean_post_title_bg_image_position":"","ocean_post_title_bg_image_attachment":"","ocean_post_title_bg_image_repeat":"","ocean_post_title_bg_image_size":"","ocean_post_title_height":0,"ocean_post_title_bg_overlay":0.5,"ocean_post_title_bg_overlay_color":"","ocean_disable_breadcrumbs":"default","ocean_breadcrumbs_color":"","ocean_breadcrumbs_separator_color":"","ocean_breadcrumbs_links_color":"","ocean_breadcrumbs_links_hover_color":"","ocean_display_footer_widgets":"default","ocean_display_footer_bottom":"default","ocean_custom_footer_template":"0"},"product_brand":[],"product_cat":[37],"product_tag":[],"class_list":{"0":"post-1985","1":"product","2":"type-product","3":"status-publish","4":"has-post-thumbnail","6":"product_cat-recueils-de-repertoire-violon-alto","8":"entry","9":"has-media","11":"first","12":"instock","13":"taxable","14":"shipping-taxable","15":"purchasable","16":"product-type-simple","17":"has-product-nav","18":"col","19":"span_1_of_3","20":"owp-content-center","21":"owp-thumbs-layout-horizontal","22":"owp-btn-normal","23":"owp-tabs-layout-horizontal","24":"has-no-thumbnails"},"aioseo_notices":[],"jetpack_sharing_enabled":true,"_links":{"self":[{"href":"https:\/\/vioolboeken.nl\/fr\/wp-json\/wp\/v2\/product\/1985","targetHints":{"allow":["GET"]}}],"collection":[{"href":"https:\/\/vioolboeken.nl\/fr\/wp-json\/wp\/v2\/product"}],"about":[{"href":"https:\/\/vioolboeken.nl\/fr\/wp-json\/wp\/v2\/types\/product"}],"wp:featuredmedia":[{"embeddable":true,"href":"https:\/\/vioolboeken.nl\/fr\/wp-json\/wp\/v2\/media\/4940"}],"wp:attachment":[{"href":"https:\/\/vioolboeken.nl\/fr\/wp-json\/wp\/v2\/media?parent=1985"}],"wp:term":[{"taxonomy":"product_brand","embeddable":true,"href":"https:\/\/vioolboeken.nl\/fr\/wp-json\/wp\/v2\/product_brand?post=1985"},{"taxonomy":"product_cat","embeddable":true,"href":"https:\/\/vioolboeken.nl\/fr\/wp-json\/wp\/v2\/product_cat?post=1985"},{"taxonomy":"product_tag","embeddable":true,"href":"https:\/\/vioolboeken.nl\/fr\/wp-json\/wp\/v2\/product_tag?post=1985"}],"curies":[{"name":"wp","href":"https:\/\/api.w.org\/{rel}","templated":true}]}}