{"id":1935,"date":"2020-08-07T17:08:15","date_gmt":"2020-08-07T15:08:15","guid":{"rendered":"https:\/\/vioolboeken.nl\/?post_type=product&#038;p=1935"},"modified":"2025-09-15T11:25:17","modified_gmt":"2025-09-15T09:25:17","slug":"colours-of-the-world","status":"publish","type":"product","link":"https:\/\/vioolboeken.nl\/fr\/product\/colours-of-the-world\/","title":{"rendered":"Colours of the World"},"content":{"rendered":"<p><strong><i>Colours of the World\u00a0<\/i><\/strong>(\u201cCouleurs du monde\u201d) est le recueil id\u00e9al pour tout violoniste ayant une certaine exp\u00e9rience du jeu en premi\u00e8re, deuxi\u00e8me et troisi\u00e8me positions, et qui souhaite partir \u00e0 la d\u00e9couverte de styles et d\u2019horizons musicaux nouveaux. Jos van den Dungen s\u2019est inspir\u00e9 de musiques en provenance du monde entier (Irlande, Hongrie, \u00c9tats-Unis, Cuba, Argentine, Maroc, entre autres) et de diff\u00e9rentes \u00e9poques. Laissez-vous s\u00e9duire par le superbe accompagnement sur disque compact. Du rock \u00e0 la house en passant par les sonorit\u00e9s chaleureuses de la musique des Balkans et tex-mex, ce recueil vous propose d\u2019excellents moments musicaux.<\/p>\n<p><strong>Extraits audio :<\/strong><\/p>\n<!--[if lt IE 9]><script>document.createElement('audio');<\/script><![endif]-->\n\t<div class=\"wp-playlist wp-audio-playlist wp-playlist-light\">\n\t\t\t<div class=\"wp-playlist-current-item\"><\/div>\n\t\t<audio controls=\"controls\" preload=\"none\" width=\"1178\"\n\t\t\t><\/audio>\n\t<div class=\"wp-playlist-next\"><\/div>\n\t<div class=\"wp-playlist-prev\"><\/div>\n\t<noscript>\n\t<ol>\n\t\t<li><a href='https:\/\/vioolboeken.nl\/wp-content\/uploads\/2020\/08\/23-The-Fiddlers-Blue.mp3'>The Fiddler's Blue<\/a><\/li><li><a href='https:\/\/vioolboeken.nl\/wp-content\/uploads\/2020\/08\/21-E-Motion.mp3'>E-Motion<\/a><\/li><li><a href='https:\/\/vioolboeken.nl\/wp-content\/uploads\/2020\/08\/13-Russian-Roulette.mp3'>Russian Roulette<\/a><\/li>\t<\/ol>\n\t<\/noscript>\n\t<script type=\"application\/json\" class=\"wp-playlist-script\">{\"type\":\"audio\",\"tracklist\":true,\"tracknumbers\":true,\"images\":true,\"artists\":true,\"tracks\":[{\"src\":\"https:\\\/\\\/vioolboeken.nl\\\/wp-content\\\/uploads\\\/2020\\\/08\\\/23-The-Fiddlers-Blue.mp3\",\"type\":\"audio\\\/mpeg\",\"title\":\"The Fiddler's Blue\",\"caption\":\"\",\"description\":\"\\\"The Fiddler's Blue\\\" van Colours Of The World door Diverse artiesten. Track 23. Genre: Diversen.\",\"meta\":{\"artist\":\"Diverse artiesten\",\"album\":\"Colours Of The World\",\"genre\":\"Diversen\",\"length_formatted\":\"1:29\"},\"image\":{\"src\":\"https:\\\/\\\/vioolboeken.nl\\\/wp-includes\\\/images\\\/media\\\/audio.svg\",\"width\":48,\"height\":64},\"thumb\":{\"src\":\"https:\\\/\\\/vioolboeken.nl\\\/wp-includes\\\/images\\\/media\\\/audio.svg\",\"width\":48,\"height\":64}},{\"src\":\"https:\\\/\\\/vioolboeken.nl\\\/wp-content\\\/uploads\\\/2020\\\/08\\\/21-E-Motion.mp3\",\"type\":\"audio\\\/mpeg\",\"title\":\"E-Motion\",\"caption\":\"\",\"description\":\"\\\"E-Motion\\\" van Colours Of The World door Diverse artiesten. Track 21. Genre: Diversen.\",\"meta\":{\"artist\":\"Diverse artiesten\",\"album\":\"Colours Of The World\",\"genre\":\"Diversen\",\"length_formatted\":\"1:47\"},\"image\":{\"src\":\"https:\\\/\\\/vioolboeken.nl\\\/wp-includes\\\/images\\\/media\\\/audio.svg\",\"width\":48,\"height\":64},\"thumb\":{\"src\":\"https:\\\/\\\/vioolboeken.nl\\\/wp-includes\\\/images\\\/media\\\/audio.svg\",\"width\":48,\"height\":64}},{\"src\":\"https:\\\/\\\/vioolboeken.nl\\\/wp-content\\\/uploads\\\/2020\\\/08\\\/13-Russian-Roulette.mp3\",\"type\":\"audio\\\/mpeg\",\"title\":\"Russian Roulette\",\"caption\":\"\",\"description\":\"\\\"Russian Roulette\\\" van Colours Of The World door Diverse artiesten. Track 13. Genre: Diversen.\",\"meta\":{\"artist\":\"Diverse artiesten\",\"album\":\"Colours Of The World\",\"genre\":\"Diversen\",\"length_formatted\":\"2:35\"},\"image\":{\"src\":\"https:\\\/\\\/vioolboeken.nl\\\/wp-includes\\\/images\\\/media\\\/audio.svg\",\"width\":48,\"height\":64},\"thumb\":{\"src\":\"https:\\\/\\\/vioolboeken.nl\\\/wp-includes\\\/images\\\/media\\\/audio.svg\",\"width\":48,\"height\":64}}]}<\/script>\n<\/div>\n\t\n<p><strong>Extraits de partition :<\/strong><\/p>\n<p>(Cliquez pour agrandir l&rsquo;image)<\/p>\n<div id='gallery-1' class='gallery galleryid-1935 gallery-columns-3 gallery-size-medium'><figure class='gallery-item'>\n\t\t\t<div class='gallery-icon portrait'>\n\t\t\t\t<a href='https:\/\/vioolboeken.nl\/fr\/?attachment_id=1940\/'><img loading=\"lazy\" decoding=\"async\" width=\"223\" height=\"300\" src=\"https:\/\/i0.wp.com\/vioolboeken.nl\/wp-content\/uploads\/2020\/08\/Colours-of-the-world-Farewell-to-Mr.-Dodo.jpg?fit=223%2C300&amp;ssl=1\" class=\"attachment-medium size-medium\" alt=\"\" \/><\/a>\n\t\t\t<\/div><\/figure><figure class='gallery-item'>\n\t\t\t<div class='gallery-icon portrait'>\n\t\t\t\t<a href='https:\/\/vioolboeken.nl\/fr\/?attachment_id=1941\/'><img loading=\"lazy\" decoding=\"async\" width=\"223\" height=\"300\" src=\"https:\/\/i0.wp.com\/vioolboeken.nl\/wp-content\/uploads\/2020\/08\/Colours-of-the-world-Hungarian-Lovesong.jpg?fit=223%2C300&amp;ssl=1\" class=\"attachment-medium size-medium\" alt=\"\" \/><\/a>\n\t\t\t<\/div><\/figure>\n\t\t<\/div>\n\n","protected":false},"excerpt":{"rendered":"<p>Colours of the World\u00a0(\u201cCouleurs du monde\u201d) est le recueil id\u00e9al pour tout violoniste ayant une certaine exp\u00e9rience du jeu en premi\u00e8re, deuxi\u00e8me et troisi\u00e8me positions, et qui souhaite partir \u00e0 la d\u00e9couverte de styles et d\u2019horizons musicaux nouveaux. Jos van den Dungen s\u2019est inspir\u00e9 de musiques en provenance du monde entier (Irlande, Hongrie, \u00c9tats-Unis, Cuba, [&hellip;]<\/p>\n","protected":false},"featured_media":6099,"template":"","meta":{"_monsterinsights_skip_tracking":false,"_monsterinsights_sitenote_active":false,"_monsterinsights_sitenote_note":"","_monsterinsights_sitenote_category":0,"ocean_post_layout":"","ocean_both_sidebars_style":"","ocean_both_sidebars_content_width":0,"ocean_both_sidebars_sidebars_width":0,"ocean_sidebar":"0","ocean_second_sidebar":"0","ocean_disable_margins":"enable","ocean_add_body_class":"","ocean_shortcode_before_top_bar":"","ocean_shortcode_after_top_bar":"","ocean_shortcode_before_header":"","ocean_shortcode_after_header":"","ocean_has_shortcode":"","ocean_shortcode_after_title":"","ocean_shortcode_before_footer_widgets":"","ocean_shortcode_after_footer_widgets":"","ocean_shortcode_before_footer_bottom":"","ocean_shortcode_after_footer_bottom":"","ocean_display_top_bar":"default","ocean_display_header":"default","ocean_header_style":"","ocean_center_header_left_menu":"0","ocean_custom_header_template":"0","ocean_custom_logo":0,"ocean_custom_retina_logo":0,"ocean_custom_logo_max_width":0,"ocean_custom_logo_tablet_max_width":0,"ocean_custom_logo_mobile_max_width":0,"ocean_custom_logo_max_height":0,"ocean_custom_logo_tablet_max_height":0,"ocean_custom_logo_mobile_max_height":0,"ocean_header_custom_menu":"0","ocean_menu_typo_font_family":"0","ocean_menu_typo_font_subset":"","ocean_menu_typo_font_size":0,"ocean_menu_typo_font_size_tablet":0,"ocean_menu_typo_font_size_mobile":0,"ocean_menu_typo_font_size_unit":"px","ocean_menu_typo_font_weight":"","ocean_menu_typo_font_weight_tablet":"","ocean_menu_typo_font_weight_mobile":"","ocean_menu_typo_transform":"","ocean_menu_typo_transform_tablet":"","ocean_menu_typo_transform_mobile":"","ocean_menu_typo_line_height":0,"ocean_menu_typo_line_height_tablet":0,"ocean_menu_typo_line_height_mobile":0,"ocean_menu_typo_line_height_unit":"","ocean_menu_typo_spacing":0,"ocean_menu_typo_spacing_tablet":0,"ocean_menu_typo_spacing_mobile":0,"ocean_menu_typo_spacing_unit":"","ocean_menu_link_color":"","ocean_menu_link_color_hover":"","ocean_menu_link_color_active":"","ocean_menu_link_background":"","ocean_menu_link_hover_background":"","ocean_menu_link_active_background":"","ocean_menu_social_links_bg":"","ocean_menu_social_hover_links_bg":"","ocean_menu_social_links_color":"","ocean_menu_social_hover_links_color":"","ocean_disable_title":"default","ocean_disable_heading":"default","ocean_post_title":"","ocean_post_subheading":"","ocean_post_title_style":"","ocean_post_title_background_color":"","ocean_post_title_background":0,"ocean_post_title_bg_image_position":"","ocean_post_title_bg_image_attachment":"","ocean_post_title_bg_image_repeat":"","ocean_post_title_bg_image_size":"","ocean_post_title_height":0,"ocean_post_title_bg_overlay":0.5,"ocean_post_title_bg_overlay_color":"","ocean_disable_breadcrumbs":"default","ocean_breadcrumbs_color":"","ocean_breadcrumbs_separator_color":"","ocean_breadcrumbs_links_color":"","ocean_breadcrumbs_links_hover_color":"","ocean_display_footer_widgets":"default","ocean_display_footer_bottom":"default","ocean_custom_footer_template":"0"},"product_brand":[],"product_cat":[37],"product_tag":[],"class_list":{"0":"post-1935","1":"product","2":"type-product","3":"status-publish","4":"has-post-thumbnail","6":"product_cat-recueils-de-repertoire-violon-alto","8":"entry","9":"has-media","11":"first","12":"instock","13":"taxable","14":"shipping-taxable","15":"purchasable","16":"product-type-simple","17":"has-product-nav","18":"col","19":"span_1_of_3","20":"owp-content-center","21":"owp-thumbs-layout-horizontal","22":"owp-btn-normal","23":"owp-tabs-layout-horizontal","24":"has-no-thumbnails"},"aioseo_notices":[],"jetpack_sharing_enabled":true,"_links":{"self":[{"href":"https:\/\/vioolboeken.nl\/fr\/wp-json\/wp\/v2\/product\/1935","targetHints":{"allow":["GET"]}}],"collection":[{"href":"https:\/\/vioolboeken.nl\/fr\/wp-json\/wp\/v2\/product"}],"about":[{"href":"https:\/\/vioolboeken.nl\/fr\/wp-json\/wp\/v2\/types\/product"}],"wp:featuredmedia":[{"embeddable":true,"href":"https:\/\/vioolboeken.nl\/fr\/wp-json\/wp\/v2\/media\/6099"}],"wp:attachment":[{"href":"https:\/\/vioolboeken.nl\/fr\/wp-json\/wp\/v2\/media?parent=1935"}],"wp:term":[{"taxonomy":"product_brand","embeddable":true,"href":"https:\/\/vioolboeken.nl\/fr\/wp-json\/wp\/v2\/product_brand?post=1935"},{"taxonomy":"product_cat","embeddable":true,"href":"https:\/\/vioolboeken.nl\/fr\/wp-json\/wp\/v2\/product_cat?post=1935"},{"taxonomy":"product_tag","embeddable":true,"href":"https:\/\/vioolboeken.nl\/fr\/wp-json\/wp\/v2\/product_tag?post=1935"}],"curies":[{"name":"wp","href":"https:\/\/api.w.org\/{rel}","templated":true}]}}