{"id":176,"date":"2019-07-29T13:18:08","date_gmt":"2019-07-29T11:18:08","guid":{"rendered":"https:\/\/vioolboeken.nl\/?post_type=product&#038;p=176"},"modified":"2024-08-01T11:26:51","modified_gmt":"2024-08-01T09:26:51","slug":"tango-variety-piano-accompaniment","status":"publish","type":"product","link":"https:\/\/vioolboeken.nl\/fr\/product\/tango-variety-piano-accompaniment\/","title":{"rendered":"Tango Variety Piano Accompaniment"},"content":{"rendered":"<p><strong>Tango Variety<\/strong> est le recueil id\u00e9al pour tout violoniste souhaitant partir \u00e0 la d\u00e9couverte du monde du tango classique. Les pi\u00e8ces de ce recueil sont \u00e9crites dans des tonalit\u00e9s parfaitement adapt\u00e9es au violon. Les changements de positions, \u00e9chelonn\u00e9s de la premi\u00e8re \u00e0 la troisi\u00e8me position, ne pr\u00e9sentent que peu de difficult\u00e9s. Nous vous souhaitons beaucoup de plaisir \u00e0 l\u2019interpr\u00e9tation de cette musique fascinante qu\u2019est le tango ! Pour les instrumentistes souhaitant jouer ces pi\u00e8ces avec un pianiste, il est possible d\u2019acqu\u00e9rir les accompagnements de piano rassembl\u00e9s dans un recueil vendu s\u00e9par\u00e9ment.<\/p>\n<h3>Extrait de partition :<\/h3>\n<p>(Cliquez pour agrandir l&rsquo;image)<\/p>\n<div id='gallery-1' class='gallery galleryid-176 gallery-columns-1 gallery-size-medium'><figure class='gallery-item'>\n\t\t\t<div class='gallery-icon portrait'>\n\t\t\t\t<a href='https:\/\/vioolboeken.nl\/fr\/?attachment_id=686\/'><img loading=\"lazy\" decoding=\"async\" width=\"237\" height=\"300\" src=\"https:\/\/i0.wp.com\/vioolboeken.nl\/wp-content\/uploads\/2019\/07\/Tango-Variety-pianobegeleiding-pag.-4.jpg?fit=237%2C300&amp;ssl=1\" class=\"attachment-medium size-medium\" alt=\"\" \/><\/a>\n\t\t\t<\/div><\/figure>\n\t\t<\/div>\n\n","protected":false},"excerpt":{"rendered":"<p>Tango Variety est le recueil id\u00e9al pour tout violoniste souhaitant partir \u00e0 la d\u00e9couverte du monde du tango classique. Les pi\u00e8ces de ce recueil sont \u00e9crites dans des tonalit\u00e9s parfaitement adapt\u00e9es au violon. Les changements de positions, \u00e9chelonn\u00e9s de la premi\u00e8re \u00e0 la troisi\u00e8me position, ne pr\u00e9sentent que peu de difficult\u00e9s. Nous vous souhaitons beaucoup [&hellip;]<\/p>\n","protected":false},"featured_media":171,"template":"","meta":{"_monsterinsights_skip_tracking":false,"_monsterinsights_sitenote_active":false,"_monsterinsights_sitenote_note":"","_monsterinsights_sitenote_category":0,"ocean_post_layout":"","ocean_both_sidebars_style":"","ocean_both_sidebars_content_width":0,"ocean_both_sidebars_sidebars_width":0,"ocean_sidebar":"0","ocean_second_sidebar":"0","ocean_disable_margins":"enable","ocean_add_body_class":"","ocean_shortcode_before_top_bar":"","ocean_shortcode_after_top_bar":"","ocean_shortcode_before_header":"","ocean_shortcode_after_header":"","ocean_has_shortcode":"","ocean_shortcode_after_title":"","ocean_shortcode_before_footer_widgets":"","ocean_shortcode_after_footer_widgets":"","ocean_shortcode_before_footer_bottom":"","ocean_shortcode_after_footer_bottom":"","ocean_display_top_bar":"default","ocean_display_header":"default","ocean_header_style":"","ocean_center_header_left_menu":"0","ocean_custom_header_template":"0","ocean_custom_logo":0,"ocean_custom_retina_logo":0,"ocean_custom_logo_max_width":0,"ocean_custom_logo_tablet_max_width":0,"ocean_custom_logo_mobile_max_width":0,"ocean_custom_logo_max_height":0,"ocean_custom_logo_tablet_max_height":0,"ocean_custom_logo_mobile_max_height":0,"ocean_header_custom_menu":"0","ocean_menu_typo_font_family":"0","ocean_menu_typo_font_subset":"","ocean_menu_typo_font_size":0,"ocean_menu_typo_font_size_tablet":0,"ocean_menu_typo_font_size_mobile":0,"ocean_menu_typo_font_size_unit":"px","ocean_menu_typo_font_weight":"","ocean_menu_typo_font_weight_tablet":"","ocean_menu_typo_font_weight_mobile":"","ocean_menu_typo_transform":"","ocean_menu_typo_transform_tablet":"","ocean_menu_typo_transform_mobile":"","ocean_menu_typo_line_height":0,"ocean_menu_typo_line_height_tablet":0,"ocean_menu_typo_line_height_mobile":0,"ocean_menu_typo_line_height_unit":"","ocean_menu_typo_spacing":0,"ocean_menu_typo_spacing_tablet":0,"ocean_menu_typo_spacing_mobile":0,"ocean_menu_typo_spacing_unit":"","ocean_menu_link_color":"","ocean_menu_link_color_hover":"","ocean_menu_link_color_active":"","ocean_menu_link_background":"","ocean_menu_link_hover_background":"","ocean_menu_link_active_background":"","ocean_menu_social_links_bg":"","ocean_menu_social_hover_links_bg":"","ocean_menu_social_links_color":"","ocean_menu_social_hover_links_color":"","ocean_disable_title":"default","ocean_disable_heading":"default","ocean_post_title":"","ocean_post_subheading":"","ocean_post_title_style":"","ocean_post_title_background_color":"","ocean_post_title_background":0,"ocean_post_title_bg_image_position":"","ocean_post_title_bg_image_attachment":"","ocean_post_title_bg_image_repeat":"","ocean_post_title_bg_image_size":"","ocean_post_title_height":0,"ocean_post_title_bg_overlay":0.5,"ocean_post_title_bg_overlay_color":"","ocean_disable_breadcrumbs":"default","ocean_breadcrumbs_color":"","ocean_breadcrumbs_separator_color":"","ocean_breadcrumbs_links_color":"","ocean_breadcrumbs_links_hover_color":"","ocean_display_footer_widgets":"default","ocean_display_footer_bottom":"default","ocean_custom_footer_template":"0"},"product_brand":[],"product_cat":[37],"product_tag":[],"class_list":{"0":"post-176","1":"product","2":"type-product","3":"status-publish","4":"has-post-thumbnail","6":"product_cat-recueils-de-repertoire-violon-alto","8":"entry","9":"has-media","11":"first","12":"instock","13":"taxable","14":"shipping-taxable","15":"purchasable","16":"product-type-simple","17":"has-product-nav","18":"col","19":"span_1_of_3","20":"owp-content-center","21":"owp-thumbs-layout-horizontal","22":"owp-btn-normal","23":"owp-tabs-layout-horizontal","24":"has-no-thumbnails"},"aioseo_notices":[],"jetpack_sharing_enabled":true,"_links":{"self":[{"href":"https:\/\/vioolboeken.nl\/fr\/wp-json\/wp\/v2\/product\/176","targetHints":{"allow":["GET"]}}],"collection":[{"href":"https:\/\/vioolboeken.nl\/fr\/wp-json\/wp\/v2\/product"}],"about":[{"href":"https:\/\/vioolboeken.nl\/fr\/wp-json\/wp\/v2\/types\/product"}],"wp:featuredmedia":[{"embeddable":true,"href":"https:\/\/vioolboeken.nl\/fr\/wp-json\/wp\/v2\/media\/171"}],"wp:attachment":[{"href":"https:\/\/vioolboeken.nl\/fr\/wp-json\/wp\/v2\/media?parent=176"}],"wp:term":[{"taxonomy":"product_brand","embeddable":true,"href":"https:\/\/vioolboeken.nl\/fr\/wp-json\/wp\/v2\/product_brand?post=176"},{"taxonomy":"product_cat","embeddable":true,"href":"https:\/\/vioolboeken.nl\/fr\/wp-json\/wp\/v2\/product_cat?post=176"},{"taxonomy":"product_tag","embeddable":true,"href":"https:\/\/vioolboeken.nl\/fr\/wp-json\/wp\/v2\/product_tag?post=176"}],"curies":[{"name":"wp","href":"https:\/\/api.w.org\/{rel}","templated":true}]}}