{"id":168,"date":"2019-07-29T13:11:49","date_gmt":"2019-07-29T11:11:49","guid":{"rendered":"https:\/\/vioolboeken.nl\/?post_type=product&#038;p=168"},"modified":"2024-08-01T11:28:47","modified_gmt":"2024-08-01T09:28:47","slug":"easy-solos-for-violin","status":"publish","type":"product","link":"https:\/\/vioolboeken.nl\/fr\/product\/easy-solos-for-violin\/","title":{"rendered":"Easy Solos for Violin"},"content":{"rendered":"<p>Ce recueil contient seize pi\u00e8ces faciles dans des tonalit\u00e9s dont l&rsquo;armature comporte jusqu\u2019\u00e0 deux b\u00e9mols. Alors que le violoniste d\u00e9butant d\u00e9couvre souvent son instrument \u00e0 travers des tonalit\u00e9s comportant des notes di\u00e9s\u00e9es, un grand nombre d\u2019\u0153uvres du r\u00e9pertoire ont \u00e9t\u00e9 \u00e9crites dans des tonalit\u00e9s b\u00e9molis\u00e9es.\u00a0<strong><i>Easy Solos for Violin<\/i>\u00a0<\/strong>vous propose de partir de la tonalit\u00e9 de Do Majeur pour aller vers celles dont l\u2019armature comporte jusqu\u2019\u00e0 deux b\u00e9mols. Dans la mesure o\u00f9 les rythmes et la tessiture de ces morceaux ne pr\u00e9sentent que peu de difficult\u00e9s, vous pouvez vous servir de ce recueil tr\u00e8s t\u00f4t dans l&rsquo;apprentissage du violon. Vous trouverez les accompagnements de toutes les pi\u00e8ces sur le CD inclus.<\/p>\n","protected":false},"excerpt":{"rendered":"<p>Ce recueil contient seize pi\u00e8ces faciles dans des tonalit\u00e9s dont l&rsquo;armature comporte jusqu\u2019\u00e0 deux b\u00e9mols. Alors que le violoniste d\u00e9butant d\u00e9couvre souvent son instrument \u00e0 travers des tonalit\u00e9s comportant des notes di\u00e9s\u00e9es, un grand nombre d\u2019\u0153uvres du r\u00e9pertoire ont \u00e9t\u00e9 \u00e9crites dans des tonalit\u00e9s b\u00e9molis\u00e9es.\u00a0Easy Solos for Violin\u00a0vous propose de partir de la tonalit\u00e9 de [&hellip;]<\/p>\n","protected":false},"featured_media":173,"template":"","meta":{"_monsterinsights_skip_tracking":false,"_monsterinsights_sitenote_active":false,"_monsterinsights_sitenote_note":"","_monsterinsights_sitenote_category":0,"ocean_post_layout":"","ocean_both_sidebars_style":"","ocean_both_sidebars_content_width":0,"ocean_both_sidebars_sidebars_width":0,"ocean_sidebar":"0","ocean_second_sidebar":"0","ocean_disable_margins":"enable","ocean_add_body_class":"","ocean_shortcode_before_top_bar":"","ocean_shortcode_after_top_bar":"","ocean_shortcode_before_header":"","ocean_shortcode_after_header":"","ocean_has_shortcode":"","ocean_shortcode_after_title":"","ocean_shortcode_before_footer_widgets":"","ocean_shortcode_after_footer_widgets":"","ocean_shortcode_before_footer_bottom":"","ocean_shortcode_after_footer_bottom":"","ocean_display_top_bar":"default","ocean_display_header":"default","ocean_header_style":"","ocean_center_header_left_menu":"0","ocean_custom_header_template":"0","ocean_custom_logo":0,"ocean_custom_retina_logo":0,"ocean_custom_logo_max_width":0,"ocean_custom_logo_tablet_max_width":0,"ocean_custom_logo_mobile_max_width":0,"ocean_custom_logo_max_height":0,"ocean_custom_logo_tablet_max_height":0,"ocean_custom_logo_mobile_max_height":0,"ocean_header_custom_menu":"0","ocean_menu_typo_font_family":"0","ocean_menu_typo_font_subset":"","ocean_menu_typo_font_size":0,"ocean_menu_typo_font_size_tablet":0,"ocean_menu_typo_font_size_mobile":0,"ocean_menu_typo_font_size_unit":"px","ocean_menu_typo_font_weight":"","ocean_menu_typo_font_weight_tablet":"","ocean_menu_typo_font_weight_mobile":"","ocean_menu_typo_transform":"","ocean_menu_typo_transform_tablet":"","ocean_menu_typo_transform_mobile":"","ocean_menu_typo_line_height":0,"ocean_menu_typo_line_height_tablet":0,"ocean_menu_typo_line_height_mobile":0,"ocean_menu_typo_line_height_unit":"","ocean_menu_typo_spacing":0,"ocean_menu_typo_spacing_tablet":0,"ocean_menu_typo_spacing_mobile":0,"ocean_menu_typo_spacing_unit":"","ocean_menu_link_color":"","ocean_menu_link_color_hover":"","ocean_menu_link_color_active":"","ocean_menu_link_background":"","ocean_menu_link_hover_background":"","ocean_menu_link_active_background":"","ocean_menu_social_links_bg":"","ocean_menu_social_hover_links_bg":"","ocean_menu_social_links_color":"","ocean_menu_social_hover_links_color":"","ocean_disable_title":"default","ocean_disable_heading":"default","ocean_post_title":"","ocean_post_subheading":"","ocean_post_title_style":"","ocean_post_title_background_color":"","ocean_post_title_background":0,"ocean_post_title_bg_image_position":"","ocean_post_title_bg_image_attachment":"","ocean_post_title_bg_image_repeat":"","ocean_post_title_bg_image_size":"","ocean_post_title_height":0,"ocean_post_title_bg_overlay":0.5,"ocean_post_title_bg_overlay_color":"","ocean_disable_breadcrumbs":"default","ocean_breadcrumbs_color":"","ocean_breadcrumbs_separator_color":"","ocean_breadcrumbs_links_color":"","ocean_breadcrumbs_links_hover_color":"","ocean_display_footer_widgets":"default","ocean_display_footer_bottom":"default","ocean_custom_footer_template":"0"},"product_brand":[],"product_cat":[37],"product_tag":[],"class_list":{"0":"post-168","1":"product","2":"type-product","3":"status-publish","4":"has-post-thumbnail","6":"product_cat-recueils-de-repertoire-violon-alto","8":"entry","9":"has-media","11":"first","12":"instock","13":"taxable","14":"shipping-taxable","15":"purchasable","16":"product-type-simple","17":"has-product-nav","18":"col","19":"span_1_of_3","20":"owp-content-center","21":"owp-thumbs-layout-horizontal","22":"owp-btn-normal","23":"owp-tabs-layout-horizontal","24":"has-no-thumbnails"},"aioseo_notices":[],"jetpack_sharing_enabled":true,"_links":{"self":[{"href":"https:\/\/vioolboeken.nl\/fr\/wp-json\/wp\/v2\/product\/168","targetHints":{"allow":["GET"]}}],"collection":[{"href":"https:\/\/vioolboeken.nl\/fr\/wp-json\/wp\/v2\/product"}],"about":[{"href":"https:\/\/vioolboeken.nl\/fr\/wp-json\/wp\/v2\/types\/product"}],"wp:featuredmedia":[{"embeddable":true,"href":"https:\/\/vioolboeken.nl\/fr\/wp-json\/wp\/v2\/media\/173"}],"wp:attachment":[{"href":"https:\/\/vioolboeken.nl\/fr\/wp-json\/wp\/v2\/media?parent=168"}],"wp:term":[{"taxonomy":"product_brand","embeddable":true,"href":"https:\/\/vioolboeken.nl\/fr\/wp-json\/wp\/v2\/product_brand?post=168"},{"taxonomy":"product_cat","embeddable":true,"href":"https:\/\/vioolboeken.nl\/fr\/wp-json\/wp\/v2\/product_cat?post=168"},{"taxonomy":"product_tag","embeddable":true,"href":"https:\/\/vioolboeken.nl\/fr\/wp-json\/wp\/v2\/product_tag?post=168"}],"curies":[{"name":"wp","href":"https:\/\/api.w.org\/{rel}","templated":true}]}}