{"id":167,"date":"2019-07-29T12:50:47","date_gmt":"2019-07-29T10:50:47","guid":{"rendered":"https:\/\/vioolboeken.nl\/?post_type=product&#038;p=167"},"modified":"2024-08-01T11:19:24","modified_gmt":"2024-08-01T09:19:24","slug":"more-viola-fun","status":"publish","type":"product","link":"https:\/\/vioolboeken.nl\/fr\/product\/more-viola-fun\/","title":{"rendered":"More Viola Fun"},"content":{"rendered":"<p><strong><em>More Viola Fun<\/em> <\/strong>contient des pi\u00e8ces faciles pour la deuxi\u00e8me ann\u00e9e d&rsquo;alto. Tout comme dans la premi\u00e8re partie, l\u2019accompagnement sur compact disc est jou\u00e9 par un v\u00e9ritable orchestre. La plupart dex morceaux mettent un instrument de musique en valeur dans l\u2019accompagnement : selon les morceaux, on peut entendre, par exemple, plus particuli\u00e8rement un violoncelle, une fl\u00fbte, etc. Les titres et les nombreuses illustrations de ce recueil vous indiquent les instruments correspondant \u00e0 chaque pi\u00e8ce.<\/p>\n<h3>Extraits audio :<\/h3>\n<p>I&rsquo;m a Ghost Musician<\/p>\n<!--[if lt IE 9]><script>document.createElement('audio');<\/script><![endif]-->\n<audio class=\"wp-audio-shortcode\" id=\"audio-167-1\" preload=\"none\" style=\"width: 100%;\" controls=\"controls\"><source type=\"audio\/mpeg\" src=\"https:\/\/vioolboeken.nl\/wp-content\/uploads\/2019\/07\/11-Nummer-11-6.mp3?_=1\" \/><a href=\"https:\/\/vioolboeken.nl\/wp-content\/uploads\/2019\/07\/11-Nummer-11-6.mp3\">https:\/\/vioolboeken.nl\/wp-content\/uploads\/2019\/07\/11-Nummer-11-6.mp3<\/a><\/audio>\n<p>Clara&rsquo;s Clarinet<\/p>\n<audio class=\"wp-audio-shortcode\" id=\"audio-167-2\" preload=\"none\" style=\"width: 100%;\" controls=\"controls\"><source type=\"audio\/mpeg\" src=\"https:\/\/vioolboeken.nl\/wp-content\/uploads\/2019\/07\/15-Nummer-15-1.mp3?_=2\" \/><a href=\"https:\/\/vioolboeken.nl\/wp-content\/uploads\/2019\/07\/15-Nummer-15-1.mp3\">https:\/\/vioolboeken.nl\/wp-content\/uploads\/2019\/07\/15-Nummer-15-1.mp3<\/a><\/audio>\n<h3>\u00a0<\/h3>\n","protected":false},"excerpt":{"rendered":"<p>More Viola Fun contient des pi\u00e8ces faciles pour la deuxi\u00e8me ann\u00e9e d&rsquo;alto. Tout comme dans la premi\u00e8re partie, l\u2019accompagnement sur compact disc est jou\u00e9 par un v\u00e9ritable orchestre. La plupart dex morceaux mettent un instrument de musique en valeur dans l\u2019accompagnement : selon les morceaux, on peut entendre, par exemple, plus particuli\u00e8rement un violoncelle, une [&hellip;]<\/p>\n","protected":false},"featured_media":162,"template":"","meta":{"_monsterinsights_skip_tracking":false,"_monsterinsights_sitenote_active":false,"_monsterinsights_sitenote_note":"","_monsterinsights_sitenote_category":0,"ocean_post_layout":"","ocean_both_sidebars_style":"","ocean_both_sidebars_content_width":0,"ocean_both_sidebars_sidebars_width":0,"ocean_sidebar":"0","ocean_second_sidebar":"0","ocean_disable_margins":"enable","ocean_add_body_class":"","ocean_shortcode_before_top_bar":"","ocean_shortcode_after_top_bar":"","ocean_shortcode_before_header":"","ocean_shortcode_after_header":"","ocean_has_shortcode":"","ocean_shortcode_after_title":"","ocean_shortcode_before_footer_widgets":"","ocean_shortcode_after_footer_widgets":"","ocean_shortcode_before_footer_bottom":"","ocean_shortcode_after_footer_bottom":"","ocean_display_top_bar":"default","ocean_display_header":"default","ocean_header_style":"","ocean_center_header_left_menu":"0","ocean_custom_header_template":"0","ocean_custom_logo":0,"ocean_custom_retina_logo":0,"ocean_custom_logo_max_width":0,"ocean_custom_logo_tablet_max_width":0,"ocean_custom_logo_mobile_max_width":0,"ocean_custom_logo_max_height":0,"ocean_custom_logo_tablet_max_height":0,"ocean_custom_logo_mobile_max_height":0,"ocean_header_custom_menu":"0","ocean_menu_typo_font_family":"0","ocean_menu_typo_font_subset":"","ocean_menu_typo_font_size":0,"ocean_menu_typo_font_size_tablet":0,"ocean_menu_typo_font_size_mobile":0,"ocean_menu_typo_font_size_unit":"px","ocean_menu_typo_font_weight":"","ocean_menu_typo_font_weight_tablet":"","ocean_menu_typo_font_weight_mobile":"","ocean_menu_typo_transform":"","ocean_menu_typo_transform_tablet":"","ocean_menu_typo_transform_mobile":"","ocean_menu_typo_line_height":0,"ocean_menu_typo_line_height_tablet":0,"ocean_menu_typo_line_height_mobile":0,"ocean_menu_typo_line_height_unit":"","ocean_menu_typo_spacing":0,"ocean_menu_typo_spacing_tablet":0,"ocean_menu_typo_spacing_mobile":0,"ocean_menu_typo_spacing_unit":"","ocean_menu_link_color":"","ocean_menu_link_color_hover":"","ocean_menu_link_color_active":"","ocean_menu_link_background":"","ocean_menu_link_hover_background":"","ocean_menu_link_active_background":"","ocean_menu_social_links_bg":"","ocean_menu_social_hover_links_bg":"","ocean_menu_social_links_color":"","ocean_menu_social_hover_links_color":"","ocean_disable_title":"default","ocean_disable_heading":"default","ocean_post_title":"","ocean_post_subheading":"","ocean_post_title_style":"","ocean_post_title_background_color":"","ocean_post_title_background":0,"ocean_post_title_bg_image_position":"","ocean_post_title_bg_image_attachment":"","ocean_post_title_bg_image_repeat":"","ocean_post_title_bg_image_size":"","ocean_post_title_height":0,"ocean_post_title_bg_overlay":0.5,"ocean_post_title_bg_overlay_color":"","ocean_disable_breadcrumbs":"default","ocean_breadcrumbs_color":"","ocean_breadcrumbs_separator_color":"","ocean_breadcrumbs_links_color":"","ocean_breadcrumbs_links_hover_color":"","ocean_display_footer_widgets":"default","ocean_display_footer_bottom":"default","ocean_custom_footer_template":"0"},"product_brand":[],"product_cat":[37],"product_tag":[],"class_list":{"0":"post-167","1":"product","2":"type-product","3":"status-publish","4":"has-post-thumbnail","6":"product_cat-recueils-de-repertoire-violon-alto","8":"entry","9":"has-media","11":"first","12":"instock","13":"taxable","14":"shipping-taxable","15":"purchasable","16":"product-type-simple","17":"has-product-nav","18":"col","19":"span_1_of_3","20":"owp-content-center","21":"owp-thumbs-layout-horizontal","22":"owp-btn-normal","23":"owp-tabs-layout-horizontal","24":"has-no-thumbnails"},"aioseo_notices":[],"jetpack_sharing_enabled":true,"_links":{"self":[{"href":"https:\/\/vioolboeken.nl\/fr\/wp-json\/wp\/v2\/product\/167","targetHints":{"allow":["GET"]}}],"collection":[{"href":"https:\/\/vioolboeken.nl\/fr\/wp-json\/wp\/v2\/product"}],"about":[{"href":"https:\/\/vioolboeken.nl\/fr\/wp-json\/wp\/v2\/types\/product"}],"wp:featuredmedia":[{"embeddable":true,"href":"https:\/\/vioolboeken.nl\/fr\/wp-json\/wp\/v2\/media\/162"}],"wp:attachment":[{"href":"https:\/\/vioolboeken.nl\/fr\/wp-json\/wp\/v2\/media?parent=167"}],"wp:term":[{"taxonomy":"product_brand","embeddable":true,"href":"https:\/\/vioolboeken.nl\/fr\/wp-json\/wp\/v2\/product_brand?post=167"},{"taxonomy":"product_cat","embeddable":true,"href":"https:\/\/vioolboeken.nl\/fr\/wp-json\/wp\/v2\/product_cat?post=167"},{"taxonomy":"product_tag","embeddable":true,"href":"https:\/\/vioolboeken.nl\/fr\/wp-json\/wp\/v2\/product_tag?post=167"}],"curies":[{"name":"wp","href":"https:\/\/api.w.org\/{rel}","templated":true}]}}