{"id":147,"date":"2019-07-29T11:18:41","date_gmt":"2019-07-29T09:18:41","guid":{"rendered":"https:\/\/vioolboeken.nl\/?post_type=product&#038;p=147"},"modified":"2025-03-03T11:30:48","modified_gmt":"2025-03-03T10:30:48","slug":"selected-studies-3-violin","status":"publish","type":"product","link":"https:\/\/vioolboeken.nl\/fr\/product\/selected-studies-3-violin\/","title":{"rendered":"Selected Studies 3 Violin"},"content":{"rendered":"<p>Study &amp; Play&nbsp;est le concept id\u00e9al pour d\u00e9velopper votre jeu dans un environnement plaisant et solidement structur\u00e9. Chaque recueil bas\u00e9 sur ce concept est accompagn\u00e9 de deux compact discs pour apporter un plus \u00e0 votre routine de travail. Ce troisi\u00e8me volume de la collection <strong>Selected Studies<\/strong> propose des accompagnements de piano, utiles et agr\u00e9ables, qui pr\u00e9sentent une nouvelle approche de la pratique instrumentale. Chaque \u00e9tude est enregistr\u00e9e dans trois versions: une version int\u00e9grale, et deux versions d\u2019accompagnement (au tempo normal d\u2019abord, au tempo d\u2019\u00e9tude ensuite). <strong>Selected Studies 3&nbsp;<\/strong>(\u00e0 partir de la 7\u00e8me ann\u00e9e) rassemble de superbes \u00e9tudes \u00e9crites par de grands p\u00e9dagogues du violon des deux si\u00e8cles pass\u00e9s. <strong>Selected Studies 3<\/strong> est un recueil dont la polyvalence contribue ind\u00e9niablement \u00e0 l\u2019\u00e9volution de votre niveau de jeu.<\/p>\n<p>Si, en plus du livre livr\u00e9 avec des CD d\u2019accompagnement, vous souhaitez \u00e9galement recevoir des fichiers num\u00e9riques de ces CD afin de pouvoir \u00e9galement lire les audios via un ordinateur portable, un iPad, un mobile, etc., vous pouvez l\u2019indiquer via un note dans la commande. Vous recevrez ensuite un lien de t\u00e9l\u00e9chargement (gratuit) par e-mail.<\/p>\n<h3>Extraits audio :<\/h3>\n<p>Study op. 16 no. 2 (Vieuxtemps)<\/p>\n<!--[if lt IE 9]><script>document.createElement('audio');<\/script><![endif]-->\n<audio class=\"wp-audio-shortcode\" id=\"audio-147-1\" preload=\"none\" style=\"width: 100%;\" controls=\"controls\"><source type=\"audio\/mpeg\" src=\"https:\/\/vioolboeken.nl\/wp-content\/uploads\/2019\/07\/02-Nummer-2.mp3?_=1\" \/><a href=\"https:\/\/vioolboeken.nl\/wp-content\/uploads\/2019\/07\/02-Nummer-2.mp3\">https:\/\/vioolboeken.nl\/wp-content\/uploads\/2019\/07\/02-Nummer-2.mp3<\/a><\/audio>\n<p>Study no.32 (Fiorillo)<\/p>\n<audio class=\"wp-audio-shortcode\" id=\"audio-147-2\" preload=\"none\" style=\"width: 100%;\" controls=\"controls\"><source type=\"audio\/mpeg\" src=\"https:\/\/vioolboeken.nl\/wp-content\/uploads\/2019\/07\/11-Nummer-11-5.mp3?_=2\" \/><a href=\"https:\/\/vioolboeken.nl\/wp-content\/uploads\/2019\/07\/11-Nummer-11-5.mp3\">https:\/\/vioolboeken.nl\/wp-content\/uploads\/2019\/07\/11-Nummer-11-5.mp3<\/a><\/audio>\n<h3>Extraits de partition :<\/h3>\n<p>(cliquez pour agrandir l&rsquo;image)<\/p>\n<div id='gallery-1' class='gallery galleryid-147 gallery-columns-3 gallery-size-medium'><figure class='gallery-item'>\n\t\t\t<div class='gallery-icon portrait'>\n\t\t\t\t<a href='https:\/\/vioolboeken.nl\/fr\/?attachment_id=817\/'><img loading=\"lazy\" decoding=\"async\" width=\"226\" height=\"300\" src=\"https:\/\/i0.wp.com\/vioolboeken.nl\/wp-content\/uploads\/2019\/07\/Selected-Studies-3-viool-pianoboek-bldz.-8-1.jpg?fit=226%2C300&amp;ssl=1\" class=\"attachment-medium size-medium\" alt=\"\" \/><\/a>\n\t\t\t<\/div><\/figure><figure class='gallery-item'>\n\t\t\t<div class='gallery-icon portrait'>\n\t\t\t\t<a href='https:\/\/vioolboeken.nl\/fr\/?attachment_id=816\/'><img loading=\"lazy\" decoding=\"async\" width=\"226\" height=\"300\" src=\"https:\/\/i0.wp.com\/vioolboeken.nl\/wp-content\/uploads\/2019\/07\/Selected-Studies-3-viool-pianoboek-bldz.-25-1.jpg?fit=226%2C300&amp;ssl=1\" class=\"attachment-medium size-medium\" alt=\"\" \/><\/a>\n\t\t\t<\/div><\/figure><figure class='gallery-item'>\n\t\t\t<div class='gallery-icon portrait'>\n\t\t\t\t<a href='https:\/\/vioolboeken.nl\/fr\/?attachment_id=815\/'><img loading=\"lazy\" decoding=\"async\" width=\"226\" height=\"300\" src=\"https:\/\/i0.wp.com\/vioolboeken.nl\/wp-content\/uploads\/2019\/07\/Selected-Studies-3-viool-pianoboek-bldz.-37-1.jpg?fit=226%2C300&amp;ssl=1\" class=\"attachment-medium size-medium\" alt=\"\" \/><\/a>\n\t\t\t<\/div><\/figure><figure class='gallery-item'>\n\t\t\t<div class='gallery-icon portrait'>\n\t\t\t\t<a href='https:\/\/vioolboeken.nl\/fr\/?attachment_id=814\/'><img loading=\"lazy\" decoding=\"async\" width=\"226\" height=\"300\" src=\"https:\/\/i0.wp.com\/vioolboeken.nl\/wp-content\/uploads\/2019\/07\/Selected-Studies-3-viool-pianoboek-bldz.-54-1.jpg?fit=226%2C300&amp;ssl=1\" class=\"attachment-medium size-medium\" alt=\"\" \/><\/a>\n\t\t\t<\/div><\/figure><figure class='gallery-item'>\n\t\t\t<div class='gallery-icon portrait'>\n\t\t\t\t<a href='https:\/\/vioolboeken.nl\/fr\/?attachment_id=813\/'><img loading=\"lazy\" decoding=\"async\" width=\"226\" height=\"300\" src=\"https:\/\/i0.wp.com\/vioolboeken.nl\/wp-content\/uploads\/2019\/07\/Selected-Studies-3-viool-pianoboek-bldz.-71-1.jpg?fit=226%2C300&amp;ssl=1\" class=\"attachment-medium size-medium\" alt=\"\" \/><\/a>\n\t\t\t<\/div><\/figure>\n\t\t<\/div>\n\n<h3>Youtube :<\/h3>\n<p class=\"responsive-video-wrap clr\"><iframe loading=\"lazy\" title=\"P. Rode, 24 Caprices op. 22 nr. 2. Arr. Nico Dezaire, Selected Studies 3 (violin\/piano)\" width=\"1200\" height=\"675\" src=\"https:\/\/www.youtube.com\/embed\/Dzcu33Ytqus?feature=oembed\" frameborder=\"0\" allow=\"accelerometer; autoplay; clipboard-write; encrypted-media; gyroscope; picture-in-picture; web-share\" referrerpolicy=\"strict-origin-when-cross-origin\" allowfullscreen><\/iframe><\/p>\n<p>&nbsp;<\/p>\n","protected":false},"excerpt":{"rendered":"<p>Study &amp; Play&nbsp;est le concept id\u00e9al pour d\u00e9velopper votre jeu dans un environnement plaisant et solidement structur\u00e9. Chaque recueil bas\u00e9 sur ce concept est accompagn\u00e9 de deux compact discs pour apporter un plus \u00e0 votre routine de travail. Ce troisi\u00e8me volume de la collection Selected Studies propose des accompagnements de piano, utiles et agr\u00e9ables, qui [&hellip;]<\/p>\n","protected":false},"featured_media":140,"template":"","meta":{"_monsterinsights_skip_tracking":false,"_monsterinsights_sitenote_active":false,"_monsterinsights_sitenote_note":"","_monsterinsights_sitenote_category":0,"ocean_post_layout":"","ocean_both_sidebars_style":"","ocean_both_sidebars_content_width":0,"ocean_both_sidebars_sidebars_width":0,"ocean_sidebar":"0","ocean_second_sidebar":"0","ocean_disable_margins":"enable","ocean_add_body_class":"","ocean_shortcode_before_top_bar":"","ocean_shortcode_after_top_bar":"","ocean_shortcode_before_header":"","ocean_shortcode_after_header":"","ocean_has_shortcode":"","ocean_shortcode_after_title":"","ocean_shortcode_before_footer_widgets":"","ocean_shortcode_after_footer_widgets":"","ocean_shortcode_before_footer_bottom":"","ocean_shortcode_after_footer_bottom":"","ocean_display_top_bar":"default","ocean_display_header":"default","ocean_header_style":"","ocean_center_header_left_menu":"0","ocean_custom_header_template":"0","ocean_custom_logo":0,"ocean_custom_retina_logo":0,"ocean_custom_logo_max_width":0,"ocean_custom_logo_tablet_max_width":0,"ocean_custom_logo_mobile_max_width":0,"ocean_custom_logo_max_height":0,"ocean_custom_logo_tablet_max_height":0,"ocean_custom_logo_mobile_max_height":0,"ocean_header_custom_menu":"0","ocean_menu_typo_font_family":"0","ocean_menu_typo_font_subset":"","ocean_menu_typo_font_size":0,"ocean_menu_typo_font_size_tablet":0,"ocean_menu_typo_font_size_mobile":0,"ocean_menu_typo_font_size_unit":"px","ocean_menu_typo_font_weight":"","ocean_menu_typo_font_weight_tablet":"","ocean_menu_typo_font_weight_mobile":"","ocean_menu_typo_transform":"","ocean_menu_typo_transform_tablet":"","ocean_menu_typo_transform_mobile":"","ocean_menu_typo_line_height":0,"ocean_menu_typo_line_height_tablet":0,"ocean_menu_typo_line_height_mobile":0,"ocean_menu_typo_line_height_unit":"","ocean_menu_typo_spacing":0,"ocean_menu_typo_spacing_tablet":0,"ocean_menu_typo_spacing_mobile":0,"ocean_menu_typo_spacing_unit":"","ocean_menu_link_color":"","ocean_menu_link_color_hover":"","ocean_menu_link_color_active":"","ocean_menu_link_background":"","ocean_menu_link_hover_background":"","ocean_menu_link_active_background":"","ocean_menu_social_links_bg":"","ocean_menu_social_hover_links_bg":"","ocean_menu_social_links_color":"","ocean_menu_social_hover_links_color":"","ocean_disable_title":"default","ocean_disable_heading":"default","ocean_post_title":"","ocean_post_subheading":"","ocean_post_title_style":"","ocean_post_title_background_color":"","ocean_post_title_background":0,"ocean_post_title_bg_image_position":"","ocean_post_title_bg_image_attachment":"","ocean_post_title_bg_image_repeat":"","ocean_post_title_bg_image_size":"","ocean_post_title_height":0,"ocean_post_title_bg_overlay":0.5,"ocean_post_title_bg_overlay_color":"","ocean_disable_breadcrumbs":"default","ocean_breadcrumbs_color":"","ocean_breadcrumbs_separator_color":"","ocean_breadcrumbs_links_color":"","ocean_breadcrumbs_links_hover_color":"","ocean_display_footer_widgets":"default","ocean_display_footer_bottom":"default","ocean_custom_footer_template":"0"},"product_brand":[],"product_cat":[217],"product_tag":[],"class_list":{"0":"post-147","1":"product","2":"type-product","3":"status-publish","4":"has-post-thumbnail","6":"product_cat-etudes","8":"entry","9":"has-media","11":"first","12":"instock","13":"taxable","14":"shipping-taxable","15":"purchasable","16":"product-type-simple","17":"has-product-nav","18":"col","19":"span_1_of_3","20":"owp-content-center","21":"owp-thumbs-layout-horizontal","22":"owp-btn-normal","23":"owp-tabs-layout-horizontal","24":"has-no-thumbnails"},"aioseo_notices":[],"jetpack_sharing_enabled":true,"_links":{"self":[{"href":"https:\/\/vioolboeken.nl\/fr\/wp-json\/wp\/v2\/product\/147","targetHints":{"allow":["GET"]}}],"collection":[{"href":"https:\/\/vioolboeken.nl\/fr\/wp-json\/wp\/v2\/product"}],"about":[{"href":"https:\/\/vioolboeken.nl\/fr\/wp-json\/wp\/v2\/types\/product"}],"wp:featuredmedia":[{"embeddable":true,"href":"https:\/\/vioolboeken.nl\/fr\/wp-json\/wp\/v2\/media\/140"}],"wp:attachment":[{"href":"https:\/\/vioolboeken.nl\/fr\/wp-json\/wp\/v2\/media?parent=147"}],"wp:term":[{"taxonomy":"product_brand","embeddable":true,"href":"https:\/\/vioolboeken.nl\/fr\/wp-json\/wp\/v2\/product_brand?post=147"},{"taxonomy":"product_cat","embeddable":true,"href":"https:\/\/vioolboeken.nl\/fr\/wp-json\/wp\/v2\/product_cat?post=147"},{"taxonomy":"product_tag","embeddable":true,"href":"https:\/\/vioolboeken.nl\/fr\/wp-json\/wp\/v2\/product_tag?post=147"}],"curies":[{"name":"wp","href":"https:\/\/api.w.org\/{rel}","templated":true}]}}