{"id":138,"date":"2019-07-29T11:01:54","date_gmt":"2019-07-29T09:01:54","guid":{"rendered":"https:\/\/vioolboeken.nl\/?post_type=product&#038;p=138"},"modified":"2026-04-16T21:59:49","modified_gmt":"2026-04-16T19:59:49","slug":"selected-studies-violin","status":"publish","type":"product","link":"https:\/\/vioolboeken.nl\/fr\/product\/selected-studies-violin\/","title":{"rendered":"Selected Studies 1 Violin"},"content":{"rendered":"<p>Study &amp; Play&nbsp;est le concept id\u00e9al pour d\u00e9velopper votre jeu dans un environnement plaisant et solidement structur\u00e9. Chaque recueil bas\u00e9 sur ce concept est accompagn\u00e9 de deux compact discs pour apporter un plus \u00e0 votre routine de travail. <strong>Selected Studies<\/strong> propose des accompagnements de piano, utiles et agr\u00e9ables, qui pr\u00e9sentent une nouvelle approche de la pratique instrumentale.<\/p>\n<p>Pour chaque \u00e9tude, trois pistes audio sont disponibles en ligne au format MP3 : une belle version sample, une version d\u2019accompagnement au tempo normal et une version d\u2019accompagnement plus lent.<\/p>\n<p><strong>Selected Studies<\/strong> (2\u00e8 et 3\u00e8me ann\u00e9e) rassemble les meilleures \u00e9tudes \u00e9crites par de grands p\u00e9dagogues du violon\/de l&rsquo;alto des deux si\u00e8cles pass\u00e9s.<\/p>\n<h3>Extraits audio :<\/h3>\n<h5><strong>Etude in A &#8211; Komarowski (<a href=\"https:\/\/vioolboeken.nl\/wp-content\/uploads\/2019\/08\/05-Nummer-5.mp3\" target=\"_blank\" rel=\"noopener noreferrer\">D\u00e9mo<\/a>)<\/strong><\/h5>\n<h5><strong>Theme with Variation &#8211; de Beriot (<a href=\"https:\/\/vioolboeken.nl\/wp-content\/uploads\/2019\/07\/48-Nummer-48.mp3\" target=\"_blank\" rel=\"noopener noreferrer\">D\u00e9mo<\/a>)<\/strong><\/h5>\n<h5><strong>Theme with Variation &#8211; Janschinow (<a href=\"https:\/\/vioolboeken.nl\/wp-content\/uploads\/2019\/07\/70-Nummer-70.mp3\" target=\"_blank\" rel=\"noopener noreferrer\">D\u00e9mo<\/a>)<\/strong><\/h5>\n<h3>&nbsp;<\/h3>\n<h3>Extraits de partition :<\/h3>\n<p>(cliquez pour agrandir l&rsquo;image)<\/p>\n<div id='gallery-1' class='gallery galleryid-138 gallery-columns-3 gallery-size-medium'><figure class='gallery-item'>\n\t\t\t<div class='gallery-icon portrait'>\n\t\t\t\t<a href='https:\/\/vioolboeken.nl\/fr\/?attachment_id=605\/'><img loading=\"lazy\" decoding=\"async\" width=\"226\" height=\"300\" src=\"https:\/\/i0.wp.com\/vioolboeken.nl\/wp-content\/uploads\/2019\/07\/Selected-Studies-1-viool-Komarowski-Study-in-A.jpg?fit=226%2C300&amp;ssl=1\" class=\"attachment-medium size-medium\" alt=\"\" \/><\/a>\n\t\t\t<\/div><\/figure><figure class='gallery-item'>\n\t\t\t<div class='gallery-icon portrait'>\n\t\t\t\t<a href='https:\/\/vioolboeken.nl\/fr\/?attachment_id=604\/'><img loading=\"lazy\" decoding=\"async\" width=\"221\" height=\"300\" src=\"https:\/\/i0.wp.com\/vioolboeken.nl\/wp-content\/uploads\/2019\/07\/Selected-Studies-1-viool-Sitt-op.-32-nr-82.jpg?fit=221%2C300&amp;ssl=1\" class=\"attachment-medium size-medium\" alt=\"\" \/><\/a>\n\t\t\t<\/div><\/figure>\n\t\t<\/div>\n\n<h3>Youtube :<\/h3>\n<p><a href=\"https:\/\/www.youtube.com\/watch?v=1cjeRZ0nuhQ\" target=\"_blank\" rel=\"noopener noreferrer\">Theme with Variations (de Beriot)<\/a><\/p>\n","protected":false},"excerpt":{"rendered":"<p>Study &amp; Play&nbsp;est le concept id\u00e9al pour d\u00e9velopper votre jeu dans un environnement plaisant et solidement structur\u00e9. Chaque recueil bas\u00e9 sur ce concept est accompagn\u00e9 de deux compact discs pour apporter un plus \u00e0 votre routine de travail. Selected Studies propose des accompagnements de piano, utiles et agr\u00e9ables, qui pr\u00e9sentent une nouvelle approche de la [&hellip;]<\/p>\n","protected":false},"featured_media":5931,"template":"","meta":{"_monsterinsights_skip_tracking":false,"_monsterinsights_sitenote_active":false,"_monsterinsights_sitenote_note":"","_monsterinsights_sitenote_category":0,"ocean_post_layout":"","ocean_both_sidebars_style":"","ocean_both_sidebars_content_width":0,"ocean_both_sidebars_sidebars_width":0,"ocean_sidebar":"0","ocean_second_sidebar":"0","ocean_disable_margins":"enable","ocean_add_body_class":"","ocean_shortcode_before_top_bar":"","ocean_shortcode_after_top_bar":"","ocean_shortcode_before_header":"","ocean_shortcode_after_header":"","ocean_has_shortcode":"","ocean_shortcode_after_title":"","ocean_shortcode_before_footer_widgets":"","ocean_shortcode_after_footer_widgets":"","ocean_shortcode_before_footer_bottom":"","ocean_shortcode_after_footer_bottom":"","ocean_display_top_bar":"default","ocean_display_header":"default","ocean_header_style":"","ocean_center_header_left_menu":"0","ocean_custom_header_template":"0","ocean_custom_logo":0,"ocean_custom_retina_logo":0,"ocean_custom_logo_max_width":0,"ocean_custom_logo_tablet_max_width":0,"ocean_custom_logo_mobile_max_width":0,"ocean_custom_logo_max_height":0,"ocean_custom_logo_tablet_max_height":0,"ocean_custom_logo_mobile_max_height":0,"ocean_header_custom_menu":"0","ocean_menu_typo_font_family":"0","ocean_menu_typo_font_subset":"","ocean_menu_typo_font_size":0,"ocean_menu_typo_font_size_tablet":0,"ocean_menu_typo_font_size_mobile":0,"ocean_menu_typo_font_size_unit":"px","ocean_menu_typo_font_weight":"","ocean_menu_typo_font_weight_tablet":"","ocean_menu_typo_font_weight_mobile":"","ocean_menu_typo_transform":"","ocean_menu_typo_transform_tablet":"","ocean_menu_typo_transform_mobile":"","ocean_menu_typo_line_height":0,"ocean_menu_typo_line_height_tablet":0,"ocean_menu_typo_line_height_mobile":0,"ocean_menu_typo_line_height_unit":"","ocean_menu_typo_spacing":0,"ocean_menu_typo_spacing_tablet":0,"ocean_menu_typo_spacing_mobile":0,"ocean_menu_typo_spacing_unit":"","ocean_menu_link_color":"","ocean_menu_link_color_hover":"","ocean_menu_link_color_active":"","ocean_menu_link_background":"","ocean_menu_link_hover_background":"","ocean_menu_link_active_background":"","ocean_menu_social_links_bg":"","ocean_menu_social_hover_links_bg":"","ocean_menu_social_links_color":"","ocean_menu_social_hover_links_color":"","ocean_disable_title":"default","ocean_disable_heading":"default","ocean_post_title":"","ocean_post_subheading":"","ocean_post_title_style":"","ocean_post_title_background_color":"","ocean_post_title_background":0,"ocean_post_title_bg_image_position":"","ocean_post_title_bg_image_attachment":"","ocean_post_title_bg_image_repeat":"","ocean_post_title_bg_image_size":"","ocean_post_title_height":0,"ocean_post_title_bg_overlay":0.5,"ocean_post_title_bg_overlay_color":"","ocean_disable_breadcrumbs":"default","ocean_breadcrumbs_color":"","ocean_breadcrumbs_separator_color":"","ocean_breadcrumbs_links_color":"","ocean_breadcrumbs_links_hover_color":"","ocean_display_footer_widgets":"default","ocean_display_footer_bottom":"default","ocean_custom_footer_template":"0"},"product_brand":[],"product_cat":[217],"product_tag":[],"class_list":{"0":"post-138","1":"product","2":"type-product","3":"status-publish","4":"has-post-thumbnail","6":"product_cat-etudes","8":"entry","9":"has-media","11":"first","12":"instock","13":"taxable","14":"shipping-taxable","15":"purchasable","16":"product-type-simple","17":"has-product-nav","18":"col","19":"span_1_of_3","20":"owp-content-center","21":"owp-thumbs-layout-horizontal","22":"owp-btn-normal","23":"owp-tabs-layout-horizontal","24":"has-no-thumbnails"},"aioseo_notices":[],"jetpack_sharing_enabled":true,"_links":{"self":[{"href":"https:\/\/vioolboeken.nl\/fr\/wp-json\/wp\/v2\/product\/138","targetHints":{"allow":["GET"]}}],"collection":[{"href":"https:\/\/vioolboeken.nl\/fr\/wp-json\/wp\/v2\/product"}],"about":[{"href":"https:\/\/vioolboeken.nl\/fr\/wp-json\/wp\/v2\/types\/product"}],"wp:featuredmedia":[{"embeddable":true,"href":"https:\/\/vioolboeken.nl\/fr\/wp-json\/wp\/v2\/media\/5931"}],"wp:attachment":[{"href":"https:\/\/vioolboeken.nl\/fr\/wp-json\/wp\/v2\/media?parent=138"}],"wp:term":[{"taxonomy":"product_brand","embeddable":true,"href":"https:\/\/vioolboeken.nl\/fr\/wp-json\/wp\/v2\/product_brand?post=138"},{"taxonomy":"product_cat","embeddable":true,"href":"https:\/\/vioolboeken.nl\/fr\/wp-json\/wp\/v2\/product_cat?post=138"},{"taxonomy":"product_tag","embeddable":true,"href":"https:\/\/vioolboeken.nl\/fr\/wp-json\/wp\/v2\/product_tag?post=138"}],"curies":[{"name":"wp","href":"https:\/\/api.w.org\/{rel}","templated":true}]}}