{"id":136,"date":"2019-07-27T17:35:25","date_gmt":"2019-07-27T15:35:25","guid":{"rendered":"https:\/\/vioolboeken.nl\/?post_type=product&#038;p=136"},"modified":"2026-04-16T22:00:23","modified_gmt":"2026-04-16T20:00:23","slug":"viola-positions-3-2-%c2%bd","status":"publish","type":"product","link":"https:\/\/vioolboeken.nl\/fr\/product\/viola-positions-3-2-%c2%bd\/","title":{"rendered":"Viola Positions 3, 2 &amp; \u00bd"},"content":{"rendered":"<p>Cet ouvrage est consacr\u00e9 \u00e0 l\u00b4\u00e9tude des relations entre les tonalit\u00e9s dont l\u2019armature pr\u00e9sente jusqu\u2019 \u00e0 3 di\u00e8ses ou 3 b\u00e9mols et les diff\u00e9rents sch\u00e9mas de doigts en troisi\u00e8mes et deuxi\u00e8me positions. Un chapitre entier est r\u00e9serv\u00e9 \u00e0 l\u2019\u00e9tude de la demi-position.<\/p>\n<p><strong>Positions 3-2-\u00bd\u00a0<\/strong>contient 17 exercices et 32 pi\u00e8ces vari\u00e9es avec accompagnement sur 2 compact discs.<\/p>\n<p>Si, en plus du livre fourni avec les 2 CD d\u2019accompagnement, vous souhaitez \u00e9galement recevoir des fichiers num\u00e9riques de ces CD afin de pouvoir \u00e9galement lire les audios via un ordinateur portable, un iPad, un mobile, etc., vous pouvez l\u2019indiquer via une note dans la commande.\u00a0 Vous recevrez ensuite un lien de t\u00e9l\u00e9chargement (gratuit) par e-mail.<\/p>\n<p>Des\u00a0<a href=\"https:\/\/vioolboeken.nl\/fr\/product\/viola-positions-3205-piano-accompaniment-e-book\/\">\u00a0accompagnements au piano<\/a>\u00a0ont \u00e9galement \u00e9t\u00e9 \u00e9crits pour des performances des 32 pi\u00e8ces.\u00a0<\/p>\n<h3>Extraits audio :<\/h3>\n<p>Dance of the elves (position 3)<\/p>\n<!--[if lt IE 9]><script>document.createElement('audio');<\/script><![endif]-->\n<audio class=\"wp-audio-shortcode\" id=\"audio-136-1\" preload=\"none\" style=\"width: 100%;\" controls=\"controls\"><source type=\"audio\/mpeg\" src=\"https:\/\/vioolboeken.nl\/wp-content\/uploads\/2019\/07\/27-Nummer-27-1.mp3?_=1\" \/><a href=\"https:\/\/vioolboeken.nl\/wp-content\/uploads\/2019\/07\/27-Nummer-27-1.mp3\">https:\/\/vioolboeken.nl\/wp-content\/uploads\/2019\/07\/27-Nummer-27-1.mp3<\/a><\/audio>\n<p>Minuet (position 2)<\/p>\n<audio class=\"wp-audio-shortcode\" id=\"audio-136-2\" preload=\"none\" style=\"width: 100%;\" controls=\"controls\"><source type=\"audio\/mpeg\" src=\"https:\/\/vioolboeken.nl\/wp-content\/uploads\/2019\/07\/21-Nummer-21.mp3?_=2\" \/><a href=\"https:\/\/vioolboeken.nl\/wp-content\/uploads\/2019\/07\/21-Nummer-21.mp3\">https:\/\/vioolboeken.nl\/wp-content\/uploads\/2019\/07\/21-Nummer-21.mp3<\/a><\/audio>\n<p>Sinbad&rsquo;s Ship (demi-position)<\/p>\n<audio class=\"wp-audio-shortcode\" id=\"audio-136-3\" preload=\"none\" style=\"width: 100%;\" controls=\"controls\"><source type=\"audio\/mpeg\" src=\"https:\/\/vioolboeken.nl\/wp-content\/uploads\/2019\/07\/33-Nummer-33.mp3?_=3\" \/><a href=\"https:\/\/vioolboeken.nl\/wp-content\/uploads\/2019\/07\/33-Nummer-33.mp3\">https:\/\/vioolboeken.nl\/wp-content\/uploads\/2019\/07\/33-Nummer-33.mp3<\/a><\/audio>\n<p>&nbsp;<\/p>\n","protected":false},"excerpt":{"rendered":"<p>Cet ouvrage est consacr\u00e9 \u00e0 l\u00b4\u00e9tude des relations entre les tonalit\u00e9s dont l\u2019armature pr\u00e9sente jusqu\u2019 \u00e0 3 di\u00e8ses ou 3 b\u00e9mols et les diff\u00e9rents sch\u00e9mas de doigts en troisi\u00e8mes et deuxi\u00e8me positions. Un chapitre entier est r\u00e9serv\u00e9 \u00e0 l\u2019\u00e9tude de la demi-position. Positions 3-2-\u00bd\u00a0contient 17 exercices et 32 pi\u00e8ces vari\u00e9es avec accompagnement sur 2 compact [&hellip;]<\/p>\n","protected":false},"featured_media":127,"template":"","meta":{"_monsterinsights_skip_tracking":false,"_monsterinsights_sitenote_active":false,"_monsterinsights_sitenote_note":"","_monsterinsights_sitenote_category":0,"ocean_post_layout":"","ocean_both_sidebars_style":"","ocean_both_sidebars_content_width":0,"ocean_both_sidebars_sidebars_width":0,"ocean_sidebar":"0","ocean_second_sidebar":"0","ocean_disable_margins":"enable","ocean_add_body_class":"","ocean_shortcode_before_top_bar":"","ocean_shortcode_after_top_bar":"","ocean_shortcode_before_header":"","ocean_shortcode_after_header":"","ocean_has_shortcode":"","ocean_shortcode_after_title":"","ocean_shortcode_before_footer_widgets":"","ocean_shortcode_after_footer_widgets":"","ocean_shortcode_before_footer_bottom":"","ocean_shortcode_after_footer_bottom":"","ocean_display_top_bar":"default","ocean_display_header":"default","ocean_header_style":"","ocean_center_header_left_menu":"0","ocean_custom_header_template":"0","ocean_custom_logo":0,"ocean_custom_retina_logo":0,"ocean_custom_logo_max_width":0,"ocean_custom_logo_tablet_max_width":0,"ocean_custom_logo_mobile_max_width":0,"ocean_custom_logo_max_height":0,"ocean_custom_logo_tablet_max_height":0,"ocean_custom_logo_mobile_max_height":0,"ocean_header_custom_menu":"0","ocean_menu_typo_font_family":"0","ocean_menu_typo_font_subset":"","ocean_menu_typo_font_size":0,"ocean_menu_typo_font_size_tablet":0,"ocean_menu_typo_font_size_mobile":0,"ocean_menu_typo_font_size_unit":"px","ocean_menu_typo_font_weight":"","ocean_menu_typo_font_weight_tablet":"","ocean_menu_typo_font_weight_mobile":"","ocean_menu_typo_transform":"","ocean_menu_typo_transform_tablet":"","ocean_menu_typo_transform_mobile":"","ocean_menu_typo_line_height":0,"ocean_menu_typo_line_height_tablet":0,"ocean_menu_typo_line_height_mobile":0,"ocean_menu_typo_line_height_unit":"","ocean_menu_typo_spacing":0,"ocean_menu_typo_spacing_tablet":0,"ocean_menu_typo_spacing_mobile":0,"ocean_menu_typo_spacing_unit":"","ocean_menu_link_color":"","ocean_menu_link_color_hover":"","ocean_menu_link_color_active":"","ocean_menu_link_background":"","ocean_menu_link_hover_background":"","ocean_menu_link_active_background":"","ocean_menu_social_links_bg":"","ocean_menu_social_hover_links_bg":"","ocean_menu_social_links_color":"","ocean_menu_social_hover_links_color":"","ocean_disable_title":"default","ocean_disable_heading":"default","ocean_post_title":"","ocean_post_subheading":"","ocean_post_title_style":"","ocean_post_title_background_color":"","ocean_post_title_background":0,"ocean_post_title_bg_image_position":"","ocean_post_title_bg_image_attachment":"","ocean_post_title_bg_image_repeat":"","ocean_post_title_bg_image_size":"","ocean_post_title_height":0,"ocean_post_title_bg_overlay":0.5,"ocean_post_title_bg_overlay_color":"","ocean_disable_breadcrumbs":"default","ocean_breadcrumbs_color":"","ocean_breadcrumbs_separator_color":"","ocean_breadcrumbs_links_color":"","ocean_breadcrumbs_links_hover_color":"","ocean_display_footer_widgets":"default","ocean_display_footer_bottom":"default","ocean_custom_footer_template":"0"},"product_brand":[],"product_cat":[34],"product_tag":[],"class_list":{"0":"post-136","1":"product","2":"type-product","3":"status-publish","4":"has-post-thumbnail","6":"product_cat-la-serie-position-violon-alto","8":"entry","9":"has-media","11":"first","12":"instock","13":"taxable","14":"shipping-taxable","15":"purchasable","16":"product-type-simple","17":"has-product-nav","18":"col","19":"span_1_of_3","20":"owp-content-center","21":"owp-thumbs-layout-horizontal","22":"owp-btn-normal","23":"owp-tabs-layout-horizontal","24":"has-no-thumbnails"},"aioseo_notices":[],"jetpack_sharing_enabled":true,"_links":{"self":[{"href":"https:\/\/vioolboeken.nl\/fr\/wp-json\/wp\/v2\/product\/136","targetHints":{"allow":["GET"]}}],"collection":[{"href":"https:\/\/vioolboeken.nl\/fr\/wp-json\/wp\/v2\/product"}],"about":[{"href":"https:\/\/vioolboeken.nl\/fr\/wp-json\/wp\/v2\/types\/product"}],"wp:featuredmedia":[{"embeddable":true,"href":"https:\/\/vioolboeken.nl\/fr\/wp-json\/wp\/v2\/media\/127"}],"wp:attachment":[{"href":"https:\/\/vioolboeken.nl\/fr\/wp-json\/wp\/v2\/media?parent=136"}],"wp:term":[{"taxonomy":"product_brand","embeddable":true,"href":"https:\/\/vioolboeken.nl\/fr\/wp-json\/wp\/v2\/product_brand?post=136"},{"taxonomy":"product_cat","embeddable":true,"href":"https:\/\/vioolboeken.nl\/fr\/wp-json\/wp\/v2\/product_cat?post=136"},{"taxonomy":"product_tag","embeddable":true,"href":"https:\/\/vioolboeken.nl\/fr\/wp-json\/wp\/v2\/product_tag?post=136"}],"curies":[{"name":"wp","href":"https:\/\/api.w.org\/{rel}","templated":true}]}}