{"id":23,"date":"2019-07-24T20:07:23","date_gmt":"2019-07-24T18:07:23","guid":{"rendered":"https:\/\/vioolboeken.nl\/?page_id=23"},"modified":"2025-09-11T07:39:56","modified_gmt":"2025-09-11T05:39:56","slug":"startpagina","status":"publish","type":"page","link":"https:\/\/vioolboeken.nl\/fr\/","title":{"rendered":"Startpagina"},"content":{"rendered":"<h1>Livres pour violon, alto, violoncelle et ensemble \u00e0 cordes \u00e9crits par Nico Dezaire et d&rsquo;autres auteurs.<\/h1>\n<p>Bienvenue sur ce site ! Tous mes livres pour violon, alto, violoncelle et ensemble \u00e0 cordes sont en vente via cette <strong><a href=\"https:\/\/vioolboeken.nl\/fr\/boutique-en-ligne\/\">boutique en ligne.<\/a> <\/strong>En outre, j&rsquo;offre \u00e9galement un certain nombre de publications de haute qualit\u00e9 d&rsquo;autres compositeurs \/ arrangeurs. Vous trouverez un aper\u00e7u de tous les livres et une description dans la <strong><a href=\"https:\/\/vioolboeken.nl\/fr\/boutique-en-ligne\/\">boutique en ligne<\/a><\/strong>. Diff\u00e9rents filtres et la petite taille de ce site Web simplifient la recherche de mat\u00e9riel d&rsquo;\u00e9tude et de jeu appropri\u00e9.<\/p>\n<h4>Commande exp\u00e9di\u00e9e sous 24 heures et livraison GRATUITE \u00e0 partir de \u20ac 40, &#8211;<\/h4>\n<p><strong>Les frais d&rsquo;exp\u00e9dition ne s&rsquo;appliquent bien entendu pas aux publications num\u00e9riques.<\/strong><\/p>\n<p><strong>Service gratuit<\/strong> : des questions sur le contenu, l&rsquo;utilisation ou d&rsquo;autres questions ou commentaires sur les livres ? Envoyez un e-mail \u00e0 nicodezaire@gmailcom. Il est \u00e9galement possible de consulter les livres sur rendez-vous. Voir les coordonn\u00e9es au bas de cette page.<br \/>\n<a href=\"http:\/\/www.nicodezaire.nl\" target=\"_blank\" rel=\"noopener noreferrer\"><img data-recalc-dims=\"1\" loading=\"lazy\" decoding=\"async\" class=\"alignleft wp-image-238\" src=\"https:\/\/i0.wp.com\/vioolboeken.nl\/wp-content\/uploads\/2019\/07\/Nico-met-viool-1.jpg?resize=180%2C238&#038;ssl=1\" alt=\"\" width=\"180\" height=\"238\" \/><\/a><\/p>\n<p>Nico Dezaire (1965) est l&rsquo;auteur de plus de 100 livres de musique, publi\u00e9s par de Haske \/ Hal Leonard, Timbre Publications et EMM. Au cours de ses \u00e9tudes au Conservatoire de Brabant (violon et la th\u00e9orie musicale), il a d\u00e9velopp\u00e9 son int\u00e9r\u00eat pour la p\u00e9dagogie musicale. Ses 1ers contacts avec l&rsquo;\u00e9diteur de musique de Haske datent de la fin de ses \u00e9tudes musicale<a href=\"https:\/\/vioolboeken.nl\/fr\/product_cat\/le-monde-du-violon-le-monde-de-l-alto-methode\/\"><img data-recalc-dims=\"1\" loading=\"lazy\" decoding=\"async\" class=\"size-full wp-image-3096 alignright\" src=\"https:\/\/i0.wp.com\/vioolboeken.nl\/wp-content\/uploads\/2021\/05\/Waaier-van-kaften-Monde-du-Violon.png?resize=298%2C358&#038;ssl=1\" alt=\"\" width=\"298\" height=\"358\" \/><\/a>s. Nico s&rsquo;est impos\u00e9 comme p\u00e9dagogue et compositeur de m\u00e9thodes appr\u00e9ci\u00e9es dans le monde entier.<\/p>\n<p>Mon objectif est de contribuer au renouvellement et \u00e0 la modernisation de la didactique des cordes. Mes livres se composent de mes propres compositions et arrangements de pi\u00e8ces bien connues. Beaucoup de mes publications sont n\u00e9es du besoin de nouveau mat\u00e9riel p\u00e9dagogique tel que je le ressens moi-m\u00eame dans mes cours de violon et alto et pendant les r\u00e9p\u00e9titions d&rsquo;orchestres que je dirige.<\/p>\n<p><img data-recalc-dims=\"1\" loading=\"lazy\" decoding=\"async\" class=\"wp-image-866 aligncenter\" src=\"https:\/\/i0.wp.com\/vioolboeken.nl\/wp-content\/uploads\/2019\/11\/Potloden-vioolboeken.jpg?resize=363%2C158&#038;ssl=1\" alt=\"\" width=\"363\" height=\"158\" \/>Avec chaque commande sur livresdeviolon.com, vous recevrez un crayon gratuit pour prendre des notes dans la partition.<\/p>\n","protected":false},"excerpt":{"rendered":"<p>Livres pour violon, alto, violoncelle et ensemble \u00e0 cordes \u00e9crits par Nico Dezaire et d&rsquo;autres auteurs. Bienvenue sur ce site ! Tous mes livres pour violon, alto, violoncelle et ensemble \u00e0 cordes sont en vente via cette boutique en ligne. En outre, j&rsquo;offre \u00e9galement un certain nombre de publications de haute qualit\u00e9 d&rsquo;autres compositeurs \/ [&hellip;]<\/p>\n","protected":false},"author":1,"featured_media":228,"parent":0,"menu_order":0,"comment_status":"closed","ping_status":"closed","template":"","meta":{"_monsterinsights_skip_tracking":false,"_monsterinsights_sitenote_active":false,"_monsterinsights_sitenote_note":"","_monsterinsights_sitenote_category":0,"ocean_post_layout":"","ocean_both_sidebars_style":"","ocean_both_sidebars_content_width":0,"ocean_both_sidebars_sidebars_width":0,"ocean_sidebar":"woo_sidebar","ocean_second_sidebar":"0","ocean_disable_margins":"enable","ocean_add_body_class":"","ocean_shortcode_before_top_bar":"","ocean_shortcode_after_top_bar":"","ocean_shortcode_before_header":"","ocean_shortcode_after_header":"","ocean_has_shortcode":"","ocean_shortcode_after_title":"","ocean_shortcode_before_footer_widgets":"","ocean_shortcode_after_footer_widgets":"","ocean_shortcode_before_footer_bottom":"","ocean_shortcode_after_footer_bottom":"","ocean_display_top_bar":"default","ocean_display_header":"default","ocean_header_style":"","ocean_center_header_left_menu":"0","ocean_custom_header_template":"0","ocean_custom_logo":0,"ocean_custom_retina_logo":0,"ocean_custom_logo_max_width":0,"ocean_custom_logo_tablet_max_width":0,"ocean_custom_logo_mobile_max_width":0,"ocean_custom_logo_max_height":0,"ocean_custom_logo_tablet_max_height":0,"ocean_custom_logo_mobile_max_height":0,"ocean_header_custom_menu":"0","ocean_menu_typo_font_family":"0","ocean_menu_typo_font_subset":"","ocean_menu_typo_font_size":0,"ocean_menu_typo_font_size_tablet":0,"ocean_menu_typo_font_size_mobile":0,"ocean_menu_typo_font_size_unit":"px","ocean_menu_typo_font_weight":"","ocean_menu_typo_font_weight_tablet":"","ocean_menu_typo_font_weight_mobile":"","ocean_menu_typo_transform":"","ocean_menu_typo_transform_tablet":"","ocean_menu_typo_transform_mobile":"","ocean_menu_typo_line_height":0,"ocean_menu_typo_line_height_tablet":0,"ocean_menu_typo_line_height_mobile":0,"ocean_menu_typo_line_height_unit":"","ocean_menu_typo_spacing":0,"ocean_menu_typo_spacing_tablet":0,"ocean_menu_typo_spacing_mobile":0,"ocean_menu_typo_spacing_unit":"","ocean_menu_link_color":"","ocean_menu_link_color_hover":"","ocean_menu_link_color_active":"","ocean_menu_link_background":"","ocean_menu_link_hover_background":"","ocean_menu_link_active_background":"","ocean_menu_social_links_bg":"","ocean_menu_social_hover_links_bg":"","ocean_menu_social_links_color":"","ocean_menu_social_hover_links_color":"","ocean_disable_title":"default","ocean_disable_heading":"default","ocean_post_title":"","ocean_post_subheading":"","ocean_post_title_style":"","ocean_post_title_background_color":"","ocean_post_title_background":0,"ocean_post_title_bg_image_position":"","ocean_post_title_bg_image_attachment":"","ocean_post_title_bg_image_repeat":"","ocean_post_title_bg_image_size":"","ocean_post_title_height":0,"ocean_post_title_bg_overlay":0.5,"ocean_post_title_bg_overlay_color":"","ocean_disable_breadcrumbs":"default","ocean_breadcrumbs_color":"","ocean_breadcrumbs_separator_color":"","ocean_breadcrumbs_links_color":"","ocean_breadcrumbs_links_hover_color":"","ocean_display_footer_widgets":"default","ocean_display_footer_bottom":"default","ocean_custom_footer_template":"0","footnotes":""},"class_list":["post-23","page","type-page","status-publish","has-post-thumbnail","hentry","entry","has-media","owp-thumbs-layout-horizontal","owp-btn-normal","owp-tabs-layout-horizontal","has-no-thumbnails","has-product-nav"],"aioseo_notices":[],"jetpack_sharing_enabled":true,"_links":{"self":[{"href":"https:\/\/vioolboeken.nl\/fr\/wp-json\/wp\/v2\/pages\/23","targetHints":{"allow":["GET"]}}],"collection":[{"href":"https:\/\/vioolboeken.nl\/fr\/wp-json\/wp\/v2\/pages"}],"about":[{"href":"https:\/\/vioolboeken.nl\/fr\/wp-json\/wp\/v2\/types\/page"}],"author":[{"embeddable":true,"href":"https:\/\/vioolboeken.nl\/fr\/wp-json\/wp\/v2\/users\/1"}],"replies":[{"embeddable":true,"href":"https:\/\/vioolboeken.nl\/fr\/wp-json\/wp\/v2\/comments?post=23"}],"version-history":[{"count":60,"href":"https:\/\/vioolboeken.nl\/fr\/wp-json\/wp\/v2\/pages\/23\/revisions"}],"predecessor-version":[{"id":6121,"href":"https:\/\/vioolboeken.nl\/fr\/wp-json\/wp\/v2\/pages\/23\/revisions\/6121"}],"wp:featuredmedia":[{"embeddable":true,"href":"https:\/\/vioolboeken.nl\/fr\/wp-json\/wp\/v2\/media\/228"}],"wp:attachment":[{"href":"https:\/\/vioolboeken.nl\/fr\/wp-json\/wp\/v2\/media?parent=23"}],"curies":[{"name":"wp","href":"https:\/\/api.w.org\/{rel}","templated":true}]}}