{"id":1864,"date":"2020-07-05T13:24:09","date_gmt":"2020-07-05T11:24:09","guid":{"rendered":"https:\/\/vioolboeken.nl\/?page_id=1864"},"modified":"2023-06-22T14:56:16","modified_gmt":"2023-06-22T12:56:16","slug":"media","status":"publish","type":"page","link":"https:\/\/vioolboeken.nl\/fr\/media\/","title":{"rendered":"Me"},"content":{"rendered":"<p>&nbsp;<\/p>\n<h4>M\u00e9dia divers :<\/h4>\n<p><strong><a href=\"https:\/\/www.youtube.com\/watch?v=CiMYwT7b4eE\">Podcast dans lequel j&rsquo;explique la m\u00e9thodologie du Monde du violon\/Monde de l&rsquo;Alto<\/a><\/strong><\/p>\n<p><strong><a href=\"https:\/\/vioolboeken.nl\/wp-content\/uploads\/2023\/06\/Livres-pour-violon-ecrits-par-Nico-Dezaire-et-d-autres-auteurs-3.pdf\">Livres pour violon \u00e9crits par Nico Dezaire et d autres auteurs (3)<\/a><br \/>\n<\/strong><\/p>\n<p><strong><a href=\"https:\/\/vioolboeken.nl\/wp-content\/uploads\/2023\/06\/Livres-pour-alto-ecrits-par-Nico-Dezaire-et-d-autres-auteurs.pdf\">Livres pour alto \u00e9crits par Nico Dezaire et d autres auteurs<\/a><\/strong><\/p>\n<p><a href=\"file:\/\/\/D:\/Documenten\/Le%20Monde%20du%20Violon%20Le%20Monde%20de%20l'Alto%20pr\/%C3%89ditions%20pour%20ensemble%20et%20orchestre%20%C3%A0%20cordes,%20%C3%A9crits%20par%20Nico%20Dezaire.pdf\"><strong>Partitions pour ensemble et orchestre \u00e0 cordes, \u00e9crits par Nico Dezaire<\/strong><\/a><\/p>\n<p><strong><a href=\"https:\/\/vioolboeken.nl\/wp-content\/uploads\/2023\/08\/article-de-N.D.-pedagogie-et-cerveau-4-aout-2022.pdf\">article : L&rsquo;apprentissage exp\u00e9rientiel, la voie pour des \u00e9l\u00e8ves motiv\u00e9s&nbsp;<\/a><\/strong><\/p>\n<p>&nbsp;<\/p>\n<p><strong>Vid\u00e9o : Le Monde du Violon Mode d&#8217;emploi<\/strong><\/p>\n<p><a href=\"https:\/\/www.youtube.com\/watch?v=UULcfz38vgY\">D\u00e9monstration utilisant la vid\u00e9o \u00ab\u00a0lis et joue\u00a0\u00bb(Vol. 1-18.8)<\/a><\/p>\n<p class=\"responsive-video-wrap clr\"><iframe loading=\"lazy\" title=\"Le Monde du Violon Mode d&#039;emploi : D\u00e9monstration utilisant la vid\u00e9o \u201cLis et joue\u201d (vol. 1 - 18.8)\" width=\"1200\" height=\"675\" src=\"https:\/\/www.youtube.com\/embed\/UULcfz38vgY?feature=oembed\" frameborder=\"0\" allow=\"accelerometer; autoplay; clipboard-write; encrypted-media; gyroscope; picture-in-picture\" allowfullscreen><\/iframe><\/p>\n<p>&nbsp;<\/p>\n<p><strong>Vid\u00e9o : Le Monde du Violon Mode d&#8217;emploi<\/strong><\/p>\n<p><a href=\"https:\/\/www.youtube.com\/watch?v=_nJbDwusuiQ\">D\u00e9monstration du \u00ab\u00a0Jeu du perroquet\u00a0\u00bb (Vol. 1-17.4\/5)<\/a><\/p>\n<p class=\"responsive-video-wrap clr\"><iframe loading=\"lazy\" title=\"Le Monde du Violon Mode d&#039;emploi : D\u00e9monstration du Jeu du perroquet (vol. 1, 17.4-17.5)\" width=\"1200\" height=\"675\" src=\"https:\/\/www.youtube.com\/embed\/vJSpVzjI72w?feature=oembed\" frameborder=\"0\" allow=\"accelerometer; autoplay; clipboard-write; encrypted-media; gyroscope; picture-in-picture\" allowfullscreen><\/iframe><\/p>\n<p>&nbsp;<\/p>\n<p><strong>Vid\u00e9o : Le Monde du Violon Mode d&#8217;emploi<\/strong><\/p>\n<p>D\u00e9monstration de la Chanson \u00e0 analyser (Vol. 2-7.3)<\/p>\n<p class=\"responsive-video-wrap clr\"><iframe loading=\"lazy\" title=\"Le Monde du Violon Mode d&#039;emploi : Chanson \u00e0 analyser\/ Troisi\u00e8me blues (vol. 2- 7.3)\" width=\"1200\" height=\"675\" src=\"https:\/\/www.youtube.com\/embed\/KkadI0Gn16I?feature=oembed\" frameborder=\"0\" allow=\"accelerometer; autoplay; clipboard-write; encrypted-media; gyroscope; picture-in-picture\" allowfullscreen><\/iframe><\/p>\n<p>&nbsp;<\/p>\n<p><strong>Vid\u00e9o : Le Monde du Violon Mode d&#8217;emploi<\/strong><\/p>\n<p><a href=\"https:\/\/www.youtube.com\/watch?v=kuMAp6HmUms\">D\u00e9monstration d&rsquo;une improvisation (Vol.2-4.2)<\/a><\/p>\n<p class=\"responsive-video-wrap clr\"><iframe loading=\"lazy\" title=\"Le Monde du Violon  Mode d&#039;emploi : Improvisation - Le Train (vol. 2, 4.2)\" width=\"1200\" height=\"675\" src=\"https:\/\/www.youtube.com\/embed\/kuMAp6HmUms?feature=oembed\" frameborder=\"0\" allow=\"accelerometer; autoplay; clipboard-write; encrypted-media; gyroscope; picture-in-picture\" allowfullscreen><\/iframe><\/p>\n<p>&nbsp;<\/p>\n<h3 class=\"style-scope ytd-watch-metadata\">&nbsp;<\/h3>\n<p><strong>Vid\u00e9o : Le Monde du Violon en concert :<\/strong><\/p>\n<p><a href=\"https:\/\/www.youtube.com\/watch?v=bOHo_Pv2t20\">Ah ! Vous dirais-je, maman (Vol. 1-15.10)<\/a><\/p>\n<p>&nbsp;<\/p>\n<p class=\"responsive-video-wrap clr\"><iframe loading=\"lazy\" title=\"Le Monde du Violon en concert: Ah ! Vous dirais-je, maman (vol. 1-15.10)\" width=\"1200\" height=\"675\" src=\"https:\/\/www.youtube.com\/embed\/bOHo_Pv2t20?feature=oembed\" frameborder=\"0\" allow=\"accelerometer; autoplay; clipboard-write; encrypted-media; gyroscope; picture-in-picture\" allowfullscreen><\/iframe><\/p>\n<p>&nbsp;<\/p>\n<p><strong>Vid\u00e9o : Le Monde du Violon en concert :<\/strong><\/p>\n<p><a href=\"https:\/\/www.youtube.com\/watch?v=VzT4AvZeltE\">Le Fant\u00f4me de Tom (Vol.2-19.5)<\/a><\/p>\n<p class=\"responsive-video-wrap clr\"><iframe loading=\"lazy\" title=\"Le Monde du Violon en concert : Le Fant\u00f4me de Tom (vol. 2, 19.5)\" width=\"1200\" height=\"675\" src=\"https:\/\/www.youtube.com\/embed\/VzT4AvZeltE?feature=oembed\" frameborder=\"0\" allow=\"accelerometer; autoplay; clipboard-write; encrypted-media; gyroscope; picture-in-picture\" allowfullscreen><\/iframe><\/p>\n<p>&nbsp;<\/p>\n<p><strong>Vid\u00e9o : Le Monde du Violon en concert :<\/strong><\/p>\n<p><a href=\"https:\/\/www.youtube.com\/watch?v=65IaTTNghxo\">Danse macabre (Vol.2-19.7)<\/a><\/p>\n<p class=\"responsive-video-wrap clr\"><iframe loading=\"lazy\" title=\"Le Monde du Violon en concert - Danse macabre (vol. 2, 19.7)\" width=\"1200\" height=\"675\" src=\"https:\/\/www.youtube.com\/embed\/65IaTTNghxo?feature=oembed\" frameborder=\"0\" allow=\"accelerometer; autoplay; clipboard-write; encrypted-media; gyroscope; picture-in-picture\" allowfullscreen><\/iframe><\/p>\n","protected":false},"excerpt":{"rendered":"<p>&nbsp; M\u00e9dia divers : Podcast dans lequel j&rsquo;explique la m\u00e9thodologie du Monde du violon\/Monde de l&rsquo;Alto Livres pour violon \u00e9crits par Nico Dezaire et d autres auteurs (3) Livres pour alto \u00e9crits par Nico Dezaire et d autres auteurs Partitions pour ensemble et orchestre \u00e0 cordes, \u00e9crits par Nico Dezaire article : L&rsquo;apprentissage exp\u00e9rientiel, la [&hellip;]<\/p>\n","protected":false},"author":3,"featured_media":0,"parent":0,"menu_order":0,"comment_status":"closed","ping_status":"closed","template":"","meta":{"_monsterinsights_skip_tracking":false,"_monsterinsights_sitenote_active":false,"_monsterinsights_sitenote_note":"","_monsterinsights_sitenote_category":0,"ocean_post_layout":"","ocean_both_sidebars_style":"","ocean_both_sidebars_content_width":0,"ocean_both_sidebars_sidebars_width":0,"ocean_sidebar":"0","ocean_second_sidebar":"0","ocean_disable_margins":"enable","ocean_add_body_class":"","ocean_shortcode_before_top_bar":"","ocean_shortcode_after_top_bar":"","ocean_shortcode_before_header":"","ocean_shortcode_after_header":"","ocean_has_shortcode":"","ocean_shortcode_after_title":"","ocean_shortcode_before_footer_widgets":"","ocean_shortcode_after_footer_widgets":"","ocean_shortcode_before_footer_bottom":"","ocean_shortcode_after_footer_bottom":"","ocean_display_top_bar":"default","ocean_display_header":"default","ocean_header_style":"","ocean_center_header_left_menu":"0","ocean_custom_header_template":"0","ocean_custom_logo":0,"ocean_custom_retina_logo":0,"ocean_custom_logo_max_width":0,"ocean_custom_logo_tablet_max_width":0,"ocean_custom_logo_mobile_max_width":0,"ocean_custom_logo_max_height":0,"ocean_custom_logo_tablet_max_height":0,"ocean_custom_logo_mobile_max_height":0,"ocean_header_custom_menu":"0","ocean_menu_typo_font_family":"0","ocean_menu_typo_font_subset":"","ocean_menu_typo_font_size":0,"ocean_menu_typo_font_size_tablet":0,"ocean_menu_typo_font_size_mobile":0,"ocean_menu_typo_font_size_unit":"px","ocean_menu_typo_font_weight":"","ocean_menu_typo_font_weight_tablet":"","ocean_menu_typo_font_weight_mobile":"","ocean_menu_typo_transform":"","ocean_menu_typo_transform_tablet":"","ocean_menu_typo_transform_mobile":"","ocean_menu_typo_line_height":0,"ocean_menu_typo_line_height_tablet":0,"ocean_menu_typo_line_height_mobile":0,"ocean_menu_typo_line_height_unit":"","ocean_menu_typo_spacing":0,"ocean_menu_typo_spacing_tablet":0,"ocean_menu_typo_spacing_mobile":0,"ocean_menu_typo_spacing_unit":"","ocean_menu_link_color":"","ocean_menu_link_color_hover":"","ocean_menu_link_color_active":"","ocean_menu_link_background":"","ocean_menu_link_hover_background":"","ocean_menu_link_active_background":"","ocean_menu_social_links_bg":"","ocean_menu_social_hover_links_bg":"","ocean_menu_social_links_color":"","ocean_menu_social_hover_links_color":"","ocean_disable_title":"default","ocean_disable_heading":"default","ocean_post_title":"","ocean_post_subheading":"","ocean_post_title_style":"","ocean_post_title_background_color":"","ocean_post_title_background":0,"ocean_post_title_bg_image_position":"","ocean_post_title_bg_image_attachment":"","ocean_post_title_bg_image_repeat":"","ocean_post_title_bg_image_size":"","ocean_post_title_height":0,"ocean_post_title_bg_overlay":0.5,"ocean_post_title_bg_overlay_color":"","ocean_disable_breadcrumbs":"default","ocean_breadcrumbs_color":"","ocean_breadcrumbs_separator_color":"","ocean_breadcrumbs_links_color":"","ocean_breadcrumbs_links_hover_color":"","ocean_display_footer_widgets":"default","ocean_display_footer_bottom":"default","ocean_custom_footer_template":"0","footnotes":""},"class_list":["post-1864","page","type-page","status-publish","hentry","entry","owp-thumbs-layout-horizontal","owp-btn-normal","owp-tabs-layout-horizontal","has-no-thumbnails","has-product-nav"],"aioseo_notices":[],"jetpack_sharing_enabled":true,"_links":{"self":[{"href":"https:\/\/vioolboeken.nl\/fr\/wp-json\/wp\/v2\/pages\/1864","targetHints":{"allow":["GET"]}}],"collection":[{"href":"https:\/\/vioolboeken.nl\/fr\/wp-json\/wp\/v2\/pages"}],"about":[{"href":"https:\/\/vioolboeken.nl\/fr\/wp-json\/wp\/v2\/types\/page"}],"author":[{"embeddable":true,"href":"https:\/\/vioolboeken.nl\/fr\/wp-json\/wp\/v2\/users\/3"}],"replies":[{"embeddable":true,"href":"https:\/\/vioolboeken.nl\/fr\/wp-json\/wp\/v2\/comments?post=1864"}],"version-history":[{"count":62,"href":"https:\/\/vioolboeken.nl\/fr\/wp-json\/wp\/v2\/pages\/1864\/revisions"}],"predecessor-version":[{"id":5468,"href":"https:\/\/vioolboeken.nl\/fr\/wp-json\/wp\/v2\/pages\/1864\/revisions\/5468"}],"wp:attachment":[{"href":"https:\/\/vioolboeken.nl\/fr\/wp-json\/wp\/v2\/media?parent=1864"}],"curies":[{"name":"wp","href":"https:\/\/api.w.org\/{rel}","templated":true}]}}