{"id":1576,"date":"2020-05-03T17:00:35","date_gmt":"2020-05-03T15:00:35","guid":{"rendered":"https:\/\/vioolboeken.nl\/?page_id=1576"},"modified":"2021-10-18T10:16:40","modified_gmt":"2021-10-18T08:16:40","slug":"reviews","status":"publish","type":"page","link":"https:\/\/vioolboeken.nl\/fr\/reviews\/","title":{"rendered":"Proefpakketten en Reviews van Vioolwereld"},"content":{"rendered":"<h1>Packs d&rsquo;essai et commentaires sur le Monde du Violon\/Le Monde de l&rsquo;Alto<\/h1>\n<h3>Pack d&rsquo;essai sur le Monde du Violon 1 :<\/h3>\n<p>Pour avoir une bonne impression de la m\u00e9thode, nous avons rassembl\u00e9 des extraits de <strong><em>Le Monde du Violon 1<\/em><\/strong><strong>,<\/strong>&nbsp;\u00e0 savoir l\u2019introduction, le\u00e7on 6, le\u00e7on 12 et le\u00e7on 18 :<\/p>\n<p>Cliquez&nbsp;<strong><a href=\"http:\/\/jkemm.nl\/Le%20Monde%20du%20Violon%201%20demo\/\">ici<\/a>&nbsp;<\/strong>pour t\u00e9l\u00e9charger<\/p>\n<p>En outre, le pack d\u2019essai s\u2019accompagne d\u2019un site web offrant des pistes de d\u00e9monstration et d\u2019accompagnement t\u00e9l\u00e9chargeables, ainsi que des vid\u00e9os de d\u00e9monstration et des fichiers PDF contenant des parties d\u2019accompagnement pour violon ou piano.<\/p>\n<p><a href=\"https:\/\/www.lemondeduviolon.eu\/\"><strong>www.lemondeduviolon.eu<\/strong><\/a><\/p>\n<p>Nom d\u2019utilisateur :&nbsp;<strong>violon1demo<\/strong><\/p>\n<p>Mot de passe :&nbsp;<strong>11-FRD2-DE33&nbsp;<\/strong>&nbsp;(attention : bien respecter les majuscules et les tirets)<\/p>\n<h3>&nbsp;<\/h3>\n<h3>Pack d&rsquo;essai sur le Monde du Violon 2 :<\/h3>\n<p>Pour avoir une bonne impression de la m\u00e9thode, nous avons rassembl\u00e9 des extraits de <strong><em>Le Monde du Violon 2,&nbsp;<\/em><\/strong>&nbsp;\u00e0 savoir l\u2019introduction, le\u00e7on 3 et le\u00e7on 19 :<\/p>\n<p>Cliquez&nbsp;<strong><a href=\"http:\/\/jkemm.nl\/Le%20Monde%20du%20Violon%202%20demo\/\">ici<\/a>&nbsp;<\/strong>pour t\u00e9l\u00e9charger<\/p>\n<p>En outre, le pack d\u2019essai s\u2019accompagne d\u2019un site web offrant des pistes de d\u00e9monstration et d\u2019accompagnement t\u00e9l\u00e9chargeables, ainsi que des vid\u00e9os de d\u00e9monstration et des fichiers PDF contenant des parties d\u2019accompagnement pour violon ou piano.<\/p>\n<p><a href=\"https:\/\/www.lemondeduviolon.eu\/\"><strong>www.lemondeduviolon.eu<\/strong><\/a><\/p>\n<p>Nom d\u2019utilisateur :&nbsp;<strong>violon2demo<\/strong><\/p>\n<p>Mot de passe :&nbsp;<strong>11-FRD2-DE44&nbsp;<\/strong>&nbsp;(attention : bien respecter les majuscules et les tirets)<\/p>\n<h3>&nbsp;<\/h3>\n<h3>Pack d&rsquo;essai sur le Monde de l&rsquo;Alto 1 :<\/h3>\n<p>Pour avoir une bonne impression de la m\u00e9thode, nous avons rassembl\u00e9 des extraits de <strong><em>Le Monde de l\u2019Alto1<\/em><\/strong><strong>,<\/strong>&nbsp;\u00e0 savoir l\u2019introduction, le\u00e7on 6, le\u00e7on 12 et le\u00e7on 18 :<\/p>\n<p>Cliquez&nbsp;<strong><a href=\"http:\/\/jkemm.nl\/Le%20Monde%20de%20l'Alto%201%20demo\/\">ici<\/a>&nbsp;<\/strong>pour t\u00e9l\u00e9charger<\/p>\n<p>En outre, le pack d\u2019essai s\u2019accompagne d\u2019un site web offrant des pistes de d\u00e9monstration et d\u2019accompagnement t\u00e9l\u00e9chargeables, ainsi que des vid\u00e9os de d\u00e9monstration et des fichiers PDF contenant des parties d\u2019accompagnement pour violon ou piano.<\/p>\n<p><a href=\"https:\/\/www.lemondedelalto.eu\/\"><strong>www.lemondedelalto.eu<\/strong><\/a><\/p>\n<p>Nom d\u2019utilisateur :&nbsp;<strong>ALTO1DEMO<\/strong><\/p>\n<p>Mot de passe :&nbsp;<strong>12-FRD2-DE55&nbsp;<\/strong>(attention : bien respecter les majuscules et les tirets)<\/p>\n<h3>&nbsp;<\/h3>\n<h3>Pack d&rsquo;essai sur le Monde de l&rsquo;Alto 2 :<\/h3>\n<p>Pour avoir une bonne impression de la m\u00e9thode, nous avons rassembl\u00e9 des extraits de <strong><em>Le Monde de l\u2019Alto 2,&nbsp;<\/em><\/strong>&nbsp;\u00e0 savoir l\u2019introduction, le\u00e7on 3 et le\u00e7on 19 :<\/p>\n<p>Cliquez&nbsp;<strong><a href=\"http:\/\/jkemm.nl\/Le%20Monde%20de%20l'Alto%202%20demo\/\">ici<\/a>&nbsp;<\/strong>pour t\u00e9l\u00e9charger<\/p>\n<p>En outre, le pack d\u2019essai s\u2019accompagne d\u2019un site web offrant des pistes de d\u00e9monstration et d\u2019accompagnement t\u00e9l\u00e9chargeables, ainsi que des vid\u00e9os de d\u00e9monstration et des fichiers PDF contenant des parties d\u2019accompagnement pour violon ou piano.<\/p>\n<p><a href=\"https:\/\/www.lemondedelalto.eu\/\"><strong>www.lemondedelalto.eu<\/strong><\/a><\/p>\n<p>Nom d\u2019utilisateur :&nbsp;<strong>alto2demo<\/strong><\/p>\n<p>Mot de passe :&nbsp;<strong>12-FRD2-DE66&nbsp;<\/strong>&nbsp;(attention : bien respecter les majuscules et les tirets)<\/p>\n<hr \/>\n<h3>Commentaires :<\/h3>\n<p>1. \u00ab\u00a0Mes \u00e9l\u00e8ves sont plus motiv\u00e9s que jamais ! Le monde de l\u2019alto est vraiment tr\u00e8s bien ! Et les r\u00e9sultats se passent de commentaire. Et vraiment, \u00e7a fonctionne tr\u00e8s bien et les \u00e9l\u00e8ves adorent ! Personnellement, j\u2019adh\u00e8re totalement \u00e0 la d\u00e9marche de jouer d\u2019abord de l\u2019instrument avant de rajouter la difficult\u00e9 de la lecture ! D\u2019autant que les \u00e9l\u00e8ves sont bien oblig\u00e9s ainsi d\u2019\u00e9couter r\u00e9ellement ce qu\u2019ils doivent reproduire ! Encore bravo !\u00a0\u00bb<\/p>\n<p>(Jean-philippe Batt\u00e9dou, violoniste\/altiste\/professeur).<\/p>\n<p>2. \u00ab\u00a0Bonjour Nico et \u00e0 tous, je suis professeure de violon et je vous encourage \u00e0 faite travailler vos \u00e9l\u00e8ves sur la m\u00e9thode de Nico. Je l&rsquo;ai adopt\u00e9e pour mes \u00e9l\u00e8ves, car elle est tr\u00e8s didactique et ludique. L&rsquo;approche par les doigt\u00e9s pour jouer des morceaux marche tr\u00e8s bien, et j&rsquo;aime particuli\u00e8rement les liens mp3 et vid\u00e9o inclus ! \u00a0\u00bb<\/p>\n<p>(Florence Rudloff, professeur de violon, auteur)<\/p>\n<p>3. \u00ab\u00a0M\u00e9thodes re\u00e7ues ! J&rsquo;appr\u00e9cie beaucoup ! \u00c7a faisait un moment que j&rsquo;attendais ce genre d&rsquo;ouvrage en Fran\u00e7ais ! \u00c7a permet vraiment de mettre la gestuelle instrumentale et l&rsquo;\u00e9coute en pratique avant la lecture de partition. Il y a plein d&rsquo;ouvrage de ce genre disponible mais &#8230;en anglais ! Donc pas \u00e9vident pour tout le monde de s&rsquo;y retrouver. Et le grand plus est le site web! Sacr\u00e9 travail d&rsquo;effectu\u00e9 ! Les vid\u00e9os sont claires et sont bien mieux que celles que je peux faire en cours pour id\u00e9e les parents \u00e0 s&rsquo;y retrouver quand ils sont un peu perdus ! Les parts piano et en duo disponibles tr\u00e8s facilement ainsi que les MP3! C&rsquo;est un vrai coup de coeur ! F\u00e9licitations<\/p>\n<div class=\"x1o1ewxj x3x9cwd x1e5q0jg x13rtm0m x1ey2m1c xds687c xg01cxk x47corl x10l6tqk x17qophe x13vifvy x1ebt8du x19991ni x1dhq9h x1wpzbip\" data-visualcompletion=\"ignore\">\n<p>(Magali Apparailly, professeur d&rsquo;alto)<\/p>\n<\/div>\n<p>4. \u00ab\u00a0Les auteurs voulaient \u00e9crire une m\u00e9thode dans laquelle tous les aspects de l\u2019apprentissage du violon et de la musique sont entrelac\u00e9s dans une ligne logique. \u00c0 mon avis, les points forts sont l\u2019approche auditive de la premi\u00e8re p\u00e9riode, l\u2019utilisation de chansons connues, les accompagnements musicaux, les moyens num\u00e9riques contemporains, les images claires et les beaux dessins. Dernier point mais non des moindres: la forte part d\u2019improvisation, de fantaisie, de formation auditive et de cr\u00e9ativit\u00e9. Un atout sur le march\u00e9 de la m\u00e9thode !<\/p>\n<p>(Mart Roegholt, Arco\/Esta septembre 2019).\u00a0\u00bb<\/p>\n<p>5. \u00ab\u00a0Excellente m\u00e9thode, novatrice et interactive. Je suis en train de la d\u00e9couvrir et je la trouve tr\u00e8s bien con\u00e7ue et tr\u00e8s compl\u00e8te. Elle synth\u00e9tise plusieurs autres m\u00e9thode et je retrouve l&rsquo;esprit de \u00ab\u00a0Je joue du violon\u00a0\u00bb avec la modernit\u00e9 des outils suppl\u00e9mentaires. Et l&rsquo;id\u00e9e des vid\u00e9os de d\u00e9monstrations est top : les parents et \u00e9l\u00e8ves pourront s&rsquo;y r\u00e9f\u00e9rer. Bravo Nico Dezaire pour ce travail qui va \u00eatre appr\u00e9ci\u00e9 tant par les \u00e9l\u00e8ves que par les profs !\u00a0\u00bb<\/p>\n<p>(Marie-Jo Zawartka, professeur de violon\/alto)<\/p>\n<p>6. \u00ab\u00a0C&rsquo;est une autre mani\u00e8re d&rsquo;enseigner, \u00e7a sort compl\u00e8tement des sentiers battus, c&rsquo;est cela qui est g\u00e9nial. Les enfants adorent, mes parents d&rsquo;\u00e9l\u00e8ves adorent aussi le Monde du violon. Ils se sentent rassur\u00e9s pour aider \u00e0 la maison. D\u00e9couvrez cette nouvelle m\u00e9thode de violon extraordinaire qui revient aux fondamentaux de la musique ! \u00a0\u00bb<\/p>\n<p>(Catherine Verbregghe, professeur de violon)<\/p>\n<p>7. \u00ab\u00a0Et oui en effet je cherchais une autre m\u00e9thode d&rsquo;apprentissage plus bas\u00e9e sur l&rsquo;\u00e9coute et hors r\u00e9pertoire classique. C&rsquo;est chose faite , merci beaucoup !\u00a0\u00bb<\/p>\n<p>(Alice Jeanblanc, professeur de violon)<\/p>\n<p>8. Super! Je recommande ! Fan de toutes vos productions !&nbsp;<\/p>\n<p>(B\u00e9n\u00e9dicte le Mar\u00e9chal, professeur d&rsquo;alto)<\/p>\n<p>9. \u00ab\u00a0Le monde du violon de Nico Dezaire et Jean Castelein est un livre tr\u00e8s agr\u00e9able \u00e0 utiliser. De mani\u00e8re structur\u00e9e, la m\u00e9thode propose \u00e9tape par \u00e9tape comment vous, en tant que professeur, pouvez donner forme \u00e0 tous les aspects du d\u00e9veloppement musical. Les enfants ressentent qu&rsquo;ils construisent r\u00e9ellement quelque chose. Les vid\u00e9os et les MP3 sont un ajout id\u00e9al et indispensable \u00e0 l&rsquo;\u00e8re num\u00e9rique. Les \u00e9l\u00e8ves peuvent facilement travailler ind\u00e9pendamment \u00e0 la maison et entra\u00eener leur audition, leur sensation de pulsation et un peu d&rsquo;interaction.<\/p>\n<p>(Hartini van Rijssel, violoniste Orchestre du p\u00f4le Nord, \u00e9cole de violon \u00ab\u00a0Coeur pour le violon\u00a0\u00bb, Gouda\/Pays-Bas).<\/p>\n<p>10. \u00ab\u00a0J&rsquo;aime utiliser cette nouvelle m\u00e9thode. Pour les \u00e9tudiants, il est tr\u00e8s agr\u00e9able de regarder gr\u00e2ce \u00e0 des vid\u00e9os de d\u00e9monstration comment une nouvelle technique peut \u00eatre pratiqu\u00e9e. Les pistes de d\u00e9monstration sont utiles \u00e0 \u00e9couter afin que l&rsquo;\u00e9l\u00e8ve apprenne \u00e0 conna\u00eetre la pi\u00e8ce et puisse finalement jouer avec les pistes d&rsquo;accompagnement, ce qui en fait une f\u00eate pour les \u00e9l\u00e8ves. Chaque le\u00e7on comporte de nombreuses variantes avec des objectifs r\u00e9alisables, ce qui rend la pratique amusante pour l&rsquo;\u00e9l\u00e8ve.<\/p>\n<p>(Marjan Valk, violoniste \/ altiste \/ professeur de violon \u00e0 Zwolle\/Pays-Bas).\u00a0\u00bb<\/p>\n","protected":false},"excerpt":{"rendered":"<p>Packs d&rsquo;essai et commentaires sur le Monde du Violon\/Le Monde de l&rsquo;Alto Pack d&rsquo;essai sur le Monde du Violon 1 : Pour avoir une bonne impression de la m\u00e9thode, nous avons rassembl\u00e9 des extraits de Le Monde du Violon 1,&nbsp;\u00e0 savoir l\u2019introduction, le\u00e7on 6, le\u00e7on 12 et le\u00e7on 18 : Cliquez&nbsp;ici&nbsp;pour t\u00e9l\u00e9charger En outre, le [&hellip;]<\/p>\n","protected":false},"author":3,"featured_media":0,"parent":0,"menu_order":0,"comment_status":"closed","ping_status":"closed","template":"","meta":{"_monsterinsights_skip_tracking":false,"_monsterinsights_sitenote_active":false,"_monsterinsights_sitenote_note":"","_monsterinsights_sitenote_category":0,"ocean_post_layout":"","ocean_both_sidebars_style":"","ocean_both_sidebars_content_width":0,"ocean_both_sidebars_sidebars_width":0,"ocean_sidebar":"0","ocean_second_sidebar":"0","ocean_disable_margins":"enable","ocean_add_body_class":"","ocean_shortcode_before_top_bar":"","ocean_shortcode_after_top_bar":"","ocean_shortcode_before_header":"","ocean_shortcode_after_header":"","ocean_has_shortcode":"","ocean_shortcode_after_title":"","ocean_shortcode_before_footer_widgets":"","ocean_shortcode_after_footer_widgets":"","ocean_shortcode_before_footer_bottom":"","ocean_shortcode_after_footer_bottom":"","ocean_display_top_bar":"default","ocean_display_header":"default","ocean_header_style":"","ocean_center_header_left_menu":"0","ocean_custom_header_template":"0","ocean_custom_logo":0,"ocean_custom_retina_logo":0,"ocean_custom_logo_max_width":0,"ocean_custom_logo_tablet_max_width":0,"ocean_custom_logo_mobile_max_width":0,"ocean_custom_logo_max_height":0,"ocean_custom_logo_tablet_max_height":0,"ocean_custom_logo_mobile_max_height":0,"ocean_header_custom_menu":"0","ocean_menu_typo_font_family":"0","ocean_menu_typo_font_subset":"","ocean_menu_typo_font_size":0,"ocean_menu_typo_font_size_tablet":0,"ocean_menu_typo_font_size_mobile":0,"ocean_menu_typo_font_size_unit":"px","ocean_menu_typo_font_weight":"","ocean_menu_typo_font_weight_tablet":"","ocean_menu_typo_font_weight_mobile":"","ocean_menu_typo_transform":"","ocean_menu_typo_transform_tablet":"","ocean_menu_typo_transform_mobile":"","ocean_menu_typo_line_height":0,"ocean_menu_typo_line_height_tablet":0,"ocean_menu_typo_line_height_mobile":0,"ocean_menu_typo_line_height_unit":"","ocean_menu_typo_spacing":0,"ocean_menu_typo_spacing_tablet":0,"ocean_menu_typo_spacing_mobile":0,"ocean_menu_typo_spacing_unit":"","ocean_menu_link_color":"","ocean_menu_link_color_hover":"","ocean_menu_link_color_active":"","ocean_menu_link_background":"","ocean_menu_link_hover_background":"","ocean_menu_link_active_background":"","ocean_menu_social_links_bg":"","ocean_menu_social_hover_links_bg":"","ocean_menu_social_links_color":"","ocean_menu_social_hover_links_color":"","ocean_disable_title":"default","ocean_disable_heading":"default","ocean_post_title":"","ocean_post_subheading":"","ocean_post_title_style":"","ocean_post_title_background_color":"","ocean_post_title_background":0,"ocean_post_title_bg_image_position":"","ocean_post_title_bg_image_attachment":"","ocean_post_title_bg_image_repeat":"","ocean_post_title_bg_image_size":"","ocean_post_title_height":0,"ocean_post_title_bg_overlay":0.5,"ocean_post_title_bg_overlay_color":"","ocean_disable_breadcrumbs":"default","ocean_breadcrumbs_color":"","ocean_breadcrumbs_separator_color":"","ocean_breadcrumbs_links_color":"","ocean_breadcrumbs_links_hover_color":"","ocean_display_footer_widgets":"default","ocean_display_footer_bottom":"default","ocean_custom_footer_template":"0","footnotes":""},"class_list":["post-1576","page","type-page","status-publish","hentry","entry","owp-thumbs-layout-horizontal","owp-btn-normal","owp-tabs-layout-horizontal","has-no-thumbnails","has-product-nav"],"aioseo_notices":[],"jetpack_sharing_enabled":true,"_links":{"self":[{"href":"https:\/\/vioolboeken.nl\/fr\/wp-json\/wp\/v2\/pages\/1576","targetHints":{"allow":["GET"]}}],"collection":[{"href":"https:\/\/vioolboeken.nl\/fr\/wp-json\/wp\/v2\/pages"}],"about":[{"href":"https:\/\/vioolboeken.nl\/fr\/wp-json\/wp\/v2\/types\/page"}],"author":[{"embeddable":true,"href":"https:\/\/vioolboeken.nl\/fr\/wp-json\/wp\/v2\/users\/3"}],"replies":[{"embeddable":true,"href":"https:\/\/vioolboeken.nl\/fr\/wp-json\/wp\/v2\/comments?post=1576"}],"version-history":[{"count":24,"href":"https:\/\/vioolboeken.nl\/fr\/wp-json\/wp\/v2\/pages\/1576\/revisions"}],"predecessor-version":[{"id":2927,"href":"https:\/\/vioolboeken.nl\/fr\/wp-json\/wp\/v2\/pages\/1576\/revisions\/2927"}],"wp:attachment":[{"href":"https:\/\/vioolboeken.nl\/fr\/wp-json\/wp\/v2\/media?parent=1576"}],"curies":[{"name":"wp","href":"https:\/\/api.w.org\/{rel}","templated":true}]}}